{"id":1461,"date":"2018-06-04T10:17:34","date_gmt":"2018-06-04T10:17:34","guid":{"rendered":"http:\/\/abicoca.com\/foreroagro\/tienda\/?post_type=product&#038;p=1461"},"modified":"2022-09-14T10:59:58","modified_gmt":"2022-09-14T10:59:58","slug":"achicoria-barbe-de-capucin","status":"publish","type":"product","link":"https:\/\/foreroagro.com\/tienda\/producto\/achicoria-barbe-de-capucin\/","title":{"rendered":"Achicoria Barbe de Capucin"},"content":{"rendered":"<p>Achicoria Barbe de Capucin<\/p>\n<p>Especie vivaz. Planta de hojas con forma\u00a0estrecha y alargada, de porte 40 cm de altura, verde oscuro, de sabor dulce. Para\u00a0blanquear, atar las plantas tres semanas antes de la fecha de recolecci\u00f3n. Tambi\u00e9n\u00a0apta para la producci\u00f3n de Barbas de Capuchino tras colocaci\u00f3n de las ra\u00edces en\u00a0lugar oscuro a 20\u00baC aplicando ligeros riegos diarios. CULTIVO: sembrar a golpes\u00a0y aclarar al cabo de un mes dejando 1 planta cada 10 cm. Regar en verano.<\/p>\n","protected":false},"excerpt":{"rendered":"<p>Especie vivaz. Planta de hojas con forma<br \/>\nestrecha y alargada, de porte 40 cm de altura, verde oscuro, de sabor dulce. Para<br \/>\nblanquear, atar las plantas tres semanas antes de la fecha de recolecci\u00f3n. Tambi\u00e9n\u00a0apta para la producci\u00f3n de Barbas de Capuchino tras colocaci\u00f3n de las ra\u00edces en\u00a0lugar oscuro a 20\u00baC aplicando ligeros riegos diarios. CULTIVO: sembrar a golpes\u00a0y aclarar al cabo de un mes dejando 1 planta cada 10 cm. Regar en verano.<\/p>\n","protected":false},"featured_media":1462,"template":"","meta":[],"product_cat":[40,46,60,81],"product_tag":[],"yoast_head":"<!-- This site is optimized with the Yoast SEO plugin v17.5 - https:\/\/yoast.com\/wordpress\/plugins\/seo\/ -->\n<title>Achicoria Barbe de Capucin - Foreroagro<\/title>\n<meta name=\"robots\" content=\"index, follow, max-snippet:-1, max-image-preview:large, max-video-preview:-1\" \/>\n<link rel=\"canonical\" href=\"https:\/\/foreroagro.com\/tienda\/producto\/achicoria-barbe-de-capucin\/\" \/>\n<meta property=\"og:locale\" content=\"es_ES\" \/>\n<meta property=\"og:type\" content=\"article\" \/>\n<meta property=\"og:title\" content=\"Achicoria Barbe de Capucin - Foreroagro\" \/>\n<meta property=\"og:description\" content=\"Especie vivaz. Planta de hojas con forma estrecha y alargada, de porte 40 cm de altura, verde oscuro, de sabor dulce. Para blanquear, atar las plantas tres semanas antes de la fecha de recolecci\u00f3n. Tambi\u00e9n\u00a0apta para la producci\u00f3n de Barbas de Capuchino tras colocaci\u00f3n de las ra\u00edces en\u00a0lugar oscuro a 20\u00baC aplicando ligeros riegos diarios. CULTIVO: sembrar a golpes\u00a0y aclarar al cabo de un mes dejando 1 planta cada 10 cm. Regar en verano.\" \/>\n<meta property=\"og:url\" content=\"https:\/\/foreroagro.com\/tienda\/producto\/achicoria-barbe-de-capucin\/\" \/>\n<meta property=\"og:site_name\" content=\"Foreroagro\" \/>\n<meta property=\"article:modified_time\" content=\"2022-09-14T10:59:58+00:00\" \/>\n<meta property=\"og:image\" content=\"https:\/\/foreroagro.com\/tienda\/wp-content\/uploads\/2018\/06\/0025-achicoria-barbe-de-capucin.jpg\" \/>\n\t<meta property=\"og:image:width\" content=\"1024\" \/>\n\t<meta property=\"og:image:height\" content=\"1024\" \/>\n<meta name=\"twitter:card\" content=\"summary_large_image\" \/>\n<script type=\"application\/ld+json\" class=\"yoast-schema-graph\">{\"@context\":\"https:\/\/schema.org\",\"@graph\":[{\"@type\":\"Organization\",\"@id\":\"https:\/\/foreroagro.com\/tienda\/#organization\",\"name\":\"Foreroagro S.L.\",\"url\":\"https:\/\/foreroagro.com\/tienda\/\",\"sameAs\":[],\"logo\":{\"@type\":\"ImageObject\",\"@id\":\"https:\/\/foreroagro.com\/tienda\/#logo\",\"inLanguage\":\"es\",\"url\":\"https:\/\/foreroagro.com\/tienda\/wp-content\/uploads\/2018\/05\/Logo-foreroagro-e1527273021153.png\",\"contentUrl\":\"https:\/\/foreroagro.com\/tienda\/wp-content\/uploads\/2018\/05\/Logo-foreroagro-e1527273021153.png\",\"width\":80,\"height\":80,\"caption\":\"Foreroagro S.L.\"},\"image\":{\"@id\":\"https:\/\/foreroagro.com\/tienda\/#logo\"}},{\"@type\":\"WebSite\",\"@id\":\"https:\/\/foreroagro.com\/tienda\/#website\",\"url\":\"https:\/\/foreroagro.com\/tienda\/\",\"name\":\"Foreroagro\",\"description\":\"Soluciones agr\\u00edcolas online\",\"publisher\":{\"@id\":\"https:\/\/foreroagro.com\/tienda\/#organization\"},\"potentialAction\":[{\"@type\":\"SearchAction\",\"target\":{\"@type\":\"EntryPoint\",\"urlTemplate\":\"https:\/\/foreroagro.com\/tienda\/?s={search_term_string}\"},\"query-input\":\"required name=search_term_string\"}],\"inLanguage\":\"es\"},{\"@type\":\"ImageObject\",\"@id\":\"https:\/\/foreroagro.com\/tienda\/producto\/achicoria-barbe-de-capucin\/#primaryimage\",\"inLanguage\":\"es\",\"url\":\"https:\/\/foreroagro.com\/tienda\/wp-content\/uploads\/2018\/06\/0025-achicoria-barbe-de-capucin.jpg\",\"contentUrl\":\"https:\/\/foreroagro.com\/tienda\/wp-content\/uploads\/2018\/06\/0025-achicoria-barbe-de-capucin.jpg\",\"width\":1024,\"height\":1024},{\"@type\":\"WebPage\",\"@id\":\"https:\/\/foreroagro.com\/tienda\/producto\/achicoria-barbe-de-capucin\/#webpage\",\"url\":\"https:\/\/foreroagro.com\/tienda\/producto\/achicoria-barbe-de-capucin\/\",\"name\":\"Achicoria Barbe de Capucin - Foreroagro\",\"isPartOf\":{\"@id\":\"https:\/\/foreroagro.com\/tienda\/#website\"},\"primaryImageOfPage\":{\"@id\":\"https:\/\/foreroagro.com\/tienda\/producto\/achicoria-barbe-de-capucin\/#primaryimage\"},\"datePublished\":\"2018-06-04T10:17:34+00:00\",\"dateModified\":\"2022-09-14T10:59:58+00:00\",\"breadcrumb\":{\"@id\":\"https:\/\/foreroagro.com\/tienda\/producto\/achicoria-barbe-de-capucin\/#breadcrumb\"},\"inLanguage\":\"es\",\"potentialAction\":[{\"@type\":\"ReadAction\",\"target\":[\"https:\/\/foreroagro.com\/tienda\/producto\/achicoria-barbe-de-capucin\/\"]}]},{\"@type\":\"BreadcrumbList\",\"@id\":\"https:\/\/foreroagro.com\/tienda\/producto\/achicoria-barbe-de-capucin\/#breadcrumb\",\"itemListElement\":[{\"@type\":\"ListItem\",\"position\":1,\"name\":\"Portada\",\"item\":\"https:\/\/foreroagro.com\/tienda\/\"},{\"@type\":\"ListItem\",\"position\":2,\"name\":\"Tienda\",\"item\":\"https:\/\/foreroagro.com\/tienda\/\"},{\"@type\":\"ListItem\",\"position\":3,\"name\":\"Achicoria Barbe de Capucin\"}]}]}<\/script>\n<!-- \/ Yoast SEO plugin. -->","yoast_head_json":{"title":"Achicoria Barbe de Capucin - Foreroagro","robots":{"index":"index","follow":"follow","max-snippet":"max-snippet:-1","max-image-preview":"max-image-preview:large","max-video-preview":"max-video-preview:-1"},"canonical":"https:\/\/foreroagro.com\/tienda\/producto\/achicoria-barbe-de-capucin\/","og_locale":"es_ES","og_type":"article","og_title":"Achicoria Barbe de Capucin - Foreroagro","og_description":"Especie vivaz. Planta de hojas con forma estrecha y alargada, de porte 40 cm de altura, verde oscuro, de sabor dulce. Para blanquear, atar las plantas tres semanas antes de la fecha de recolecci\u00f3n. Tambi\u00e9n\u00a0apta para la producci\u00f3n de Barbas de Capuchino tras colocaci\u00f3n de las ra\u00edces en\u00a0lugar oscuro a 20\u00baC aplicando ligeros riegos diarios. CULTIVO: sembrar a golpes\u00a0y aclarar al cabo de un mes dejando 1 planta cada 10 cm. Regar en verano.","og_url":"https:\/\/foreroagro.com\/tienda\/producto\/achicoria-barbe-de-capucin\/","og_site_name":"Foreroagro","article_modified_time":"2022-09-14T10:59:58+00:00","og_image":[{"width":1024,"height":1024,"url":"https:\/\/foreroagro.com\/tienda\/wp-content\/uploads\/2018\/06\/0025-achicoria-barbe-de-capucin.jpg","type":"image\/jpeg"}],"twitter_card":"summary_large_image","schema":{"@context":"https:\/\/schema.org","@graph":[{"@type":"Organization","@id":"https:\/\/foreroagro.com\/tienda\/#organization","name":"Foreroagro S.L.","url":"https:\/\/foreroagro.com\/tienda\/","sameAs":[],"logo":{"@type":"ImageObject","@id":"https:\/\/foreroagro.com\/tienda\/#logo","inLanguage":"es","url":"https:\/\/foreroagro.com\/tienda\/wp-content\/uploads\/2018\/05\/Logo-foreroagro-e1527273021153.png","contentUrl":"https:\/\/foreroagro.com\/tienda\/wp-content\/uploads\/2018\/05\/Logo-foreroagro-e1527273021153.png","width":80,"height":80,"caption":"Foreroagro S.L."},"image":{"@id":"https:\/\/foreroagro.com\/tienda\/#logo"}},{"@type":"WebSite","@id":"https:\/\/foreroagro.com\/tienda\/#website","url":"https:\/\/foreroagro.com\/tienda\/","name":"Foreroagro","description":"Soluciones agr\u00edcolas online","publisher":{"@id":"https:\/\/foreroagro.com\/tienda\/#organization"},"potentialAction":[{"@type":"SearchAction","target":{"@type":"EntryPoint","urlTemplate":"https:\/\/foreroagro.com\/tienda\/?s={search_term_string}"},"query-input":"required name=search_term_string"}],"inLanguage":"es"},{"@type":"ImageObject","@id":"https:\/\/foreroagro.com\/tienda\/producto\/achicoria-barbe-de-capucin\/#primaryimage","inLanguage":"es","url":"https:\/\/foreroagro.com\/tienda\/wp-content\/uploads\/2018\/06\/0025-achicoria-barbe-de-capucin.jpg","contentUrl":"https:\/\/foreroagro.com\/tienda\/wp-content\/uploads\/2018\/06\/0025-achicoria-barbe-de-capucin.jpg","width":1024,"height":1024},{"@type":"WebPage","@id":"https:\/\/foreroagro.com\/tienda\/producto\/achicoria-barbe-de-capucin\/#webpage","url":"https:\/\/foreroagro.com\/tienda\/producto\/achicoria-barbe-de-capucin\/","name":"Achicoria Barbe de Capucin - Foreroagro","isPartOf":{"@id":"https:\/\/foreroagro.com\/tienda\/#website"},"primaryImageOfPage":{"@id":"https:\/\/foreroagro.com\/tienda\/producto\/achicoria-barbe-de-capucin\/#primaryimage"},"datePublished":"2018-06-04T10:17:34+00:00","dateModified":"2022-09-14T10:59:58+00:00","breadcrumb":{"@id":"https:\/\/foreroagro.com\/tienda\/producto\/achicoria-barbe-de-capucin\/#breadcrumb"},"inLanguage":"es","potentialAction":[{"@type":"ReadAction","target":["https:\/\/foreroagro.com\/tienda\/producto\/achicoria-barbe-de-capucin\/"]}]},{"@type":"BreadcrumbList","@id":"https:\/\/foreroagro.com\/tienda\/producto\/achicoria-barbe-de-capucin\/#breadcrumb","itemListElement":[{"@type":"ListItem","position":1,"name":"Portada","item":"https:\/\/foreroagro.com\/tienda\/"},{"@type":"ListItem","position":2,"name":"Tienda","item":"https:\/\/foreroagro.com\/tienda\/"},{"@type":"ListItem","position":3,"name":"Achicoria Barbe de Capucin"}]}]}},"_links":{"self":[{"href":"https:\/\/foreroagro.com\/tienda\/wp-json\/wp\/v2\/product\/1461"}],"collection":[{"href":"https:\/\/foreroagro.com\/tienda\/wp-json\/wp\/v2\/product"}],"about":[{"href":"https:\/\/foreroagro.com\/tienda\/wp-json\/wp\/v2\/types\/product"}],"wp:featuredmedia":[{"embeddable":true,"href":"https:\/\/foreroagro.com\/tienda\/wp-json\/wp\/v2\/media\/1462"}],"wp:attachment":[{"href":"https:\/\/foreroagro.com\/tienda\/wp-json\/wp\/v2\/media?parent=1461"}],"wp:term":[{"taxonomy":"product_cat","embeddable":true,"href":"https:\/\/foreroagro.com\/tienda\/wp-json\/wp\/v2\/product_cat?post=1461"},{"taxonomy":"product_tag","embeddable":true,"href":"https:\/\/foreroagro.com\/tienda\/wp-json\/wp\/v2\/product_tag?post=1461"}],"curies":[{"name":"wp","href":"https:\/\/api.w.org\/{rel}","templated":true}]}}