{"id":1695,"date":"2018-06-04T17:37:24","date_gmt":"2018-06-04T17:37:24","guid":{"rendered":"http:\/\/abicoca.com\/foreroagro\/tienda\/?post_type=product&#038;p=1695"},"modified":"2022-09-14T10:59:29","modified_gmt":"2022-09-14T10:59:29","slug":"berengena-black-beauty-ecologica","status":"publish","type":"product","link":"https:\/\/foreroagro.com\/tienda\/producto\/berengena-black-beauty-ecologica\/","title":{"rendered":"Berenjena Black Beauty Ecol\u00f3gica"},"content":{"rendered":"<p>Berenjena Black Beauty Ecol\u00f3gica<\/p>\n<p>Variedad de fruto con forma oval, de color morado muy intenso, liso y de buen tama\u00f1o. La planta tiene un porte medio. Precocidad media. Elevadas producciones y fruto muy homog\u00e9neo.<\/p>\n<p>CULTIVO: para facilitar la germinaci\u00f3n, dejar macerar la semilla en agua 24 h. Terrenos profundos, ricos en materia org\u00e1nica. Necesita elevadas temperaturas y una fuerte iluminaci\u00f3n para su desarrollo y floraci\u00f3n.<\/p>\n","protected":false},"excerpt":{"rendered":"<p>Variedad de fruto con forma oval, de color morado muy intenso, liso y de buen tama\u00f1o. La planta tiene un porte medio. Precocidad media. Elevadas producciones y fruto muy homog\u00e9neo.<\/p>\n<p>CULTIVO: para facilitar la germinaci\u00f3n, dejar macerar la semilla en agua 24 h. Terrenos profundos, ricos en materia org\u00e1nica. Necesita elevadas temperaturas y una fuerte iluminaci\u00f3n para su desarrollo y floraci\u00f3n.<\/p>\n","protected":false},"featured_media":1696,"template":"","meta":[],"product_cat":[60,85],"product_tag":[],"yoast_head":"<!-- This site is optimized with the Yoast SEO plugin v17.5 - https:\/\/yoast.com\/wordpress\/plugins\/seo\/ -->\n<title>Berenjena Black Beauty Ecol\u00f3gica - Foreroagro<\/title>\n<meta name=\"robots\" content=\"index, follow, max-snippet:-1, max-image-preview:large, max-video-preview:-1\" \/>\n<link rel=\"canonical\" href=\"https:\/\/foreroagro.com\/tienda\/producto\/berengena-black-beauty-ecologica\/\" \/>\n<meta property=\"og:locale\" content=\"es_ES\" \/>\n<meta property=\"og:type\" content=\"article\" \/>\n<meta property=\"og:title\" content=\"Berenjena Black Beauty Ecol\u00f3gica - Foreroagro\" \/>\n<meta property=\"og:description\" content=\"Variedad de fruto con forma oval, de color morado muy intenso, liso y de buen tama\u00f1o. La planta tiene un porte medio. Precocidad media. Elevadas producciones y fruto muy homog\u00e9neo.  CULTIVO: para facilitar la germinaci\u00f3n, dejar macerar la semilla en agua 24 h. Terrenos profundos, ricos en materia org\u00e1nica. Necesita elevadas temperaturas y una fuerte iluminaci\u00f3n para su desarrollo y floraci\u00f3n.\" \/>\n<meta property=\"og:url\" content=\"https:\/\/foreroagro.com\/tienda\/producto\/berengena-black-beauty-ecologica\/\" \/>\n<meta property=\"og:site_name\" content=\"Foreroagro\" \/>\n<meta property=\"article:modified_time\" content=\"2022-09-14T10:59:29+00:00\" \/>\n<meta property=\"og:image\" content=\"https:\/\/foreroagro.com\/tienda\/wp-content\/uploads\/2018\/06\/1815-ecologico-berenjena-black-beauty.jpg\" \/>\n\t<meta property=\"og:image:width\" content=\"1024\" \/>\n\t<meta property=\"og:image:height\" content=\"1024\" \/>\n<meta name=\"twitter:card\" content=\"summary_large_image\" \/>\n<script type=\"application\/ld+json\" class=\"yoast-schema-graph\">{\"@context\":\"https:\/\/schema.org\",\"@graph\":[{\"@type\":\"Organization\",\"@id\":\"https:\/\/foreroagro.com\/tienda\/#organization\",\"name\":\"Foreroagro S.L.\",\"url\":\"https:\/\/foreroagro.com\/tienda\/\",\"sameAs\":[],\"logo\":{\"@type\":\"ImageObject\",\"@id\":\"https:\/\/foreroagro.com\/tienda\/#logo\",\"inLanguage\":\"es\",\"url\":\"https:\/\/foreroagro.com\/tienda\/wp-content\/uploads\/2018\/05\/Logo-foreroagro-e1527273021153.png\",\"contentUrl\":\"https:\/\/foreroagro.com\/tienda\/wp-content\/uploads\/2018\/05\/Logo-foreroagro-e1527273021153.png\",\"width\":80,\"height\":80,\"caption\":\"Foreroagro S.L.\"},\"image\":{\"@id\":\"https:\/\/foreroagro.com\/tienda\/#logo\"}},{\"@type\":\"WebSite\",\"@id\":\"https:\/\/foreroagro.com\/tienda\/#website\",\"url\":\"https:\/\/foreroagro.com\/tienda\/\",\"name\":\"Foreroagro\",\"description\":\"Soluciones agr\\u00edcolas online\",\"publisher\":{\"@id\":\"https:\/\/foreroagro.com\/tienda\/#organization\"},\"potentialAction\":[{\"@type\":\"SearchAction\",\"target\":{\"@type\":\"EntryPoint\",\"urlTemplate\":\"https:\/\/foreroagro.com\/tienda\/?s={search_term_string}\"},\"query-input\":\"required name=search_term_string\"}],\"inLanguage\":\"es\"},{\"@type\":\"ImageObject\",\"@id\":\"https:\/\/foreroagro.com\/tienda\/producto\/berengena-black-beauty-ecologica\/#primaryimage\",\"inLanguage\":\"es\",\"url\":\"https:\/\/foreroagro.com\/tienda\/wp-content\/uploads\/2018\/06\/1815-ecologico-berenjena-black-beauty.jpg\",\"contentUrl\":\"https:\/\/foreroagro.com\/tienda\/wp-content\/uploads\/2018\/06\/1815-ecologico-berenjena-black-beauty.jpg\",\"width\":1024,\"height\":1024},{\"@type\":\"WebPage\",\"@id\":\"https:\/\/foreroagro.com\/tienda\/producto\/berengena-black-beauty-ecologica\/#webpage\",\"url\":\"https:\/\/foreroagro.com\/tienda\/producto\/berengena-black-beauty-ecologica\/\",\"name\":\"Berenjena Black Beauty Ecol\\u00f3gica - Foreroagro\",\"isPartOf\":{\"@id\":\"https:\/\/foreroagro.com\/tienda\/#website\"},\"primaryImageOfPage\":{\"@id\":\"https:\/\/foreroagro.com\/tienda\/producto\/berengena-black-beauty-ecologica\/#primaryimage\"},\"datePublished\":\"2018-06-04T17:37:24+00:00\",\"dateModified\":\"2022-09-14T10:59:29+00:00\",\"breadcrumb\":{\"@id\":\"https:\/\/foreroagro.com\/tienda\/producto\/berengena-black-beauty-ecologica\/#breadcrumb\"},\"inLanguage\":\"es\",\"potentialAction\":[{\"@type\":\"ReadAction\",\"target\":[\"https:\/\/foreroagro.com\/tienda\/producto\/berengena-black-beauty-ecologica\/\"]}]},{\"@type\":\"BreadcrumbList\",\"@id\":\"https:\/\/foreroagro.com\/tienda\/producto\/berengena-black-beauty-ecologica\/#breadcrumb\",\"itemListElement\":[{\"@type\":\"ListItem\",\"position\":1,\"name\":\"Portada\",\"item\":\"https:\/\/foreroagro.com\/tienda\/\"},{\"@type\":\"ListItem\",\"position\":2,\"name\":\"Tienda\",\"item\":\"https:\/\/foreroagro.com\/tienda\/\"},{\"@type\":\"ListItem\",\"position\":3,\"name\":\"Berenjena Black Beauty Ecol\\u00f3gica\"}]}]}<\/script>\n<!-- \/ Yoast SEO plugin. -->","yoast_head_json":{"title":"Berenjena Black Beauty Ecol\u00f3gica - Foreroagro","robots":{"index":"index","follow":"follow","max-snippet":"max-snippet:-1","max-image-preview":"max-image-preview:large","max-video-preview":"max-video-preview:-1"},"canonical":"https:\/\/foreroagro.com\/tienda\/producto\/berengena-black-beauty-ecologica\/","og_locale":"es_ES","og_type":"article","og_title":"Berenjena Black Beauty Ecol\u00f3gica - Foreroagro","og_description":"Variedad de fruto con forma oval, de color morado muy intenso, liso y de buen tama\u00f1o. La planta tiene un porte medio. Precocidad media. Elevadas producciones y fruto muy homog\u00e9neo.  CULTIVO: para facilitar la germinaci\u00f3n, dejar macerar la semilla en agua 24 h. Terrenos profundos, ricos en materia org\u00e1nica. Necesita elevadas temperaturas y una fuerte iluminaci\u00f3n para su desarrollo y floraci\u00f3n.","og_url":"https:\/\/foreroagro.com\/tienda\/producto\/berengena-black-beauty-ecologica\/","og_site_name":"Foreroagro","article_modified_time":"2022-09-14T10:59:29+00:00","og_image":[{"width":1024,"height":1024,"url":"https:\/\/foreroagro.com\/tienda\/wp-content\/uploads\/2018\/06\/1815-ecologico-berenjena-black-beauty.jpg","type":"image\/jpeg"}],"twitter_card":"summary_large_image","schema":{"@context":"https:\/\/schema.org","@graph":[{"@type":"Organization","@id":"https:\/\/foreroagro.com\/tienda\/#organization","name":"Foreroagro S.L.","url":"https:\/\/foreroagro.com\/tienda\/","sameAs":[],"logo":{"@type":"ImageObject","@id":"https:\/\/foreroagro.com\/tienda\/#logo","inLanguage":"es","url":"https:\/\/foreroagro.com\/tienda\/wp-content\/uploads\/2018\/05\/Logo-foreroagro-e1527273021153.png","contentUrl":"https:\/\/foreroagro.com\/tienda\/wp-content\/uploads\/2018\/05\/Logo-foreroagro-e1527273021153.png","width":80,"height":80,"caption":"Foreroagro S.L."},"image":{"@id":"https:\/\/foreroagro.com\/tienda\/#logo"}},{"@type":"WebSite","@id":"https:\/\/foreroagro.com\/tienda\/#website","url":"https:\/\/foreroagro.com\/tienda\/","name":"Foreroagro","description":"Soluciones agr\u00edcolas online","publisher":{"@id":"https:\/\/foreroagro.com\/tienda\/#organization"},"potentialAction":[{"@type":"SearchAction","target":{"@type":"EntryPoint","urlTemplate":"https:\/\/foreroagro.com\/tienda\/?s={search_term_string}"},"query-input":"required name=search_term_string"}],"inLanguage":"es"},{"@type":"ImageObject","@id":"https:\/\/foreroagro.com\/tienda\/producto\/berengena-black-beauty-ecologica\/#primaryimage","inLanguage":"es","url":"https:\/\/foreroagro.com\/tienda\/wp-content\/uploads\/2018\/06\/1815-ecologico-berenjena-black-beauty.jpg","contentUrl":"https:\/\/foreroagro.com\/tienda\/wp-content\/uploads\/2018\/06\/1815-ecologico-berenjena-black-beauty.jpg","width":1024,"height":1024},{"@type":"WebPage","@id":"https:\/\/foreroagro.com\/tienda\/producto\/berengena-black-beauty-ecologica\/#webpage","url":"https:\/\/foreroagro.com\/tienda\/producto\/berengena-black-beauty-ecologica\/","name":"Berenjena Black Beauty Ecol\u00f3gica - Foreroagro","isPartOf":{"@id":"https:\/\/foreroagro.com\/tienda\/#website"},"primaryImageOfPage":{"@id":"https:\/\/foreroagro.com\/tienda\/producto\/berengena-black-beauty-ecologica\/#primaryimage"},"datePublished":"2018-06-04T17:37:24+00:00","dateModified":"2022-09-14T10:59:29+00:00","breadcrumb":{"@id":"https:\/\/foreroagro.com\/tienda\/producto\/berengena-black-beauty-ecologica\/#breadcrumb"},"inLanguage":"es","potentialAction":[{"@type":"ReadAction","target":["https:\/\/foreroagro.com\/tienda\/producto\/berengena-black-beauty-ecologica\/"]}]},{"@type":"BreadcrumbList","@id":"https:\/\/foreroagro.com\/tienda\/producto\/berengena-black-beauty-ecologica\/#breadcrumb","itemListElement":[{"@type":"ListItem","position":1,"name":"Portada","item":"https:\/\/foreroagro.com\/tienda\/"},{"@type":"ListItem","position":2,"name":"Tienda","item":"https:\/\/foreroagro.com\/tienda\/"},{"@type":"ListItem","position":3,"name":"Berenjena Black Beauty Ecol\u00f3gica"}]}]}},"_links":{"self":[{"href":"https:\/\/foreroagro.com\/tienda\/wp-json\/wp\/v2\/product\/1695"}],"collection":[{"href":"https:\/\/foreroagro.com\/tienda\/wp-json\/wp\/v2\/product"}],"about":[{"href":"https:\/\/foreroagro.com\/tienda\/wp-json\/wp\/v2\/types\/product"}],"wp:featuredmedia":[{"embeddable":true,"href":"https:\/\/foreroagro.com\/tienda\/wp-json\/wp\/v2\/media\/1696"}],"wp:attachment":[{"href":"https:\/\/foreroagro.com\/tienda\/wp-json\/wp\/v2\/media?parent=1695"}],"wp:term":[{"taxonomy":"product_cat","embeddable":true,"href":"https:\/\/foreroagro.com\/tienda\/wp-json\/wp\/v2\/product_cat?post=1695"},{"taxonomy":"product_tag","embeddable":true,"href":"https:\/\/foreroagro.com\/tienda\/wp-json\/wp\/v2\/product_tag?post=1695"}],"curies":[{"name":"wp","href":"https:\/\/api.w.org\/{rel}","templated":true}]}}