{"id":1748,"date":"2018-06-04T18:16:49","date_gmt":"2018-06-04T18:16:49","guid":{"rendered":"http:\/\/abicoca.com\/foreroagro\/tienda\/?post_type=product&#038;p=1748"},"modified":"2022-09-14T10:59:23","modified_gmt":"2022-09-14T10:59:23","slug":"judia-buenos-aires-roja-ecologica","status":"publish","type":"product","link":"https:\/\/foreroagro.com\/tienda\/producto\/judia-buenos-aires-roja-ecologica\/","title":{"rendered":"Jud\u00eda Buenos Aires Roja Ecol\u00f3gica"},"content":{"rendered":"<p>Jud\u00eda Buenos Aires Roja Ecol\u00f3gica<\/p>\n<p>Mata alta, de ciclo semitard\u00edo. Vaina\u00a0ligeramente curvada, de secci\u00f3n plana de 18&#215;2,5cm, verdes con manchas\u00a0rojas, sin hilos. Buena conservaci\u00f3n de la vainas tras la cosecha. Grano de\u00a0color pardo crema con vetado marr\u00f3n. Resistencia al Virus com\u00fan.<\/p>\n<p>CULTIVO:\u00a0sembrar a golpes de 4-6 semillas; suelo fresco, evitar encharcamientos.<\/p>\n","protected":false},"excerpt":{"rendered":"<p>Mata alta, de ciclo semitard\u00edo. Vaina\u00a0ligeramente curvada, de secci\u00f3n plana de 18&#215;2,5cm, verdes con manchas\u00a0rojas, sin hilos. Buena conservaci\u00f3n de la vainas tras la cosecha. Grano de\u00a0color pardo crema con vetado marr\u00f3n. Resistencia al Virus com\u00fan.<\/p>\n<p>CULTIVO:\u00a0sembrar a golpes de 4-6 semillas; suelo fresco, evitar encharcamientos.<\/p>\n","protected":false},"featured_media":1749,"template":"","meta":[],"product_cat":[60,85],"product_tag":[],"yoast_head":"<!-- This site is optimized with the Yoast SEO plugin v17.5 - https:\/\/yoast.com\/wordpress\/plugins\/seo\/ -->\n<title>Jud\u00eda Buenos Aires Roja Ecol\u00f3gica - Foreroagro<\/title>\n<meta name=\"robots\" content=\"index, follow, max-snippet:-1, max-image-preview:large, max-video-preview:-1\" \/>\n<link rel=\"canonical\" href=\"https:\/\/foreroagro.com\/tienda\/producto\/judia-buenos-aires-roja-ecologica\/\" \/>\n<meta property=\"og:locale\" content=\"es_ES\" \/>\n<meta property=\"og:type\" content=\"article\" \/>\n<meta property=\"og:title\" content=\"Jud\u00eda Buenos Aires Roja Ecol\u00f3gica - Foreroagro\" \/>\n<meta property=\"og:description\" content=\"Mata alta, de ciclo semitard\u00edo. Vaina\u00a0ligeramente curvada, de secci\u00f3n plana de 18x2,5cm, verdes con manchas\u00a0rojas, sin hilos. Buena conservaci\u00f3n de la vainas tras la cosecha. Grano de\u00a0color pardo crema con vetado marr\u00f3n. Resistencia al Virus com\u00fan.  CULTIVO:\u00a0sembrar a golpes de 4-6 semillas; suelo fresco, evitar encharcamientos.\" \/>\n<meta property=\"og:url\" content=\"https:\/\/foreroagro.com\/tienda\/producto\/judia-buenos-aires-roja-ecologica\/\" \/>\n<meta property=\"og:site_name\" content=\"Foreroagro\" \/>\n<meta property=\"article:modified_time\" content=\"2022-09-14T10:59:23+00:00\" \/>\n<meta property=\"og:image\" content=\"https:\/\/foreroagro.com\/tienda\/wp-content\/uploads\/2018\/06\/1957-ecologico-judia-buenos-aires-roja.jpg\" \/>\n\t<meta property=\"og:image:width\" content=\"1024\" \/>\n\t<meta property=\"og:image:height\" content=\"1024\" \/>\n<meta name=\"twitter:card\" content=\"summary_large_image\" \/>\n<script type=\"application\/ld+json\" class=\"yoast-schema-graph\">{\"@context\":\"https:\/\/schema.org\",\"@graph\":[{\"@type\":\"Organization\",\"@id\":\"https:\/\/foreroagro.com\/tienda\/#organization\",\"name\":\"Foreroagro S.L.\",\"url\":\"https:\/\/foreroagro.com\/tienda\/\",\"sameAs\":[],\"logo\":{\"@type\":\"ImageObject\",\"@id\":\"https:\/\/foreroagro.com\/tienda\/#logo\",\"inLanguage\":\"es\",\"url\":\"https:\/\/foreroagro.com\/tienda\/wp-content\/uploads\/2018\/05\/Logo-foreroagro-e1527273021153.png\",\"contentUrl\":\"https:\/\/foreroagro.com\/tienda\/wp-content\/uploads\/2018\/05\/Logo-foreroagro-e1527273021153.png\",\"width\":80,\"height\":80,\"caption\":\"Foreroagro S.L.\"},\"image\":{\"@id\":\"https:\/\/foreroagro.com\/tienda\/#logo\"}},{\"@type\":\"WebSite\",\"@id\":\"https:\/\/foreroagro.com\/tienda\/#website\",\"url\":\"https:\/\/foreroagro.com\/tienda\/\",\"name\":\"Foreroagro\",\"description\":\"Soluciones agr\\u00edcolas online\",\"publisher\":{\"@id\":\"https:\/\/foreroagro.com\/tienda\/#organization\"},\"potentialAction\":[{\"@type\":\"SearchAction\",\"target\":{\"@type\":\"EntryPoint\",\"urlTemplate\":\"https:\/\/foreroagro.com\/tienda\/?s={search_term_string}\"},\"query-input\":\"required name=search_term_string\"}],\"inLanguage\":\"es\"},{\"@type\":\"ImageObject\",\"@id\":\"https:\/\/foreroagro.com\/tienda\/producto\/judia-buenos-aires-roja-ecologica\/#primaryimage\",\"inLanguage\":\"es\",\"url\":\"https:\/\/foreroagro.com\/tienda\/wp-content\/uploads\/2018\/06\/1957-ecologico-judia-buenos-aires-roja.jpg\",\"contentUrl\":\"https:\/\/foreroagro.com\/tienda\/wp-content\/uploads\/2018\/06\/1957-ecologico-judia-buenos-aires-roja.jpg\",\"width\":1024,\"height\":1024},{\"@type\":\"WebPage\",\"@id\":\"https:\/\/foreroagro.com\/tienda\/producto\/judia-buenos-aires-roja-ecologica\/#webpage\",\"url\":\"https:\/\/foreroagro.com\/tienda\/producto\/judia-buenos-aires-roja-ecologica\/\",\"name\":\"Jud\\u00eda Buenos Aires Roja Ecol\\u00f3gica - Foreroagro\",\"isPartOf\":{\"@id\":\"https:\/\/foreroagro.com\/tienda\/#website\"},\"primaryImageOfPage\":{\"@id\":\"https:\/\/foreroagro.com\/tienda\/producto\/judia-buenos-aires-roja-ecologica\/#primaryimage\"},\"datePublished\":\"2018-06-04T18:16:49+00:00\",\"dateModified\":\"2022-09-14T10:59:23+00:00\",\"breadcrumb\":{\"@id\":\"https:\/\/foreroagro.com\/tienda\/producto\/judia-buenos-aires-roja-ecologica\/#breadcrumb\"},\"inLanguage\":\"es\",\"potentialAction\":[{\"@type\":\"ReadAction\",\"target\":[\"https:\/\/foreroagro.com\/tienda\/producto\/judia-buenos-aires-roja-ecologica\/\"]}]},{\"@type\":\"BreadcrumbList\",\"@id\":\"https:\/\/foreroagro.com\/tienda\/producto\/judia-buenos-aires-roja-ecologica\/#breadcrumb\",\"itemListElement\":[{\"@type\":\"ListItem\",\"position\":1,\"name\":\"Portada\",\"item\":\"https:\/\/foreroagro.com\/tienda\/\"},{\"@type\":\"ListItem\",\"position\":2,\"name\":\"Tienda\",\"item\":\"https:\/\/foreroagro.com\/tienda\/\"},{\"@type\":\"ListItem\",\"position\":3,\"name\":\"Jud\\u00eda Buenos Aires Roja Ecol\\u00f3gica\"}]}]}<\/script>\n<!-- \/ Yoast SEO plugin. -->","yoast_head_json":{"title":"Jud\u00eda Buenos Aires Roja Ecol\u00f3gica - Foreroagro","robots":{"index":"index","follow":"follow","max-snippet":"max-snippet:-1","max-image-preview":"max-image-preview:large","max-video-preview":"max-video-preview:-1"},"canonical":"https:\/\/foreroagro.com\/tienda\/producto\/judia-buenos-aires-roja-ecologica\/","og_locale":"es_ES","og_type":"article","og_title":"Jud\u00eda Buenos Aires Roja Ecol\u00f3gica - Foreroagro","og_description":"Mata alta, de ciclo semitard\u00edo. Vaina\u00a0ligeramente curvada, de secci\u00f3n plana de 18x2,5cm, verdes con manchas\u00a0rojas, sin hilos. Buena conservaci\u00f3n de la vainas tras la cosecha. Grano de\u00a0color pardo crema con vetado marr\u00f3n. Resistencia al Virus com\u00fan.  CULTIVO:\u00a0sembrar a golpes de 4-6 semillas; suelo fresco, evitar encharcamientos.","og_url":"https:\/\/foreroagro.com\/tienda\/producto\/judia-buenos-aires-roja-ecologica\/","og_site_name":"Foreroagro","article_modified_time":"2022-09-14T10:59:23+00:00","og_image":[{"width":1024,"height":1024,"url":"https:\/\/foreroagro.com\/tienda\/wp-content\/uploads\/2018\/06\/1957-ecologico-judia-buenos-aires-roja.jpg","type":"image\/jpeg"}],"twitter_card":"summary_large_image","schema":{"@context":"https:\/\/schema.org","@graph":[{"@type":"Organization","@id":"https:\/\/foreroagro.com\/tienda\/#organization","name":"Foreroagro S.L.","url":"https:\/\/foreroagro.com\/tienda\/","sameAs":[],"logo":{"@type":"ImageObject","@id":"https:\/\/foreroagro.com\/tienda\/#logo","inLanguage":"es","url":"https:\/\/foreroagro.com\/tienda\/wp-content\/uploads\/2018\/05\/Logo-foreroagro-e1527273021153.png","contentUrl":"https:\/\/foreroagro.com\/tienda\/wp-content\/uploads\/2018\/05\/Logo-foreroagro-e1527273021153.png","width":80,"height":80,"caption":"Foreroagro S.L."},"image":{"@id":"https:\/\/foreroagro.com\/tienda\/#logo"}},{"@type":"WebSite","@id":"https:\/\/foreroagro.com\/tienda\/#website","url":"https:\/\/foreroagro.com\/tienda\/","name":"Foreroagro","description":"Soluciones agr\u00edcolas online","publisher":{"@id":"https:\/\/foreroagro.com\/tienda\/#organization"},"potentialAction":[{"@type":"SearchAction","target":{"@type":"EntryPoint","urlTemplate":"https:\/\/foreroagro.com\/tienda\/?s={search_term_string}"},"query-input":"required name=search_term_string"}],"inLanguage":"es"},{"@type":"ImageObject","@id":"https:\/\/foreroagro.com\/tienda\/producto\/judia-buenos-aires-roja-ecologica\/#primaryimage","inLanguage":"es","url":"https:\/\/foreroagro.com\/tienda\/wp-content\/uploads\/2018\/06\/1957-ecologico-judia-buenos-aires-roja.jpg","contentUrl":"https:\/\/foreroagro.com\/tienda\/wp-content\/uploads\/2018\/06\/1957-ecologico-judia-buenos-aires-roja.jpg","width":1024,"height":1024},{"@type":"WebPage","@id":"https:\/\/foreroagro.com\/tienda\/producto\/judia-buenos-aires-roja-ecologica\/#webpage","url":"https:\/\/foreroagro.com\/tienda\/producto\/judia-buenos-aires-roja-ecologica\/","name":"Jud\u00eda Buenos Aires Roja Ecol\u00f3gica - Foreroagro","isPartOf":{"@id":"https:\/\/foreroagro.com\/tienda\/#website"},"primaryImageOfPage":{"@id":"https:\/\/foreroagro.com\/tienda\/producto\/judia-buenos-aires-roja-ecologica\/#primaryimage"},"datePublished":"2018-06-04T18:16:49+00:00","dateModified":"2022-09-14T10:59:23+00:00","breadcrumb":{"@id":"https:\/\/foreroagro.com\/tienda\/producto\/judia-buenos-aires-roja-ecologica\/#breadcrumb"},"inLanguage":"es","potentialAction":[{"@type":"ReadAction","target":["https:\/\/foreroagro.com\/tienda\/producto\/judia-buenos-aires-roja-ecologica\/"]}]},{"@type":"BreadcrumbList","@id":"https:\/\/foreroagro.com\/tienda\/producto\/judia-buenos-aires-roja-ecologica\/#breadcrumb","itemListElement":[{"@type":"ListItem","position":1,"name":"Portada","item":"https:\/\/foreroagro.com\/tienda\/"},{"@type":"ListItem","position":2,"name":"Tienda","item":"https:\/\/foreroagro.com\/tienda\/"},{"@type":"ListItem","position":3,"name":"Jud\u00eda Buenos Aires Roja Ecol\u00f3gica"}]}]}},"_links":{"self":[{"href":"https:\/\/foreroagro.com\/tienda\/wp-json\/wp\/v2\/product\/1748"}],"collection":[{"href":"https:\/\/foreroagro.com\/tienda\/wp-json\/wp\/v2\/product"}],"about":[{"href":"https:\/\/foreroagro.com\/tienda\/wp-json\/wp\/v2\/types\/product"}],"wp:featuredmedia":[{"embeddable":true,"href":"https:\/\/foreroagro.com\/tienda\/wp-json\/wp\/v2\/media\/1749"}],"wp:attachment":[{"href":"https:\/\/foreroagro.com\/tienda\/wp-json\/wp\/v2\/media?parent=1748"}],"wp:term":[{"taxonomy":"product_cat","embeddable":true,"href":"https:\/\/foreroagro.com\/tienda\/wp-json\/wp\/v2\/product_cat?post=1748"},{"taxonomy":"product_tag","embeddable":true,"href":"https:\/\/foreroagro.com\/tienda\/wp-json\/wp\/v2\/product_tag?post=1748"}],"curies":[{"name":"wp","href":"https:\/\/api.w.org\/{rel}","templated":true}]}}