{"id":1919,"date":"2018-06-14T09:27:13","date_gmt":"2018-06-14T09:27:13","guid":{"rendered":"http:\/\/abicoca.com\/foreroagro\/tienda\/?post_type=product&#038;p=1919"},"modified":"2019-02-28T17:58:07","modified_gmt":"2019-02-28T17:58:07","slug":"cebada-de-primavera-scarlett","status":"publish","type":"product","link":"https:\/\/foreroagro.com\/tienda\/producto\/cebada-de-primavera-scarlett\/","title":{"rendered":"Cebada de Primavera Scarlett"},"content":{"rendered":"<h4>Cebada de Primavera Scarlett<\/h4>\n<p><strong>FICHA T\u00c9CNICA:<\/strong><br \/>\nOBTENTOR: Josef Breum<br \/>\nORIGEN: Amazonex Breum 2730 x kym<br \/>\nINSCRIPCI\u00d3N: 1996<br \/>\n<strong>Cebada de primavera alternativa, admitiendo siembra de oto\u00f1o-invierno.<\/strong><br \/>\nGran calidad maltera, siendo en la actualidad la cebada de primavera n\u00ba 1 en toda Europa. Ocupando pr\u00e1cticamente el 50% del mercado, tanto en Francia como en Alemania. En Espa\u00f1a alcanza ya el 60% del mercado de malta.<br \/>\n<strong>CARACTERISTICAS:<\/strong><br \/>\n&#8211; Excelente relaci\u00f3n producci\u00f3n &#8211; calidad maltera, que la hace \u00fanica en su g\u00e9nero.<br \/>\n&#8211; Granos de gran tama\u00f1o y elevado peso espec\u00edfico.<br \/>\n&#8211; Muy buena resistencia al O\u00eddio, Encamado y Roya Enana.<br \/>\n&#8211; Algo sensible al Rincoesporium.<br \/>\n&#8211; Adaptaci\u00f3n a todo tipo de suelos, prefiriendo siempre los frescales.<br \/>\n&#8211; Madurez precoz, con un r\u00e1pido secado del grano.<br \/>\n&#8211; Rendimiento muy elevado, superando a las variedades m\u00e1s productivas.<br \/>\n&#8211; Gran polivalencia de climas, soportando muy bien tanto las zonas fr\u00edas como las templadas.<br \/>\n<strong>RECOMENDACIONES PARA LA SIEMBRA:<\/strong><br \/>\n&#8211; Oto\u00f1o-invierno: se recomienda 380\/320 granos\/m\u00b2<br \/>\n&#8211; Primavera: Aumenta la dosis un 10%.<br \/>\n<strong>RECOMENDACIONES DE ABONADO:<\/strong><br \/>\nSon recomendables los aportes buenos de abono mineral, para alcanzar sus elevadas producciones, no debiendo sobrepasar de aporte nitrogenado las 120 Ud. \/ha, siendo recomendable un 60% en siembra.<br \/>\n<strong>USO DE FUNGICIDAS:<\/strong><br \/>\nGracias a la gran salud de la planta, no deber\u00eda de aplicarse m\u00e1s que el tratamiento adecuado a la infestaci\u00f3n de que se trate.<\/p>\n","protected":false},"excerpt":{"rendered":"<p>Gran calidad maltera. Cebada de primavera alternativa, admitiendo siembras de oto\u00f1o-invierno<br \/>\nExcelente relaci\u00f3n producci\u00f3n-calidad maltera. Tama\u00f1o de grano elevado y con gran peso espec\u00edfico. Adaptaci\u00f3n a todo tipo de suelos. Madurez precoz (r\u00e1pido secado del grano). Rendimiento muy elevado. Gran polivalencia de climas (zonas fr\u00edas y templadas). Muy buena resistencia al encamado<\/p>\n","protected":false},"featured_media":1907,"template":"","meta":[],"product_cat":[40,41],"product_tag":[],"yoast_head":"<!-- This site is optimized with the Yoast SEO plugin v17.5 - https:\/\/yoast.com\/wordpress\/plugins\/seo\/ -->\n<title>Cebada de Primavera Scarlett - Foreroagro<\/title>\n<meta name=\"robots\" content=\"index, follow, max-snippet:-1, max-image-preview:large, max-video-preview:-1\" \/>\n<link rel=\"canonical\" href=\"https:\/\/foreroagro.com\/tienda\/producto\/cebada-de-primavera-scarlett\/\" \/>\n<meta property=\"og:locale\" content=\"es_ES\" \/>\n<meta property=\"og:type\" content=\"article\" \/>\n<meta property=\"og:title\" content=\"Cebada de Primavera Scarlett - Foreroagro\" \/>\n<meta property=\"og:description\" content=\"Gran calidad maltera. Cebada de primavera alternativa, admitiendo siembras de oto\u00f1o-invierno Excelente relaci\u00f3n producci\u00f3n-calidad maltera. Tama\u00f1o de grano elevado y con gran peso espec\u00edfico. Adaptaci\u00f3n a todo tipo de suelos. Madurez precoz (r\u00e1pido secado del grano). Rendimiento muy elevado. Gran polivalencia de climas (zonas fr\u00edas y templadas). Muy buena resistencia al encamado\" \/>\n<meta property=\"og:url\" content=\"https:\/\/foreroagro.com\/tienda\/producto\/cebada-de-primavera-scarlett\/\" \/>\n<meta property=\"og:site_name\" content=\"Foreroagro\" \/>\n<meta property=\"article:modified_time\" content=\"2019-02-28T17:58:07+00:00\" \/>\n<meta property=\"og:image\" content=\"https:\/\/foreroagro.com\/tienda\/wp-content\/uploads\/2018\/06\/scarlett-cebada-de-primavera.jpg\" \/>\n\t<meta property=\"og:image:width\" content=\"1024\" \/>\n\t<meta property=\"og:image:height\" content=\"1024\" \/>\n<meta name=\"twitter:card\" content=\"summary_large_image\" \/>\n<meta name=\"twitter:label1\" content=\"Tiempo de lectura\" \/>\n\t<meta name=\"twitter:data1\" content=\"1 minuto\" \/>\n<script type=\"application\/ld+json\" class=\"yoast-schema-graph\">{\"@context\":\"https:\/\/schema.org\",\"@graph\":[{\"@type\":\"Organization\",\"@id\":\"https:\/\/foreroagro.com\/tienda\/#organization\",\"name\":\"Foreroagro S.L.\",\"url\":\"https:\/\/foreroagro.com\/tienda\/\",\"sameAs\":[],\"logo\":{\"@type\":\"ImageObject\",\"@id\":\"https:\/\/foreroagro.com\/tienda\/#logo\",\"inLanguage\":\"es\",\"url\":\"https:\/\/foreroagro.com\/tienda\/wp-content\/uploads\/2018\/05\/Logo-foreroagro-e1527273021153.png\",\"contentUrl\":\"https:\/\/foreroagro.com\/tienda\/wp-content\/uploads\/2018\/05\/Logo-foreroagro-e1527273021153.png\",\"width\":80,\"height\":80,\"caption\":\"Foreroagro S.L.\"},\"image\":{\"@id\":\"https:\/\/foreroagro.com\/tienda\/#logo\"}},{\"@type\":\"WebSite\",\"@id\":\"https:\/\/foreroagro.com\/tienda\/#website\",\"url\":\"https:\/\/foreroagro.com\/tienda\/\",\"name\":\"Foreroagro\",\"description\":\"Soluciones agr\\u00edcolas online\",\"publisher\":{\"@id\":\"https:\/\/foreroagro.com\/tienda\/#organization\"},\"potentialAction\":[{\"@type\":\"SearchAction\",\"target\":{\"@type\":\"EntryPoint\",\"urlTemplate\":\"https:\/\/foreroagro.com\/tienda\/?s={search_term_string}\"},\"query-input\":\"required name=search_term_string\"}],\"inLanguage\":\"es\"},{\"@type\":\"ImageObject\",\"@id\":\"https:\/\/foreroagro.com\/tienda\/producto\/cebada-de-primavera-scarlett\/#primaryimage\",\"inLanguage\":\"es\",\"url\":\"https:\/\/foreroagro.com\/tienda\/wp-content\/uploads\/2018\/06\/scarlett-cebada-de-primavera.jpg\",\"contentUrl\":\"https:\/\/foreroagro.com\/tienda\/wp-content\/uploads\/2018\/06\/scarlett-cebada-de-primavera.jpg\",\"width\":1024,\"height\":1024},{\"@type\":\"WebPage\",\"@id\":\"https:\/\/foreroagro.com\/tienda\/producto\/cebada-de-primavera-scarlett\/#webpage\",\"url\":\"https:\/\/foreroagro.com\/tienda\/producto\/cebada-de-primavera-scarlett\/\",\"name\":\"Cebada de Primavera Scarlett - Foreroagro\",\"isPartOf\":{\"@id\":\"https:\/\/foreroagro.com\/tienda\/#website\"},\"primaryImageOfPage\":{\"@id\":\"https:\/\/foreroagro.com\/tienda\/producto\/cebada-de-primavera-scarlett\/#primaryimage\"},\"datePublished\":\"2018-06-14T09:27:13+00:00\",\"dateModified\":\"2019-02-28T17:58:07+00:00\",\"breadcrumb\":{\"@id\":\"https:\/\/foreroagro.com\/tienda\/producto\/cebada-de-primavera-scarlett\/#breadcrumb\"},\"inLanguage\":\"es\",\"potentialAction\":[{\"@type\":\"ReadAction\",\"target\":[\"https:\/\/foreroagro.com\/tienda\/producto\/cebada-de-primavera-scarlett\/\"]}]},{\"@type\":\"BreadcrumbList\",\"@id\":\"https:\/\/foreroagro.com\/tienda\/producto\/cebada-de-primavera-scarlett\/#breadcrumb\",\"itemListElement\":[{\"@type\":\"ListItem\",\"position\":1,\"name\":\"Portada\",\"item\":\"https:\/\/foreroagro.com\/tienda\/\"},{\"@type\":\"ListItem\",\"position\":2,\"name\":\"Tienda\",\"item\":\"https:\/\/foreroagro.com\/tienda\/\"},{\"@type\":\"ListItem\",\"position\":3,\"name\":\"Cebada de Primavera Scarlett\"}]}]}<\/script>\n<!-- \/ Yoast SEO plugin. -->","yoast_head_json":{"title":"Cebada de Primavera Scarlett - Foreroagro","robots":{"index":"index","follow":"follow","max-snippet":"max-snippet:-1","max-image-preview":"max-image-preview:large","max-video-preview":"max-video-preview:-1"},"canonical":"https:\/\/foreroagro.com\/tienda\/producto\/cebada-de-primavera-scarlett\/","og_locale":"es_ES","og_type":"article","og_title":"Cebada de Primavera Scarlett - Foreroagro","og_description":"Gran calidad maltera. Cebada de primavera alternativa, admitiendo siembras de oto\u00f1o-invierno Excelente relaci\u00f3n producci\u00f3n-calidad maltera. Tama\u00f1o de grano elevado y con gran peso espec\u00edfico. Adaptaci\u00f3n a todo tipo de suelos. Madurez precoz (r\u00e1pido secado del grano). Rendimiento muy elevado. Gran polivalencia de climas (zonas fr\u00edas y templadas). Muy buena resistencia al encamado","og_url":"https:\/\/foreroagro.com\/tienda\/producto\/cebada-de-primavera-scarlett\/","og_site_name":"Foreroagro","article_modified_time":"2019-02-28T17:58:07+00:00","og_image":[{"width":1024,"height":1024,"url":"https:\/\/foreroagro.com\/tienda\/wp-content\/uploads\/2018\/06\/scarlett-cebada-de-primavera.jpg","type":"image\/jpeg"}],"twitter_card":"summary_large_image","twitter_misc":{"Tiempo de lectura":"1 minuto"},"schema":{"@context":"https:\/\/schema.org","@graph":[{"@type":"Organization","@id":"https:\/\/foreroagro.com\/tienda\/#organization","name":"Foreroagro S.L.","url":"https:\/\/foreroagro.com\/tienda\/","sameAs":[],"logo":{"@type":"ImageObject","@id":"https:\/\/foreroagro.com\/tienda\/#logo","inLanguage":"es","url":"https:\/\/foreroagro.com\/tienda\/wp-content\/uploads\/2018\/05\/Logo-foreroagro-e1527273021153.png","contentUrl":"https:\/\/foreroagro.com\/tienda\/wp-content\/uploads\/2018\/05\/Logo-foreroagro-e1527273021153.png","width":80,"height":80,"caption":"Foreroagro S.L."},"image":{"@id":"https:\/\/foreroagro.com\/tienda\/#logo"}},{"@type":"WebSite","@id":"https:\/\/foreroagro.com\/tienda\/#website","url":"https:\/\/foreroagro.com\/tienda\/","name":"Foreroagro","description":"Soluciones agr\u00edcolas online","publisher":{"@id":"https:\/\/foreroagro.com\/tienda\/#organization"},"potentialAction":[{"@type":"SearchAction","target":{"@type":"EntryPoint","urlTemplate":"https:\/\/foreroagro.com\/tienda\/?s={search_term_string}"},"query-input":"required name=search_term_string"}],"inLanguage":"es"},{"@type":"ImageObject","@id":"https:\/\/foreroagro.com\/tienda\/producto\/cebada-de-primavera-scarlett\/#primaryimage","inLanguage":"es","url":"https:\/\/foreroagro.com\/tienda\/wp-content\/uploads\/2018\/06\/scarlett-cebada-de-primavera.jpg","contentUrl":"https:\/\/foreroagro.com\/tienda\/wp-content\/uploads\/2018\/06\/scarlett-cebada-de-primavera.jpg","width":1024,"height":1024},{"@type":"WebPage","@id":"https:\/\/foreroagro.com\/tienda\/producto\/cebada-de-primavera-scarlett\/#webpage","url":"https:\/\/foreroagro.com\/tienda\/producto\/cebada-de-primavera-scarlett\/","name":"Cebada de Primavera Scarlett - Foreroagro","isPartOf":{"@id":"https:\/\/foreroagro.com\/tienda\/#website"},"primaryImageOfPage":{"@id":"https:\/\/foreroagro.com\/tienda\/producto\/cebada-de-primavera-scarlett\/#primaryimage"},"datePublished":"2018-06-14T09:27:13+00:00","dateModified":"2019-02-28T17:58:07+00:00","breadcrumb":{"@id":"https:\/\/foreroagro.com\/tienda\/producto\/cebada-de-primavera-scarlett\/#breadcrumb"},"inLanguage":"es","potentialAction":[{"@type":"ReadAction","target":["https:\/\/foreroagro.com\/tienda\/producto\/cebada-de-primavera-scarlett\/"]}]},{"@type":"BreadcrumbList","@id":"https:\/\/foreroagro.com\/tienda\/producto\/cebada-de-primavera-scarlett\/#breadcrumb","itemListElement":[{"@type":"ListItem","position":1,"name":"Portada","item":"https:\/\/foreroagro.com\/tienda\/"},{"@type":"ListItem","position":2,"name":"Tienda","item":"https:\/\/foreroagro.com\/tienda\/"},{"@type":"ListItem","position":3,"name":"Cebada de Primavera Scarlett"}]}]}},"_links":{"self":[{"href":"https:\/\/foreroagro.com\/tienda\/wp-json\/wp\/v2\/product\/1919"}],"collection":[{"href":"https:\/\/foreroagro.com\/tienda\/wp-json\/wp\/v2\/product"}],"about":[{"href":"https:\/\/foreroagro.com\/tienda\/wp-json\/wp\/v2\/types\/product"}],"wp:featuredmedia":[{"embeddable":true,"href":"https:\/\/foreroagro.com\/tienda\/wp-json\/wp\/v2\/media\/1907"}],"wp:attachment":[{"href":"https:\/\/foreroagro.com\/tienda\/wp-json\/wp\/v2\/media?parent=1919"}],"wp:term":[{"taxonomy":"product_cat","embeddable":true,"href":"https:\/\/foreroagro.com\/tienda\/wp-json\/wp\/v2\/product_cat?post=1919"},{"taxonomy":"product_tag","embeddable":true,"href":"https:\/\/foreroagro.com\/tienda\/wp-json\/wp\/v2\/product_tag?post=1919"}],"curies":[{"name":"wp","href":"https:\/\/api.w.org\/{rel}","templated":true}]}}