{"id":1924,"date":"2018-06-14T09:45:25","date_gmt":"2018-06-14T09:45:25","guid":{"rendered":"http:\/\/abicoca.com\/foreroagro\/tienda\/?post_type=product&#038;p=1924"},"modified":"2019-02-28T18:16:51","modified_gmt":"2019-02-28T18:16:51","slug":"trigo-blando-invierno-camargo","status":"publish","type":"product","link":"https:\/\/foreroagro.com\/tienda\/producto\/trigo-blando-invierno-camargo\/","title":{"rendered":"Trigo Blando Invierno Camargo"},"content":{"rendered":"<h4>Trigo Blando Invierno Camargo<\/h4>\n<p><strong>CAMARGO<\/strong>, ha sido confirmado como uno de los trigos m\u00e1s productivos del momento, demostrando ser de los de mayor producci\u00f3n en la mayor\u00eda de climas y terrenos, como as\u00ed lo confirman los datos del ITGC, durante la campa\u00f1a 2009\/2010, estando siempre el primero a nivel de productividad.<br \/>\n<strong>CAMARGO<\/strong>, adem\u00e1s de su reconocida alt\u00edsima producci\u00f3n, est\u00e1 catalogado como un trigo de fuerza media y un p\/l medio de 0,35. Lo que le convierte en un gran trigo extensible muy apreciado por las industrias harineras. Su nivel de prote\u00edna sobre los datos est\u00e1ndar, le sit\u00faa a niveles del 10 al 13%, con pr\u00e1cticas normales de abonador nitrogenados.<br \/>\n<strong>FICHA T\u00c9CNICA:<\/strong><br \/>\nOBTENTOR: Cruzamiento de Valoris x Ornicar<br \/>\nINSCRIPCI\u00d3N: Octubre 2008<br \/>\nPRECOCIDAD: Media a precoz<br \/>\nTALLA: Media Alta<br \/>\n<strong>ASPECTO FENOL\u00d3GICO:<\/strong><br \/>\nCamargo es un trigo de porte medio alto, con un bonito aspecto despu\u00e9s del espigado, con espigas mochas y compactas y dotado de una gran fertilidad en espiga<br \/>\n<strong>RECOMENDACIONES DE CULTIVO:<\/strong><br \/>\nCamargo, al ser un trigo de excelente comportamiento en todas las zonas, no necesita de cuidados especiales para su cultivo, estim\u00e1ndose como dosis normal para una buena siembra, la de 350 semillas por metro cuadrado.<br \/>\n<strong>RESISTENCIA A ENFERMEDADES:<\/strong><br \/>\n&#8211; Resistencia al encamado: Alta<br \/>\n&#8211; Resistencia al fr\u00edo: Alta<br \/>\n&#8211; Resistencia a la Roya Parda: Resistente<br \/>\n&#8211; Resistencia a la Septoria: Alta<br \/>\n&#8211; Resistencia a Oidio: Media Alta<br \/>\n&#8211; Resistencia al Mal de Pie: Alta<\/p>\n","protected":false},"excerpt":{"rendered":"<p>Excelente capacidad de producci\u00f3n en secanos h\u00famedos y regad\u00edos.<\/p>\n<p>Excelente resistencia a enfermedades.<\/p>\n<p>Gran calidad harinera (extensible)<\/p>\n<p>&nbsp;<\/p>\n","protected":false},"featured_media":1895,"template":"","meta":[],"product_cat":[40,41],"product_tag":[],"yoast_head":"<!-- This site is optimized with the Yoast SEO plugin v17.5 - https:\/\/yoast.com\/wordpress\/plugins\/seo\/ -->\n<title>Trigo Blando Invierno Camargo - Foreroagro<\/title>\n<meta name=\"robots\" content=\"index, follow, max-snippet:-1, max-image-preview:large, max-video-preview:-1\" \/>\n<link rel=\"canonical\" href=\"https:\/\/foreroagro.com\/tienda\/producto\/trigo-blando-invierno-camargo\/\" \/>\n<meta property=\"og:locale\" content=\"es_ES\" \/>\n<meta property=\"og:type\" content=\"article\" \/>\n<meta property=\"og:title\" content=\"Trigo Blando Invierno Camargo - Foreroagro\" \/>\n<meta property=\"og:description\" content=\"Excelente capacidad de producci\u00f3n en secanos h\u00famedos y regad\u00edos.  Excelente resistencia a enfermedades.  Gran calidad harinera (extensible)  &nbsp;\" \/>\n<meta property=\"og:url\" content=\"https:\/\/foreroagro.com\/tienda\/producto\/trigo-blando-invierno-camargo\/\" \/>\n<meta property=\"og:site_name\" content=\"Foreroagro\" \/>\n<meta property=\"article:modified_time\" content=\"2019-02-28T18:16:51+00:00\" \/>\n<meta property=\"og:image\" content=\"https:\/\/foreroagro.com\/tienda\/wp-content\/uploads\/2018\/06\/camargo-trigo-invierno.jpg\" \/>\n\t<meta property=\"og:image:width\" content=\"1024\" \/>\n\t<meta property=\"og:image:height\" content=\"1024\" \/>\n<meta name=\"twitter:card\" content=\"summary_large_image\" \/>\n<meta name=\"twitter:label1\" content=\"Tiempo de lectura\" \/>\n\t<meta name=\"twitter:data1\" content=\"1 minuto\" \/>\n<script type=\"application\/ld+json\" class=\"yoast-schema-graph\">{\"@context\":\"https:\/\/schema.org\",\"@graph\":[{\"@type\":\"Organization\",\"@id\":\"https:\/\/foreroagro.com\/tienda\/#organization\",\"name\":\"Foreroagro S.L.\",\"url\":\"https:\/\/foreroagro.com\/tienda\/\",\"sameAs\":[],\"logo\":{\"@type\":\"ImageObject\",\"@id\":\"https:\/\/foreroagro.com\/tienda\/#logo\",\"inLanguage\":\"es\",\"url\":\"https:\/\/foreroagro.com\/tienda\/wp-content\/uploads\/2018\/05\/Logo-foreroagro-e1527273021153.png\",\"contentUrl\":\"https:\/\/foreroagro.com\/tienda\/wp-content\/uploads\/2018\/05\/Logo-foreroagro-e1527273021153.png\",\"width\":80,\"height\":80,\"caption\":\"Foreroagro S.L.\"},\"image\":{\"@id\":\"https:\/\/foreroagro.com\/tienda\/#logo\"}},{\"@type\":\"WebSite\",\"@id\":\"https:\/\/foreroagro.com\/tienda\/#website\",\"url\":\"https:\/\/foreroagro.com\/tienda\/\",\"name\":\"Foreroagro\",\"description\":\"Soluciones agr\\u00edcolas online\",\"publisher\":{\"@id\":\"https:\/\/foreroagro.com\/tienda\/#organization\"},\"potentialAction\":[{\"@type\":\"SearchAction\",\"target\":{\"@type\":\"EntryPoint\",\"urlTemplate\":\"https:\/\/foreroagro.com\/tienda\/?s={search_term_string}\"},\"query-input\":\"required name=search_term_string\"}],\"inLanguage\":\"es\"},{\"@type\":\"ImageObject\",\"@id\":\"https:\/\/foreroagro.com\/tienda\/producto\/trigo-blando-invierno-camargo\/#primaryimage\",\"inLanguage\":\"es\",\"url\":\"https:\/\/foreroagro.com\/tienda\/wp-content\/uploads\/2018\/06\/camargo-trigo-invierno.jpg\",\"contentUrl\":\"https:\/\/foreroagro.com\/tienda\/wp-content\/uploads\/2018\/06\/camargo-trigo-invierno.jpg\",\"width\":1024,\"height\":1024},{\"@type\":\"WebPage\",\"@id\":\"https:\/\/foreroagro.com\/tienda\/producto\/trigo-blando-invierno-camargo\/#webpage\",\"url\":\"https:\/\/foreroagro.com\/tienda\/producto\/trigo-blando-invierno-camargo\/\",\"name\":\"Trigo Blando Invierno Camargo - Foreroagro\",\"isPartOf\":{\"@id\":\"https:\/\/foreroagro.com\/tienda\/#website\"},\"primaryImageOfPage\":{\"@id\":\"https:\/\/foreroagro.com\/tienda\/producto\/trigo-blando-invierno-camargo\/#primaryimage\"},\"datePublished\":\"2018-06-14T09:45:25+00:00\",\"dateModified\":\"2019-02-28T18:16:51+00:00\",\"breadcrumb\":{\"@id\":\"https:\/\/foreroagro.com\/tienda\/producto\/trigo-blando-invierno-camargo\/#breadcrumb\"},\"inLanguage\":\"es\",\"potentialAction\":[{\"@type\":\"ReadAction\",\"target\":[\"https:\/\/foreroagro.com\/tienda\/producto\/trigo-blando-invierno-camargo\/\"]}]},{\"@type\":\"BreadcrumbList\",\"@id\":\"https:\/\/foreroagro.com\/tienda\/producto\/trigo-blando-invierno-camargo\/#breadcrumb\",\"itemListElement\":[{\"@type\":\"ListItem\",\"position\":1,\"name\":\"Portada\",\"item\":\"https:\/\/foreroagro.com\/tienda\/\"},{\"@type\":\"ListItem\",\"position\":2,\"name\":\"Tienda\",\"item\":\"https:\/\/foreroagro.com\/tienda\/\"},{\"@type\":\"ListItem\",\"position\":3,\"name\":\"Trigo Blando Invierno Camargo\"}]}]}<\/script>\n<!-- \/ Yoast SEO plugin. -->","yoast_head_json":{"title":"Trigo Blando Invierno Camargo - Foreroagro","robots":{"index":"index","follow":"follow","max-snippet":"max-snippet:-1","max-image-preview":"max-image-preview:large","max-video-preview":"max-video-preview:-1"},"canonical":"https:\/\/foreroagro.com\/tienda\/producto\/trigo-blando-invierno-camargo\/","og_locale":"es_ES","og_type":"article","og_title":"Trigo Blando Invierno Camargo - Foreroagro","og_description":"Excelente capacidad de producci\u00f3n en secanos h\u00famedos y regad\u00edos.  Excelente resistencia a enfermedades.  Gran calidad harinera (extensible)  &nbsp;","og_url":"https:\/\/foreroagro.com\/tienda\/producto\/trigo-blando-invierno-camargo\/","og_site_name":"Foreroagro","article_modified_time":"2019-02-28T18:16:51+00:00","og_image":[{"width":1024,"height":1024,"url":"https:\/\/foreroagro.com\/tienda\/wp-content\/uploads\/2018\/06\/camargo-trigo-invierno.jpg","type":"image\/jpeg"}],"twitter_card":"summary_large_image","twitter_misc":{"Tiempo de lectura":"1 minuto"},"schema":{"@context":"https:\/\/schema.org","@graph":[{"@type":"Organization","@id":"https:\/\/foreroagro.com\/tienda\/#organization","name":"Foreroagro S.L.","url":"https:\/\/foreroagro.com\/tienda\/","sameAs":[],"logo":{"@type":"ImageObject","@id":"https:\/\/foreroagro.com\/tienda\/#logo","inLanguage":"es","url":"https:\/\/foreroagro.com\/tienda\/wp-content\/uploads\/2018\/05\/Logo-foreroagro-e1527273021153.png","contentUrl":"https:\/\/foreroagro.com\/tienda\/wp-content\/uploads\/2018\/05\/Logo-foreroagro-e1527273021153.png","width":80,"height":80,"caption":"Foreroagro S.L."},"image":{"@id":"https:\/\/foreroagro.com\/tienda\/#logo"}},{"@type":"WebSite","@id":"https:\/\/foreroagro.com\/tienda\/#website","url":"https:\/\/foreroagro.com\/tienda\/","name":"Foreroagro","description":"Soluciones agr\u00edcolas online","publisher":{"@id":"https:\/\/foreroagro.com\/tienda\/#organization"},"potentialAction":[{"@type":"SearchAction","target":{"@type":"EntryPoint","urlTemplate":"https:\/\/foreroagro.com\/tienda\/?s={search_term_string}"},"query-input":"required name=search_term_string"}],"inLanguage":"es"},{"@type":"ImageObject","@id":"https:\/\/foreroagro.com\/tienda\/producto\/trigo-blando-invierno-camargo\/#primaryimage","inLanguage":"es","url":"https:\/\/foreroagro.com\/tienda\/wp-content\/uploads\/2018\/06\/camargo-trigo-invierno.jpg","contentUrl":"https:\/\/foreroagro.com\/tienda\/wp-content\/uploads\/2018\/06\/camargo-trigo-invierno.jpg","width":1024,"height":1024},{"@type":"WebPage","@id":"https:\/\/foreroagro.com\/tienda\/producto\/trigo-blando-invierno-camargo\/#webpage","url":"https:\/\/foreroagro.com\/tienda\/producto\/trigo-blando-invierno-camargo\/","name":"Trigo Blando Invierno Camargo - Foreroagro","isPartOf":{"@id":"https:\/\/foreroagro.com\/tienda\/#website"},"primaryImageOfPage":{"@id":"https:\/\/foreroagro.com\/tienda\/producto\/trigo-blando-invierno-camargo\/#primaryimage"},"datePublished":"2018-06-14T09:45:25+00:00","dateModified":"2019-02-28T18:16:51+00:00","breadcrumb":{"@id":"https:\/\/foreroagro.com\/tienda\/producto\/trigo-blando-invierno-camargo\/#breadcrumb"},"inLanguage":"es","potentialAction":[{"@type":"ReadAction","target":["https:\/\/foreroagro.com\/tienda\/producto\/trigo-blando-invierno-camargo\/"]}]},{"@type":"BreadcrumbList","@id":"https:\/\/foreroagro.com\/tienda\/producto\/trigo-blando-invierno-camargo\/#breadcrumb","itemListElement":[{"@type":"ListItem","position":1,"name":"Portada","item":"https:\/\/foreroagro.com\/tienda\/"},{"@type":"ListItem","position":2,"name":"Tienda","item":"https:\/\/foreroagro.com\/tienda\/"},{"@type":"ListItem","position":3,"name":"Trigo Blando Invierno Camargo"}]}]}},"_links":{"self":[{"href":"https:\/\/foreroagro.com\/tienda\/wp-json\/wp\/v2\/product\/1924"}],"collection":[{"href":"https:\/\/foreroagro.com\/tienda\/wp-json\/wp\/v2\/product"}],"about":[{"href":"https:\/\/foreroagro.com\/tienda\/wp-json\/wp\/v2\/types\/product"}],"wp:featuredmedia":[{"embeddable":true,"href":"https:\/\/foreroagro.com\/tienda\/wp-json\/wp\/v2\/media\/1895"}],"wp:attachment":[{"href":"https:\/\/foreroagro.com\/tienda\/wp-json\/wp\/v2\/media?parent=1924"}],"wp:term":[{"taxonomy":"product_cat","embeddable":true,"href":"https:\/\/foreroagro.com\/tienda\/wp-json\/wp\/v2\/product_cat?post=1924"},{"taxonomy":"product_tag","embeddable":true,"href":"https:\/\/foreroagro.com\/tienda\/wp-json\/wp\/v2\/product_tag?post=1924"}],"curies":[{"name":"wp","href":"https:\/\/api.w.org\/{rel}","templated":true}]}}