{"id":1931,"date":"2018-06-14T10:04:26","date_gmt":"2018-06-14T10:04:26","guid":{"rendered":"http:\/\/abicoca.com\/foreroagro\/tienda\/?post_type=product&#038;p=1931"},"modified":"2019-02-28T18:35:46","modified_gmt":"2019-02-28T18:35:46","slug":"triticale-de-invierno-amarillo","status":"publish","type":"product","link":"https:\/\/foreroagro.com\/tienda\/producto\/triticale-de-invierno-amarillo\/","title":{"rendered":"Triticale de Invierno Amarillo"},"content":{"rendered":"<h4>Triticale de Invierno Amarillo<\/h4>\n<p><strong>AMARILLO<\/strong>, ha sido confirmado como uno de los triticales m\u00e1s productivos del momento, demostrando ser una apuesta segura en la mayor\u00eda de climas y terrenos, como as\u00ed lo confirman los datos del GENVCE, durante la campa\u00f1a 2008\/2009 y 2009\/2010. Amarillo siempre se ha comportado en los niveles m\u00e1s altos de productividad, debido en gran manera a su excelente comportamiento frente a las enfermedades, a su gran alternatividad y sobre todo a su precocidad.<br \/>\n<strong>AMARILLO<\/strong>, adem\u00e1s de su reconocida alt\u00edsima producci\u00f3n, est\u00e1 catalogado como un triticale de gran versatilidad, debido igualmente a su excelente comportamiento como productor de materia verde, alcanzando f\u00e1cilmente las 15 Tm\/ha. Su nivel de prote\u00edna sobre datos est\u00e1ndar, le sit\u00faa a niveles del 13 al 16%, con pr\u00e1cticas normales de abonados nitrogenados en un excelente nutriente, para la alimentaci\u00f3n animal.<br \/>\n<strong>FICHA T\u00c9CNICA:<\/strong><br \/>\nOBTENTOR: Cruzamiento de Barbor x \u00c1lamo<br \/>\nINSCRIPCI\u00d3N: Octubre 2006<br \/>\nPRECOCIDAD: Precoz<br \/>\nTALLA: Alta<br \/>\n<strong>ASPECTO FENOL\u00d3GICO:<\/strong><br \/>\nAmarillo es un triticale de porte alto, con un bonito aspecto de color amarillento despu\u00e9s del espigado, con espigas compactas y dotadas de una gran fertilidad en espiga.<br \/>\n<strong>RECOMENDACIONES DE CULTIVO:<\/strong><br \/>\nAmarillo, al ser un triticale de excelente comportamiento en todas las zonas, no necesita de cuidados especiales para su cultivo, estim\u00e1ndose como dosis normal para una buena siembra, la de 420 semillas por metro cuadrado.<br \/>\n<strong>RESISTENCIA A ENFERMEDADES:<\/strong><br \/>\n&#8211; Resistencia al encamado: Alta<br \/>\n&#8211; Resistencia al fr\u00edo: Alta<br \/>\n&#8211; Resistencia a la Roya Parda: Resistente<br \/>\n&#8211; Resistencia a la Septoria: Media a Alta<br \/>\n&#8211; Resistencia a O\u00eddio: Muy Alta<br \/>\n&#8211; Resistencia al Mal de Pie: Media<\/p>\n","protected":false},"excerpt":{"rendered":"<p>Triticale de invierno con gran alternatividad<\/p>\n<p>Elevada capacidad productiva y resistencia a enfermedades.<\/p>\n<p>Elevado potencial forrajero<\/p>\n","protected":false},"featured_media":1891,"template":"","meta":[],"product_cat":[40,41],"product_tag":[],"yoast_head":"<!-- This site is optimized with the Yoast SEO plugin v17.5 - https:\/\/yoast.com\/wordpress\/plugins\/seo\/ -->\n<title>Triticale de Invierno Amarillo - Foreroagro<\/title>\n<meta name=\"robots\" content=\"index, follow, max-snippet:-1, max-image-preview:large, max-video-preview:-1\" \/>\n<link rel=\"canonical\" href=\"https:\/\/foreroagro.com\/tienda\/producto\/triticale-de-invierno-amarillo\/\" \/>\n<meta property=\"og:locale\" content=\"es_ES\" \/>\n<meta property=\"og:type\" content=\"article\" \/>\n<meta property=\"og:title\" content=\"Triticale de Invierno Amarillo - Foreroagro\" \/>\n<meta property=\"og:description\" content=\"Triticale de invierno con gran alternatividad  Elevada capacidad productiva y resistencia a enfermedades.  Elevado potencial forrajero\" \/>\n<meta property=\"og:url\" content=\"https:\/\/foreroagro.com\/tienda\/producto\/triticale-de-invierno-amarillo\/\" \/>\n<meta property=\"og:site_name\" content=\"Foreroagro\" \/>\n<meta property=\"article:modified_time\" content=\"2019-02-28T18:35:46+00:00\" \/>\n<meta property=\"og:image\" content=\"https:\/\/foreroagro.com\/tienda\/wp-content\/uploads\/2018\/06\/amarillo-triticale-de-invierno.jpg\" \/>\n\t<meta property=\"og:image:width\" content=\"1024\" \/>\n\t<meta property=\"og:image:height\" content=\"1024\" \/>\n<meta name=\"twitter:card\" content=\"summary_large_image\" \/>\n<meta name=\"twitter:label1\" content=\"Tiempo de lectura\" \/>\n\t<meta name=\"twitter:data1\" content=\"1 minuto\" \/>\n<script type=\"application\/ld+json\" class=\"yoast-schema-graph\">{\"@context\":\"https:\/\/schema.org\",\"@graph\":[{\"@type\":\"Organization\",\"@id\":\"https:\/\/foreroagro.com\/tienda\/#organization\",\"name\":\"Foreroagro S.L.\",\"url\":\"https:\/\/foreroagro.com\/tienda\/\",\"sameAs\":[],\"logo\":{\"@type\":\"ImageObject\",\"@id\":\"https:\/\/foreroagro.com\/tienda\/#logo\",\"inLanguage\":\"es\",\"url\":\"https:\/\/foreroagro.com\/tienda\/wp-content\/uploads\/2018\/05\/Logo-foreroagro-e1527273021153.png\",\"contentUrl\":\"https:\/\/foreroagro.com\/tienda\/wp-content\/uploads\/2018\/05\/Logo-foreroagro-e1527273021153.png\",\"width\":80,\"height\":80,\"caption\":\"Foreroagro S.L.\"},\"image\":{\"@id\":\"https:\/\/foreroagro.com\/tienda\/#logo\"}},{\"@type\":\"WebSite\",\"@id\":\"https:\/\/foreroagro.com\/tienda\/#website\",\"url\":\"https:\/\/foreroagro.com\/tienda\/\",\"name\":\"Foreroagro\",\"description\":\"Soluciones agr\\u00edcolas online\",\"publisher\":{\"@id\":\"https:\/\/foreroagro.com\/tienda\/#organization\"},\"potentialAction\":[{\"@type\":\"SearchAction\",\"target\":{\"@type\":\"EntryPoint\",\"urlTemplate\":\"https:\/\/foreroagro.com\/tienda\/?s={search_term_string}\"},\"query-input\":\"required name=search_term_string\"}],\"inLanguage\":\"es\"},{\"@type\":\"ImageObject\",\"@id\":\"https:\/\/foreroagro.com\/tienda\/producto\/triticale-de-invierno-amarillo\/#primaryimage\",\"inLanguage\":\"es\",\"url\":\"https:\/\/foreroagro.com\/tienda\/wp-content\/uploads\/2018\/06\/amarillo-triticale-de-invierno.jpg\",\"contentUrl\":\"https:\/\/foreroagro.com\/tienda\/wp-content\/uploads\/2018\/06\/amarillo-triticale-de-invierno.jpg\",\"width\":1024,\"height\":1024},{\"@type\":\"WebPage\",\"@id\":\"https:\/\/foreroagro.com\/tienda\/producto\/triticale-de-invierno-amarillo\/#webpage\",\"url\":\"https:\/\/foreroagro.com\/tienda\/producto\/triticale-de-invierno-amarillo\/\",\"name\":\"Triticale de Invierno Amarillo - Foreroagro\",\"isPartOf\":{\"@id\":\"https:\/\/foreroagro.com\/tienda\/#website\"},\"primaryImageOfPage\":{\"@id\":\"https:\/\/foreroagro.com\/tienda\/producto\/triticale-de-invierno-amarillo\/#primaryimage\"},\"datePublished\":\"2018-06-14T10:04:26+00:00\",\"dateModified\":\"2019-02-28T18:35:46+00:00\",\"breadcrumb\":{\"@id\":\"https:\/\/foreroagro.com\/tienda\/producto\/triticale-de-invierno-amarillo\/#breadcrumb\"},\"inLanguage\":\"es\",\"potentialAction\":[{\"@type\":\"ReadAction\",\"target\":[\"https:\/\/foreroagro.com\/tienda\/producto\/triticale-de-invierno-amarillo\/\"]}]},{\"@type\":\"BreadcrumbList\",\"@id\":\"https:\/\/foreroagro.com\/tienda\/producto\/triticale-de-invierno-amarillo\/#breadcrumb\",\"itemListElement\":[{\"@type\":\"ListItem\",\"position\":1,\"name\":\"Portada\",\"item\":\"https:\/\/foreroagro.com\/tienda\/\"},{\"@type\":\"ListItem\",\"position\":2,\"name\":\"Tienda\",\"item\":\"https:\/\/foreroagro.com\/tienda\/\"},{\"@type\":\"ListItem\",\"position\":3,\"name\":\"Triticale de Invierno Amarillo\"}]}]}<\/script>\n<!-- \/ Yoast SEO plugin. -->","yoast_head_json":{"title":"Triticale de Invierno Amarillo - Foreroagro","robots":{"index":"index","follow":"follow","max-snippet":"max-snippet:-1","max-image-preview":"max-image-preview:large","max-video-preview":"max-video-preview:-1"},"canonical":"https:\/\/foreroagro.com\/tienda\/producto\/triticale-de-invierno-amarillo\/","og_locale":"es_ES","og_type":"article","og_title":"Triticale de Invierno Amarillo - Foreroagro","og_description":"Triticale de invierno con gran alternatividad  Elevada capacidad productiva y resistencia a enfermedades.  Elevado potencial forrajero","og_url":"https:\/\/foreroagro.com\/tienda\/producto\/triticale-de-invierno-amarillo\/","og_site_name":"Foreroagro","article_modified_time":"2019-02-28T18:35:46+00:00","og_image":[{"width":1024,"height":1024,"url":"https:\/\/foreroagro.com\/tienda\/wp-content\/uploads\/2018\/06\/amarillo-triticale-de-invierno.jpg","type":"image\/jpeg"}],"twitter_card":"summary_large_image","twitter_misc":{"Tiempo de lectura":"1 minuto"},"schema":{"@context":"https:\/\/schema.org","@graph":[{"@type":"Organization","@id":"https:\/\/foreroagro.com\/tienda\/#organization","name":"Foreroagro S.L.","url":"https:\/\/foreroagro.com\/tienda\/","sameAs":[],"logo":{"@type":"ImageObject","@id":"https:\/\/foreroagro.com\/tienda\/#logo","inLanguage":"es","url":"https:\/\/foreroagro.com\/tienda\/wp-content\/uploads\/2018\/05\/Logo-foreroagro-e1527273021153.png","contentUrl":"https:\/\/foreroagro.com\/tienda\/wp-content\/uploads\/2018\/05\/Logo-foreroagro-e1527273021153.png","width":80,"height":80,"caption":"Foreroagro S.L."},"image":{"@id":"https:\/\/foreroagro.com\/tienda\/#logo"}},{"@type":"WebSite","@id":"https:\/\/foreroagro.com\/tienda\/#website","url":"https:\/\/foreroagro.com\/tienda\/","name":"Foreroagro","description":"Soluciones agr\u00edcolas online","publisher":{"@id":"https:\/\/foreroagro.com\/tienda\/#organization"},"potentialAction":[{"@type":"SearchAction","target":{"@type":"EntryPoint","urlTemplate":"https:\/\/foreroagro.com\/tienda\/?s={search_term_string}"},"query-input":"required name=search_term_string"}],"inLanguage":"es"},{"@type":"ImageObject","@id":"https:\/\/foreroagro.com\/tienda\/producto\/triticale-de-invierno-amarillo\/#primaryimage","inLanguage":"es","url":"https:\/\/foreroagro.com\/tienda\/wp-content\/uploads\/2018\/06\/amarillo-triticale-de-invierno.jpg","contentUrl":"https:\/\/foreroagro.com\/tienda\/wp-content\/uploads\/2018\/06\/amarillo-triticale-de-invierno.jpg","width":1024,"height":1024},{"@type":"WebPage","@id":"https:\/\/foreroagro.com\/tienda\/producto\/triticale-de-invierno-amarillo\/#webpage","url":"https:\/\/foreroagro.com\/tienda\/producto\/triticale-de-invierno-amarillo\/","name":"Triticale de Invierno Amarillo - Foreroagro","isPartOf":{"@id":"https:\/\/foreroagro.com\/tienda\/#website"},"primaryImageOfPage":{"@id":"https:\/\/foreroagro.com\/tienda\/producto\/triticale-de-invierno-amarillo\/#primaryimage"},"datePublished":"2018-06-14T10:04:26+00:00","dateModified":"2019-02-28T18:35:46+00:00","breadcrumb":{"@id":"https:\/\/foreroagro.com\/tienda\/producto\/triticale-de-invierno-amarillo\/#breadcrumb"},"inLanguage":"es","potentialAction":[{"@type":"ReadAction","target":["https:\/\/foreroagro.com\/tienda\/producto\/triticale-de-invierno-amarillo\/"]}]},{"@type":"BreadcrumbList","@id":"https:\/\/foreroagro.com\/tienda\/producto\/triticale-de-invierno-amarillo\/#breadcrumb","itemListElement":[{"@type":"ListItem","position":1,"name":"Portada","item":"https:\/\/foreroagro.com\/tienda\/"},{"@type":"ListItem","position":2,"name":"Tienda","item":"https:\/\/foreroagro.com\/tienda\/"},{"@type":"ListItem","position":3,"name":"Triticale de Invierno Amarillo"}]}]}},"_links":{"self":[{"href":"https:\/\/foreroagro.com\/tienda\/wp-json\/wp\/v2\/product\/1931"}],"collection":[{"href":"https:\/\/foreroagro.com\/tienda\/wp-json\/wp\/v2\/product"}],"about":[{"href":"https:\/\/foreroagro.com\/tienda\/wp-json\/wp\/v2\/types\/product"}],"wp:featuredmedia":[{"embeddable":true,"href":"https:\/\/foreroagro.com\/tienda\/wp-json\/wp\/v2\/media\/1891"}],"wp:attachment":[{"href":"https:\/\/foreroagro.com\/tienda\/wp-json\/wp\/v2\/media?parent=1931"}],"wp:term":[{"taxonomy":"product_cat","embeddable":true,"href":"https:\/\/foreroagro.com\/tienda\/wp-json\/wp\/v2\/product_cat?post=1931"},{"taxonomy":"product_tag","embeddable":true,"href":"https:\/\/foreroagro.com\/tienda\/wp-json\/wp\/v2\/product_tag?post=1931"}],"curies":[{"name":"wp","href":"https:\/\/api.w.org\/{rel}","templated":true}]}}