{"id":1936,"date":"2018-06-14T10:15:02","date_gmt":"2018-06-14T10:15:02","guid":{"rendered":"http:\/\/abicoca.com\/foreroagro\/tienda\/?post_type=product&#038;p=1936"},"modified":"2019-03-06T12:24:54","modified_gmt":"2019-03-06T12:24:54","slug":"guisante-de-primavera-salamanca","status":"publish","type":"product","link":"https:\/\/foreroagro.com\/tienda\/producto\/guisante-de-primavera-salamanca\/","title":{"rendered":"Guisante de Primavera Salamanca"},"content":{"rendered":"<p><strong>Guisante de Primavera Salamanca<\/strong><br \/>\n<strong>FICHA T\u00c9CNICA:<\/strong><br \/>\nOBTENTOR: Nordeutsche Pflanzenzucht<br \/>\nINSCRIPCI\u00d3N: 2010<br \/>\n<strong>CARACTER\u00cdSTICAS:<\/strong><br \/>\n&#8211; Muy alto rendimiento.<br \/>\n&#8211; Variedad de ciclo precoz a floraci\u00f3n y maduraci\u00f3n.<br \/>\n&#8211; Tama\u00f1o de planta: Alto.<br \/>\n&#8211; F\u00e1cil recolecci\u00f3n.<\/p>\n<p><strong>RESISTENCIA A ENFERMEDADES:<\/strong><br \/>\n&#8211; Botrytis cinerea: Resistente.<br \/>\n&#8211; Ascochyta pisi: Resistente.<br \/>\n&#8211; Encamado: Resistente.<br \/>\n&#8211; Se recomienda el tratamiento a salida de floraci\u00f3n para prevenir el ataque de Cecidomia y posteriormente el Gorgojo.<\/p>\n<p><strong>RECOMENDACIONES DE CULTIVO:<\/strong><br \/>\n&#8211; Profundidad de siembra de 4 a 6 cm en funci\u00f3n del suelo.<br \/>\n&#8211; Densidad de siembra de 65 a 90 plantas\/m\u00b2 en funci\u00f3n de suelo y clima.<br \/>\n&#8211; Siembra a partir del mes de enero en funci\u00f3n de su localizaci\u00f3n.<\/p>\n<p><strong>FERTILIZACI\u00d3N:<\/strong><br \/>\n&#8211; No requiere aportaci\u00f3n de nitr\u00f3geno.<br \/>\n&#8211; Se recomienda la aportaci\u00f3n de 45 u.f. de P205, 80 u.f. de K20, y 30 k de MgO por Ha.<br \/>\n&#8211; Se aconseja una rotaci\u00f3n de 6 a\u00f1os para el cultivo del guisante.<\/p>\n","protected":false},"excerpt":{"rendered":"<p>Muy alto rendimiento.<br \/>\nVariedad de ciclo precoz a floraci\u00f3n y maduraci\u00f3n.<br \/>\nTama\u00f1o de planta: Alto.<br \/>\nF\u00e1cil recolecci\u00f3n.<\/p>\n<p>&nbsp;<\/p>\n","protected":false},"featured_media":1906,"template":"","meta":[],"product_cat":[40,42],"product_tag":[],"yoast_head":"<!-- This site is optimized with the Yoast SEO plugin v17.5 - https:\/\/yoast.com\/wordpress\/plugins\/seo\/ -->\n<title>Guisante de Primavera Salamanca - Foreroagro<\/title>\n<meta name=\"robots\" content=\"index, follow, max-snippet:-1, max-image-preview:large, max-video-preview:-1\" \/>\n<link rel=\"canonical\" href=\"https:\/\/foreroagro.com\/tienda\/producto\/guisante-de-primavera-salamanca\/\" \/>\n<meta property=\"og:locale\" content=\"es_ES\" \/>\n<meta property=\"og:type\" content=\"article\" \/>\n<meta property=\"og:title\" content=\"Guisante de Primavera Salamanca - Foreroagro\" \/>\n<meta property=\"og:description\" content=\"Muy alto rendimiento. Variedad de ciclo precoz a floraci\u00f3n y maduraci\u00f3n. Tama\u00f1o de planta: Alto. F\u00e1cil recolecci\u00f3n.  &nbsp;\" \/>\n<meta property=\"og:url\" content=\"https:\/\/foreroagro.com\/tienda\/producto\/guisante-de-primavera-salamanca\/\" \/>\n<meta property=\"og:site_name\" content=\"Foreroagro\" \/>\n<meta property=\"article:modified_time\" content=\"2019-03-06T12:24:54+00:00\" \/>\n<meta property=\"og:image\" content=\"https:\/\/foreroagro.com\/tienda\/wp-content\/uploads\/2018\/06\/salamanca-guisante-de-primavera.jpg\" \/>\n\t<meta property=\"og:image:width\" content=\"1024\" \/>\n\t<meta property=\"og:image:height\" content=\"1024\" \/>\n<meta name=\"twitter:card\" content=\"summary_large_image\" \/>\n<meta name=\"twitter:label1\" content=\"Tiempo de lectura\" \/>\n\t<meta name=\"twitter:data1\" content=\"1 minuto\" \/>\n<script type=\"application\/ld+json\" class=\"yoast-schema-graph\">{\"@context\":\"https:\/\/schema.org\",\"@graph\":[{\"@type\":\"Organization\",\"@id\":\"https:\/\/foreroagro.com\/tienda\/#organization\",\"name\":\"Foreroagro S.L.\",\"url\":\"https:\/\/foreroagro.com\/tienda\/\",\"sameAs\":[],\"logo\":{\"@type\":\"ImageObject\",\"@id\":\"https:\/\/foreroagro.com\/tienda\/#logo\",\"inLanguage\":\"es\",\"url\":\"https:\/\/foreroagro.com\/tienda\/wp-content\/uploads\/2018\/05\/Logo-foreroagro-e1527273021153.png\",\"contentUrl\":\"https:\/\/foreroagro.com\/tienda\/wp-content\/uploads\/2018\/05\/Logo-foreroagro-e1527273021153.png\",\"width\":80,\"height\":80,\"caption\":\"Foreroagro S.L.\"},\"image\":{\"@id\":\"https:\/\/foreroagro.com\/tienda\/#logo\"}},{\"@type\":\"WebSite\",\"@id\":\"https:\/\/foreroagro.com\/tienda\/#website\",\"url\":\"https:\/\/foreroagro.com\/tienda\/\",\"name\":\"Foreroagro\",\"description\":\"Soluciones agr\\u00edcolas online\",\"publisher\":{\"@id\":\"https:\/\/foreroagro.com\/tienda\/#organization\"},\"potentialAction\":[{\"@type\":\"SearchAction\",\"target\":{\"@type\":\"EntryPoint\",\"urlTemplate\":\"https:\/\/foreroagro.com\/tienda\/?s={search_term_string}\"},\"query-input\":\"required name=search_term_string\"}],\"inLanguage\":\"es\"},{\"@type\":\"ImageObject\",\"@id\":\"https:\/\/foreroagro.com\/tienda\/producto\/guisante-de-primavera-salamanca\/#primaryimage\",\"inLanguage\":\"es\",\"url\":\"https:\/\/foreroagro.com\/tienda\/wp-content\/uploads\/2018\/06\/salamanca-guisante-de-primavera.jpg\",\"contentUrl\":\"https:\/\/foreroagro.com\/tienda\/wp-content\/uploads\/2018\/06\/salamanca-guisante-de-primavera.jpg\",\"width\":1024,\"height\":1024},{\"@type\":\"WebPage\",\"@id\":\"https:\/\/foreroagro.com\/tienda\/producto\/guisante-de-primavera-salamanca\/#webpage\",\"url\":\"https:\/\/foreroagro.com\/tienda\/producto\/guisante-de-primavera-salamanca\/\",\"name\":\"Guisante de Primavera Salamanca - Foreroagro\",\"isPartOf\":{\"@id\":\"https:\/\/foreroagro.com\/tienda\/#website\"},\"primaryImageOfPage\":{\"@id\":\"https:\/\/foreroagro.com\/tienda\/producto\/guisante-de-primavera-salamanca\/#primaryimage\"},\"datePublished\":\"2018-06-14T10:15:02+00:00\",\"dateModified\":\"2019-03-06T12:24:54+00:00\",\"breadcrumb\":{\"@id\":\"https:\/\/foreroagro.com\/tienda\/producto\/guisante-de-primavera-salamanca\/#breadcrumb\"},\"inLanguage\":\"es\",\"potentialAction\":[{\"@type\":\"ReadAction\",\"target\":[\"https:\/\/foreroagro.com\/tienda\/producto\/guisante-de-primavera-salamanca\/\"]}]},{\"@type\":\"BreadcrumbList\",\"@id\":\"https:\/\/foreroagro.com\/tienda\/producto\/guisante-de-primavera-salamanca\/#breadcrumb\",\"itemListElement\":[{\"@type\":\"ListItem\",\"position\":1,\"name\":\"Portada\",\"item\":\"https:\/\/foreroagro.com\/tienda\/\"},{\"@type\":\"ListItem\",\"position\":2,\"name\":\"Tienda\",\"item\":\"https:\/\/foreroagro.com\/tienda\/\"},{\"@type\":\"ListItem\",\"position\":3,\"name\":\"Guisante de Primavera Salamanca\"}]}]}<\/script>\n<!-- \/ Yoast SEO plugin. -->","yoast_head_json":{"title":"Guisante de Primavera Salamanca - Foreroagro","robots":{"index":"index","follow":"follow","max-snippet":"max-snippet:-1","max-image-preview":"max-image-preview:large","max-video-preview":"max-video-preview:-1"},"canonical":"https:\/\/foreroagro.com\/tienda\/producto\/guisante-de-primavera-salamanca\/","og_locale":"es_ES","og_type":"article","og_title":"Guisante de Primavera Salamanca - Foreroagro","og_description":"Muy alto rendimiento. Variedad de ciclo precoz a floraci\u00f3n y maduraci\u00f3n. Tama\u00f1o de planta: Alto. F\u00e1cil recolecci\u00f3n.  &nbsp;","og_url":"https:\/\/foreroagro.com\/tienda\/producto\/guisante-de-primavera-salamanca\/","og_site_name":"Foreroagro","article_modified_time":"2019-03-06T12:24:54+00:00","og_image":[{"width":1024,"height":1024,"url":"https:\/\/foreroagro.com\/tienda\/wp-content\/uploads\/2018\/06\/salamanca-guisante-de-primavera.jpg","type":"image\/jpeg"}],"twitter_card":"summary_large_image","twitter_misc":{"Tiempo de lectura":"1 minuto"},"schema":{"@context":"https:\/\/schema.org","@graph":[{"@type":"Organization","@id":"https:\/\/foreroagro.com\/tienda\/#organization","name":"Foreroagro S.L.","url":"https:\/\/foreroagro.com\/tienda\/","sameAs":[],"logo":{"@type":"ImageObject","@id":"https:\/\/foreroagro.com\/tienda\/#logo","inLanguage":"es","url":"https:\/\/foreroagro.com\/tienda\/wp-content\/uploads\/2018\/05\/Logo-foreroagro-e1527273021153.png","contentUrl":"https:\/\/foreroagro.com\/tienda\/wp-content\/uploads\/2018\/05\/Logo-foreroagro-e1527273021153.png","width":80,"height":80,"caption":"Foreroagro S.L."},"image":{"@id":"https:\/\/foreroagro.com\/tienda\/#logo"}},{"@type":"WebSite","@id":"https:\/\/foreroagro.com\/tienda\/#website","url":"https:\/\/foreroagro.com\/tienda\/","name":"Foreroagro","description":"Soluciones agr\u00edcolas online","publisher":{"@id":"https:\/\/foreroagro.com\/tienda\/#organization"},"potentialAction":[{"@type":"SearchAction","target":{"@type":"EntryPoint","urlTemplate":"https:\/\/foreroagro.com\/tienda\/?s={search_term_string}"},"query-input":"required name=search_term_string"}],"inLanguage":"es"},{"@type":"ImageObject","@id":"https:\/\/foreroagro.com\/tienda\/producto\/guisante-de-primavera-salamanca\/#primaryimage","inLanguage":"es","url":"https:\/\/foreroagro.com\/tienda\/wp-content\/uploads\/2018\/06\/salamanca-guisante-de-primavera.jpg","contentUrl":"https:\/\/foreroagro.com\/tienda\/wp-content\/uploads\/2018\/06\/salamanca-guisante-de-primavera.jpg","width":1024,"height":1024},{"@type":"WebPage","@id":"https:\/\/foreroagro.com\/tienda\/producto\/guisante-de-primavera-salamanca\/#webpage","url":"https:\/\/foreroagro.com\/tienda\/producto\/guisante-de-primavera-salamanca\/","name":"Guisante de Primavera Salamanca - Foreroagro","isPartOf":{"@id":"https:\/\/foreroagro.com\/tienda\/#website"},"primaryImageOfPage":{"@id":"https:\/\/foreroagro.com\/tienda\/producto\/guisante-de-primavera-salamanca\/#primaryimage"},"datePublished":"2018-06-14T10:15:02+00:00","dateModified":"2019-03-06T12:24:54+00:00","breadcrumb":{"@id":"https:\/\/foreroagro.com\/tienda\/producto\/guisante-de-primavera-salamanca\/#breadcrumb"},"inLanguage":"es","potentialAction":[{"@type":"ReadAction","target":["https:\/\/foreroagro.com\/tienda\/producto\/guisante-de-primavera-salamanca\/"]}]},{"@type":"BreadcrumbList","@id":"https:\/\/foreroagro.com\/tienda\/producto\/guisante-de-primavera-salamanca\/#breadcrumb","itemListElement":[{"@type":"ListItem","position":1,"name":"Portada","item":"https:\/\/foreroagro.com\/tienda\/"},{"@type":"ListItem","position":2,"name":"Tienda","item":"https:\/\/foreroagro.com\/tienda\/"},{"@type":"ListItem","position":3,"name":"Guisante de Primavera Salamanca"}]}]}},"_links":{"self":[{"href":"https:\/\/foreroagro.com\/tienda\/wp-json\/wp\/v2\/product\/1936"}],"collection":[{"href":"https:\/\/foreroagro.com\/tienda\/wp-json\/wp\/v2\/product"}],"about":[{"href":"https:\/\/foreroagro.com\/tienda\/wp-json\/wp\/v2\/types\/product"}],"wp:featuredmedia":[{"embeddable":true,"href":"https:\/\/foreroagro.com\/tienda\/wp-json\/wp\/v2\/media\/1906"}],"wp:attachment":[{"href":"https:\/\/foreroagro.com\/tienda\/wp-json\/wp\/v2\/media?parent=1936"}],"wp:term":[{"taxonomy":"product_cat","embeddable":true,"href":"https:\/\/foreroagro.com\/tienda\/wp-json\/wp\/v2\/product_cat?post=1936"},{"taxonomy":"product_tag","embeddable":true,"href":"https:\/\/foreroagro.com\/tienda\/wp-json\/wp\/v2\/product_tag?post=1936"}],"curies":[{"name":"wp","href":"https:\/\/api.w.org\/{rel}","templated":true}]}}