{"id":2587,"date":"2018-11-12T18:14:10","date_gmt":"2018-11-12T18:14:10","guid":{"rendered":"https:\/\/abicoca.com\/foreroagro\/tienda\/?post_type=product&#038;p=2587"},"modified":"2019-02-25T17:56:54","modified_gmt":"2019-02-25T17:56:54","slug":"labifol-movical","status":"publish","type":"product","link":"https:\/\/foreroagro.com\/tienda\/producto\/labifol-movical\/","title":{"rendered":"LABIFOL MOVICAL"},"content":{"rendered":"<h4>El calcio natural m\u00e1s efectivo.<\/h4>\n<p>Ha sido dise\u00f1ado para aportar calcio mediante agentes complejantes naturales, 100% reconocibles por la planta. Compleja el calcio con \u00e1cidos org\u00e1nicos naturales, mimetizando a las plantas. Son los mismos \u00e1cidos que el metabolismo vegetal utiliza para transportarlo de forma natural. Este es el secreto de su alta EFICACIA. Adem\u00e1s, su gran estabilidad, permite que pueda ser incorporado tanto por v\u00eda foliar como por v\u00eda radicular, en suelos calc\u00e1reos. Se obtienen, por tanto, una mejora espectacular del comportamiento en postcosecha, reduci\u00e9ndose las fisiopat\u00edas como el bitter-pit, la peseta del tomate y las podredumbres. Tambi\u00e9n se mejora la resistencia a la manipulaci\u00f3n.<br \/>\n\u2022 El Calcio m\u00e1s activo y m\u00f3vil del mercado.<br \/>\n\u2022 Mayor concentraci\u00f3n de calcio en frutos.<br \/>\n\u2022 Mayor resistencia y firmeza.<br \/>\n\u2022 Mejora del comportamiento postcosecha.<br \/>\n\u2022 Reducci\u00f3n del bitter-pit y de las podredumbres.<\/p>\n","protected":false},"excerpt":{"rendered":"<h3>Consigue que el cultivo pueda biodisponer del<strong> calcio<\/strong> necesario.<\/h3>\n<p>La planta reconoce como propio el complejo de <strong>Ca<\/strong> y lo transporta a trav\u00e9s de la savia con mayor rapidez. El calcio es m\u00e1s activo y se produce una mayor concentraci\u00f3n en frutos. Soluciona los problemas de los cultivos que se producen por la mala asimilaci\u00f3n y translocaci\u00f3n del elemento Ca, imprescindible en la cadena de procesos metab\u00f3licos de los sucesivos estados de crecimiento de las plantas.\u00a0 act\u00faa tanto sobre la calidad interna del fruto (alargando su vida post-cosecha y duraci\u00f3n en el mercado), como sobre la externa (coloraci\u00f3n, calibre, forma, firmeza) as\u00ed como protegi\u00e9ndolo en la manipulaci\u00f3n (roces y manchas en la recolecci\u00f3n y confeccionado).<\/p>\n","protected":false},"featured_media":2589,"template":"","meta":[],"product_cat":[35,37,38,61,89],"product_tag":[],"yoast_head":"<!-- This site is optimized with the Yoast SEO plugin v17.5 - https:\/\/yoast.com\/wordpress\/plugins\/seo\/ -->\n<title>LABIFOL MOVICAL - Foreroagro<\/title>\n<meta name=\"robots\" content=\"index, follow, max-snippet:-1, max-image-preview:large, max-video-preview:-1\" \/>\n<link rel=\"canonical\" href=\"https:\/\/foreroagro.com\/tienda\/producto\/labifol-movical\/\" \/>\n<meta property=\"og:locale\" content=\"es_ES\" \/>\n<meta property=\"og:type\" content=\"article\" \/>\n<meta property=\"og:title\" content=\"LABIFOL MOVICAL - Foreroagro\" \/>\n<meta property=\"og:description\" content=\"Consigue que el cultivo pueda biodisponer del calcio necesario. La planta reconoce como propio el complejo de Ca y lo transporta a trav\u00e9s de la savia con mayor rapidez. El calcio es m\u00e1s activo y se produce una mayor concentraci\u00f3n en frutos. Soluciona los problemas de los cultivos que se producen por la mala asimilaci\u00f3n y translocaci\u00f3n del elemento Ca, imprescindible en la cadena de procesos metab\u00f3licos de los sucesivos estados de crecimiento de las plantas.\u00a0 act\u00faa tanto sobre la calidad interna del fruto (alargando su vida post-cosecha y duraci\u00f3n en el mercado), como sobre la externa (coloraci\u00f3n, calibre, forma, firmeza) as\u00ed como protegi\u00e9ndolo en la manipulaci\u00f3n (roces y manchas en la recolecci\u00f3n y confeccionado).\" \/>\n<meta property=\"og:url\" content=\"https:\/\/foreroagro.com\/tienda\/producto\/labifol-movical\/\" \/>\n<meta property=\"og:site_name\" content=\"Foreroagro\" \/>\n<meta property=\"article:modified_time\" content=\"2019-02-25T17:56:54+00:00\" \/>\n<meta property=\"og:image\" content=\"https:\/\/foreroagro.com\/tienda\/wp-content\/uploads\/2018\/11\/abono-Labifol-Movical-5L.jpg\" \/>\n\t<meta property=\"og:image:width\" content=\"1024\" \/>\n\t<meta property=\"og:image:height\" content=\"1024\" \/>\n<meta name=\"twitter:card\" content=\"summary_large_image\" \/>\n<meta name=\"twitter:label1\" content=\"Tiempo de lectura\" \/>\n\t<meta name=\"twitter:data1\" content=\"1 minuto\" \/>\n<script type=\"application\/ld+json\" class=\"yoast-schema-graph\">{\"@context\":\"https:\/\/schema.org\",\"@graph\":[{\"@type\":\"Organization\",\"@id\":\"https:\/\/foreroagro.com\/tienda\/#organization\",\"name\":\"Foreroagro S.L.\",\"url\":\"https:\/\/foreroagro.com\/tienda\/\",\"sameAs\":[],\"logo\":{\"@type\":\"ImageObject\",\"@id\":\"https:\/\/foreroagro.com\/tienda\/#logo\",\"inLanguage\":\"es\",\"url\":\"https:\/\/foreroagro.com\/tienda\/wp-content\/uploads\/2018\/05\/Logo-foreroagro-e1527273021153.png\",\"contentUrl\":\"https:\/\/foreroagro.com\/tienda\/wp-content\/uploads\/2018\/05\/Logo-foreroagro-e1527273021153.png\",\"width\":80,\"height\":80,\"caption\":\"Foreroagro S.L.\"},\"image\":{\"@id\":\"https:\/\/foreroagro.com\/tienda\/#logo\"}},{\"@type\":\"WebSite\",\"@id\":\"https:\/\/foreroagro.com\/tienda\/#website\",\"url\":\"https:\/\/foreroagro.com\/tienda\/\",\"name\":\"Foreroagro\",\"description\":\"Soluciones agr\\u00edcolas online\",\"publisher\":{\"@id\":\"https:\/\/foreroagro.com\/tienda\/#organization\"},\"potentialAction\":[{\"@type\":\"SearchAction\",\"target\":{\"@type\":\"EntryPoint\",\"urlTemplate\":\"https:\/\/foreroagro.com\/tienda\/?s={search_term_string}\"},\"query-input\":\"required name=search_term_string\"}],\"inLanguage\":\"es\"},{\"@type\":\"ImageObject\",\"@id\":\"https:\/\/foreroagro.com\/tienda\/producto\/labifol-movical\/#primaryimage\",\"inLanguage\":\"es\",\"url\":\"https:\/\/foreroagro.com\/tienda\/wp-content\/uploads\/2018\/11\/abono-Labifol-Movical-5L.jpg\",\"contentUrl\":\"https:\/\/foreroagro.com\/tienda\/wp-content\/uploads\/2018\/11\/abono-Labifol-Movical-5L.jpg\",\"width\":1024,\"height\":1024},{\"@type\":\"WebPage\",\"@id\":\"https:\/\/foreroagro.com\/tienda\/producto\/labifol-movical\/#webpage\",\"url\":\"https:\/\/foreroagro.com\/tienda\/producto\/labifol-movical\/\",\"name\":\"LABIFOL MOVICAL - Foreroagro\",\"isPartOf\":{\"@id\":\"https:\/\/foreroagro.com\/tienda\/#website\"},\"primaryImageOfPage\":{\"@id\":\"https:\/\/foreroagro.com\/tienda\/producto\/labifol-movical\/#primaryimage\"},\"datePublished\":\"2018-11-12T18:14:10+00:00\",\"dateModified\":\"2019-02-25T17:56:54+00:00\",\"breadcrumb\":{\"@id\":\"https:\/\/foreroagro.com\/tienda\/producto\/labifol-movical\/#breadcrumb\"},\"inLanguage\":\"es\",\"potentialAction\":[{\"@type\":\"ReadAction\",\"target\":[\"https:\/\/foreroagro.com\/tienda\/producto\/labifol-movical\/\"]}]},{\"@type\":\"BreadcrumbList\",\"@id\":\"https:\/\/foreroagro.com\/tienda\/producto\/labifol-movical\/#breadcrumb\",\"itemListElement\":[{\"@type\":\"ListItem\",\"position\":1,\"name\":\"Portada\",\"item\":\"https:\/\/foreroagro.com\/tienda\/\"},{\"@type\":\"ListItem\",\"position\":2,\"name\":\"Tienda\",\"item\":\"https:\/\/foreroagro.com\/tienda\/\"},{\"@type\":\"ListItem\",\"position\":3,\"name\":\"LABIFOL MOVICAL\"}]}]}<\/script>\n<!-- \/ Yoast SEO plugin. -->","yoast_head_json":{"title":"LABIFOL MOVICAL - Foreroagro","robots":{"index":"index","follow":"follow","max-snippet":"max-snippet:-1","max-image-preview":"max-image-preview:large","max-video-preview":"max-video-preview:-1"},"canonical":"https:\/\/foreroagro.com\/tienda\/producto\/labifol-movical\/","og_locale":"es_ES","og_type":"article","og_title":"LABIFOL MOVICAL - Foreroagro","og_description":"Consigue que el cultivo pueda biodisponer del calcio necesario. La planta reconoce como propio el complejo de Ca y lo transporta a trav\u00e9s de la savia con mayor rapidez. El calcio es m\u00e1s activo y se produce una mayor concentraci\u00f3n en frutos. Soluciona los problemas de los cultivos que se producen por la mala asimilaci\u00f3n y translocaci\u00f3n del elemento Ca, imprescindible en la cadena de procesos metab\u00f3licos de los sucesivos estados de crecimiento de las plantas.\u00a0 act\u00faa tanto sobre la calidad interna del fruto (alargando su vida post-cosecha y duraci\u00f3n en el mercado), como sobre la externa (coloraci\u00f3n, calibre, forma, firmeza) as\u00ed como protegi\u00e9ndolo en la manipulaci\u00f3n (roces y manchas en la recolecci\u00f3n y confeccionado).","og_url":"https:\/\/foreroagro.com\/tienda\/producto\/labifol-movical\/","og_site_name":"Foreroagro","article_modified_time":"2019-02-25T17:56:54+00:00","og_image":[{"width":1024,"height":1024,"url":"https:\/\/foreroagro.com\/tienda\/wp-content\/uploads\/2018\/11\/abono-Labifol-Movical-5L.jpg","type":"image\/jpeg"}],"twitter_card":"summary_large_image","twitter_misc":{"Tiempo de lectura":"1 minuto"},"schema":{"@context":"https:\/\/schema.org","@graph":[{"@type":"Organization","@id":"https:\/\/foreroagro.com\/tienda\/#organization","name":"Foreroagro S.L.","url":"https:\/\/foreroagro.com\/tienda\/","sameAs":[],"logo":{"@type":"ImageObject","@id":"https:\/\/foreroagro.com\/tienda\/#logo","inLanguage":"es","url":"https:\/\/foreroagro.com\/tienda\/wp-content\/uploads\/2018\/05\/Logo-foreroagro-e1527273021153.png","contentUrl":"https:\/\/foreroagro.com\/tienda\/wp-content\/uploads\/2018\/05\/Logo-foreroagro-e1527273021153.png","width":80,"height":80,"caption":"Foreroagro S.L."},"image":{"@id":"https:\/\/foreroagro.com\/tienda\/#logo"}},{"@type":"WebSite","@id":"https:\/\/foreroagro.com\/tienda\/#website","url":"https:\/\/foreroagro.com\/tienda\/","name":"Foreroagro","description":"Soluciones agr\u00edcolas online","publisher":{"@id":"https:\/\/foreroagro.com\/tienda\/#organization"},"potentialAction":[{"@type":"SearchAction","target":{"@type":"EntryPoint","urlTemplate":"https:\/\/foreroagro.com\/tienda\/?s={search_term_string}"},"query-input":"required name=search_term_string"}],"inLanguage":"es"},{"@type":"ImageObject","@id":"https:\/\/foreroagro.com\/tienda\/producto\/labifol-movical\/#primaryimage","inLanguage":"es","url":"https:\/\/foreroagro.com\/tienda\/wp-content\/uploads\/2018\/11\/abono-Labifol-Movical-5L.jpg","contentUrl":"https:\/\/foreroagro.com\/tienda\/wp-content\/uploads\/2018\/11\/abono-Labifol-Movical-5L.jpg","width":1024,"height":1024},{"@type":"WebPage","@id":"https:\/\/foreroagro.com\/tienda\/producto\/labifol-movical\/#webpage","url":"https:\/\/foreroagro.com\/tienda\/producto\/labifol-movical\/","name":"LABIFOL MOVICAL - Foreroagro","isPartOf":{"@id":"https:\/\/foreroagro.com\/tienda\/#website"},"primaryImageOfPage":{"@id":"https:\/\/foreroagro.com\/tienda\/producto\/labifol-movical\/#primaryimage"},"datePublished":"2018-11-12T18:14:10+00:00","dateModified":"2019-02-25T17:56:54+00:00","breadcrumb":{"@id":"https:\/\/foreroagro.com\/tienda\/producto\/labifol-movical\/#breadcrumb"},"inLanguage":"es","potentialAction":[{"@type":"ReadAction","target":["https:\/\/foreroagro.com\/tienda\/producto\/labifol-movical\/"]}]},{"@type":"BreadcrumbList","@id":"https:\/\/foreroagro.com\/tienda\/producto\/labifol-movical\/#breadcrumb","itemListElement":[{"@type":"ListItem","position":1,"name":"Portada","item":"https:\/\/foreroagro.com\/tienda\/"},{"@type":"ListItem","position":2,"name":"Tienda","item":"https:\/\/foreroagro.com\/tienda\/"},{"@type":"ListItem","position":3,"name":"LABIFOL MOVICAL"}]}]}},"_links":{"self":[{"href":"https:\/\/foreroagro.com\/tienda\/wp-json\/wp\/v2\/product\/2587"}],"collection":[{"href":"https:\/\/foreroagro.com\/tienda\/wp-json\/wp\/v2\/product"}],"about":[{"href":"https:\/\/foreroagro.com\/tienda\/wp-json\/wp\/v2\/types\/product"}],"wp:featuredmedia":[{"embeddable":true,"href":"https:\/\/foreroagro.com\/tienda\/wp-json\/wp\/v2\/media\/2589"}],"wp:attachment":[{"href":"https:\/\/foreroagro.com\/tienda\/wp-json\/wp\/v2\/media?parent=2587"}],"wp:term":[{"taxonomy":"product_cat","embeddable":true,"href":"https:\/\/foreroagro.com\/tienda\/wp-json\/wp\/v2\/product_cat?post=2587"},{"taxonomy":"product_tag","embeddable":true,"href":"https:\/\/foreroagro.com\/tienda\/wp-json\/wp\/v2\/product_tag?post=2587"}],"curies":[{"name":"wp","href":"https:\/\/api.w.org\/{rel}","templated":true}]}}