{"id":3043,"date":"2019-01-18T19:01:20","date_gmt":"2019-01-18T19:01:20","guid":{"rendered":"https:\/\/abicoca.com\/foreroagro\/tienda\/?post_type=product&#038;p=3043"},"modified":"2019-02-25T18:06:32","modified_gmt":"2019-02-25T18:06:32","slug":"laibono-2","status":"publish","type":"product","link":"https:\/\/foreroagro.com\/tienda\/producto\/laibono-2\/","title":{"rendered":"LAIBONO"},"content":{"rendered":"<h4 class=\"newText\">Abono l\u00edquido universal.<\/h4>\n<p>Fertilizante completo para todo tipo de plantas.<br \/>\nEnriquecido con amino\u00e1cidos y vitamina B1.<br \/>\nSe puede aplicar mediante pulverizaci\u00f3n foliar y tambi\u00e9n v\u00eda radicular, a trav\u00e9s del agua de riego.<\/p>\n","protected":false},"excerpt":{"rendered":"<div class=\"descripcion\">\n<h3 class=\"newText\">Abono l\u00edquido universal.<\/h3>\n<p>Fertilizante completo para todo tipo de plantas.<br \/>\nEnriquecido con amino\u00e1cidos y vitamina B1.<\/p>\n<\/div>\n","protected":false},"featured_media":3044,"template":"","meta":[],"product_cat":[60,83],"product_tag":[],"yoast_head":"<!-- This site is optimized with the Yoast SEO plugin v17.5 - https:\/\/yoast.com\/wordpress\/plugins\/seo\/ -->\n<title>LAIBONO - Foreroagro<\/title>\n<meta name=\"robots\" content=\"index, follow, max-snippet:-1, max-image-preview:large, max-video-preview:-1\" \/>\n<link rel=\"canonical\" href=\"https:\/\/foreroagro.com\/tienda\/producto\/laibono-2\/\" \/>\n<meta property=\"og:locale\" content=\"es_ES\" \/>\n<meta property=\"og:type\" content=\"article\" \/>\n<meta property=\"og:title\" content=\"LAIBONO - Foreroagro\" \/>\n<meta property=\"og:description\" content=\"Abono l\u00edquido universal. Fertilizante completo para todo tipo de plantas. Enriquecido con amino\u00e1cidos y vitamina B1.\" \/>\n<meta property=\"og:url\" content=\"https:\/\/foreroagro.com\/tienda\/producto\/laibono-2\/\" \/>\n<meta property=\"og:site_name\" content=\"Foreroagro\" \/>\n<meta property=\"article:modified_time\" content=\"2019-02-25T18:06:32+00:00\" \/>\n<meta property=\"og:image\" content=\"https:\/\/foreroagro.com\/tienda\/wp-content\/uploads\/2019\/01\/JARDINERIA-ABONO-LAIBONO-1-Lt.jpg\" \/>\n\t<meta property=\"og:image:width\" content=\"1024\" \/>\n\t<meta property=\"og:image:height\" content=\"1024\" \/>\n<meta name=\"twitter:card\" content=\"summary_large_image\" \/>\n<script type=\"application\/ld+json\" class=\"yoast-schema-graph\">{\"@context\":\"https:\/\/schema.org\",\"@graph\":[{\"@type\":\"Organization\",\"@id\":\"https:\/\/foreroagro.com\/tienda\/#organization\",\"name\":\"Foreroagro S.L.\",\"url\":\"https:\/\/foreroagro.com\/tienda\/\",\"sameAs\":[],\"logo\":{\"@type\":\"ImageObject\",\"@id\":\"https:\/\/foreroagro.com\/tienda\/#logo\",\"inLanguage\":\"es\",\"url\":\"https:\/\/foreroagro.com\/tienda\/wp-content\/uploads\/2018\/05\/Logo-foreroagro-e1527273021153.png\",\"contentUrl\":\"https:\/\/foreroagro.com\/tienda\/wp-content\/uploads\/2018\/05\/Logo-foreroagro-e1527273021153.png\",\"width\":80,\"height\":80,\"caption\":\"Foreroagro S.L.\"},\"image\":{\"@id\":\"https:\/\/foreroagro.com\/tienda\/#logo\"}},{\"@type\":\"WebSite\",\"@id\":\"https:\/\/foreroagro.com\/tienda\/#website\",\"url\":\"https:\/\/foreroagro.com\/tienda\/\",\"name\":\"Foreroagro\",\"description\":\"Soluciones agr\\u00edcolas online\",\"publisher\":{\"@id\":\"https:\/\/foreroagro.com\/tienda\/#organization\"},\"potentialAction\":[{\"@type\":\"SearchAction\",\"target\":{\"@type\":\"EntryPoint\",\"urlTemplate\":\"https:\/\/foreroagro.com\/tienda\/?s={search_term_string}\"},\"query-input\":\"required name=search_term_string\"}],\"inLanguage\":\"es\"},{\"@type\":\"ImageObject\",\"@id\":\"https:\/\/foreroagro.com\/tienda\/producto\/laibono-2\/#primaryimage\",\"inLanguage\":\"es\",\"url\":\"https:\/\/foreroagro.com\/tienda\/wp-content\/uploads\/2019\/01\/JARDINERIA-ABONO-LAIBONO-1-Lt.jpg\",\"contentUrl\":\"https:\/\/foreroagro.com\/tienda\/wp-content\/uploads\/2019\/01\/JARDINERIA-ABONO-LAIBONO-1-Lt.jpg\",\"width\":1024,\"height\":1024},{\"@type\":\"WebPage\",\"@id\":\"https:\/\/foreroagro.com\/tienda\/producto\/laibono-2\/#webpage\",\"url\":\"https:\/\/foreroagro.com\/tienda\/producto\/laibono-2\/\",\"name\":\"LAIBONO - Foreroagro\",\"isPartOf\":{\"@id\":\"https:\/\/foreroagro.com\/tienda\/#website\"},\"primaryImageOfPage\":{\"@id\":\"https:\/\/foreroagro.com\/tienda\/producto\/laibono-2\/#primaryimage\"},\"datePublished\":\"2019-01-18T19:01:20+00:00\",\"dateModified\":\"2019-02-25T18:06:32+00:00\",\"breadcrumb\":{\"@id\":\"https:\/\/foreroagro.com\/tienda\/producto\/laibono-2\/#breadcrumb\"},\"inLanguage\":\"es\",\"potentialAction\":[{\"@type\":\"ReadAction\",\"target\":[\"https:\/\/foreroagro.com\/tienda\/producto\/laibono-2\/\"]}]},{\"@type\":\"BreadcrumbList\",\"@id\":\"https:\/\/foreroagro.com\/tienda\/producto\/laibono-2\/#breadcrumb\",\"itemListElement\":[{\"@type\":\"ListItem\",\"position\":1,\"name\":\"Portada\",\"item\":\"https:\/\/foreroagro.com\/tienda\/\"},{\"@type\":\"ListItem\",\"position\":2,\"name\":\"Tienda\",\"item\":\"https:\/\/foreroagro.com\/tienda\/\"},{\"@type\":\"ListItem\",\"position\":3,\"name\":\"LAIBONO\"}]}]}<\/script>\n<!-- \/ Yoast SEO plugin. -->","yoast_head_json":{"title":"LAIBONO - Foreroagro","robots":{"index":"index","follow":"follow","max-snippet":"max-snippet:-1","max-image-preview":"max-image-preview:large","max-video-preview":"max-video-preview:-1"},"canonical":"https:\/\/foreroagro.com\/tienda\/producto\/laibono-2\/","og_locale":"es_ES","og_type":"article","og_title":"LAIBONO - Foreroagro","og_description":"Abono l\u00edquido universal. Fertilizante completo para todo tipo de plantas. Enriquecido con amino\u00e1cidos y vitamina B1.","og_url":"https:\/\/foreroagro.com\/tienda\/producto\/laibono-2\/","og_site_name":"Foreroagro","article_modified_time":"2019-02-25T18:06:32+00:00","og_image":[{"width":1024,"height":1024,"url":"https:\/\/foreroagro.com\/tienda\/wp-content\/uploads\/2019\/01\/JARDINERIA-ABONO-LAIBONO-1-Lt.jpg","type":"image\/jpeg"}],"twitter_card":"summary_large_image","schema":{"@context":"https:\/\/schema.org","@graph":[{"@type":"Organization","@id":"https:\/\/foreroagro.com\/tienda\/#organization","name":"Foreroagro S.L.","url":"https:\/\/foreroagro.com\/tienda\/","sameAs":[],"logo":{"@type":"ImageObject","@id":"https:\/\/foreroagro.com\/tienda\/#logo","inLanguage":"es","url":"https:\/\/foreroagro.com\/tienda\/wp-content\/uploads\/2018\/05\/Logo-foreroagro-e1527273021153.png","contentUrl":"https:\/\/foreroagro.com\/tienda\/wp-content\/uploads\/2018\/05\/Logo-foreroagro-e1527273021153.png","width":80,"height":80,"caption":"Foreroagro S.L."},"image":{"@id":"https:\/\/foreroagro.com\/tienda\/#logo"}},{"@type":"WebSite","@id":"https:\/\/foreroagro.com\/tienda\/#website","url":"https:\/\/foreroagro.com\/tienda\/","name":"Foreroagro","description":"Soluciones agr\u00edcolas online","publisher":{"@id":"https:\/\/foreroagro.com\/tienda\/#organization"},"potentialAction":[{"@type":"SearchAction","target":{"@type":"EntryPoint","urlTemplate":"https:\/\/foreroagro.com\/tienda\/?s={search_term_string}"},"query-input":"required name=search_term_string"}],"inLanguage":"es"},{"@type":"ImageObject","@id":"https:\/\/foreroagro.com\/tienda\/producto\/laibono-2\/#primaryimage","inLanguage":"es","url":"https:\/\/foreroagro.com\/tienda\/wp-content\/uploads\/2019\/01\/JARDINERIA-ABONO-LAIBONO-1-Lt.jpg","contentUrl":"https:\/\/foreroagro.com\/tienda\/wp-content\/uploads\/2019\/01\/JARDINERIA-ABONO-LAIBONO-1-Lt.jpg","width":1024,"height":1024},{"@type":"WebPage","@id":"https:\/\/foreroagro.com\/tienda\/producto\/laibono-2\/#webpage","url":"https:\/\/foreroagro.com\/tienda\/producto\/laibono-2\/","name":"LAIBONO - Foreroagro","isPartOf":{"@id":"https:\/\/foreroagro.com\/tienda\/#website"},"primaryImageOfPage":{"@id":"https:\/\/foreroagro.com\/tienda\/producto\/laibono-2\/#primaryimage"},"datePublished":"2019-01-18T19:01:20+00:00","dateModified":"2019-02-25T18:06:32+00:00","breadcrumb":{"@id":"https:\/\/foreroagro.com\/tienda\/producto\/laibono-2\/#breadcrumb"},"inLanguage":"es","potentialAction":[{"@type":"ReadAction","target":["https:\/\/foreroagro.com\/tienda\/producto\/laibono-2\/"]}]},{"@type":"BreadcrumbList","@id":"https:\/\/foreroagro.com\/tienda\/producto\/laibono-2\/#breadcrumb","itemListElement":[{"@type":"ListItem","position":1,"name":"Portada","item":"https:\/\/foreroagro.com\/tienda\/"},{"@type":"ListItem","position":2,"name":"Tienda","item":"https:\/\/foreroagro.com\/tienda\/"},{"@type":"ListItem","position":3,"name":"LAIBONO"}]}]}},"_links":{"self":[{"href":"https:\/\/foreroagro.com\/tienda\/wp-json\/wp\/v2\/product\/3043"}],"collection":[{"href":"https:\/\/foreroagro.com\/tienda\/wp-json\/wp\/v2\/product"}],"about":[{"href":"https:\/\/foreroagro.com\/tienda\/wp-json\/wp\/v2\/types\/product"}],"wp:featuredmedia":[{"embeddable":true,"href":"https:\/\/foreroagro.com\/tienda\/wp-json\/wp\/v2\/media\/3044"}],"wp:attachment":[{"href":"https:\/\/foreroagro.com\/tienda\/wp-json\/wp\/v2\/media?parent=3043"}],"wp:term":[{"taxonomy":"product_cat","embeddable":true,"href":"https:\/\/foreroagro.com\/tienda\/wp-json\/wp\/v2\/product_cat?post=3043"},{"taxonomy":"product_tag","embeddable":true,"href":"https:\/\/foreroagro.com\/tienda\/wp-json\/wp\/v2\/product_tag?post=3043"}],"curies":[{"name":"wp","href":"https:\/\/api.w.org\/{rel}","templated":true}]}}