{"id":3047,"date":"2019-01-18T19:04:46","date_gmt":"2019-01-18T19:04:46","guid":{"rendered":"https:\/\/abicoca.com\/foreroagro\/tienda\/?post_type=product&#038;p=3047"},"modified":"2019-02-25T18:48:26","modified_gmt":"2019-02-25T18:48:26","slug":"abono-ple-12-12-17","status":"publish","type":"product","link":"https:\/\/foreroagro.com\/tienda\/producto\/abono-ple-12-12-17\/","title":{"rendered":"Abono  PLE 12-12-17"},"content":{"rendered":"<h3>Abono granulado universal huerta-jard\u00edn.<\/h3>\n<div class=\"label\">Composici\u00f3n:<\/div>\n<div class=\"value\">Nitr\u00f3geno (N) total: 12,0%<br \/>\nAnh\u00eddrido fosf\u00f3rico (P2O5) soluble en agua y citrato am\u00f3nico neutro: 12,0%<br \/>\nAnh\u00eddrido fosf\u00f3rico (P2O5) soluble en agua: 11,3%<br \/>\nOxido de potasio (K2O) soluble en agua y procedente de sulfato: 17,0%<br \/>\nOxido de magnesio (MgO): 3,3%<br \/>\nAnh\u00eddrido sulf\u00farico (SO3) soluble en agua: 29,7%<br \/>\nBoro (B): 0,04%<br \/>\nCobre (Cu): 0,03%<br \/>\nHierro (Fe): 0,5%<br \/>\nManganeso (Mn): 0,03%<br \/>\nZinc (Zn): 0,01%<\/div>\n","protected":false},"excerpt":{"rendered":"<h3>Abono granulado universal huerta-jard\u00edn.<\/h3>\n<div class=\"label\">Composici\u00f3n:<\/div>\n<div class=\"value\">Nitr\u00f3geno (N) total: 12,0%<br \/>\nAnh\u00eddrido fosf\u00f3rico (P2O5) soluble en agua y citrato am\u00f3nico neutro: 12,0%<br \/>\nAnh\u00eddrido fosf\u00f3rico (P2O5) soluble en agua: 11,3%<br \/>\nOxido de potasio (K2O) soluble en agua y procedente de sulfato: 17,0%<br \/>\nOxido de magnesio (MgO): 3,3%<br \/>\nAnh\u00eddrido sulf\u00farico (SO3) soluble en agua: 29,7%<br \/>\nBoro (B): 0,04%<br \/>\nCobre (Cu): 0,03%<br \/>\nHierro (Fe): 0,5%<br \/>\nManganeso (Mn): 0,03%<br \/>\nZinc (Zn): 0,01%<\/div>\n","protected":false},"featured_media":3049,"template":"","meta":[],"product_cat":[60,83],"product_tag":[],"yoast_head":"<!-- This site is optimized with the Yoast SEO plugin v17.5 - https:\/\/yoast.com\/wordpress\/plugins\/seo\/ -->\n<title>Abono PLE 12-12-17 - Foreroagro<\/title>\n<meta name=\"robots\" content=\"index, follow, max-snippet:-1, max-image-preview:large, max-video-preview:-1\" \/>\n<link rel=\"canonical\" href=\"https:\/\/foreroagro.com\/tienda\/producto\/abono-ple-12-12-17\/\" \/>\n<meta property=\"og:locale\" content=\"es_ES\" \/>\n<meta property=\"og:type\" content=\"article\" \/>\n<meta property=\"og:title\" content=\"Abono PLE 12-12-17 - Foreroagro\" \/>\n<meta property=\"og:description\" content=\"Abono granulado universal huerta-jard\u00edn. Composici\u00f3n: Nitr\u00f3geno (N) total: 12,0% Anh\u00eddrido fosf\u00f3rico (P2O5) soluble en agua y citrato am\u00f3nico neutro: 12,0% Anh\u00eddrido fosf\u00f3rico (P2O5) soluble en agua: 11,3% Oxido de potasio (K2O) soluble en agua y procedente de sulfato: 17,0% Oxido de magnesio (MgO): 3,3% Anh\u00eddrido sulf\u00farico (SO3) soluble en agua: 29,7% Boro (B): 0,04% Cobre (Cu): 0,03% Hierro (Fe): 0,5% Manganeso (Mn): 0,03% Zinc (Zn): 0,01%\" \/>\n<meta property=\"og:url\" content=\"https:\/\/foreroagro.com\/tienda\/producto\/abono-ple-12-12-17\/\" \/>\n<meta property=\"og:site_name\" content=\"Foreroagro\" \/>\n<meta property=\"article:modified_time\" content=\"2019-02-25T18:48:26+00:00\" \/>\n<meta property=\"og:image\" content=\"https:\/\/foreroagro.com\/tienda\/wp-content\/uploads\/2019\/01\/JARDINERIA-ABONO-PLE-12-12-17-2-Kg.jpg\" \/>\n\t<meta property=\"og:image:width\" content=\"1024\" \/>\n\t<meta property=\"og:image:height\" content=\"1024\" \/>\n<meta name=\"twitter:card\" content=\"summary_large_image\" \/>\n<script type=\"application\/ld+json\" class=\"yoast-schema-graph\">{\"@context\":\"https:\/\/schema.org\",\"@graph\":[{\"@type\":\"Organization\",\"@id\":\"https:\/\/foreroagro.com\/tienda\/#organization\",\"name\":\"Foreroagro S.L.\",\"url\":\"https:\/\/foreroagro.com\/tienda\/\",\"sameAs\":[],\"logo\":{\"@type\":\"ImageObject\",\"@id\":\"https:\/\/foreroagro.com\/tienda\/#logo\",\"inLanguage\":\"es\",\"url\":\"https:\/\/foreroagro.com\/tienda\/wp-content\/uploads\/2018\/05\/Logo-foreroagro-e1527273021153.png\",\"contentUrl\":\"https:\/\/foreroagro.com\/tienda\/wp-content\/uploads\/2018\/05\/Logo-foreroagro-e1527273021153.png\",\"width\":80,\"height\":80,\"caption\":\"Foreroagro S.L.\"},\"image\":{\"@id\":\"https:\/\/foreroagro.com\/tienda\/#logo\"}},{\"@type\":\"WebSite\",\"@id\":\"https:\/\/foreroagro.com\/tienda\/#website\",\"url\":\"https:\/\/foreroagro.com\/tienda\/\",\"name\":\"Foreroagro\",\"description\":\"Soluciones agr\\u00edcolas online\",\"publisher\":{\"@id\":\"https:\/\/foreroagro.com\/tienda\/#organization\"},\"potentialAction\":[{\"@type\":\"SearchAction\",\"target\":{\"@type\":\"EntryPoint\",\"urlTemplate\":\"https:\/\/foreroagro.com\/tienda\/?s={search_term_string}\"},\"query-input\":\"required name=search_term_string\"}],\"inLanguage\":\"es\"},{\"@type\":\"ImageObject\",\"@id\":\"https:\/\/foreroagro.com\/tienda\/producto\/abono-ple-12-12-17\/#primaryimage\",\"inLanguage\":\"es\",\"url\":\"https:\/\/foreroagro.com\/tienda\/wp-content\/uploads\/2019\/01\/JARDINERIA-ABONO-PLE-12-12-17-2-Kg.jpg\",\"contentUrl\":\"https:\/\/foreroagro.com\/tienda\/wp-content\/uploads\/2019\/01\/JARDINERIA-ABONO-PLE-12-12-17-2-Kg.jpg\",\"width\":1024,\"height\":1024},{\"@type\":\"WebPage\",\"@id\":\"https:\/\/foreroagro.com\/tienda\/producto\/abono-ple-12-12-17\/#webpage\",\"url\":\"https:\/\/foreroagro.com\/tienda\/producto\/abono-ple-12-12-17\/\",\"name\":\"Abono PLE 12-12-17 - Foreroagro\",\"isPartOf\":{\"@id\":\"https:\/\/foreroagro.com\/tienda\/#website\"},\"primaryImageOfPage\":{\"@id\":\"https:\/\/foreroagro.com\/tienda\/producto\/abono-ple-12-12-17\/#primaryimage\"},\"datePublished\":\"2019-01-18T19:04:46+00:00\",\"dateModified\":\"2019-02-25T18:48:26+00:00\",\"breadcrumb\":{\"@id\":\"https:\/\/foreroagro.com\/tienda\/producto\/abono-ple-12-12-17\/#breadcrumb\"},\"inLanguage\":\"es\",\"potentialAction\":[{\"@type\":\"ReadAction\",\"target\":[\"https:\/\/foreroagro.com\/tienda\/producto\/abono-ple-12-12-17\/\"]}]},{\"@type\":\"BreadcrumbList\",\"@id\":\"https:\/\/foreroagro.com\/tienda\/producto\/abono-ple-12-12-17\/#breadcrumb\",\"itemListElement\":[{\"@type\":\"ListItem\",\"position\":1,\"name\":\"Portada\",\"item\":\"https:\/\/foreroagro.com\/tienda\/\"},{\"@type\":\"ListItem\",\"position\":2,\"name\":\"Tienda\",\"item\":\"https:\/\/foreroagro.com\/tienda\/\"},{\"@type\":\"ListItem\",\"position\":3,\"name\":\"Abono PLE 12-12-17\"}]}]}<\/script>\n<!-- \/ Yoast SEO plugin. -->","yoast_head_json":{"title":"Abono PLE 12-12-17 - Foreroagro","robots":{"index":"index","follow":"follow","max-snippet":"max-snippet:-1","max-image-preview":"max-image-preview:large","max-video-preview":"max-video-preview:-1"},"canonical":"https:\/\/foreroagro.com\/tienda\/producto\/abono-ple-12-12-17\/","og_locale":"es_ES","og_type":"article","og_title":"Abono PLE 12-12-17 - Foreroagro","og_description":"Abono granulado universal huerta-jard\u00edn. Composici\u00f3n: Nitr\u00f3geno (N) total: 12,0% Anh\u00eddrido fosf\u00f3rico (P2O5) soluble en agua y citrato am\u00f3nico neutro: 12,0% Anh\u00eddrido fosf\u00f3rico (P2O5) soluble en agua: 11,3% Oxido de potasio (K2O) soluble en agua y procedente de sulfato: 17,0% Oxido de magnesio (MgO): 3,3% Anh\u00eddrido sulf\u00farico (SO3) soluble en agua: 29,7% Boro (B): 0,04% Cobre (Cu): 0,03% Hierro (Fe): 0,5% Manganeso (Mn): 0,03% Zinc (Zn): 0,01%","og_url":"https:\/\/foreroagro.com\/tienda\/producto\/abono-ple-12-12-17\/","og_site_name":"Foreroagro","article_modified_time":"2019-02-25T18:48:26+00:00","og_image":[{"width":1024,"height":1024,"url":"https:\/\/foreroagro.com\/tienda\/wp-content\/uploads\/2019\/01\/JARDINERIA-ABONO-PLE-12-12-17-2-Kg.jpg","type":"image\/jpeg"}],"twitter_card":"summary_large_image","schema":{"@context":"https:\/\/schema.org","@graph":[{"@type":"Organization","@id":"https:\/\/foreroagro.com\/tienda\/#organization","name":"Foreroagro S.L.","url":"https:\/\/foreroagro.com\/tienda\/","sameAs":[],"logo":{"@type":"ImageObject","@id":"https:\/\/foreroagro.com\/tienda\/#logo","inLanguage":"es","url":"https:\/\/foreroagro.com\/tienda\/wp-content\/uploads\/2018\/05\/Logo-foreroagro-e1527273021153.png","contentUrl":"https:\/\/foreroagro.com\/tienda\/wp-content\/uploads\/2018\/05\/Logo-foreroagro-e1527273021153.png","width":80,"height":80,"caption":"Foreroagro S.L."},"image":{"@id":"https:\/\/foreroagro.com\/tienda\/#logo"}},{"@type":"WebSite","@id":"https:\/\/foreroagro.com\/tienda\/#website","url":"https:\/\/foreroagro.com\/tienda\/","name":"Foreroagro","description":"Soluciones agr\u00edcolas online","publisher":{"@id":"https:\/\/foreroagro.com\/tienda\/#organization"},"potentialAction":[{"@type":"SearchAction","target":{"@type":"EntryPoint","urlTemplate":"https:\/\/foreroagro.com\/tienda\/?s={search_term_string}"},"query-input":"required name=search_term_string"}],"inLanguage":"es"},{"@type":"ImageObject","@id":"https:\/\/foreroagro.com\/tienda\/producto\/abono-ple-12-12-17\/#primaryimage","inLanguage":"es","url":"https:\/\/foreroagro.com\/tienda\/wp-content\/uploads\/2019\/01\/JARDINERIA-ABONO-PLE-12-12-17-2-Kg.jpg","contentUrl":"https:\/\/foreroagro.com\/tienda\/wp-content\/uploads\/2019\/01\/JARDINERIA-ABONO-PLE-12-12-17-2-Kg.jpg","width":1024,"height":1024},{"@type":"WebPage","@id":"https:\/\/foreroagro.com\/tienda\/producto\/abono-ple-12-12-17\/#webpage","url":"https:\/\/foreroagro.com\/tienda\/producto\/abono-ple-12-12-17\/","name":"Abono PLE 12-12-17 - Foreroagro","isPartOf":{"@id":"https:\/\/foreroagro.com\/tienda\/#website"},"primaryImageOfPage":{"@id":"https:\/\/foreroagro.com\/tienda\/producto\/abono-ple-12-12-17\/#primaryimage"},"datePublished":"2019-01-18T19:04:46+00:00","dateModified":"2019-02-25T18:48:26+00:00","breadcrumb":{"@id":"https:\/\/foreroagro.com\/tienda\/producto\/abono-ple-12-12-17\/#breadcrumb"},"inLanguage":"es","potentialAction":[{"@type":"ReadAction","target":["https:\/\/foreroagro.com\/tienda\/producto\/abono-ple-12-12-17\/"]}]},{"@type":"BreadcrumbList","@id":"https:\/\/foreroagro.com\/tienda\/producto\/abono-ple-12-12-17\/#breadcrumb","itemListElement":[{"@type":"ListItem","position":1,"name":"Portada","item":"https:\/\/foreroagro.com\/tienda\/"},{"@type":"ListItem","position":2,"name":"Tienda","item":"https:\/\/foreroagro.com\/tienda\/"},{"@type":"ListItem","position":3,"name":"Abono PLE 12-12-17"}]}]}},"_links":{"self":[{"href":"https:\/\/foreroagro.com\/tienda\/wp-json\/wp\/v2\/product\/3047"}],"collection":[{"href":"https:\/\/foreroagro.com\/tienda\/wp-json\/wp\/v2\/product"}],"about":[{"href":"https:\/\/foreroagro.com\/tienda\/wp-json\/wp\/v2\/types\/product"}],"wp:featuredmedia":[{"embeddable":true,"href":"https:\/\/foreroagro.com\/tienda\/wp-json\/wp\/v2\/media\/3049"}],"wp:attachment":[{"href":"https:\/\/foreroagro.com\/tienda\/wp-json\/wp\/v2\/media?parent=3047"}],"wp:term":[{"taxonomy":"product_cat","embeddable":true,"href":"https:\/\/foreroagro.com\/tienda\/wp-json\/wp\/v2\/product_cat?post=3047"},{"taxonomy":"product_tag","embeddable":true,"href":"https:\/\/foreroagro.com\/tienda\/wp-json\/wp\/v2\/product_tag?post=3047"}],"curies":[{"name":"wp","href":"https:\/\/api.w.org\/{rel}","templated":true}]}}