{"id":3116,"date":"2019-01-21T18:04:39","date_gmt":"2019-01-21T18:04:39","guid":{"rendered":"https:\/\/abicoca.com\/foreroagro\/tienda\/?post_type=product&#038;p=3116"},"modified":"2022-09-14T10:24:07","modified_gmt":"2022-09-14T10:24:07","slug":"semilla-veza-villosa-goliat-r-1","status":"publish","type":"product","link":"https:\/\/foreroagro.com\/tienda\/producto\/semilla-veza-villosa-goliat-r-1\/","title":{"rendered":"Semilla Veza Vellosa Goliat R-1"},"content":{"rendered":"<h4>Semilla Veza Vellosa Goliat R-1<\/h4>\n","protected":false},"excerpt":{"rendered":"<p style=\"margin: 0cm; margin-bottom: .0001pt;\">Una gran forrajera y poco exigente.<\/p>\n<p style=\"margin: 0cm; margin-bottom: .0001pt;\">Comparada con la Veza com\u00fan, es m\u00e1s r\u00fastica, y tolerante a la sequ\u00eda. Su ciclo es m\u00e1s largo.<\/p>\n<p style=\"margin: 0cm; margin-bottom: .0001pt;\">Desarrollo lento en invierno pero con crecimiento muy r\u00e1pido en primavera.<\/p>\n<p style=\"margin: 0cm; margin-bottom: .0001pt;\">No se desarrolla en suelos encharcados.<br \/>\nEn buenas condiciones adquiere m\u00e1s desarrollo que la veza com\u00fan.<br \/>\nEl ganado lo consume bien una vez acostumbrado.<\/p>\n","protected":false},"featured_media":4825,"template":"","meta":[],"product_cat":[40,45],"product_tag":[],"yoast_head":"<!-- This site is optimized with the Yoast SEO plugin v17.5 - https:\/\/yoast.com\/wordpress\/plugins\/seo\/ -->\n<title>Semilla Veza Vellosa Goliat R-1 - Foreroagro<\/title>\n<meta name=\"robots\" content=\"index, follow, max-snippet:-1, max-image-preview:large, max-video-preview:-1\" \/>\n<link rel=\"canonical\" href=\"https:\/\/foreroagro.com\/tienda\/producto\/semilla-veza-villosa-goliat-r-1\/\" \/>\n<meta property=\"og:locale\" content=\"es_ES\" \/>\n<meta property=\"og:type\" content=\"article\" \/>\n<meta property=\"og:title\" content=\"Semilla Veza Vellosa Goliat R-1 - Foreroagro\" \/>\n<meta property=\"og:description\" content=\"Una gran forrajera y poco exigente. Comparada con la Veza com\u00fan, es m\u00e1s r\u00fastica, y tolerante a la sequ\u00eda. Su ciclo es m\u00e1s largo. Desarrollo lento en invierno pero con crecimiento muy r\u00e1pido en primavera. No se desarrolla en suelos encharcados. En buenas condiciones adquiere m\u00e1s desarrollo que la veza com\u00fan. El ganado lo consume bien una vez acostumbrado.\" \/>\n<meta property=\"og:url\" content=\"https:\/\/foreroagro.com\/tienda\/producto\/semilla-veza-villosa-goliat-r-1\/\" \/>\n<meta property=\"og:site_name\" content=\"Foreroagro\" \/>\n<meta property=\"article:modified_time\" content=\"2022-09-14T10:24:07+00:00\" \/>\n<meta property=\"og:image\" content=\"https:\/\/foreroagro.com\/tienda\/wp-content\/uploads\/2019\/01\/SFAC6345000K-VEZA-VELLOSA-GOLIAT.jpg\" \/>\n\t<meta property=\"og:image:width\" content=\"569\" \/>\n\t<meta property=\"og:image:height\" content=\"569\" \/>\n<meta name=\"twitter:card\" content=\"summary_large_image\" \/>\n<script type=\"application\/ld+json\" class=\"yoast-schema-graph\">{\"@context\":\"https:\/\/schema.org\",\"@graph\":[{\"@type\":\"Organization\",\"@id\":\"https:\/\/foreroagro.com\/tienda\/#organization\",\"name\":\"Foreroagro S.L.\",\"url\":\"https:\/\/foreroagro.com\/tienda\/\",\"sameAs\":[],\"logo\":{\"@type\":\"ImageObject\",\"@id\":\"https:\/\/foreroagro.com\/tienda\/#logo\",\"inLanguage\":\"es\",\"url\":\"https:\/\/foreroagro.com\/tienda\/wp-content\/uploads\/2018\/05\/Logo-foreroagro-e1527273021153.png\",\"contentUrl\":\"https:\/\/foreroagro.com\/tienda\/wp-content\/uploads\/2018\/05\/Logo-foreroagro-e1527273021153.png\",\"width\":80,\"height\":80,\"caption\":\"Foreroagro S.L.\"},\"image\":{\"@id\":\"https:\/\/foreroagro.com\/tienda\/#logo\"}},{\"@type\":\"WebSite\",\"@id\":\"https:\/\/foreroagro.com\/tienda\/#website\",\"url\":\"https:\/\/foreroagro.com\/tienda\/\",\"name\":\"Foreroagro\",\"description\":\"Soluciones agr\\u00edcolas online\",\"publisher\":{\"@id\":\"https:\/\/foreroagro.com\/tienda\/#organization\"},\"potentialAction\":[{\"@type\":\"SearchAction\",\"target\":{\"@type\":\"EntryPoint\",\"urlTemplate\":\"https:\/\/foreroagro.com\/tienda\/?s={search_term_string}\"},\"query-input\":\"required name=search_term_string\"}],\"inLanguage\":\"es\"},{\"@type\":\"ImageObject\",\"@id\":\"https:\/\/foreroagro.com\/tienda\/producto\/semilla-veza-villosa-goliat-r-1\/#primaryimage\",\"inLanguage\":\"es\",\"url\":\"https:\/\/foreroagro.com\/tienda\/wp-content\/uploads\/2019\/01\/SFAC6345000K-VEZA-VELLOSA-GOLIAT.jpg\",\"contentUrl\":\"https:\/\/foreroagro.com\/tienda\/wp-content\/uploads\/2019\/01\/SFAC6345000K-VEZA-VELLOSA-GOLIAT.jpg\",\"width\":569,\"height\":569},{\"@type\":\"WebPage\",\"@id\":\"https:\/\/foreroagro.com\/tienda\/producto\/semilla-veza-villosa-goliat-r-1\/#webpage\",\"url\":\"https:\/\/foreroagro.com\/tienda\/producto\/semilla-veza-villosa-goliat-r-1\/\",\"name\":\"Semilla Veza Vellosa Goliat R-1 - Foreroagro\",\"isPartOf\":{\"@id\":\"https:\/\/foreroagro.com\/tienda\/#website\"},\"primaryImageOfPage\":{\"@id\":\"https:\/\/foreroagro.com\/tienda\/producto\/semilla-veza-villosa-goliat-r-1\/#primaryimage\"},\"datePublished\":\"2019-01-21T18:04:39+00:00\",\"dateModified\":\"2022-09-14T10:24:07+00:00\",\"breadcrumb\":{\"@id\":\"https:\/\/foreroagro.com\/tienda\/producto\/semilla-veza-villosa-goliat-r-1\/#breadcrumb\"},\"inLanguage\":\"es\",\"potentialAction\":[{\"@type\":\"ReadAction\",\"target\":[\"https:\/\/foreroagro.com\/tienda\/producto\/semilla-veza-villosa-goliat-r-1\/\"]}]},{\"@type\":\"BreadcrumbList\",\"@id\":\"https:\/\/foreroagro.com\/tienda\/producto\/semilla-veza-villosa-goliat-r-1\/#breadcrumb\",\"itemListElement\":[{\"@type\":\"ListItem\",\"position\":1,\"name\":\"Portada\",\"item\":\"https:\/\/foreroagro.com\/tienda\/\"},{\"@type\":\"ListItem\",\"position\":2,\"name\":\"Tienda\",\"item\":\"https:\/\/foreroagro.com\/tienda\/\"},{\"@type\":\"ListItem\",\"position\":3,\"name\":\"Semilla Veza Vellosa Goliat R-1\"}]}]}<\/script>\n<!-- \/ Yoast SEO plugin. -->","yoast_head_json":{"title":"Semilla Veza Vellosa Goliat R-1 - Foreroagro","robots":{"index":"index","follow":"follow","max-snippet":"max-snippet:-1","max-image-preview":"max-image-preview:large","max-video-preview":"max-video-preview:-1"},"canonical":"https:\/\/foreroagro.com\/tienda\/producto\/semilla-veza-villosa-goliat-r-1\/","og_locale":"es_ES","og_type":"article","og_title":"Semilla Veza Vellosa Goliat R-1 - Foreroagro","og_description":"Una gran forrajera y poco exigente. Comparada con la Veza com\u00fan, es m\u00e1s r\u00fastica, y tolerante a la sequ\u00eda. Su ciclo es m\u00e1s largo. Desarrollo lento en invierno pero con crecimiento muy r\u00e1pido en primavera. No se desarrolla en suelos encharcados. En buenas condiciones adquiere m\u00e1s desarrollo que la veza com\u00fan. El ganado lo consume bien una vez acostumbrado.","og_url":"https:\/\/foreroagro.com\/tienda\/producto\/semilla-veza-villosa-goliat-r-1\/","og_site_name":"Foreroagro","article_modified_time":"2022-09-14T10:24:07+00:00","og_image":[{"width":569,"height":569,"url":"https:\/\/foreroagro.com\/tienda\/wp-content\/uploads\/2019\/01\/SFAC6345000K-VEZA-VELLOSA-GOLIAT.jpg","type":"image\/jpeg"}],"twitter_card":"summary_large_image","schema":{"@context":"https:\/\/schema.org","@graph":[{"@type":"Organization","@id":"https:\/\/foreroagro.com\/tienda\/#organization","name":"Foreroagro S.L.","url":"https:\/\/foreroagro.com\/tienda\/","sameAs":[],"logo":{"@type":"ImageObject","@id":"https:\/\/foreroagro.com\/tienda\/#logo","inLanguage":"es","url":"https:\/\/foreroagro.com\/tienda\/wp-content\/uploads\/2018\/05\/Logo-foreroagro-e1527273021153.png","contentUrl":"https:\/\/foreroagro.com\/tienda\/wp-content\/uploads\/2018\/05\/Logo-foreroagro-e1527273021153.png","width":80,"height":80,"caption":"Foreroagro S.L."},"image":{"@id":"https:\/\/foreroagro.com\/tienda\/#logo"}},{"@type":"WebSite","@id":"https:\/\/foreroagro.com\/tienda\/#website","url":"https:\/\/foreroagro.com\/tienda\/","name":"Foreroagro","description":"Soluciones agr\u00edcolas online","publisher":{"@id":"https:\/\/foreroagro.com\/tienda\/#organization"},"potentialAction":[{"@type":"SearchAction","target":{"@type":"EntryPoint","urlTemplate":"https:\/\/foreroagro.com\/tienda\/?s={search_term_string}"},"query-input":"required name=search_term_string"}],"inLanguage":"es"},{"@type":"ImageObject","@id":"https:\/\/foreroagro.com\/tienda\/producto\/semilla-veza-villosa-goliat-r-1\/#primaryimage","inLanguage":"es","url":"https:\/\/foreroagro.com\/tienda\/wp-content\/uploads\/2019\/01\/SFAC6345000K-VEZA-VELLOSA-GOLIAT.jpg","contentUrl":"https:\/\/foreroagro.com\/tienda\/wp-content\/uploads\/2019\/01\/SFAC6345000K-VEZA-VELLOSA-GOLIAT.jpg","width":569,"height":569},{"@type":"WebPage","@id":"https:\/\/foreroagro.com\/tienda\/producto\/semilla-veza-villosa-goliat-r-1\/#webpage","url":"https:\/\/foreroagro.com\/tienda\/producto\/semilla-veza-villosa-goliat-r-1\/","name":"Semilla Veza Vellosa Goliat R-1 - Foreroagro","isPartOf":{"@id":"https:\/\/foreroagro.com\/tienda\/#website"},"primaryImageOfPage":{"@id":"https:\/\/foreroagro.com\/tienda\/producto\/semilla-veza-villosa-goliat-r-1\/#primaryimage"},"datePublished":"2019-01-21T18:04:39+00:00","dateModified":"2022-09-14T10:24:07+00:00","breadcrumb":{"@id":"https:\/\/foreroagro.com\/tienda\/producto\/semilla-veza-villosa-goliat-r-1\/#breadcrumb"},"inLanguage":"es","potentialAction":[{"@type":"ReadAction","target":["https:\/\/foreroagro.com\/tienda\/producto\/semilla-veza-villosa-goliat-r-1\/"]}]},{"@type":"BreadcrumbList","@id":"https:\/\/foreroagro.com\/tienda\/producto\/semilla-veza-villosa-goliat-r-1\/#breadcrumb","itemListElement":[{"@type":"ListItem","position":1,"name":"Portada","item":"https:\/\/foreroagro.com\/tienda\/"},{"@type":"ListItem","position":2,"name":"Tienda","item":"https:\/\/foreroagro.com\/tienda\/"},{"@type":"ListItem","position":3,"name":"Semilla Veza Vellosa Goliat R-1"}]}]}},"_links":{"self":[{"href":"https:\/\/foreroagro.com\/tienda\/wp-json\/wp\/v2\/product\/3116"}],"collection":[{"href":"https:\/\/foreroagro.com\/tienda\/wp-json\/wp\/v2\/product"}],"about":[{"href":"https:\/\/foreroagro.com\/tienda\/wp-json\/wp\/v2\/types\/product"}],"wp:featuredmedia":[{"embeddable":true,"href":"https:\/\/foreroagro.com\/tienda\/wp-json\/wp\/v2\/media\/4825"}],"wp:attachment":[{"href":"https:\/\/foreroagro.com\/tienda\/wp-json\/wp\/v2\/media?parent=3116"}],"wp:term":[{"taxonomy":"product_cat","embeddable":true,"href":"https:\/\/foreroagro.com\/tienda\/wp-json\/wp\/v2\/product_cat?post=3116"},{"taxonomy":"product_tag","embeddable":true,"href":"https:\/\/foreroagro.com\/tienda\/wp-json\/wp\/v2\/product_tag?post=3116"}],"curies":[{"name":"wp","href":"https:\/\/api.w.org\/{rel}","templated":true}]}}