{"id":3125,"date":"2019-01-21T18:53:59","date_gmt":"2019-01-21T18:53:59","guid":{"rendered":"https:\/\/abicoca.com\/foreroagro\/tienda\/?post_type=product&#038;p=3125"},"modified":"2022-09-14T10:59:17","modified_gmt":"2022-09-14T10:59:17","slug":"analisis-de-suelo-completo","status":"publish","type":"product","link":"https:\/\/foreroagro.com\/tienda\/producto\/analisis-de-suelo-completo\/","title":{"rendered":"AN\u00c1LISIS DE SUELO COMPLETO"},"content":{"rendered":"<h4>Para qu\u00e9 se utiliza el an\u00e1lisis de suelo.<\/h4>\n<p>El an\u00e1lisis de suelo es una herramienta necesaria para diagnosticar las materias de la que esta compuesta nuestra zona de cultivo, pudiendo saber de las\u00a0 deficiencias nutritivas de las que consta.<br \/>\nHaciendo de esta herramienta imprescindible para la planificacion del cultivo a explotar.<br \/>\nCon ello podemos adaptar los nutrientes necesarios del cultivo a desarrollar, haciendo un plan de abonado especifico a las necesidades, aportando al cultivo solo lo que necesita, evitando derroches y bloqueos nutricionales a las plantas.<br \/>\nEs la manera mas sencilla de economizar en el abonado y tener la maxima rentabilidad en los cultivos.<\/p>\n","protected":false},"excerpt":{"rendered":"<h3>Analisis Suelo Completo.<\/h3>\n<p>Se Realiza un an\u00e1lisis completo de todos los nutrientes.<br \/>\nTextura, pH, Nitr\u00f3geno(N), F\u00f3sforo(P), M.org\u00e1nica, Sodio(Na), Potasio(K), Magnesio(Mg), Calcio(Ca), Hierro(Fe), Cobre(Cu), Manganeso( Mn) yZinc( Zn).<\/p>\n","protected":false},"featured_media":3126,"template":"","meta":[],"product_cat":[116,117,230,233,86,243],"product_tag":[],"yoast_head":"<!-- This site is optimized with the Yoast SEO plugin v17.5 - https:\/\/yoast.com\/wordpress\/plugins\/seo\/ -->\n<title>AN\u00c1LISIS DE SUELO COMPLETO - Foreroagro<\/title>\n<meta name=\"robots\" content=\"index, follow, max-snippet:-1, max-image-preview:large, max-video-preview:-1\" \/>\n<link rel=\"canonical\" href=\"https:\/\/foreroagro.com\/tienda\/producto\/analisis-de-suelo-completo\/\" \/>\n<meta property=\"og:locale\" content=\"es_ES\" \/>\n<meta property=\"og:type\" content=\"article\" \/>\n<meta property=\"og:title\" content=\"AN\u00c1LISIS DE SUELO COMPLETO - Foreroagro\" \/>\n<meta property=\"og:description\" content=\"Analisis Suelo Completo. Se Realiza un an\u00e1lisis completo de todos los nutrientes. Textura, pH, Nitr\u00f3geno(N), F\u00f3sforo(P), M.org\u00e1nica, Sodio(Na), Potasio(K), Magnesio(Mg), Calcio(Ca), Hierro(Fe), Cobre(Cu), Manganeso( Mn) yZinc( Zn).\" \/>\n<meta property=\"og:url\" content=\"https:\/\/foreroagro.com\/tienda\/producto\/analisis-de-suelo-completo\/\" \/>\n<meta property=\"og:site_name\" content=\"Foreroagro\" \/>\n<meta property=\"article:modified_time\" content=\"2022-09-14T10:59:17+00:00\" \/>\n<meta property=\"og:image\" content=\"https:\/\/foreroagro.com\/tienda\/wp-content\/uploads\/2019\/01\/analisis-de-tierra-completo.jpg\" \/>\n\t<meta property=\"og:image:width\" content=\"1024\" \/>\n\t<meta property=\"og:image:height\" content=\"1024\" \/>\n<meta name=\"twitter:card\" content=\"summary_large_image\" \/>\n<meta name=\"twitter:label1\" content=\"Tiempo de lectura\" \/>\n\t<meta name=\"twitter:data1\" content=\"1 minuto\" \/>\n<script type=\"application\/ld+json\" class=\"yoast-schema-graph\">{\"@context\":\"https:\/\/schema.org\",\"@graph\":[{\"@type\":\"Organization\",\"@id\":\"https:\/\/foreroagro.com\/tienda\/#organization\",\"name\":\"Foreroagro S.L.\",\"url\":\"https:\/\/foreroagro.com\/tienda\/\",\"sameAs\":[],\"logo\":{\"@type\":\"ImageObject\",\"@id\":\"https:\/\/foreroagro.com\/tienda\/#logo\",\"inLanguage\":\"es\",\"url\":\"https:\/\/foreroagro.com\/tienda\/wp-content\/uploads\/2018\/05\/Logo-foreroagro-e1527273021153.png\",\"contentUrl\":\"https:\/\/foreroagro.com\/tienda\/wp-content\/uploads\/2018\/05\/Logo-foreroagro-e1527273021153.png\",\"width\":80,\"height\":80,\"caption\":\"Foreroagro S.L.\"},\"image\":{\"@id\":\"https:\/\/foreroagro.com\/tienda\/#logo\"}},{\"@type\":\"WebSite\",\"@id\":\"https:\/\/foreroagro.com\/tienda\/#website\",\"url\":\"https:\/\/foreroagro.com\/tienda\/\",\"name\":\"Foreroagro\",\"description\":\"Soluciones agr\\u00edcolas online\",\"publisher\":{\"@id\":\"https:\/\/foreroagro.com\/tienda\/#organization\"},\"potentialAction\":[{\"@type\":\"SearchAction\",\"target\":{\"@type\":\"EntryPoint\",\"urlTemplate\":\"https:\/\/foreroagro.com\/tienda\/?s={search_term_string}\"},\"query-input\":\"required name=search_term_string\"}],\"inLanguage\":\"es\"},{\"@type\":\"ImageObject\",\"@id\":\"https:\/\/foreroagro.com\/tienda\/producto\/analisis-de-suelo-completo\/#primaryimage\",\"inLanguage\":\"es\",\"url\":\"https:\/\/foreroagro.com\/tienda\/wp-content\/uploads\/2019\/01\/analisis-de-tierra-completo.jpg\",\"contentUrl\":\"https:\/\/foreroagro.com\/tienda\/wp-content\/uploads\/2019\/01\/analisis-de-tierra-completo.jpg\",\"width\":1024,\"height\":1024},{\"@type\":\"WebPage\",\"@id\":\"https:\/\/foreroagro.com\/tienda\/producto\/analisis-de-suelo-completo\/#webpage\",\"url\":\"https:\/\/foreroagro.com\/tienda\/producto\/analisis-de-suelo-completo\/\",\"name\":\"AN\\u00c1LISIS DE SUELO COMPLETO - Foreroagro\",\"isPartOf\":{\"@id\":\"https:\/\/foreroagro.com\/tienda\/#website\"},\"primaryImageOfPage\":{\"@id\":\"https:\/\/foreroagro.com\/tienda\/producto\/analisis-de-suelo-completo\/#primaryimage\"},\"datePublished\":\"2019-01-21T18:53:59+00:00\",\"dateModified\":\"2022-09-14T10:59:17+00:00\",\"breadcrumb\":{\"@id\":\"https:\/\/foreroagro.com\/tienda\/producto\/analisis-de-suelo-completo\/#breadcrumb\"},\"inLanguage\":\"es\",\"potentialAction\":[{\"@type\":\"ReadAction\",\"target\":[\"https:\/\/foreroagro.com\/tienda\/producto\/analisis-de-suelo-completo\/\"]}]},{\"@type\":\"BreadcrumbList\",\"@id\":\"https:\/\/foreroagro.com\/tienda\/producto\/analisis-de-suelo-completo\/#breadcrumb\",\"itemListElement\":[{\"@type\":\"ListItem\",\"position\":1,\"name\":\"Portada\",\"item\":\"https:\/\/foreroagro.com\/tienda\/\"},{\"@type\":\"ListItem\",\"position\":2,\"name\":\"Tienda\",\"item\":\"https:\/\/foreroagro.com\/tienda\/\"},{\"@type\":\"ListItem\",\"position\":3,\"name\":\"AN\\u00c1LISIS DE SUELO COMPLETO\"}]}]}<\/script>\n<!-- \/ Yoast SEO plugin. -->","yoast_head_json":{"title":"AN\u00c1LISIS DE SUELO COMPLETO - Foreroagro","robots":{"index":"index","follow":"follow","max-snippet":"max-snippet:-1","max-image-preview":"max-image-preview:large","max-video-preview":"max-video-preview:-1"},"canonical":"https:\/\/foreroagro.com\/tienda\/producto\/analisis-de-suelo-completo\/","og_locale":"es_ES","og_type":"article","og_title":"AN\u00c1LISIS DE SUELO COMPLETO - Foreroagro","og_description":"Analisis Suelo Completo. Se Realiza un an\u00e1lisis completo de todos los nutrientes. Textura, pH, Nitr\u00f3geno(N), F\u00f3sforo(P), M.org\u00e1nica, Sodio(Na), Potasio(K), Magnesio(Mg), Calcio(Ca), Hierro(Fe), Cobre(Cu), Manganeso( Mn) yZinc( Zn).","og_url":"https:\/\/foreroagro.com\/tienda\/producto\/analisis-de-suelo-completo\/","og_site_name":"Foreroagro","article_modified_time":"2022-09-14T10:59:17+00:00","og_image":[{"width":1024,"height":1024,"url":"https:\/\/foreroagro.com\/tienda\/wp-content\/uploads\/2019\/01\/analisis-de-tierra-completo.jpg","type":"image\/jpeg"}],"twitter_card":"summary_large_image","twitter_misc":{"Tiempo de lectura":"1 minuto"},"schema":{"@context":"https:\/\/schema.org","@graph":[{"@type":"Organization","@id":"https:\/\/foreroagro.com\/tienda\/#organization","name":"Foreroagro S.L.","url":"https:\/\/foreroagro.com\/tienda\/","sameAs":[],"logo":{"@type":"ImageObject","@id":"https:\/\/foreroagro.com\/tienda\/#logo","inLanguage":"es","url":"https:\/\/foreroagro.com\/tienda\/wp-content\/uploads\/2018\/05\/Logo-foreroagro-e1527273021153.png","contentUrl":"https:\/\/foreroagro.com\/tienda\/wp-content\/uploads\/2018\/05\/Logo-foreroagro-e1527273021153.png","width":80,"height":80,"caption":"Foreroagro S.L."},"image":{"@id":"https:\/\/foreroagro.com\/tienda\/#logo"}},{"@type":"WebSite","@id":"https:\/\/foreroagro.com\/tienda\/#website","url":"https:\/\/foreroagro.com\/tienda\/","name":"Foreroagro","description":"Soluciones agr\u00edcolas online","publisher":{"@id":"https:\/\/foreroagro.com\/tienda\/#organization"},"potentialAction":[{"@type":"SearchAction","target":{"@type":"EntryPoint","urlTemplate":"https:\/\/foreroagro.com\/tienda\/?s={search_term_string}"},"query-input":"required name=search_term_string"}],"inLanguage":"es"},{"@type":"ImageObject","@id":"https:\/\/foreroagro.com\/tienda\/producto\/analisis-de-suelo-completo\/#primaryimage","inLanguage":"es","url":"https:\/\/foreroagro.com\/tienda\/wp-content\/uploads\/2019\/01\/analisis-de-tierra-completo.jpg","contentUrl":"https:\/\/foreroagro.com\/tienda\/wp-content\/uploads\/2019\/01\/analisis-de-tierra-completo.jpg","width":1024,"height":1024},{"@type":"WebPage","@id":"https:\/\/foreroagro.com\/tienda\/producto\/analisis-de-suelo-completo\/#webpage","url":"https:\/\/foreroagro.com\/tienda\/producto\/analisis-de-suelo-completo\/","name":"AN\u00c1LISIS DE SUELO COMPLETO - Foreroagro","isPartOf":{"@id":"https:\/\/foreroagro.com\/tienda\/#website"},"primaryImageOfPage":{"@id":"https:\/\/foreroagro.com\/tienda\/producto\/analisis-de-suelo-completo\/#primaryimage"},"datePublished":"2019-01-21T18:53:59+00:00","dateModified":"2022-09-14T10:59:17+00:00","breadcrumb":{"@id":"https:\/\/foreroagro.com\/tienda\/producto\/analisis-de-suelo-completo\/#breadcrumb"},"inLanguage":"es","potentialAction":[{"@type":"ReadAction","target":["https:\/\/foreroagro.com\/tienda\/producto\/analisis-de-suelo-completo\/"]}]},{"@type":"BreadcrumbList","@id":"https:\/\/foreroagro.com\/tienda\/producto\/analisis-de-suelo-completo\/#breadcrumb","itemListElement":[{"@type":"ListItem","position":1,"name":"Portada","item":"https:\/\/foreroagro.com\/tienda\/"},{"@type":"ListItem","position":2,"name":"Tienda","item":"https:\/\/foreroagro.com\/tienda\/"},{"@type":"ListItem","position":3,"name":"AN\u00c1LISIS DE SUELO COMPLETO"}]}]}},"_links":{"self":[{"href":"https:\/\/foreroagro.com\/tienda\/wp-json\/wp\/v2\/product\/3125"}],"collection":[{"href":"https:\/\/foreroagro.com\/tienda\/wp-json\/wp\/v2\/product"}],"about":[{"href":"https:\/\/foreroagro.com\/tienda\/wp-json\/wp\/v2\/types\/product"}],"wp:featuredmedia":[{"embeddable":true,"href":"https:\/\/foreroagro.com\/tienda\/wp-json\/wp\/v2\/media\/3126"}],"wp:attachment":[{"href":"https:\/\/foreroagro.com\/tienda\/wp-json\/wp\/v2\/media?parent=3125"}],"wp:term":[{"taxonomy":"product_cat","embeddable":true,"href":"https:\/\/foreroagro.com\/tienda\/wp-json\/wp\/v2\/product_cat?post=3125"},{"taxonomy":"product_tag","embeddable":true,"href":"https:\/\/foreroagro.com\/tienda\/wp-json\/wp\/v2\/product_tag?post=3125"}],"curies":[{"name":"wp","href":"https:\/\/api.w.org\/{rel}","templated":true}]}}