{"id":3139,"date":"2019-01-22T08:16:06","date_gmt":"2019-01-22T08:16:06","guid":{"rendered":"https:\/\/abicoca.com\/foreroagro\/tienda\/?post_type=product&#038;p=3139"},"modified":"2022-09-14T10:59:16","modified_gmt":"2022-09-14T10:59:16","slug":"analisis-agua-de-riego","status":"publish","type":"product","link":"https:\/\/foreroagro.com\/tienda\/producto\/analisis-agua-de-riego\/","title":{"rendered":"AN\u00c1LISIS AGUA DE RIEGO"},"content":{"rendered":"<h4>Para qu\u00e9 se utiliza el an\u00e1lisis de agua de riego.<\/h4>\n<p>El an\u00e1lisis de agua de riego es una herramienta necesaria para diagnosticar las cualidades del agua con el que vamos a regar los cultivos,\u00a0 es la base para un correcto plan de abonado.<br \/>\nCon ello podemos condicionar la elecci\u00f3n del cultivo, la variedad o el patr\u00f3n.<br \/>\nEs el factor fundamental a aportar al cultivo junto con los fertilizantes, por lo tanto adaptar los nutrientes necesarios para el cultivo es una tarea donde el agua de riego es un valor fundamental para conocer su composici\u00f3n, asi se puede hacer un plan de abonado especifico a las necesidades, aportando a la planta solo lo que necesita, evitando derroches y bloqueos nutricionales al cultivo.<br \/>\nEs la manera mas sencilla de economizar en el abonado y tener la maxima rentabilidad en el cultivo.<\/p>\n","protected":false},"excerpt":{"rendered":"<h3>Analisis Agua de Riego.<\/h3>\n<p>Donde se analizan los siguientes factores.<br \/>\nPh, Conductividad, Carbonatos, Bicarbonatos, Dureza, Amonio, Cloruros, Nitratos, Sulfatos, Calcio, Sodio, Potasio, Magnesio<\/p>\n","protected":false},"featured_media":3142,"template":"","meta":[],"product_cat":[116,117,230,233,86,243],"product_tag":[],"yoast_head":"<!-- This site is optimized with the Yoast SEO plugin v17.5 - https:\/\/yoast.com\/wordpress\/plugins\/seo\/ -->\n<title>AN\u00c1LISIS AGUA DE RIEGO - Foreroagro<\/title>\n<meta name=\"robots\" content=\"index, follow, max-snippet:-1, max-image-preview:large, max-video-preview:-1\" \/>\n<link rel=\"canonical\" href=\"https:\/\/foreroagro.com\/tienda\/producto\/analisis-agua-de-riego\/\" \/>\n<meta property=\"og:locale\" content=\"es_ES\" \/>\n<meta property=\"og:type\" content=\"article\" \/>\n<meta property=\"og:title\" content=\"AN\u00c1LISIS AGUA DE RIEGO - Foreroagro\" \/>\n<meta property=\"og:description\" content=\"Analisis Agua de Riego. Donde se analizan los siguientes factores. Ph, Conductividad, Carbonatos, Bicarbonatos, Dureza, Amonio, Cloruros, Nitratos, Sulfatos, Calcio, Sodio, Potasio, Magnesio\" \/>\n<meta property=\"og:url\" content=\"https:\/\/foreroagro.com\/tienda\/producto\/analisis-agua-de-riego\/\" \/>\n<meta property=\"og:site_name\" content=\"Foreroagro\" \/>\n<meta property=\"article:modified_time\" content=\"2022-09-14T10:59:16+00:00\" \/>\n<meta property=\"og:image\" content=\"https:\/\/foreroagro.com\/tienda\/wp-content\/uploads\/2019\/01\/analisi-de-agua.jpg\" \/>\n\t<meta property=\"og:image:width\" content=\"1024\" \/>\n\t<meta property=\"og:image:height\" content=\"1024\" \/>\n<meta name=\"twitter:card\" content=\"summary_large_image\" \/>\n<meta name=\"twitter:label1\" content=\"Tiempo de lectura\" \/>\n\t<meta name=\"twitter:data1\" content=\"1 minuto\" \/>\n<script type=\"application\/ld+json\" class=\"yoast-schema-graph\">{\"@context\":\"https:\/\/schema.org\",\"@graph\":[{\"@type\":\"Organization\",\"@id\":\"https:\/\/foreroagro.com\/tienda\/#organization\",\"name\":\"Foreroagro S.L.\",\"url\":\"https:\/\/foreroagro.com\/tienda\/\",\"sameAs\":[],\"logo\":{\"@type\":\"ImageObject\",\"@id\":\"https:\/\/foreroagro.com\/tienda\/#logo\",\"inLanguage\":\"es\",\"url\":\"https:\/\/foreroagro.com\/tienda\/wp-content\/uploads\/2018\/05\/Logo-foreroagro-e1527273021153.png\",\"contentUrl\":\"https:\/\/foreroagro.com\/tienda\/wp-content\/uploads\/2018\/05\/Logo-foreroagro-e1527273021153.png\",\"width\":80,\"height\":80,\"caption\":\"Foreroagro S.L.\"},\"image\":{\"@id\":\"https:\/\/foreroagro.com\/tienda\/#logo\"}},{\"@type\":\"WebSite\",\"@id\":\"https:\/\/foreroagro.com\/tienda\/#website\",\"url\":\"https:\/\/foreroagro.com\/tienda\/\",\"name\":\"Foreroagro\",\"description\":\"Soluciones agr\\u00edcolas online\",\"publisher\":{\"@id\":\"https:\/\/foreroagro.com\/tienda\/#organization\"},\"potentialAction\":[{\"@type\":\"SearchAction\",\"target\":{\"@type\":\"EntryPoint\",\"urlTemplate\":\"https:\/\/foreroagro.com\/tienda\/?s={search_term_string}\"},\"query-input\":\"required name=search_term_string\"}],\"inLanguage\":\"es\"},{\"@type\":\"ImageObject\",\"@id\":\"https:\/\/foreroagro.com\/tienda\/producto\/analisis-agua-de-riego\/#primaryimage\",\"inLanguage\":\"es\",\"url\":\"https:\/\/foreroagro.com\/tienda\/wp-content\/uploads\/2019\/01\/analisi-de-agua.jpg\",\"contentUrl\":\"https:\/\/foreroagro.com\/tienda\/wp-content\/uploads\/2019\/01\/analisi-de-agua.jpg\",\"width\":1024,\"height\":1024},{\"@type\":\"WebPage\",\"@id\":\"https:\/\/foreroagro.com\/tienda\/producto\/analisis-agua-de-riego\/#webpage\",\"url\":\"https:\/\/foreroagro.com\/tienda\/producto\/analisis-agua-de-riego\/\",\"name\":\"AN\\u00c1LISIS AGUA DE RIEGO - Foreroagro\",\"isPartOf\":{\"@id\":\"https:\/\/foreroagro.com\/tienda\/#website\"},\"primaryImageOfPage\":{\"@id\":\"https:\/\/foreroagro.com\/tienda\/producto\/analisis-agua-de-riego\/#primaryimage\"},\"datePublished\":\"2019-01-22T08:16:06+00:00\",\"dateModified\":\"2022-09-14T10:59:16+00:00\",\"breadcrumb\":{\"@id\":\"https:\/\/foreroagro.com\/tienda\/producto\/analisis-agua-de-riego\/#breadcrumb\"},\"inLanguage\":\"es\",\"potentialAction\":[{\"@type\":\"ReadAction\",\"target\":[\"https:\/\/foreroagro.com\/tienda\/producto\/analisis-agua-de-riego\/\"]}]},{\"@type\":\"BreadcrumbList\",\"@id\":\"https:\/\/foreroagro.com\/tienda\/producto\/analisis-agua-de-riego\/#breadcrumb\",\"itemListElement\":[{\"@type\":\"ListItem\",\"position\":1,\"name\":\"Portada\",\"item\":\"https:\/\/foreroagro.com\/tienda\/\"},{\"@type\":\"ListItem\",\"position\":2,\"name\":\"Tienda\",\"item\":\"https:\/\/foreroagro.com\/tienda\/\"},{\"@type\":\"ListItem\",\"position\":3,\"name\":\"AN\\u00c1LISIS AGUA DE RIEGO\"}]}]}<\/script>\n<!-- \/ Yoast SEO plugin. -->","yoast_head_json":{"title":"AN\u00c1LISIS AGUA DE RIEGO - Foreroagro","robots":{"index":"index","follow":"follow","max-snippet":"max-snippet:-1","max-image-preview":"max-image-preview:large","max-video-preview":"max-video-preview:-1"},"canonical":"https:\/\/foreroagro.com\/tienda\/producto\/analisis-agua-de-riego\/","og_locale":"es_ES","og_type":"article","og_title":"AN\u00c1LISIS AGUA DE RIEGO - Foreroagro","og_description":"Analisis Agua de Riego. Donde se analizan los siguientes factores. Ph, Conductividad, Carbonatos, Bicarbonatos, Dureza, Amonio, Cloruros, Nitratos, Sulfatos, Calcio, Sodio, Potasio, Magnesio","og_url":"https:\/\/foreroagro.com\/tienda\/producto\/analisis-agua-de-riego\/","og_site_name":"Foreroagro","article_modified_time":"2022-09-14T10:59:16+00:00","og_image":[{"width":1024,"height":1024,"url":"https:\/\/foreroagro.com\/tienda\/wp-content\/uploads\/2019\/01\/analisi-de-agua.jpg","type":"image\/jpeg"}],"twitter_card":"summary_large_image","twitter_misc":{"Tiempo de lectura":"1 minuto"},"schema":{"@context":"https:\/\/schema.org","@graph":[{"@type":"Organization","@id":"https:\/\/foreroagro.com\/tienda\/#organization","name":"Foreroagro S.L.","url":"https:\/\/foreroagro.com\/tienda\/","sameAs":[],"logo":{"@type":"ImageObject","@id":"https:\/\/foreroagro.com\/tienda\/#logo","inLanguage":"es","url":"https:\/\/foreroagro.com\/tienda\/wp-content\/uploads\/2018\/05\/Logo-foreroagro-e1527273021153.png","contentUrl":"https:\/\/foreroagro.com\/tienda\/wp-content\/uploads\/2018\/05\/Logo-foreroagro-e1527273021153.png","width":80,"height":80,"caption":"Foreroagro S.L."},"image":{"@id":"https:\/\/foreroagro.com\/tienda\/#logo"}},{"@type":"WebSite","@id":"https:\/\/foreroagro.com\/tienda\/#website","url":"https:\/\/foreroagro.com\/tienda\/","name":"Foreroagro","description":"Soluciones agr\u00edcolas online","publisher":{"@id":"https:\/\/foreroagro.com\/tienda\/#organization"},"potentialAction":[{"@type":"SearchAction","target":{"@type":"EntryPoint","urlTemplate":"https:\/\/foreroagro.com\/tienda\/?s={search_term_string}"},"query-input":"required name=search_term_string"}],"inLanguage":"es"},{"@type":"ImageObject","@id":"https:\/\/foreroagro.com\/tienda\/producto\/analisis-agua-de-riego\/#primaryimage","inLanguage":"es","url":"https:\/\/foreroagro.com\/tienda\/wp-content\/uploads\/2019\/01\/analisi-de-agua.jpg","contentUrl":"https:\/\/foreroagro.com\/tienda\/wp-content\/uploads\/2019\/01\/analisi-de-agua.jpg","width":1024,"height":1024},{"@type":"WebPage","@id":"https:\/\/foreroagro.com\/tienda\/producto\/analisis-agua-de-riego\/#webpage","url":"https:\/\/foreroagro.com\/tienda\/producto\/analisis-agua-de-riego\/","name":"AN\u00c1LISIS AGUA DE RIEGO - Foreroagro","isPartOf":{"@id":"https:\/\/foreroagro.com\/tienda\/#website"},"primaryImageOfPage":{"@id":"https:\/\/foreroagro.com\/tienda\/producto\/analisis-agua-de-riego\/#primaryimage"},"datePublished":"2019-01-22T08:16:06+00:00","dateModified":"2022-09-14T10:59:16+00:00","breadcrumb":{"@id":"https:\/\/foreroagro.com\/tienda\/producto\/analisis-agua-de-riego\/#breadcrumb"},"inLanguage":"es","potentialAction":[{"@type":"ReadAction","target":["https:\/\/foreroagro.com\/tienda\/producto\/analisis-agua-de-riego\/"]}]},{"@type":"BreadcrumbList","@id":"https:\/\/foreroagro.com\/tienda\/producto\/analisis-agua-de-riego\/#breadcrumb","itemListElement":[{"@type":"ListItem","position":1,"name":"Portada","item":"https:\/\/foreroagro.com\/tienda\/"},{"@type":"ListItem","position":2,"name":"Tienda","item":"https:\/\/foreroagro.com\/tienda\/"},{"@type":"ListItem","position":3,"name":"AN\u00c1LISIS AGUA DE RIEGO"}]}]}},"_links":{"self":[{"href":"https:\/\/foreroagro.com\/tienda\/wp-json\/wp\/v2\/product\/3139"}],"collection":[{"href":"https:\/\/foreroagro.com\/tienda\/wp-json\/wp\/v2\/product"}],"about":[{"href":"https:\/\/foreroagro.com\/tienda\/wp-json\/wp\/v2\/types\/product"}],"wp:featuredmedia":[{"embeddable":true,"href":"https:\/\/foreroagro.com\/tienda\/wp-json\/wp\/v2\/media\/3142"}],"wp:attachment":[{"href":"https:\/\/foreroagro.com\/tienda\/wp-json\/wp\/v2\/media?parent=3139"}],"wp:term":[{"taxonomy":"product_cat","embeddable":true,"href":"https:\/\/foreroagro.com\/tienda\/wp-json\/wp\/v2\/product_cat?post=3139"},{"taxonomy":"product_tag","embeddable":true,"href":"https:\/\/foreroagro.com\/tienda\/wp-json\/wp\/v2\/product_tag?post=3139"}],"curies":[{"name":"wp","href":"https:\/\/api.w.org\/{rel}","templated":true}]}}