{"id":3271,"date":"2019-01-24T10:09:07","date_gmt":"2019-01-24T10:09:07","guid":{"rendered":"https:\/\/foreroagro.com\/tienda\/?post_type=product&#038;p=3271"},"modified":"2022-09-14T10:59:14","modified_gmt":"2022-09-14T10:59:14","slug":"fores-bio-bioestimulante-natural-vegetal","status":"publish","type":"product","link":"https:\/\/foreroagro.com\/tienda\/producto\/fores-bio-bioestimulante-natural-vegetal\/","title":{"rendered":"FOR@ES-BIO"},"content":{"rendered":"<h4>BIOESTIMULANTE Natural Vegetal.<\/h4>\n<p>Por su alto contenido en amino\u00e1cidos, con un aminograma muy completo que nos aporta una bioestimulaci\u00f3n y biofertilizaci\u00f3n equilibrada y vers\u00e1til,\u00a0 se incrementa la asimilaci\u00f3n y absorci\u00f3n de nutrientes v\u00eda foliar, mejorando la resistencia de los cultivos frente a condiciones adversas.<\/p>\n<p>Con el aporte en materia org\u00e1nica conseguimos combatir el desgaste de suelos recuperando la microflora, desbloqueando micros y macroelementos as\u00ed como mejorando la capacidad de intercambio cati\u00f3nico, favoreciendo la absorci\u00f3n de nutrientes por parte de la planta.<\/p>\n<p>Dosis:<\/p>\n<ul>\n<li>En fertirrigaci\u00f3n: 5 a 7 litros\/ha.<\/li>\n<li>Foliar: 2-4 cc\/l.<\/li>\n<\/ul>\n<p>La absorci\u00f3n tanto foliar como radicular es muy buena, por lo que se realizar\u00e1 una aplicaci\u00f3n u otra en funci\u00f3n del \u00f3rgano de la planta a favorecer.<\/p>\n<p>Ejemplos:<\/p>\n<ul>\n<li>Tras granizada. Favorece la recuperaci\u00f3n de la planta, favoreciendo la activaci\u00f3n de defensas naturales, e incrementando el crecimiento.<\/li>\n<li>Tras heladas, que afectan al cultivo y lo paran o ralentizan. Favorece la activaci\u00f3n del sistema metab\u00f3lico, activando a la planta y ayud\u00e1ndola a ponerse en funcionamiento de nuevo.<\/li>\n<li>En periodos de sequ\u00eda, golpes de calor o encharcamiento. Aumenta los sistemas naturales de defensa del vegetal ante las condiciones adversas.<\/li>\n<li>En el momento del trasplante, cuando la planta sufre un estr\u00e9s severo ante el cambio de condiciones.<\/li>\n<li>En primeros riegos tras siembra. Favorece la germinaci\u00f3n, incrementando la nascencia y adelantando el crecimiento en los primeros estad\u00edos de desarrollo.<\/li>\n<li>Tras ataque de plagas o enfermedades. Activa el metabolismo de la planta, la absorci\u00f3n de nitr\u00f3geno y los mecanismos naturales de defensa.<\/li>\n<li>En momentos de estr\u00e9s vegetativos, en los que la planta necesita un aporte extra de energ\u00eda, como en la brotaci\u00f3n, floraci\u00f3n, cuajado, o tras aclareo en frutales.<\/li>\n<\/ul>\n<p>&nbsp;<\/p>\n<p>&nbsp;<\/p>\n<p>&nbsp;<\/p>\n","protected":false},"excerpt":{"rendered":"<h3>BIOESTIMULANTE.<\/h3>\n<p>FOR@ES-BIO es un bioactivador natural vegetal a base de Amino\u00e1cidos libres, materia org\u00e1nica y extracto h\u00famico.\u00a0\u00a0 Autorizado en ecol\u00f3gico<\/p>\n<p>Mejora la situaci\u00f3n de respuesta de la planta en momentos de estr\u00e9s, potencia la formaci\u00f3n del sistema radicular y promueve mayor brotaci\u00f3n y verdor de las plantas.<\/p>\n<p>Beneficios:<\/p>\n<ul>\n<li>Aporta al cultivo una r\u00e1pida respuesta ante el estr\u00e9s, aportando vigor, energ\u00eda y r\u00e1pido crecimiento.<\/li>\n<li>Aumenta la calidad del fruto, favoreciendo el cuajado.<\/li>\n<li>Mejora la estructura f\u00edsico-qu\u00edmica y microbiol\u00f3gica del suelo.<\/li>\n<\/ul>\n<p>Se recomienda su aplicaci\u00f3n en momentos en el que el vegetal est\u00e9 sufriendo condiciones clim\u00e1ticas adversas (tras heladas, granizadas, o altas temperaturas), o en momentos de estr\u00e9s vegetativo (tras ataque de plagas o enfermedades, en trasplante, inicio de brotaci\u00f3n, cuajado o tras aclareo). Tambi\u00e9n favorece la germinaci\u00f3n de la semilla, por lo que se recomienda utilizarla con los primeros riegos tras siembra.<\/p>\n","protected":false},"featured_media":9403,"template":"","meta":[],"product_cat":[115,35,37,38,39,285,89,90],"product_tag":[],"yoast_head":"<!-- This site is optimized with the Yoast SEO plugin v17.5 - https:\/\/yoast.com\/wordpress\/plugins\/seo\/ -->\n<title>FOR@ES-BIO- Foreroagro BIOESTIMULANTE Natural Vegetal<\/title>\n<meta name=\"description\" content=\"FOR@ES-BIO es un BIOESTIMULANTE natural vegetal a base de Amino\u00e1cidos libres, materia org\u00e1nica y extracto h\u00famico.\u00a0\u00a0 Autorizado en ecol\u00f3gico\" \/>\n<meta name=\"robots\" content=\"index, follow, max-snippet:-1, max-image-preview:large, max-video-preview:-1\" \/>\n<link rel=\"canonical\" href=\"https:\/\/foreroagro.com\/tienda\/producto\/fores-bio-bioestimulante-natural-vegetal\/\" \/>\n<meta property=\"og:locale\" content=\"es_ES\" \/>\n<meta property=\"og:type\" content=\"article\" \/>\n<meta property=\"og:title\" content=\"FOR@ES-BIO- Foreroagro BIOESTIMULANTE Natural Vegetal\" \/>\n<meta property=\"og:description\" content=\"FOR@ES-BIO es un BIOESTIMULANTE natural vegetal a base de Amino\u00e1cidos libres, materia org\u00e1nica y extracto h\u00famico.\u00a0\u00a0 Autorizado en ecol\u00f3gico\" \/>\n<meta property=\"og:url\" content=\"https:\/\/foreroagro.com\/tienda\/producto\/fores-bio-bioestimulante-natural-vegetal\/\" \/>\n<meta property=\"og:site_name\" content=\"Foreroagro\" \/>\n<meta property=\"article:modified_time\" content=\"2022-09-14T10:59:14+00:00\" \/>\n<meta property=\"og:image\" content=\"https:\/\/foreroagro.com\/tienda\/wp-content\/uploads\/2019\/01\/fertilizante-bioestimulante-for@es-bio.jpg\" \/>\n\t<meta property=\"og:image:width\" content=\"569\" \/>\n\t<meta property=\"og:image:height\" content=\"569\" \/>\n<meta name=\"twitter:card\" content=\"summary_large_image\" \/>\n<meta name=\"twitter:label1\" content=\"Tiempo de lectura\" \/>\n\t<meta name=\"twitter:data1\" content=\"2 minutos\" \/>\n<script type=\"application\/ld+json\" class=\"yoast-schema-graph\">{\"@context\":\"https:\/\/schema.org\",\"@graph\":[{\"@type\":\"Organization\",\"@id\":\"https:\/\/foreroagro.com\/tienda\/#organization\",\"name\":\"Foreroagro S.L.\",\"url\":\"https:\/\/foreroagro.com\/tienda\/\",\"sameAs\":[],\"logo\":{\"@type\":\"ImageObject\",\"@id\":\"https:\/\/foreroagro.com\/tienda\/#logo\",\"inLanguage\":\"es\",\"url\":\"https:\/\/foreroagro.com\/tienda\/wp-content\/uploads\/2018\/05\/Logo-foreroagro-e1527273021153.png\",\"contentUrl\":\"https:\/\/foreroagro.com\/tienda\/wp-content\/uploads\/2018\/05\/Logo-foreroagro-e1527273021153.png\",\"width\":80,\"height\":80,\"caption\":\"Foreroagro S.L.\"},\"image\":{\"@id\":\"https:\/\/foreroagro.com\/tienda\/#logo\"}},{\"@type\":\"WebSite\",\"@id\":\"https:\/\/foreroagro.com\/tienda\/#website\",\"url\":\"https:\/\/foreroagro.com\/tienda\/\",\"name\":\"Foreroagro\",\"description\":\"Soluciones agr\\u00edcolas online\",\"publisher\":{\"@id\":\"https:\/\/foreroagro.com\/tienda\/#organization\"},\"potentialAction\":[{\"@type\":\"SearchAction\",\"target\":{\"@type\":\"EntryPoint\",\"urlTemplate\":\"https:\/\/foreroagro.com\/tienda\/?s={search_term_string}\"},\"query-input\":\"required name=search_term_string\"}],\"inLanguage\":\"es\"},{\"@type\":\"ImageObject\",\"@id\":\"https:\/\/foreroagro.com\/tienda\/producto\/fores-bio-bioestimulante-natural-vegetal\/#primaryimage\",\"inLanguage\":\"es\",\"url\":\"https:\/\/foreroagro.com\/tienda\/wp-content\/uploads\/2019\/01\/fertilizante-bioestimulante-for@es-bio.jpg\",\"contentUrl\":\"https:\/\/foreroagro.com\/tienda\/wp-content\/uploads\/2019\/01\/fertilizante-bioestimulante-for@es-bio.jpg\",\"width\":569,\"height\":569,\"caption\":\"FOR@ES-BIO BIOESTIMULANTE Natural Vegetal\"},{\"@type\":\"WebPage\",\"@id\":\"https:\/\/foreroagro.com\/tienda\/producto\/fores-bio-bioestimulante-natural-vegetal\/#webpage\",\"url\":\"https:\/\/foreroagro.com\/tienda\/producto\/fores-bio-bioestimulante-natural-vegetal\/\",\"name\":\"FOR@ES-BIO- Foreroagro BIOESTIMULANTE Natural Vegetal\",\"isPartOf\":{\"@id\":\"https:\/\/foreroagro.com\/tienda\/#website\"},\"primaryImageOfPage\":{\"@id\":\"https:\/\/foreroagro.com\/tienda\/producto\/fores-bio-bioestimulante-natural-vegetal\/#primaryimage\"},\"datePublished\":\"2019-01-24T10:09:07+00:00\",\"dateModified\":\"2022-09-14T10:59:14+00:00\",\"description\":\"FOR@ES-BIO es un BIOESTIMULANTE natural vegetal a base de Amino\\u00e1cidos libres, materia org\\u00e1nica y extracto h\\u00famico.\\u00a0\\u00a0 Autorizado en ecol\\u00f3gico\",\"breadcrumb\":{\"@id\":\"https:\/\/foreroagro.com\/tienda\/producto\/fores-bio-bioestimulante-natural-vegetal\/#breadcrumb\"},\"inLanguage\":\"es\",\"potentialAction\":[{\"@type\":\"ReadAction\",\"target\":[\"https:\/\/foreroagro.com\/tienda\/producto\/fores-bio-bioestimulante-natural-vegetal\/\"]}]},{\"@type\":\"BreadcrumbList\",\"@id\":\"https:\/\/foreroagro.com\/tienda\/producto\/fores-bio-bioestimulante-natural-vegetal\/#breadcrumb\",\"itemListElement\":[{\"@type\":\"ListItem\",\"position\":1,\"name\":\"Portada\",\"item\":\"https:\/\/foreroagro.com\/tienda\/\"},{\"@type\":\"ListItem\",\"position\":2,\"name\":\"Tienda\",\"item\":\"https:\/\/foreroagro.com\/tienda\/\"},{\"@type\":\"ListItem\",\"position\":3,\"name\":\"FOR@ES-BIO\"}]}]}<\/script>\n<!-- \/ Yoast SEO plugin. -->","yoast_head_json":{"title":"FOR@ES-BIO- Foreroagro BIOESTIMULANTE Natural Vegetal","description":"FOR@ES-BIO es un BIOESTIMULANTE natural vegetal a base de Amino\u00e1cidos libres, materia org\u00e1nica y extracto h\u00famico.\u00a0\u00a0 Autorizado en ecol\u00f3gico","robots":{"index":"index","follow":"follow","max-snippet":"max-snippet:-1","max-image-preview":"max-image-preview:large","max-video-preview":"max-video-preview:-1"},"canonical":"https:\/\/foreroagro.com\/tienda\/producto\/fores-bio-bioestimulante-natural-vegetal\/","og_locale":"es_ES","og_type":"article","og_title":"FOR@ES-BIO- Foreroagro BIOESTIMULANTE Natural Vegetal","og_description":"FOR@ES-BIO es un BIOESTIMULANTE natural vegetal a base de Amino\u00e1cidos libres, materia org\u00e1nica y extracto h\u00famico.\u00a0\u00a0 Autorizado en ecol\u00f3gico","og_url":"https:\/\/foreroagro.com\/tienda\/producto\/fores-bio-bioestimulante-natural-vegetal\/","og_site_name":"Foreroagro","article_modified_time":"2022-09-14T10:59:14+00:00","og_image":[{"width":569,"height":569,"url":"https:\/\/foreroagro.com\/tienda\/wp-content\/uploads\/2019\/01\/fertilizante-bioestimulante-for@es-bio.jpg","type":"image\/jpeg"}],"twitter_card":"summary_large_image","twitter_misc":{"Tiempo de lectura":"2 minutos"},"schema":{"@context":"https:\/\/schema.org","@graph":[{"@type":"Organization","@id":"https:\/\/foreroagro.com\/tienda\/#organization","name":"Foreroagro S.L.","url":"https:\/\/foreroagro.com\/tienda\/","sameAs":[],"logo":{"@type":"ImageObject","@id":"https:\/\/foreroagro.com\/tienda\/#logo","inLanguage":"es","url":"https:\/\/foreroagro.com\/tienda\/wp-content\/uploads\/2018\/05\/Logo-foreroagro-e1527273021153.png","contentUrl":"https:\/\/foreroagro.com\/tienda\/wp-content\/uploads\/2018\/05\/Logo-foreroagro-e1527273021153.png","width":80,"height":80,"caption":"Foreroagro S.L."},"image":{"@id":"https:\/\/foreroagro.com\/tienda\/#logo"}},{"@type":"WebSite","@id":"https:\/\/foreroagro.com\/tienda\/#website","url":"https:\/\/foreroagro.com\/tienda\/","name":"Foreroagro","description":"Soluciones agr\u00edcolas online","publisher":{"@id":"https:\/\/foreroagro.com\/tienda\/#organization"},"potentialAction":[{"@type":"SearchAction","target":{"@type":"EntryPoint","urlTemplate":"https:\/\/foreroagro.com\/tienda\/?s={search_term_string}"},"query-input":"required name=search_term_string"}],"inLanguage":"es"},{"@type":"ImageObject","@id":"https:\/\/foreroagro.com\/tienda\/producto\/fores-bio-bioestimulante-natural-vegetal\/#primaryimage","inLanguage":"es","url":"https:\/\/foreroagro.com\/tienda\/wp-content\/uploads\/2019\/01\/fertilizante-bioestimulante-for@es-bio.jpg","contentUrl":"https:\/\/foreroagro.com\/tienda\/wp-content\/uploads\/2019\/01\/fertilizante-bioestimulante-for@es-bio.jpg","width":569,"height":569,"caption":"FOR@ES-BIO BIOESTIMULANTE Natural Vegetal"},{"@type":"WebPage","@id":"https:\/\/foreroagro.com\/tienda\/producto\/fores-bio-bioestimulante-natural-vegetal\/#webpage","url":"https:\/\/foreroagro.com\/tienda\/producto\/fores-bio-bioestimulante-natural-vegetal\/","name":"FOR@ES-BIO- Foreroagro BIOESTIMULANTE Natural Vegetal","isPartOf":{"@id":"https:\/\/foreroagro.com\/tienda\/#website"},"primaryImageOfPage":{"@id":"https:\/\/foreroagro.com\/tienda\/producto\/fores-bio-bioestimulante-natural-vegetal\/#primaryimage"},"datePublished":"2019-01-24T10:09:07+00:00","dateModified":"2022-09-14T10:59:14+00:00","description":"FOR@ES-BIO es un BIOESTIMULANTE natural vegetal a base de Amino\u00e1cidos libres, materia org\u00e1nica y extracto h\u00famico.\u00a0\u00a0 Autorizado en ecol\u00f3gico","breadcrumb":{"@id":"https:\/\/foreroagro.com\/tienda\/producto\/fores-bio-bioestimulante-natural-vegetal\/#breadcrumb"},"inLanguage":"es","potentialAction":[{"@type":"ReadAction","target":["https:\/\/foreroagro.com\/tienda\/producto\/fores-bio-bioestimulante-natural-vegetal\/"]}]},{"@type":"BreadcrumbList","@id":"https:\/\/foreroagro.com\/tienda\/producto\/fores-bio-bioestimulante-natural-vegetal\/#breadcrumb","itemListElement":[{"@type":"ListItem","position":1,"name":"Portada","item":"https:\/\/foreroagro.com\/tienda\/"},{"@type":"ListItem","position":2,"name":"Tienda","item":"https:\/\/foreroagro.com\/tienda\/"},{"@type":"ListItem","position":3,"name":"FOR@ES-BIO"}]}]}},"_links":{"self":[{"href":"https:\/\/foreroagro.com\/tienda\/wp-json\/wp\/v2\/product\/3271"}],"collection":[{"href":"https:\/\/foreroagro.com\/tienda\/wp-json\/wp\/v2\/product"}],"about":[{"href":"https:\/\/foreroagro.com\/tienda\/wp-json\/wp\/v2\/types\/product"}],"wp:featuredmedia":[{"embeddable":true,"href":"https:\/\/foreroagro.com\/tienda\/wp-json\/wp\/v2\/media\/9403"}],"wp:attachment":[{"href":"https:\/\/foreroagro.com\/tienda\/wp-json\/wp\/v2\/media?parent=3271"}],"wp:term":[{"taxonomy":"product_cat","embeddable":true,"href":"https:\/\/foreroagro.com\/tienda\/wp-json\/wp\/v2\/product_cat?post=3271"},{"taxonomy":"product_tag","embeddable":true,"href":"https:\/\/foreroagro.com\/tienda\/wp-json\/wp\/v2\/product_tag?post=3271"}],"curies":[{"name":"wp","href":"https:\/\/api.w.org\/{rel}","templated":true}]}}