{"id":3273,"date":"2019-01-24T10:11:48","date_gmt":"2019-01-24T10:11:48","guid":{"rendered":"https:\/\/foreroagro.com\/tienda\/?post_type=product&#038;p=3273"},"modified":"2022-09-14T10:59:14","modified_gmt":"2022-09-14T10:59:14","slug":"forkkal-oxido-de-potasio-algas","status":"publish","type":"product","link":"https:\/\/foreroagro.com\/tienda\/producto\/forkkal-oxido-de-potasio-algas\/","title":{"rendered":"FOR@K-AL"},"content":{"rendered":"<h4>NUTRICI\u00d3N ECO.<\/h4>\n<p>FOR@K-AL aporta una mayor absorci\u00f3n y eficacia en su aplicaci\u00f3n adem\u00e1s de ayudar al cultivo en etapas como maduraci\u00f3n y engorde. Por su contenido en extracto de algas potenciamos los sistemas de defensa de la favoreciendo la inducci\u00f3n de fitohormonas naturales, as\u00ed como vitaminas, carbohidratos, beta\u00ednas, etc.<\/p>\n","protected":false},"excerpt":{"rendered":"<h3>FOR@K-AL<\/h3>\n<p>Es una soluci\u00f3n pot\u00e1sica de origen natural con un alto contenido en potasio org\u00e1nico y extracto de algas Ascophyllum Nodosum por lo que su uso puede ser aplicado tanto en agricultura convencional como ecol\u00f3gica.<\/p>\n","protected":false},"featured_media":9416,"template":"","meta":[],"product_cat":[115,35,37,38,39,286,89],"product_tag":[323],"yoast_head":"<!-- This site is optimized with the Yoast SEO plugin v17.5 - https:\/\/yoast.com\/wordpress\/plugins\/seo\/ -->\n<title>FOR@K-AL - Foreroagro - \u00d3xido de Potasio con Extracto de Algas<\/title>\n<meta name=\"description\" content=\"FOR@K-AL Es \u00d3xido de Potasio con Extracto de Algas de origen natural con un alto contenido en potasio org\u00e1nico uso autorizado en agricultura ecol\u00f3gica\" \/>\n<meta name=\"robots\" content=\"index, follow, max-snippet:-1, max-image-preview:large, max-video-preview:-1\" \/>\n<link rel=\"canonical\" href=\"https:\/\/foreroagro.com\/tienda\/producto\/forkkal-oxido-de-potasio-algas\/\" \/>\n<meta property=\"og:locale\" content=\"es_ES\" \/>\n<meta property=\"og:type\" content=\"article\" \/>\n<meta property=\"og:title\" content=\"FOR@K-AL - Foreroagro - \u00d3xido de Potasio con Extracto de Algas\" \/>\n<meta property=\"og:description\" content=\"FOR@K-AL Es \u00d3xido de Potasio con Extracto de Algas de origen natural con un alto contenido en potasio org\u00e1nico uso autorizado en agricultura ecol\u00f3gica\" \/>\n<meta property=\"og:url\" content=\"https:\/\/foreroagro.com\/tienda\/producto\/forkkal-oxido-de-potasio-algas\/\" \/>\n<meta property=\"og:site_name\" content=\"Foreroagro\" \/>\n<meta property=\"article:modified_time\" content=\"2022-09-14T10:59:14+00:00\" \/>\n<meta property=\"og:image\" content=\"https:\/\/foreroagro.com\/tienda\/wp-content\/uploads\/2019\/01\/fertilizante-for@k-al.jpg\" \/>\n\t<meta property=\"og:image:width\" content=\"569\" \/>\n\t<meta property=\"og:image:height\" content=\"569\" \/>\n<meta name=\"twitter:card\" content=\"summary_large_image\" \/>\n<script type=\"application\/ld+json\" class=\"yoast-schema-graph\">{\"@context\":\"https:\/\/schema.org\",\"@graph\":[{\"@type\":\"Organization\",\"@id\":\"https:\/\/foreroagro.com\/tienda\/#organization\",\"name\":\"Foreroagro S.L.\",\"url\":\"https:\/\/foreroagro.com\/tienda\/\",\"sameAs\":[],\"logo\":{\"@type\":\"ImageObject\",\"@id\":\"https:\/\/foreroagro.com\/tienda\/#logo\",\"inLanguage\":\"es\",\"url\":\"https:\/\/foreroagro.com\/tienda\/wp-content\/uploads\/2018\/05\/Logo-foreroagro-e1527273021153.png\",\"contentUrl\":\"https:\/\/foreroagro.com\/tienda\/wp-content\/uploads\/2018\/05\/Logo-foreroagro-e1527273021153.png\",\"width\":80,\"height\":80,\"caption\":\"Foreroagro S.L.\"},\"image\":{\"@id\":\"https:\/\/foreroagro.com\/tienda\/#logo\"}},{\"@type\":\"WebSite\",\"@id\":\"https:\/\/foreroagro.com\/tienda\/#website\",\"url\":\"https:\/\/foreroagro.com\/tienda\/\",\"name\":\"Foreroagro\",\"description\":\"Soluciones agr\\u00edcolas online\",\"publisher\":{\"@id\":\"https:\/\/foreroagro.com\/tienda\/#organization\"},\"potentialAction\":[{\"@type\":\"SearchAction\",\"target\":{\"@type\":\"EntryPoint\",\"urlTemplate\":\"https:\/\/foreroagro.com\/tienda\/?s={search_term_string}\"},\"query-input\":\"required name=search_term_string\"}],\"inLanguage\":\"es\"},{\"@type\":\"ImageObject\",\"@id\":\"https:\/\/foreroagro.com\/tienda\/producto\/forkkal-oxido-de-potasio-algas\/#primaryimage\",\"inLanguage\":\"es\",\"url\":\"https:\/\/foreroagro.com\/tienda\/wp-content\/uploads\/2019\/01\/fertilizante-for@k-al.jpg\",\"contentUrl\":\"https:\/\/foreroagro.com\/tienda\/wp-content\/uploads\/2019\/01\/fertilizante-for@k-al.jpg\",\"width\":569,\"height\":569},{\"@type\":\"WebPage\",\"@id\":\"https:\/\/foreroagro.com\/tienda\/producto\/forkkal-oxido-de-potasio-algas\/#webpage\",\"url\":\"https:\/\/foreroagro.com\/tienda\/producto\/forkkal-oxido-de-potasio-algas\/\",\"name\":\"FOR@K-AL - Foreroagro - \\u00d3xido de Potasio con Extracto de Algas\",\"isPartOf\":{\"@id\":\"https:\/\/foreroagro.com\/tienda\/#website\"},\"primaryImageOfPage\":{\"@id\":\"https:\/\/foreroagro.com\/tienda\/producto\/forkkal-oxido-de-potasio-algas\/#primaryimage\"},\"datePublished\":\"2019-01-24T10:11:48+00:00\",\"dateModified\":\"2022-09-14T10:59:14+00:00\",\"description\":\"FOR@K-AL Es \\u00d3xido de Potasio con Extracto de Algas de origen natural con un alto contenido en potasio org\\u00e1nico uso autorizado en agricultura ecol\\u00f3gica\",\"breadcrumb\":{\"@id\":\"https:\/\/foreroagro.com\/tienda\/producto\/forkkal-oxido-de-potasio-algas\/#breadcrumb\"},\"inLanguage\":\"es\",\"potentialAction\":[{\"@type\":\"ReadAction\",\"target\":[\"https:\/\/foreroagro.com\/tienda\/producto\/forkkal-oxido-de-potasio-algas\/\"]}]},{\"@type\":\"BreadcrumbList\",\"@id\":\"https:\/\/foreroagro.com\/tienda\/producto\/forkkal-oxido-de-potasio-algas\/#breadcrumb\",\"itemListElement\":[{\"@type\":\"ListItem\",\"position\":1,\"name\":\"Portada\",\"item\":\"https:\/\/foreroagro.com\/tienda\/\"},{\"@type\":\"ListItem\",\"position\":2,\"name\":\"Tienda\",\"item\":\"https:\/\/foreroagro.com\/tienda\/\"},{\"@type\":\"ListItem\",\"position\":3,\"name\":\"FOR@K-AL\"}]}]}<\/script>\n<!-- \/ Yoast SEO plugin. -->","yoast_head_json":{"title":"FOR@K-AL - Foreroagro - \u00d3xido de Potasio con Extracto de Algas","description":"FOR@K-AL Es \u00d3xido de Potasio con Extracto de Algas de origen natural con un alto contenido en potasio org\u00e1nico uso autorizado en agricultura ecol\u00f3gica","robots":{"index":"index","follow":"follow","max-snippet":"max-snippet:-1","max-image-preview":"max-image-preview:large","max-video-preview":"max-video-preview:-1"},"canonical":"https:\/\/foreroagro.com\/tienda\/producto\/forkkal-oxido-de-potasio-algas\/","og_locale":"es_ES","og_type":"article","og_title":"FOR@K-AL - Foreroagro - \u00d3xido de Potasio con Extracto de Algas","og_description":"FOR@K-AL Es \u00d3xido de Potasio con Extracto de Algas de origen natural con un alto contenido en potasio org\u00e1nico uso autorizado en agricultura ecol\u00f3gica","og_url":"https:\/\/foreroagro.com\/tienda\/producto\/forkkal-oxido-de-potasio-algas\/","og_site_name":"Foreroagro","article_modified_time":"2022-09-14T10:59:14+00:00","og_image":[{"width":569,"height":569,"url":"https:\/\/foreroagro.com\/tienda\/wp-content\/uploads\/2019\/01\/fertilizante-for@k-al.jpg","type":"image\/jpeg"}],"twitter_card":"summary_large_image","schema":{"@context":"https:\/\/schema.org","@graph":[{"@type":"Organization","@id":"https:\/\/foreroagro.com\/tienda\/#organization","name":"Foreroagro S.L.","url":"https:\/\/foreroagro.com\/tienda\/","sameAs":[],"logo":{"@type":"ImageObject","@id":"https:\/\/foreroagro.com\/tienda\/#logo","inLanguage":"es","url":"https:\/\/foreroagro.com\/tienda\/wp-content\/uploads\/2018\/05\/Logo-foreroagro-e1527273021153.png","contentUrl":"https:\/\/foreroagro.com\/tienda\/wp-content\/uploads\/2018\/05\/Logo-foreroagro-e1527273021153.png","width":80,"height":80,"caption":"Foreroagro S.L."},"image":{"@id":"https:\/\/foreroagro.com\/tienda\/#logo"}},{"@type":"WebSite","@id":"https:\/\/foreroagro.com\/tienda\/#website","url":"https:\/\/foreroagro.com\/tienda\/","name":"Foreroagro","description":"Soluciones agr\u00edcolas online","publisher":{"@id":"https:\/\/foreroagro.com\/tienda\/#organization"},"potentialAction":[{"@type":"SearchAction","target":{"@type":"EntryPoint","urlTemplate":"https:\/\/foreroagro.com\/tienda\/?s={search_term_string}"},"query-input":"required name=search_term_string"}],"inLanguage":"es"},{"@type":"ImageObject","@id":"https:\/\/foreroagro.com\/tienda\/producto\/forkkal-oxido-de-potasio-algas\/#primaryimage","inLanguage":"es","url":"https:\/\/foreroagro.com\/tienda\/wp-content\/uploads\/2019\/01\/fertilizante-for@k-al.jpg","contentUrl":"https:\/\/foreroagro.com\/tienda\/wp-content\/uploads\/2019\/01\/fertilizante-for@k-al.jpg","width":569,"height":569},{"@type":"WebPage","@id":"https:\/\/foreroagro.com\/tienda\/producto\/forkkal-oxido-de-potasio-algas\/#webpage","url":"https:\/\/foreroagro.com\/tienda\/producto\/forkkal-oxido-de-potasio-algas\/","name":"FOR@K-AL - Foreroagro - \u00d3xido de Potasio con Extracto de Algas","isPartOf":{"@id":"https:\/\/foreroagro.com\/tienda\/#website"},"primaryImageOfPage":{"@id":"https:\/\/foreroagro.com\/tienda\/producto\/forkkal-oxido-de-potasio-algas\/#primaryimage"},"datePublished":"2019-01-24T10:11:48+00:00","dateModified":"2022-09-14T10:59:14+00:00","description":"FOR@K-AL Es \u00d3xido de Potasio con Extracto de Algas de origen natural con un alto contenido en potasio org\u00e1nico uso autorizado en agricultura ecol\u00f3gica","breadcrumb":{"@id":"https:\/\/foreroagro.com\/tienda\/producto\/forkkal-oxido-de-potasio-algas\/#breadcrumb"},"inLanguage":"es","potentialAction":[{"@type":"ReadAction","target":["https:\/\/foreroagro.com\/tienda\/producto\/forkkal-oxido-de-potasio-algas\/"]}]},{"@type":"BreadcrumbList","@id":"https:\/\/foreroagro.com\/tienda\/producto\/forkkal-oxido-de-potasio-algas\/#breadcrumb","itemListElement":[{"@type":"ListItem","position":1,"name":"Portada","item":"https:\/\/foreroagro.com\/tienda\/"},{"@type":"ListItem","position":2,"name":"Tienda","item":"https:\/\/foreroagro.com\/tienda\/"},{"@type":"ListItem","position":3,"name":"FOR@K-AL"}]}]}},"_links":{"self":[{"href":"https:\/\/foreroagro.com\/tienda\/wp-json\/wp\/v2\/product\/3273"}],"collection":[{"href":"https:\/\/foreroagro.com\/tienda\/wp-json\/wp\/v2\/product"}],"about":[{"href":"https:\/\/foreroagro.com\/tienda\/wp-json\/wp\/v2\/types\/product"}],"wp:featuredmedia":[{"embeddable":true,"href":"https:\/\/foreroagro.com\/tienda\/wp-json\/wp\/v2\/media\/9416"}],"wp:attachment":[{"href":"https:\/\/foreroagro.com\/tienda\/wp-json\/wp\/v2\/media?parent=3273"}],"wp:term":[{"taxonomy":"product_cat","embeddable":true,"href":"https:\/\/foreroagro.com\/tienda\/wp-json\/wp\/v2\/product_cat?post=3273"},{"taxonomy":"product_tag","embeddable":true,"href":"https:\/\/foreroagro.com\/tienda\/wp-json\/wp\/v2\/product_tag?post=3273"}],"curies":[{"name":"wp","href":"https:\/\/api.w.org\/{rel}","templated":true}]}}