{"id":3279,"date":"2019-01-24T10:22:59","date_gmt":"2019-01-24T10:22:59","guid":{"rendered":"https:\/\/foreroagro.com\/tienda\/?post_type=product&#038;p=3279"},"modified":"2022-09-14T10:59:13","modified_gmt":"2022-09-14T10:59:13","slug":"abono-potasa-30","status":"publish","type":"product","link":"https:\/\/foreroagro.com\/tienda\/producto\/abono-potasa-30\/","title":{"rendered":"FOR@POT"},"content":{"rendered":"<p><strong>NUTRICI\u00d3N \/ MADURACI\u00d3N\u00a0\u00a0\u00a0\u00a0\u00a0\u00a0\u00a0\u00a0\u00a0\u00a0\u00a0 Autorizado en\u00a0 cultivos ecol\u00f3gicos<br \/>\n<\/strong><\/p>\n<p>Dosis:<\/p>\n<ul>\n<li>Fertirrigaci\u00f3n: 45-65 litros\/ha durante el periodo desde cuajado hasta cierre de color o fecha pr\u00f3xima a recolecci\u00f3n.<\/li>\n<li>Foliar: 13-20 cc\/l<\/li>\n<\/ul>\n<p>Recomendaciones:<\/p>\n<ul>\n<li>En c\u00edtricos es recomendable la primera aplicaci\u00f3n a partir de ca\u00edda de p\u00e9talos, y despu\u00e9s en ca\u00edda fisiol\u00f3gica de frutos y 30 d\u00edas despu\u00e9s.<\/li>\n<li>En cultivos con carencias habituales, iniciar la aplicaci\u00f3n tras cuajado, con aplicaciones peri\u00f3dicas hasta recolecci\u00f3n.<\/li>\n<li>Para favorecer color, iniciar las aplicaciones antes del envero.<\/li>\n<\/ul>\n","protected":false},"excerpt":{"rendered":"<p>FOR@POT es un formulado rico en potasio que puede aplicarse tanto v\u00eda foliar como radicular, que debido a su formulaci\u00f3n es f\u00e1cilmente asimilable por el cultivo y disponible para la planta, aportando energ\u00eda y mejor resistencia al estr\u00e9s.\u00a0 Autorizado en\u00a0 cultivos ecol\u00f3gicos<\/p>\n<p>FOR@POT es recomendado en etapa de maduraci\u00f3n del fruto para conseguir buen calibre y una coloraci\u00f3n uniforme de los frutos, mejorando la calidad de las cosechas.<\/p>\n<p>Se recomienda iniciar las aplicaciones a trav\u00e9s del riego a partir de cuajado, pudi\u00e9ndose completar con aplicaciones foliares a partir de inicio de envero, muy efectivas por su alta asimilabilidad.<\/p>\n","protected":false},"featured_media":9412,"template":"","meta":[],"product_cat":[115,35,37,38,39,286,89],"product_tag":[],"yoast_head":"<!-- This site is optimized with the Yoast SEO plugin v17.5 - https:\/\/yoast.com\/wordpress\/plugins\/seo\/ -->\n<title>- FOR@POT - Foreroagro - Soluci\u00f3n Potasica - Biodisponible<\/title>\n<meta name=\"description\" content=\"FOR@POT es recomendado en etapa de maduraci\u00f3n del fruto para conseguir buen calibre y una coloraci\u00f3n uniforme, mejorando la calidad de las cosechas.\" \/>\n<meta name=\"robots\" content=\"index, follow, max-snippet:-1, max-image-preview:large, max-video-preview:-1\" \/>\n<link rel=\"canonical\" href=\"https:\/\/foreroagro.com\/tienda\/producto\/abono-potasa-30\/\" \/>\n<meta property=\"og:locale\" content=\"es_ES\" \/>\n<meta property=\"og:type\" content=\"article\" \/>\n<meta property=\"og:title\" content=\"- FOR@POT - Foreroagro - Soluci\u00f3n Potasica - Biodisponible\" \/>\n<meta property=\"og:description\" content=\"FOR@POT es recomendado en etapa de maduraci\u00f3n del fruto para conseguir buen calibre y una coloraci\u00f3n uniforme, mejorando la calidad de las cosechas.\" \/>\n<meta property=\"og:url\" content=\"https:\/\/foreroagro.com\/tienda\/producto\/abono-potasa-30\/\" \/>\n<meta property=\"og:site_name\" content=\"Foreroagro\" \/>\n<meta property=\"article:modified_time\" content=\"2022-09-14T10:59:13+00:00\" \/>\n<meta property=\"og:image\" content=\"https:\/\/foreroagro.com\/tienda\/wp-content\/uploads\/2019\/01\/fertilizante-for@pot.jpg\" \/>\n\t<meta property=\"og:image:width\" content=\"569\" \/>\n\t<meta property=\"og:image:height\" content=\"569\" \/>\n<meta name=\"twitter:card\" content=\"summary_large_image\" \/>\n<script type=\"application\/ld+json\" class=\"yoast-schema-graph\">{\"@context\":\"https:\/\/schema.org\",\"@graph\":[{\"@type\":\"Organization\",\"@id\":\"https:\/\/foreroagro.com\/tienda\/#organization\",\"name\":\"Foreroagro S.L.\",\"url\":\"https:\/\/foreroagro.com\/tienda\/\",\"sameAs\":[],\"logo\":{\"@type\":\"ImageObject\",\"@id\":\"https:\/\/foreroagro.com\/tienda\/#logo\",\"inLanguage\":\"es\",\"url\":\"https:\/\/foreroagro.com\/tienda\/wp-content\/uploads\/2018\/05\/Logo-foreroagro-e1527273021153.png\",\"contentUrl\":\"https:\/\/foreroagro.com\/tienda\/wp-content\/uploads\/2018\/05\/Logo-foreroagro-e1527273021153.png\",\"width\":80,\"height\":80,\"caption\":\"Foreroagro S.L.\"},\"image\":{\"@id\":\"https:\/\/foreroagro.com\/tienda\/#logo\"}},{\"@type\":\"WebSite\",\"@id\":\"https:\/\/foreroagro.com\/tienda\/#website\",\"url\":\"https:\/\/foreroagro.com\/tienda\/\",\"name\":\"Foreroagro\",\"description\":\"Soluciones agr\\u00edcolas online\",\"publisher\":{\"@id\":\"https:\/\/foreroagro.com\/tienda\/#organization\"},\"potentialAction\":[{\"@type\":\"SearchAction\",\"target\":{\"@type\":\"EntryPoint\",\"urlTemplate\":\"https:\/\/foreroagro.com\/tienda\/?s={search_term_string}\"},\"query-input\":\"required name=search_term_string\"}],\"inLanguage\":\"es\"},{\"@type\":\"ImageObject\",\"@id\":\"https:\/\/foreroagro.com\/tienda\/producto\/abono-potasa-30\/#primaryimage\",\"inLanguage\":\"es\",\"url\":\"https:\/\/foreroagro.com\/tienda\/wp-content\/uploads\/2019\/01\/fertilizante-for@pot.jpg\",\"contentUrl\":\"https:\/\/foreroagro.com\/tienda\/wp-content\/uploads\/2019\/01\/fertilizante-for@pot.jpg\",\"width\":569,\"height\":569,\"caption\":\"FOR@POT\"},{\"@type\":\"WebPage\",\"@id\":\"https:\/\/foreroagro.com\/tienda\/producto\/abono-potasa-30\/#webpage\",\"url\":\"https:\/\/foreroagro.com\/tienda\/producto\/abono-potasa-30\/\",\"name\":\"- FOR@POT - Foreroagro - Soluci\\u00f3n Potasica - Biodisponible\",\"isPartOf\":{\"@id\":\"https:\/\/foreroagro.com\/tienda\/#website\"},\"primaryImageOfPage\":{\"@id\":\"https:\/\/foreroagro.com\/tienda\/producto\/abono-potasa-30\/#primaryimage\"},\"datePublished\":\"2019-01-24T10:22:59+00:00\",\"dateModified\":\"2022-09-14T10:59:13+00:00\",\"description\":\"FOR@POT es recomendado en etapa de maduraci\\u00f3n del fruto para conseguir buen calibre y una coloraci\\u00f3n uniforme, mejorando la calidad de las cosechas.\",\"breadcrumb\":{\"@id\":\"https:\/\/foreroagro.com\/tienda\/producto\/abono-potasa-30\/#breadcrumb\"},\"inLanguage\":\"es\",\"potentialAction\":[{\"@type\":\"ReadAction\",\"target\":[\"https:\/\/foreroagro.com\/tienda\/producto\/abono-potasa-30\/\"]}]},{\"@type\":\"BreadcrumbList\",\"@id\":\"https:\/\/foreroagro.com\/tienda\/producto\/abono-potasa-30\/#breadcrumb\",\"itemListElement\":[{\"@type\":\"ListItem\",\"position\":1,\"name\":\"Portada\",\"item\":\"https:\/\/foreroagro.com\/tienda\/\"},{\"@type\":\"ListItem\",\"position\":2,\"name\":\"Tienda\",\"item\":\"https:\/\/foreroagro.com\/tienda\/\"},{\"@type\":\"ListItem\",\"position\":3,\"name\":\"FOR@POT\"}]}]}<\/script>\n<!-- \/ Yoast SEO plugin. -->","yoast_head_json":{"title":"- FOR@POT - Foreroagro - Soluci\u00f3n Potasica - Biodisponible","description":"FOR@POT es recomendado en etapa de maduraci\u00f3n del fruto para conseguir buen calibre y una coloraci\u00f3n uniforme, mejorando la calidad de las cosechas.","robots":{"index":"index","follow":"follow","max-snippet":"max-snippet:-1","max-image-preview":"max-image-preview:large","max-video-preview":"max-video-preview:-1"},"canonical":"https:\/\/foreroagro.com\/tienda\/producto\/abono-potasa-30\/","og_locale":"es_ES","og_type":"article","og_title":"- FOR@POT - Foreroagro - Soluci\u00f3n Potasica - Biodisponible","og_description":"FOR@POT es recomendado en etapa de maduraci\u00f3n del fruto para conseguir buen calibre y una coloraci\u00f3n uniforme, mejorando la calidad de las cosechas.","og_url":"https:\/\/foreroagro.com\/tienda\/producto\/abono-potasa-30\/","og_site_name":"Foreroagro","article_modified_time":"2022-09-14T10:59:13+00:00","og_image":[{"width":569,"height":569,"url":"https:\/\/foreroagro.com\/tienda\/wp-content\/uploads\/2019\/01\/fertilizante-for@pot.jpg","type":"image\/jpeg"}],"twitter_card":"summary_large_image","schema":{"@context":"https:\/\/schema.org","@graph":[{"@type":"Organization","@id":"https:\/\/foreroagro.com\/tienda\/#organization","name":"Foreroagro S.L.","url":"https:\/\/foreroagro.com\/tienda\/","sameAs":[],"logo":{"@type":"ImageObject","@id":"https:\/\/foreroagro.com\/tienda\/#logo","inLanguage":"es","url":"https:\/\/foreroagro.com\/tienda\/wp-content\/uploads\/2018\/05\/Logo-foreroagro-e1527273021153.png","contentUrl":"https:\/\/foreroagro.com\/tienda\/wp-content\/uploads\/2018\/05\/Logo-foreroagro-e1527273021153.png","width":80,"height":80,"caption":"Foreroagro S.L."},"image":{"@id":"https:\/\/foreroagro.com\/tienda\/#logo"}},{"@type":"WebSite","@id":"https:\/\/foreroagro.com\/tienda\/#website","url":"https:\/\/foreroagro.com\/tienda\/","name":"Foreroagro","description":"Soluciones agr\u00edcolas online","publisher":{"@id":"https:\/\/foreroagro.com\/tienda\/#organization"},"potentialAction":[{"@type":"SearchAction","target":{"@type":"EntryPoint","urlTemplate":"https:\/\/foreroagro.com\/tienda\/?s={search_term_string}"},"query-input":"required name=search_term_string"}],"inLanguage":"es"},{"@type":"ImageObject","@id":"https:\/\/foreroagro.com\/tienda\/producto\/abono-potasa-30\/#primaryimage","inLanguage":"es","url":"https:\/\/foreroagro.com\/tienda\/wp-content\/uploads\/2019\/01\/fertilizante-for@pot.jpg","contentUrl":"https:\/\/foreroagro.com\/tienda\/wp-content\/uploads\/2019\/01\/fertilizante-for@pot.jpg","width":569,"height":569,"caption":"FOR@POT"},{"@type":"WebPage","@id":"https:\/\/foreroagro.com\/tienda\/producto\/abono-potasa-30\/#webpage","url":"https:\/\/foreroagro.com\/tienda\/producto\/abono-potasa-30\/","name":"- FOR@POT - Foreroagro - Soluci\u00f3n Potasica - Biodisponible","isPartOf":{"@id":"https:\/\/foreroagro.com\/tienda\/#website"},"primaryImageOfPage":{"@id":"https:\/\/foreroagro.com\/tienda\/producto\/abono-potasa-30\/#primaryimage"},"datePublished":"2019-01-24T10:22:59+00:00","dateModified":"2022-09-14T10:59:13+00:00","description":"FOR@POT es recomendado en etapa de maduraci\u00f3n del fruto para conseguir buen calibre y una coloraci\u00f3n uniforme, mejorando la calidad de las cosechas.","breadcrumb":{"@id":"https:\/\/foreroagro.com\/tienda\/producto\/abono-potasa-30\/#breadcrumb"},"inLanguage":"es","potentialAction":[{"@type":"ReadAction","target":["https:\/\/foreroagro.com\/tienda\/producto\/abono-potasa-30\/"]}]},{"@type":"BreadcrumbList","@id":"https:\/\/foreroagro.com\/tienda\/producto\/abono-potasa-30\/#breadcrumb","itemListElement":[{"@type":"ListItem","position":1,"name":"Portada","item":"https:\/\/foreroagro.com\/tienda\/"},{"@type":"ListItem","position":2,"name":"Tienda","item":"https:\/\/foreroagro.com\/tienda\/"},{"@type":"ListItem","position":3,"name":"FOR@POT"}]}]}},"_links":{"self":[{"href":"https:\/\/foreroagro.com\/tienda\/wp-json\/wp\/v2\/product\/3279"}],"collection":[{"href":"https:\/\/foreroagro.com\/tienda\/wp-json\/wp\/v2\/product"}],"about":[{"href":"https:\/\/foreroagro.com\/tienda\/wp-json\/wp\/v2\/types\/product"}],"wp:featuredmedia":[{"embeddable":true,"href":"https:\/\/foreroagro.com\/tienda\/wp-json\/wp\/v2\/media\/9412"}],"wp:attachment":[{"href":"https:\/\/foreroagro.com\/tienda\/wp-json\/wp\/v2\/media?parent=3279"}],"wp:term":[{"taxonomy":"product_cat","embeddable":true,"href":"https:\/\/foreroagro.com\/tienda\/wp-json\/wp\/v2\/product_cat?post=3279"},{"taxonomy":"product_tag","embeddable":true,"href":"https:\/\/foreroagro.com\/tienda\/wp-json\/wp\/v2\/product_tag?post=3279"}],"curies":[{"name":"wp","href":"https:\/\/api.w.org\/{rel}","templated":true}]}}