{"id":4267,"date":"2019-02-08T12:10:59","date_gmt":"2019-02-08T12:10:59","guid":{"rendered":"https:\/\/foreroagro.com\/tienda\/?post_type=product&#038;p=4267"},"modified":"2019-02-25T17:52:30","modified_gmt":"2019-02-25T17:52:30","slug":"gabriel-bz","status":"publish","type":"product","link":"https:\/\/foreroagro.com\/tienda\/producto\/gabriel-bz\/","title":{"rendered":"GABRIEL BZ"},"content":{"rendered":"<h4>Efecto domin\u00f3: GABRIEL BZ alerta y la planta reacciona.<\/h4>\n<p>En presencia de un factor de estr\u00e9s: GABRIEL BZ estimula la planta para que \u00e9sta intensifique su reacci\u00f3n end\u00f3gena de\u00a0 resistencia al factor de alteraci\u00f3n, induci\u00e9ndola de este modo a producir una cantidad a\u00fan mayor de fitoalexinas y compuestos<br \/>\ncon fuerte poder oxidante: los llamados \u201cguardianes celulares\u201d<\/p>\n<p>OBJETIVO<br \/>\nInducir la planta a aumentar su resistencia end\u00f3gena a los estreses generados por las bacterias y hongos fitopat\u00f3genos m\u00e1s comunes tanto en presencia como en ausencia del factor de alteraci\u00f3n.<\/p>\n<p>CONCENTRADO DE MOL\u00c9CULAS ORG\u00c1NICAS, reconocidas universalmente por su acci\u00f3n fitoestimulante, energizante y antioxidante y por ser capaz de aumentar la resistencia end\u00f3gena de la planta a los estreses generados por diferentes factores (bi\u00f3ticos y abi\u00f3ticos); MICROELEMENTOS (BORO 0,2%, ZINC 1,8%) DE R\u00c1PIDA ABSORCI\u00d3N; TNE la NEW EMULSION TECHNOLOGY &#8211; una tecnolog\u00eda de producci\u00f3n absolutamente \u00fanica. Gracias a TNE, GABRIEL BZ supera las tensiones superficiales distribuy\u00e9ndose de manera uniforme y amplia durante la aplicaci\u00f3n.<\/p>\n<p>&nbsp;<\/p>\n","protected":false},"excerpt":{"rendered":"<h3>CONCENTRADO DE MOL\u00c9CULAS ORG\u00c1NICAS.<\/h3>\n<p>Estimula la planta a aumentar su resistencia end\u00f3gena a los estreses generados por las bacterias y hongos fitopat\u00f3genos m\u00e1s comunes tanto en presencia como en ausencia del factor de alteraci\u00f3n.<\/p>\n<p>Reconocidas universalmente por su acci\u00f3n fitoestimulante, energizante y antioxidante y por ser capaz de aumentar la resistencia end\u00f3gena de la planta a los estreses generados por diferentes factores (bi\u00f3ticos y abi\u00f3ticos);<\/p>\n","protected":false},"featured_media":4275,"template":"","meta":[],"product_cat":[35,37,39],"product_tag":[],"yoast_head":"<!-- This site is optimized with the Yoast SEO plugin v17.5 - https:\/\/yoast.com\/wordpress\/plugins\/seo\/ -->\n<title>GABRIEL BZ - Foreroagro<\/title>\n<meta name=\"robots\" content=\"index, follow, max-snippet:-1, max-image-preview:large, max-video-preview:-1\" \/>\n<link rel=\"canonical\" href=\"https:\/\/foreroagro.com\/tienda\/producto\/gabriel-bz\/\" \/>\n<meta property=\"og:locale\" content=\"es_ES\" \/>\n<meta property=\"og:type\" content=\"article\" \/>\n<meta property=\"og:title\" content=\"GABRIEL BZ - Foreroagro\" \/>\n<meta property=\"og:description\" content=\"CONCENTRADO DE MOL\u00c9CULAS ORG\u00c1NICAS. Estimula la planta a aumentar su resistencia end\u00f3gena a los estreses generados por las bacterias y hongos fitopat\u00f3genos m\u00e1s comunes tanto en presencia como en ausencia del factor de alteraci\u00f3n.  Reconocidas universalmente por su acci\u00f3n fitoestimulante, energizante y antioxidante y por ser capaz de aumentar la resistencia end\u00f3gena de la planta a los estreses generados por diferentes factores (bi\u00f3ticos y abi\u00f3ticos);\" \/>\n<meta property=\"og:url\" content=\"https:\/\/foreroagro.com\/tienda\/producto\/gabriel-bz\/\" \/>\n<meta property=\"og:site_name\" content=\"Foreroagro\" \/>\n<meta property=\"article:modified_time\" content=\"2019-02-25T17:52:30+00:00\" \/>\n<meta property=\"og:image\" content=\"https:\/\/foreroagro.com\/tienda\/wp-content\/uploads\/2019\/02\/Gabriel-BZ-concentrado-de-moleculas-organicas-569.jpg\" \/>\n\t<meta property=\"og:image:width\" content=\"569\" \/>\n\t<meta property=\"og:image:height\" content=\"569\" \/>\n<meta name=\"twitter:card\" content=\"summary_large_image\" \/>\n<meta name=\"twitter:label1\" content=\"Tiempo de lectura\" \/>\n\t<meta name=\"twitter:data1\" content=\"1 minuto\" \/>\n<script type=\"application\/ld+json\" class=\"yoast-schema-graph\">{\"@context\":\"https:\/\/schema.org\",\"@graph\":[{\"@type\":\"Organization\",\"@id\":\"https:\/\/foreroagro.com\/tienda\/#organization\",\"name\":\"Foreroagro S.L.\",\"url\":\"https:\/\/foreroagro.com\/tienda\/\",\"sameAs\":[],\"logo\":{\"@type\":\"ImageObject\",\"@id\":\"https:\/\/foreroagro.com\/tienda\/#logo\",\"inLanguage\":\"es\",\"url\":\"https:\/\/foreroagro.com\/tienda\/wp-content\/uploads\/2018\/05\/Logo-foreroagro-e1527273021153.png\",\"contentUrl\":\"https:\/\/foreroagro.com\/tienda\/wp-content\/uploads\/2018\/05\/Logo-foreroagro-e1527273021153.png\",\"width\":80,\"height\":80,\"caption\":\"Foreroagro S.L.\"},\"image\":{\"@id\":\"https:\/\/foreroagro.com\/tienda\/#logo\"}},{\"@type\":\"WebSite\",\"@id\":\"https:\/\/foreroagro.com\/tienda\/#website\",\"url\":\"https:\/\/foreroagro.com\/tienda\/\",\"name\":\"Foreroagro\",\"description\":\"Soluciones agr\\u00edcolas online\",\"publisher\":{\"@id\":\"https:\/\/foreroagro.com\/tienda\/#organization\"},\"potentialAction\":[{\"@type\":\"SearchAction\",\"target\":{\"@type\":\"EntryPoint\",\"urlTemplate\":\"https:\/\/foreroagro.com\/tienda\/?s={search_term_string}\"},\"query-input\":\"required name=search_term_string\"}],\"inLanguage\":\"es\"},{\"@type\":\"ImageObject\",\"@id\":\"https:\/\/foreroagro.com\/tienda\/producto\/gabriel-bz\/#primaryimage\",\"inLanguage\":\"es\",\"url\":\"https:\/\/foreroagro.com\/tienda\/wp-content\/uploads\/2019\/02\/Gabriel-BZ-concentrado-de-moleculas-organicas-569.jpg\",\"contentUrl\":\"https:\/\/foreroagro.com\/tienda\/wp-content\/uploads\/2019\/02\/Gabriel-BZ-concentrado-de-moleculas-organicas-569.jpg\",\"width\":569,\"height\":569},{\"@type\":\"WebPage\",\"@id\":\"https:\/\/foreroagro.com\/tienda\/producto\/gabriel-bz\/#webpage\",\"url\":\"https:\/\/foreroagro.com\/tienda\/producto\/gabriel-bz\/\",\"name\":\"GABRIEL BZ - Foreroagro\",\"isPartOf\":{\"@id\":\"https:\/\/foreroagro.com\/tienda\/#website\"},\"primaryImageOfPage\":{\"@id\":\"https:\/\/foreroagro.com\/tienda\/producto\/gabriel-bz\/#primaryimage\"},\"datePublished\":\"2019-02-08T12:10:59+00:00\",\"dateModified\":\"2019-02-25T17:52:30+00:00\",\"breadcrumb\":{\"@id\":\"https:\/\/foreroagro.com\/tienda\/producto\/gabriel-bz\/#breadcrumb\"},\"inLanguage\":\"es\",\"potentialAction\":[{\"@type\":\"ReadAction\",\"target\":[\"https:\/\/foreroagro.com\/tienda\/producto\/gabriel-bz\/\"]}]},{\"@type\":\"BreadcrumbList\",\"@id\":\"https:\/\/foreroagro.com\/tienda\/producto\/gabriel-bz\/#breadcrumb\",\"itemListElement\":[{\"@type\":\"ListItem\",\"position\":1,\"name\":\"Portada\",\"item\":\"https:\/\/foreroagro.com\/tienda\/\"},{\"@type\":\"ListItem\",\"position\":2,\"name\":\"Tienda\",\"item\":\"https:\/\/foreroagro.com\/tienda\/\"},{\"@type\":\"ListItem\",\"position\":3,\"name\":\"GABRIEL BZ\"}]}]}<\/script>\n<!-- \/ Yoast SEO plugin. -->","yoast_head_json":{"title":"GABRIEL BZ - Foreroagro","robots":{"index":"index","follow":"follow","max-snippet":"max-snippet:-1","max-image-preview":"max-image-preview:large","max-video-preview":"max-video-preview:-1"},"canonical":"https:\/\/foreroagro.com\/tienda\/producto\/gabriel-bz\/","og_locale":"es_ES","og_type":"article","og_title":"GABRIEL BZ - Foreroagro","og_description":"CONCENTRADO DE MOL\u00c9CULAS ORG\u00c1NICAS. Estimula la planta a aumentar su resistencia end\u00f3gena a los estreses generados por las bacterias y hongos fitopat\u00f3genos m\u00e1s comunes tanto en presencia como en ausencia del factor de alteraci\u00f3n.  Reconocidas universalmente por su acci\u00f3n fitoestimulante, energizante y antioxidante y por ser capaz de aumentar la resistencia end\u00f3gena de la planta a los estreses generados por diferentes factores (bi\u00f3ticos y abi\u00f3ticos);","og_url":"https:\/\/foreroagro.com\/tienda\/producto\/gabriel-bz\/","og_site_name":"Foreroagro","article_modified_time":"2019-02-25T17:52:30+00:00","og_image":[{"width":569,"height":569,"url":"https:\/\/foreroagro.com\/tienda\/wp-content\/uploads\/2019\/02\/Gabriel-BZ-concentrado-de-moleculas-organicas-569.jpg","type":"image\/jpeg"}],"twitter_card":"summary_large_image","twitter_misc":{"Tiempo de lectura":"1 minuto"},"schema":{"@context":"https:\/\/schema.org","@graph":[{"@type":"Organization","@id":"https:\/\/foreroagro.com\/tienda\/#organization","name":"Foreroagro S.L.","url":"https:\/\/foreroagro.com\/tienda\/","sameAs":[],"logo":{"@type":"ImageObject","@id":"https:\/\/foreroagro.com\/tienda\/#logo","inLanguage":"es","url":"https:\/\/foreroagro.com\/tienda\/wp-content\/uploads\/2018\/05\/Logo-foreroagro-e1527273021153.png","contentUrl":"https:\/\/foreroagro.com\/tienda\/wp-content\/uploads\/2018\/05\/Logo-foreroagro-e1527273021153.png","width":80,"height":80,"caption":"Foreroagro S.L."},"image":{"@id":"https:\/\/foreroagro.com\/tienda\/#logo"}},{"@type":"WebSite","@id":"https:\/\/foreroagro.com\/tienda\/#website","url":"https:\/\/foreroagro.com\/tienda\/","name":"Foreroagro","description":"Soluciones agr\u00edcolas online","publisher":{"@id":"https:\/\/foreroagro.com\/tienda\/#organization"},"potentialAction":[{"@type":"SearchAction","target":{"@type":"EntryPoint","urlTemplate":"https:\/\/foreroagro.com\/tienda\/?s={search_term_string}"},"query-input":"required name=search_term_string"}],"inLanguage":"es"},{"@type":"ImageObject","@id":"https:\/\/foreroagro.com\/tienda\/producto\/gabriel-bz\/#primaryimage","inLanguage":"es","url":"https:\/\/foreroagro.com\/tienda\/wp-content\/uploads\/2019\/02\/Gabriel-BZ-concentrado-de-moleculas-organicas-569.jpg","contentUrl":"https:\/\/foreroagro.com\/tienda\/wp-content\/uploads\/2019\/02\/Gabriel-BZ-concentrado-de-moleculas-organicas-569.jpg","width":569,"height":569},{"@type":"WebPage","@id":"https:\/\/foreroagro.com\/tienda\/producto\/gabriel-bz\/#webpage","url":"https:\/\/foreroagro.com\/tienda\/producto\/gabriel-bz\/","name":"GABRIEL BZ - Foreroagro","isPartOf":{"@id":"https:\/\/foreroagro.com\/tienda\/#website"},"primaryImageOfPage":{"@id":"https:\/\/foreroagro.com\/tienda\/producto\/gabriel-bz\/#primaryimage"},"datePublished":"2019-02-08T12:10:59+00:00","dateModified":"2019-02-25T17:52:30+00:00","breadcrumb":{"@id":"https:\/\/foreroagro.com\/tienda\/producto\/gabriel-bz\/#breadcrumb"},"inLanguage":"es","potentialAction":[{"@type":"ReadAction","target":["https:\/\/foreroagro.com\/tienda\/producto\/gabriel-bz\/"]}]},{"@type":"BreadcrumbList","@id":"https:\/\/foreroagro.com\/tienda\/producto\/gabriel-bz\/#breadcrumb","itemListElement":[{"@type":"ListItem","position":1,"name":"Portada","item":"https:\/\/foreroagro.com\/tienda\/"},{"@type":"ListItem","position":2,"name":"Tienda","item":"https:\/\/foreroagro.com\/tienda\/"},{"@type":"ListItem","position":3,"name":"GABRIEL BZ"}]}]}},"_links":{"self":[{"href":"https:\/\/foreroagro.com\/tienda\/wp-json\/wp\/v2\/product\/4267"}],"collection":[{"href":"https:\/\/foreroagro.com\/tienda\/wp-json\/wp\/v2\/product"}],"about":[{"href":"https:\/\/foreroagro.com\/tienda\/wp-json\/wp\/v2\/types\/product"}],"wp:featuredmedia":[{"embeddable":true,"href":"https:\/\/foreroagro.com\/tienda\/wp-json\/wp\/v2\/media\/4275"}],"wp:attachment":[{"href":"https:\/\/foreroagro.com\/tienda\/wp-json\/wp\/v2\/media?parent=4267"}],"wp:term":[{"taxonomy":"product_cat","embeddable":true,"href":"https:\/\/foreroagro.com\/tienda\/wp-json\/wp\/v2\/product_cat?post=4267"},{"taxonomy":"product_tag","embeddable":true,"href":"https:\/\/foreroagro.com\/tienda\/wp-json\/wp\/v2\/product_tag?post=4267"}],"curies":[{"name":"wp","href":"https:\/\/api.w.org\/{rel}","templated":true}]}}