{"id":4876,"date":"2019-02-26T18:52:00","date_gmt":"2019-02-26T18:52:00","guid":{"rendered":"https:\/\/foreroagro.com\/tienda\/?post_type=product&#038;p=4876"},"modified":"2022-09-14T10:20:31","modified_gmt":"2022-09-14T10:20:31","slug":"cebolla-hibrida-f-1-flora","status":"publish","type":"product","link":"https:\/\/foreroagro.com\/tienda\/producto\/cebolla-hibrida-f-1-flora\/","title":{"rendered":"Cebolla H\u00edbrida F-1 Flora"},"content":{"rendered":"<h4>Cebolla H\u00edbrida F-1 Flora<\/h4>\n<p>Variedad de d\u00eda corto para siembras de final de verano-oto\u00f1o y cosechas de mayo a junio. Ciclo muy precoz. Planta vigorosa con hojas largas<br \/>\ny robustas, bulbo globoso, de buen calibre, de color amarillo pajizo.<\/p>\n<p>CULTIVO: suelos de textura media. Al transplantar, podar 1\/3 de las ra\u00edces y de los tallos.<br \/>\nMantener el suelo libre de malas hierbas.<\/p>\n","protected":false},"excerpt":{"rendered":"<p>Variedad de d\u00eda corto para siembras de final de verano-oto\u00f1o y cosechas de mayo a junio. Ciclo muy precoz. Planta vigorosa con hojas largas y robustas, bulbo globoso, de buen calibre, de color amarillo pajizo.<\/p>\n<p>CULTIVO: suelos de textura media. Al transplantar, podar 1\/3 de las ra\u00edces y de los tallos.\u00a0 Mantener el suelo libre de malas hierbas.<\/p>\n","protected":false},"featured_media":4923,"template":"","meta":[],"product_cat":[40,147],"product_tag":[],"yoast_head":"<!-- This site is optimized with the Yoast SEO plugin v17.5 - https:\/\/yoast.com\/wordpress\/plugins\/seo\/ -->\n<title>Cebolla H\u00edbrida F-1 Flora - Foreroagro<\/title>\n<meta name=\"robots\" content=\"index, follow, max-snippet:-1, max-image-preview:large, max-video-preview:-1\" \/>\n<link rel=\"canonical\" href=\"https:\/\/foreroagro.com\/tienda\/producto\/cebolla-hibrida-f-1-flora\/\" \/>\n<meta property=\"og:locale\" content=\"es_ES\" \/>\n<meta property=\"og:type\" content=\"article\" \/>\n<meta property=\"og:title\" content=\"Cebolla H\u00edbrida F-1 Flora - Foreroagro\" \/>\n<meta property=\"og:description\" content=\"Variedad de d\u00eda corto para siembras de final de verano-oto\u00f1o y cosechas de mayo a junio. Ciclo muy precoz. Planta vigorosa con hojas largas y robustas, bulbo globoso, de buen calibre, de color amarillo pajizo.  CULTIVO: suelos de textura media. Al transplantar, podar 1\/3 de las ra\u00edces y de los tallos.\u00a0 Mantener el suelo libre de malas hierbas.\" \/>\n<meta property=\"og:url\" content=\"https:\/\/foreroagro.com\/tienda\/producto\/cebolla-hibrida-f-1-flora\/\" \/>\n<meta property=\"og:site_name\" content=\"Foreroagro\" \/>\n<meta property=\"article:modified_time\" content=\"2022-09-14T10:20:31+00:00\" \/>\n<meta property=\"og:image\" content=\"https:\/\/foreroagro.com\/tienda\/wp-content\/uploads\/2019\/02\/SHBP0297-00-CEBOLLA-HIBRIDA-F1-FLORA.jpg\" \/>\n\t<meta property=\"og:image:width\" content=\"569\" \/>\n\t<meta property=\"og:image:height\" content=\"569\" \/>\n<meta name=\"twitter:card\" content=\"summary_large_image\" \/>\n<script type=\"application\/ld+json\" class=\"yoast-schema-graph\">{\"@context\":\"https:\/\/schema.org\",\"@graph\":[{\"@type\":\"Organization\",\"@id\":\"https:\/\/foreroagro.com\/tienda\/#organization\",\"name\":\"Foreroagro S.L.\",\"url\":\"https:\/\/foreroagro.com\/tienda\/\",\"sameAs\":[],\"logo\":{\"@type\":\"ImageObject\",\"@id\":\"https:\/\/foreroagro.com\/tienda\/#logo\",\"inLanguage\":\"es\",\"url\":\"https:\/\/foreroagro.com\/tienda\/wp-content\/uploads\/2018\/05\/Logo-foreroagro-e1527273021153.png\",\"contentUrl\":\"https:\/\/foreroagro.com\/tienda\/wp-content\/uploads\/2018\/05\/Logo-foreroagro-e1527273021153.png\",\"width\":80,\"height\":80,\"caption\":\"Foreroagro S.L.\"},\"image\":{\"@id\":\"https:\/\/foreroagro.com\/tienda\/#logo\"}},{\"@type\":\"WebSite\",\"@id\":\"https:\/\/foreroagro.com\/tienda\/#website\",\"url\":\"https:\/\/foreroagro.com\/tienda\/\",\"name\":\"Foreroagro\",\"description\":\"Soluciones agr\\u00edcolas online\",\"publisher\":{\"@id\":\"https:\/\/foreroagro.com\/tienda\/#organization\"},\"potentialAction\":[{\"@type\":\"SearchAction\",\"target\":{\"@type\":\"EntryPoint\",\"urlTemplate\":\"https:\/\/foreroagro.com\/tienda\/?s={search_term_string}\"},\"query-input\":\"required name=search_term_string\"}],\"inLanguage\":\"es\"},{\"@type\":\"ImageObject\",\"@id\":\"https:\/\/foreroagro.com\/tienda\/producto\/cebolla-hibrida-f-1-flora\/#primaryimage\",\"inLanguage\":\"es\",\"url\":\"https:\/\/foreroagro.com\/tienda\/wp-content\/uploads\/2019\/02\/SHBP0297-00-CEBOLLA-HIBRIDA-F1-FLORA.jpg\",\"contentUrl\":\"https:\/\/foreroagro.com\/tienda\/wp-content\/uploads\/2019\/02\/SHBP0297-00-CEBOLLA-HIBRIDA-F1-FLORA.jpg\",\"width\":569,\"height\":569},{\"@type\":\"WebPage\",\"@id\":\"https:\/\/foreroagro.com\/tienda\/producto\/cebolla-hibrida-f-1-flora\/#webpage\",\"url\":\"https:\/\/foreroagro.com\/tienda\/producto\/cebolla-hibrida-f-1-flora\/\",\"name\":\"Cebolla H\\u00edbrida F-1 Flora - Foreroagro\",\"isPartOf\":{\"@id\":\"https:\/\/foreroagro.com\/tienda\/#website\"},\"primaryImageOfPage\":{\"@id\":\"https:\/\/foreroagro.com\/tienda\/producto\/cebolla-hibrida-f-1-flora\/#primaryimage\"},\"datePublished\":\"2019-02-26T18:52:00+00:00\",\"dateModified\":\"2022-09-14T10:20:31+00:00\",\"breadcrumb\":{\"@id\":\"https:\/\/foreroagro.com\/tienda\/producto\/cebolla-hibrida-f-1-flora\/#breadcrumb\"},\"inLanguage\":\"es\",\"potentialAction\":[{\"@type\":\"ReadAction\",\"target\":[\"https:\/\/foreroagro.com\/tienda\/producto\/cebolla-hibrida-f-1-flora\/\"]}]},{\"@type\":\"BreadcrumbList\",\"@id\":\"https:\/\/foreroagro.com\/tienda\/producto\/cebolla-hibrida-f-1-flora\/#breadcrumb\",\"itemListElement\":[{\"@type\":\"ListItem\",\"position\":1,\"name\":\"Portada\",\"item\":\"https:\/\/foreroagro.com\/tienda\/\"},{\"@type\":\"ListItem\",\"position\":2,\"name\":\"Tienda\",\"item\":\"https:\/\/foreroagro.com\/tienda\/\"},{\"@type\":\"ListItem\",\"position\":3,\"name\":\"Cebolla H\\u00edbrida F-1 Flora\"}]}]}<\/script>\n<!-- \/ Yoast SEO plugin. -->","yoast_head_json":{"title":"Cebolla H\u00edbrida F-1 Flora - Foreroagro","robots":{"index":"index","follow":"follow","max-snippet":"max-snippet:-1","max-image-preview":"max-image-preview:large","max-video-preview":"max-video-preview:-1"},"canonical":"https:\/\/foreroagro.com\/tienda\/producto\/cebolla-hibrida-f-1-flora\/","og_locale":"es_ES","og_type":"article","og_title":"Cebolla H\u00edbrida F-1 Flora - Foreroagro","og_description":"Variedad de d\u00eda corto para siembras de final de verano-oto\u00f1o y cosechas de mayo a junio. Ciclo muy precoz. Planta vigorosa con hojas largas y robustas, bulbo globoso, de buen calibre, de color amarillo pajizo.  CULTIVO: suelos de textura media. Al transplantar, podar 1\/3 de las ra\u00edces y de los tallos.\u00a0 Mantener el suelo libre de malas hierbas.","og_url":"https:\/\/foreroagro.com\/tienda\/producto\/cebolla-hibrida-f-1-flora\/","og_site_name":"Foreroagro","article_modified_time":"2022-09-14T10:20:31+00:00","og_image":[{"width":569,"height":569,"url":"https:\/\/foreroagro.com\/tienda\/wp-content\/uploads\/2019\/02\/SHBP0297-00-CEBOLLA-HIBRIDA-F1-FLORA.jpg","type":"image\/jpeg"}],"twitter_card":"summary_large_image","schema":{"@context":"https:\/\/schema.org","@graph":[{"@type":"Organization","@id":"https:\/\/foreroagro.com\/tienda\/#organization","name":"Foreroagro S.L.","url":"https:\/\/foreroagro.com\/tienda\/","sameAs":[],"logo":{"@type":"ImageObject","@id":"https:\/\/foreroagro.com\/tienda\/#logo","inLanguage":"es","url":"https:\/\/foreroagro.com\/tienda\/wp-content\/uploads\/2018\/05\/Logo-foreroagro-e1527273021153.png","contentUrl":"https:\/\/foreroagro.com\/tienda\/wp-content\/uploads\/2018\/05\/Logo-foreroagro-e1527273021153.png","width":80,"height":80,"caption":"Foreroagro S.L."},"image":{"@id":"https:\/\/foreroagro.com\/tienda\/#logo"}},{"@type":"WebSite","@id":"https:\/\/foreroagro.com\/tienda\/#website","url":"https:\/\/foreroagro.com\/tienda\/","name":"Foreroagro","description":"Soluciones agr\u00edcolas online","publisher":{"@id":"https:\/\/foreroagro.com\/tienda\/#organization"},"potentialAction":[{"@type":"SearchAction","target":{"@type":"EntryPoint","urlTemplate":"https:\/\/foreroagro.com\/tienda\/?s={search_term_string}"},"query-input":"required name=search_term_string"}],"inLanguage":"es"},{"@type":"ImageObject","@id":"https:\/\/foreroagro.com\/tienda\/producto\/cebolla-hibrida-f-1-flora\/#primaryimage","inLanguage":"es","url":"https:\/\/foreroagro.com\/tienda\/wp-content\/uploads\/2019\/02\/SHBP0297-00-CEBOLLA-HIBRIDA-F1-FLORA.jpg","contentUrl":"https:\/\/foreroagro.com\/tienda\/wp-content\/uploads\/2019\/02\/SHBP0297-00-CEBOLLA-HIBRIDA-F1-FLORA.jpg","width":569,"height":569},{"@type":"WebPage","@id":"https:\/\/foreroagro.com\/tienda\/producto\/cebolla-hibrida-f-1-flora\/#webpage","url":"https:\/\/foreroagro.com\/tienda\/producto\/cebolla-hibrida-f-1-flora\/","name":"Cebolla H\u00edbrida F-1 Flora - Foreroagro","isPartOf":{"@id":"https:\/\/foreroagro.com\/tienda\/#website"},"primaryImageOfPage":{"@id":"https:\/\/foreroagro.com\/tienda\/producto\/cebolla-hibrida-f-1-flora\/#primaryimage"},"datePublished":"2019-02-26T18:52:00+00:00","dateModified":"2022-09-14T10:20:31+00:00","breadcrumb":{"@id":"https:\/\/foreroagro.com\/tienda\/producto\/cebolla-hibrida-f-1-flora\/#breadcrumb"},"inLanguage":"es","potentialAction":[{"@type":"ReadAction","target":["https:\/\/foreroagro.com\/tienda\/producto\/cebolla-hibrida-f-1-flora\/"]}]},{"@type":"BreadcrumbList","@id":"https:\/\/foreroagro.com\/tienda\/producto\/cebolla-hibrida-f-1-flora\/#breadcrumb","itemListElement":[{"@type":"ListItem","position":1,"name":"Portada","item":"https:\/\/foreroagro.com\/tienda\/"},{"@type":"ListItem","position":2,"name":"Tienda","item":"https:\/\/foreroagro.com\/tienda\/"},{"@type":"ListItem","position":3,"name":"Cebolla H\u00edbrida F-1 Flora"}]}]}},"_links":{"self":[{"href":"https:\/\/foreroagro.com\/tienda\/wp-json\/wp\/v2\/product\/4876"}],"collection":[{"href":"https:\/\/foreroagro.com\/tienda\/wp-json\/wp\/v2\/product"}],"about":[{"href":"https:\/\/foreroagro.com\/tienda\/wp-json\/wp\/v2\/types\/product"}],"wp:featuredmedia":[{"embeddable":true,"href":"https:\/\/foreroagro.com\/tienda\/wp-json\/wp\/v2\/media\/4923"}],"wp:attachment":[{"href":"https:\/\/foreroagro.com\/tienda\/wp-json\/wp\/v2\/media?parent=4876"}],"wp:term":[{"taxonomy":"product_cat","embeddable":true,"href":"https:\/\/foreroagro.com\/tienda\/wp-json\/wp\/v2\/product_cat?post=4876"},{"taxonomy":"product_tag","embeddable":true,"href":"https:\/\/foreroagro.com\/tienda\/wp-json\/wp\/v2\/product_tag?post=4876"}],"curies":[{"name":"wp","href":"https:\/\/api.w.org\/{rel}","templated":true}]}}