{"id":5547,"date":"2019-03-19T16:29:22","date_gmt":"2019-03-19T16:29:22","guid":{"rendered":"https:\/\/foreroagro.com\/tienda\/?post_type=product&#038;p=5547"},"modified":"2022-09-14T10:58:59","modified_gmt":"2022-09-14T10:58:59","slug":"econex-nido-para-pajaros","status":"publish","type":"product","link":"https:\/\/foreroagro.com\/tienda\/producto\/econex-nido-para-pajaros\/","title":{"rendered":"Econex Nido Para P\u00e1jaros"},"content":{"rendered":"<p><strong>Econex Nido Para P\u00e1jaros<\/strong><\/p>\n<p>Nido de madera especialmente dise\u00f1ado para poder colgarse y soportar la intemperie<\/p>\n<div id=\"container\">\n<div id=\"content-full\">\n<div id=\"content\">\n<div id=\"post-292\" class=\"post-292 page type-page status-publish hentry\">\n<div class=\"post-container\">\n<div class=\"entrytext\">\n<div id=\"tablepress-6_wrapper\" class=\"dataTables_wrapper no-footer\"><\/div>\n<\/div>\n<\/div>\n<\/div>\n<\/div>\n<\/div>\n<\/div>\n","protected":false},"excerpt":{"rendered":"<div id=\"container\">\n<div id=\"content-full\">\n<div id=\"content\">\n<div id=\"post-292\" class=\"post-292 page type-page status-publish hentry\">\n<div class=\"post-container\">\n<div class=\"entrytext\">\n<div id=\"tablepress-6_wrapper\" class=\"dataTables_wrapper no-footer\">Se puede colocar tanto en zonas de recreo, parques, jardines, parcelas de cultivos, para favorecer el anidamiento de p\u00e1jaros, que a su vez disminuir\u00e1n el n\u00famero de insectos ya sea adultos, larvas y en estado de pupa.<\/div>\n<div class=\"dataTables_wrapper no-footer\"><\/div>\n<\/div>\n<\/div>\n<\/div>\n<\/div>\n<\/div>\n<\/div>\n","protected":false},"featured_media":5548,"template":"","meta":[],"product_cat":[61,96],"product_tag":[],"yoast_head":"<!-- This site is optimized with the Yoast SEO plugin v17.5 - https:\/\/yoast.com\/wordpress\/plugins\/seo\/ -->\n<title>Econex Nido Para P\u00e1jaros - Foreroagro<\/title>\n<meta name=\"robots\" content=\"index, follow, max-snippet:-1, max-image-preview:large, max-video-preview:-1\" \/>\n<link rel=\"canonical\" href=\"https:\/\/foreroagro.com\/tienda\/producto\/econex-nido-para-pajaros\/\" \/>\n<meta property=\"og:locale\" content=\"es_ES\" \/>\n<meta property=\"og:type\" content=\"article\" \/>\n<meta property=\"og:title\" content=\"Econex Nido Para P\u00e1jaros - Foreroagro\" \/>\n<meta property=\"og:description\" content=\"Se puede colocar tanto en zonas de recreo, parques, jardines, parcelas de cultivos, para favorecer el anidamiento de p\u00e1jaros, que a su vez disminuir\u00e1n el n\u00famero de insectos ya sea adultos, larvas y en estado de pupa.\" \/>\n<meta property=\"og:url\" content=\"https:\/\/foreroagro.com\/tienda\/producto\/econex-nido-para-pajaros\/\" \/>\n<meta property=\"og:site_name\" content=\"Foreroagro\" \/>\n<meta property=\"article:modified_time\" content=\"2022-09-14T10:58:59+00:00\" \/>\n<meta property=\"og:image\" content=\"https:\/\/foreroagro.com\/tienda\/wp-content\/uploads\/2019\/03\/TA052-ECONEX-NIDO-PARA-P\u00c1JAROS.jpg\" \/>\n\t<meta property=\"og:image:width\" content=\"569\" \/>\n\t<meta property=\"og:image:height\" content=\"569\" \/>\n<meta name=\"twitter:card\" content=\"summary_large_image\" \/>\n<script type=\"application\/ld+json\" class=\"yoast-schema-graph\">{\"@context\":\"https:\/\/schema.org\",\"@graph\":[{\"@type\":\"Organization\",\"@id\":\"https:\/\/foreroagro.com\/tienda\/#organization\",\"name\":\"Foreroagro S.L.\",\"url\":\"https:\/\/foreroagro.com\/tienda\/\",\"sameAs\":[],\"logo\":{\"@type\":\"ImageObject\",\"@id\":\"https:\/\/foreroagro.com\/tienda\/#logo\",\"inLanguage\":\"es\",\"url\":\"https:\/\/foreroagro.com\/tienda\/wp-content\/uploads\/2018\/05\/Logo-foreroagro-e1527273021153.png\",\"contentUrl\":\"https:\/\/foreroagro.com\/tienda\/wp-content\/uploads\/2018\/05\/Logo-foreroagro-e1527273021153.png\",\"width\":80,\"height\":80,\"caption\":\"Foreroagro S.L.\"},\"image\":{\"@id\":\"https:\/\/foreroagro.com\/tienda\/#logo\"}},{\"@type\":\"WebSite\",\"@id\":\"https:\/\/foreroagro.com\/tienda\/#website\",\"url\":\"https:\/\/foreroagro.com\/tienda\/\",\"name\":\"Foreroagro\",\"description\":\"Soluciones agr\\u00edcolas online\",\"publisher\":{\"@id\":\"https:\/\/foreroagro.com\/tienda\/#organization\"},\"potentialAction\":[{\"@type\":\"SearchAction\",\"target\":{\"@type\":\"EntryPoint\",\"urlTemplate\":\"https:\/\/foreroagro.com\/tienda\/?s={search_term_string}\"},\"query-input\":\"required name=search_term_string\"}],\"inLanguage\":\"es\"},{\"@type\":\"ImageObject\",\"@id\":\"https:\/\/foreroagro.com\/tienda\/producto\/econex-nido-para-pajaros\/#primaryimage\",\"inLanguage\":\"es\",\"url\":\"https:\/\/foreroagro.com\/tienda\/wp-content\/uploads\/2019\/03\/TA052-ECONEX-NIDO-PARA-P\\u00c1JAROS.jpg\",\"contentUrl\":\"https:\/\/foreroagro.com\/tienda\/wp-content\/uploads\/2019\/03\/TA052-ECONEX-NIDO-PARA-P\\u00c1JAROS.jpg\",\"width\":569,\"height\":569},{\"@type\":\"WebPage\",\"@id\":\"https:\/\/foreroagro.com\/tienda\/producto\/econex-nido-para-pajaros\/#webpage\",\"url\":\"https:\/\/foreroagro.com\/tienda\/producto\/econex-nido-para-pajaros\/\",\"name\":\"Econex Nido Para P\\u00e1jaros - Foreroagro\",\"isPartOf\":{\"@id\":\"https:\/\/foreroagro.com\/tienda\/#website\"},\"primaryImageOfPage\":{\"@id\":\"https:\/\/foreroagro.com\/tienda\/producto\/econex-nido-para-pajaros\/#primaryimage\"},\"datePublished\":\"2019-03-19T16:29:22+00:00\",\"dateModified\":\"2022-09-14T10:58:59+00:00\",\"breadcrumb\":{\"@id\":\"https:\/\/foreroagro.com\/tienda\/producto\/econex-nido-para-pajaros\/#breadcrumb\"},\"inLanguage\":\"es\",\"potentialAction\":[{\"@type\":\"ReadAction\",\"target\":[\"https:\/\/foreroagro.com\/tienda\/producto\/econex-nido-para-pajaros\/\"]}]},{\"@type\":\"BreadcrumbList\",\"@id\":\"https:\/\/foreroagro.com\/tienda\/producto\/econex-nido-para-pajaros\/#breadcrumb\",\"itemListElement\":[{\"@type\":\"ListItem\",\"position\":1,\"name\":\"Portada\",\"item\":\"https:\/\/foreroagro.com\/tienda\/\"},{\"@type\":\"ListItem\",\"position\":2,\"name\":\"Tienda\",\"item\":\"https:\/\/foreroagro.com\/tienda\/\"},{\"@type\":\"ListItem\",\"position\":3,\"name\":\"Econex Nido Para P\\u00e1jaros\"}]}]}<\/script>\n<!-- \/ Yoast SEO plugin. -->","yoast_head_json":{"title":"Econex Nido Para P\u00e1jaros - Foreroagro","robots":{"index":"index","follow":"follow","max-snippet":"max-snippet:-1","max-image-preview":"max-image-preview:large","max-video-preview":"max-video-preview:-1"},"canonical":"https:\/\/foreroagro.com\/tienda\/producto\/econex-nido-para-pajaros\/","og_locale":"es_ES","og_type":"article","og_title":"Econex Nido Para P\u00e1jaros - Foreroagro","og_description":"Se puede colocar tanto en zonas de recreo, parques, jardines, parcelas de cultivos, para favorecer el anidamiento de p\u00e1jaros, que a su vez disminuir\u00e1n el n\u00famero de insectos ya sea adultos, larvas y en estado de pupa.","og_url":"https:\/\/foreroagro.com\/tienda\/producto\/econex-nido-para-pajaros\/","og_site_name":"Foreroagro","article_modified_time":"2022-09-14T10:58:59+00:00","og_image":[{"width":569,"height":569,"url":"https:\/\/foreroagro.com\/tienda\/wp-content\/uploads\/2019\/03\/TA052-ECONEX-NIDO-PARA-P\u00c1JAROS.jpg","type":"image\/jpeg"}],"twitter_card":"summary_large_image","schema":{"@context":"https:\/\/schema.org","@graph":[{"@type":"Organization","@id":"https:\/\/foreroagro.com\/tienda\/#organization","name":"Foreroagro S.L.","url":"https:\/\/foreroagro.com\/tienda\/","sameAs":[],"logo":{"@type":"ImageObject","@id":"https:\/\/foreroagro.com\/tienda\/#logo","inLanguage":"es","url":"https:\/\/foreroagro.com\/tienda\/wp-content\/uploads\/2018\/05\/Logo-foreroagro-e1527273021153.png","contentUrl":"https:\/\/foreroagro.com\/tienda\/wp-content\/uploads\/2018\/05\/Logo-foreroagro-e1527273021153.png","width":80,"height":80,"caption":"Foreroagro S.L."},"image":{"@id":"https:\/\/foreroagro.com\/tienda\/#logo"}},{"@type":"WebSite","@id":"https:\/\/foreroagro.com\/tienda\/#website","url":"https:\/\/foreroagro.com\/tienda\/","name":"Foreroagro","description":"Soluciones agr\u00edcolas online","publisher":{"@id":"https:\/\/foreroagro.com\/tienda\/#organization"},"potentialAction":[{"@type":"SearchAction","target":{"@type":"EntryPoint","urlTemplate":"https:\/\/foreroagro.com\/tienda\/?s={search_term_string}"},"query-input":"required name=search_term_string"}],"inLanguage":"es"},{"@type":"ImageObject","@id":"https:\/\/foreroagro.com\/tienda\/producto\/econex-nido-para-pajaros\/#primaryimage","inLanguage":"es","url":"https:\/\/foreroagro.com\/tienda\/wp-content\/uploads\/2019\/03\/TA052-ECONEX-NIDO-PARA-P\u00c1JAROS.jpg","contentUrl":"https:\/\/foreroagro.com\/tienda\/wp-content\/uploads\/2019\/03\/TA052-ECONEX-NIDO-PARA-P\u00c1JAROS.jpg","width":569,"height":569},{"@type":"WebPage","@id":"https:\/\/foreroagro.com\/tienda\/producto\/econex-nido-para-pajaros\/#webpage","url":"https:\/\/foreroagro.com\/tienda\/producto\/econex-nido-para-pajaros\/","name":"Econex Nido Para P\u00e1jaros - Foreroagro","isPartOf":{"@id":"https:\/\/foreroagro.com\/tienda\/#website"},"primaryImageOfPage":{"@id":"https:\/\/foreroagro.com\/tienda\/producto\/econex-nido-para-pajaros\/#primaryimage"},"datePublished":"2019-03-19T16:29:22+00:00","dateModified":"2022-09-14T10:58:59+00:00","breadcrumb":{"@id":"https:\/\/foreroagro.com\/tienda\/producto\/econex-nido-para-pajaros\/#breadcrumb"},"inLanguage":"es","potentialAction":[{"@type":"ReadAction","target":["https:\/\/foreroagro.com\/tienda\/producto\/econex-nido-para-pajaros\/"]}]},{"@type":"BreadcrumbList","@id":"https:\/\/foreroagro.com\/tienda\/producto\/econex-nido-para-pajaros\/#breadcrumb","itemListElement":[{"@type":"ListItem","position":1,"name":"Portada","item":"https:\/\/foreroagro.com\/tienda\/"},{"@type":"ListItem","position":2,"name":"Tienda","item":"https:\/\/foreroagro.com\/tienda\/"},{"@type":"ListItem","position":3,"name":"Econex Nido Para P\u00e1jaros"}]}]}},"_links":{"self":[{"href":"https:\/\/foreroagro.com\/tienda\/wp-json\/wp\/v2\/product\/5547"}],"collection":[{"href":"https:\/\/foreroagro.com\/tienda\/wp-json\/wp\/v2\/product"}],"about":[{"href":"https:\/\/foreroagro.com\/tienda\/wp-json\/wp\/v2\/types\/product"}],"wp:featuredmedia":[{"embeddable":true,"href":"https:\/\/foreroagro.com\/tienda\/wp-json\/wp\/v2\/media\/5548"}],"wp:attachment":[{"href":"https:\/\/foreroagro.com\/tienda\/wp-json\/wp\/v2\/media?parent=5547"}],"wp:term":[{"taxonomy":"product_cat","embeddable":true,"href":"https:\/\/foreroagro.com\/tienda\/wp-json\/wp\/v2\/product_cat?post=5547"},{"taxonomy":"product_tag","embeddable":true,"href":"https:\/\/foreroagro.com\/tienda\/wp-json\/wp\/v2\/product_tag?post=5547"}],"curies":[{"name":"wp","href":"https:\/\/api.w.org\/{rel}","templated":true}]}}