{"id":5550,"date":"2019-03-19T16:47:22","date_gmt":"2019-03-19T16:47:22","guid":{"rendered":"https:\/\/foreroagro.com\/tienda\/?post_type=product&#038;p=5550"},"modified":"2022-09-14T10:58:59","modified_gmt":"2022-09-14T10:58:59","slug":"econex-nidal-aves-insectivoras","status":"publish","type":"product","link":"https:\/\/foreroagro.com\/tienda\/producto\/econex-nidal-aves-insectivoras\/","title":{"rendered":"Econex Nidal Aves Insectivoras"},"content":{"rendered":"<p><strong>Econex Nidal Aves Insectivoras<\/strong><\/p>\n<div id=\"page\">\n<div class=\"columns-container\">\n<div id=\"columns\" class=\"container\">\n<div class=\"row\">\n<div id=\"center_column\" class=\"center_column col-xs-12 col-sm-12\">\n<div class=\"product-container\">\n<div class=\"row\">\n<div class=\"center-block col-xs-4 col-sm-7 col-md-4\">\n<p class=\"product-desc\">Mantener el equilibrio biol\u00f3gico natural en los montes mediante la utilizaci\u00f3n de todos aquellos recursos biol\u00f3gicos que la propia naturaleza nos ofrece de forma espont\u00e1nea, es posible.<\/p>\n<\/div>\n<\/div>\n<\/div>\n<\/div>\n<\/div>\n<\/div>\n<\/div>\n<\/div>\n<p>&nbsp;<\/p>\n","protected":false},"excerpt":{"rendered":"<p>Los nidos se emplean en las campa\u00f1as de protecci\u00f3n de aves insect\u00edvoras, mediante el fomento de sus poblaciones a trav\u00e9s de la instalaci\u00f3n de nidales.<\/p>\n<p>La utilizaci\u00f3n de nidos est\u00e1 muy generalizada, entre Sociedades conservacionistas, grupos ecologistas, universidades, escuelas profesionales, ayuntamientos, centros educativos, campamentos estivales, aulas de la naturaleza, asociaciones juveniles y cualquier particular interesado.<\/p>\n<p>Est\u00e1 sobradamente demostrada la utilidad de las aves insect\u00edvoras en el mantenimiento del equilibrio biol\u00f3gico natural en el monte, lo que justifica por si mismo la colocaci\u00f3n de nidos artificiales en masas arboladas.<\/p>\n","protected":false},"featured_media":5551,"template":"","meta":[],"product_cat":[61,96],"product_tag":[],"yoast_head":"<!-- This site is optimized with the Yoast SEO plugin v17.5 - https:\/\/yoast.com\/wordpress\/plugins\/seo\/ -->\n<title>Econex Nidal Aves Insectivoras - Foreroagro<\/title>\n<meta name=\"robots\" content=\"index, follow, max-snippet:-1, max-image-preview:large, max-video-preview:-1\" \/>\n<link rel=\"canonical\" href=\"https:\/\/foreroagro.com\/tienda\/producto\/econex-nidal-aves-insectivoras\/\" \/>\n<meta property=\"og:locale\" content=\"es_ES\" \/>\n<meta property=\"og:type\" content=\"article\" \/>\n<meta property=\"og:title\" content=\"Econex Nidal Aves Insectivoras - Foreroagro\" \/>\n<meta property=\"og:description\" content=\"Los nidos se emplean en las campa\u00f1as de protecci\u00f3n de aves insect\u00edvoras, mediante el fomento de sus poblaciones a trav\u00e9s de la instalaci\u00f3n de nidales.  La utilizaci\u00f3n de nidos est\u00e1 muy generalizada, entre Sociedades conservacionistas, grupos ecologistas, universidades, escuelas profesionales, ayuntamientos, centros educativos, campamentos estivales, aulas de la naturaleza, asociaciones juveniles y cualquier particular interesado.  Est\u00e1 sobradamente demostrada la utilidad de las aves insect\u00edvoras en el mantenimiento del equilibrio biol\u00f3gico natural en el monte, lo que justifica por si mismo la colocaci\u00f3n de nidos artificiales en masas arboladas.\" \/>\n<meta property=\"og:url\" content=\"https:\/\/foreroagro.com\/tienda\/producto\/econex-nidal-aves-insectivoras\/\" \/>\n<meta property=\"og:site_name\" content=\"Foreroagro\" \/>\n<meta property=\"article:modified_time\" content=\"2022-09-14T10:58:59+00:00\" \/>\n<meta property=\"og:image\" content=\"https:\/\/foreroagro.com\/tienda\/wp-content\/uploads\/2019\/03\/TA190-ECONEX-NIDAL-AVES-INSECTIVORAS.jpg\" \/>\n\t<meta property=\"og:image:width\" content=\"569\" \/>\n\t<meta property=\"og:image:height\" content=\"569\" \/>\n<meta name=\"twitter:card\" content=\"summary_large_image\" \/>\n<script type=\"application\/ld+json\" class=\"yoast-schema-graph\">{\"@context\":\"https:\/\/schema.org\",\"@graph\":[{\"@type\":\"Organization\",\"@id\":\"https:\/\/foreroagro.com\/tienda\/#organization\",\"name\":\"Foreroagro S.L.\",\"url\":\"https:\/\/foreroagro.com\/tienda\/\",\"sameAs\":[],\"logo\":{\"@type\":\"ImageObject\",\"@id\":\"https:\/\/foreroagro.com\/tienda\/#logo\",\"inLanguage\":\"es\",\"url\":\"https:\/\/foreroagro.com\/tienda\/wp-content\/uploads\/2018\/05\/Logo-foreroagro-e1527273021153.png\",\"contentUrl\":\"https:\/\/foreroagro.com\/tienda\/wp-content\/uploads\/2018\/05\/Logo-foreroagro-e1527273021153.png\",\"width\":80,\"height\":80,\"caption\":\"Foreroagro S.L.\"},\"image\":{\"@id\":\"https:\/\/foreroagro.com\/tienda\/#logo\"}},{\"@type\":\"WebSite\",\"@id\":\"https:\/\/foreroagro.com\/tienda\/#website\",\"url\":\"https:\/\/foreroagro.com\/tienda\/\",\"name\":\"Foreroagro\",\"description\":\"Soluciones agr\\u00edcolas online\",\"publisher\":{\"@id\":\"https:\/\/foreroagro.com\/tienda\/#organization\"},\"potentialAction\":[{\"@type\":\"SearchAction\",\"target\":{\"@type\":\"EntryPoint\",\"urlTemplate\":\"https:\/\/foreroagro.com\/tienda\/?s={search_term_string}\"},\"query-input\":\"required name=search_term_string\"}],\"inLanguage\":\"es\"},{\"@type\":\"ImageObject\",\"@id\":\"https:\/\/foreroagro.com\/tienda\/producto\/econex-nidal-aves-insectivoras\/#primaryimage\",\"inLanguage\":\"es\",\"url\":\"https:\/\/foreroagro.com\/tienda\/wp-content\/uploads\/2019\/03\/TA190-ECONEX-NIDAL-AVES-INSECTIVORAS.jpg\",\"contentUrl\":\"https:\/\/foreroagro.com\/tienda\/wp-content\/uploads\/2019\/03\/TA190-ECONEX-NIDAL-AVES-INSECTIVORAS.jpg\",\"width\":569,\"height\":569},{\"@type\":\"WebPage\",\"@id\":\"https:\/\/foreroagro.com\/tienda\/producto\/econex-nidal-aves-insectivoras\/#webpage\",\"url\":\"https:\/\/foreroagro.com\/tienda\/producto\/econex-nidal-aves-insectivoras\/\",\"name\":\"Econex Nidal Aves Insectivoras - Foreroagro\",\"isPartOf\":{\"@id\":\"https:\/\/foreroagro.com\/tienda\/#website\"},\"primaryImageOfPage\":{\"@id\":\"https:\/\/foreroagro.com\/tienda\/producto\/econex-nidal-aves-insectivoras\/#primaryimage\"},\"datePublished\":\"2019-03-19T16:47:22+00:00\",\"dateModified\":\"2022-09-14T10:58:59+00:00\",\"breadcrumb\":{\"@id\":\"https:\/\/foreroagro.com\/tienda\/producto\/econex-nidal-aves-insectivoras\/#breadcrumb\"},\"inLanguage\":\"es\",\"potentialAction\":[{\"@type\":\"ReadAction\",\"target\":[\"https:\/\/foreroagro.com\/tienda\/producto\/econex-nidal-aves-insectivoras\/\"]}]},{\"@type\":\"BreadcrumbList\",\"@id\":\"https:\/\/foreroagro.com\/tienda\/producto\/econex-nidal-aves-insectivoras\/#breadcrumb\",\"itemListElement\":[{\"@type\":\"ListItem\",\"position\":1,\"name\":\"Portada\",\"item\":\"https:\/\/foreroagro.com\/tienda\/\"},{\"@type\":\"ListItem\",\"position\":2,\"name\":\"Tienda\",\"item\":\"https:\/\/foreroagro.com\/tienda\/\"},{\"@type\":\"ListItem\",\"position\":3,\"name\":\"Econex Nidal Aves Insectivoras\"}]}]}<\/script>\n<!-- \/ Yoast SEO plugin. -->","yoast_head_json":{"title":"Econex Nidal Aves Insectivoras - Foreroagro","robots":{"index":"index","follow":"follow","max-snippet":"max-snippet:-1","max-image-preview":"max-image-preview:large","max-video-preview":"max-video-preview:-1"},"canonical":"https:\/\/foreroagro.com\/tienda\/producto\/econex-nidal-aves-insectivoras\/","og_locale":"es_ES","og_type":"article","og_title":"Econex Nidal Aves Insectivoras - Foreroagro","og_description":"Los nidos se emplean en las campa\u00f1as de protecci\u00f3n de aves insect\u00edvoras, mediante el fomento de sus poblaciones a trav\u00e9s de la instalaci\u00f3n de nidales.  La utilizaci\u00f3n de nidos est\u00e1 muy generalizada, entre Sociedades conservacionistas, grupos ecologistas, universidades, escuelas profesionales, ayuntamientos, centros educativos, campamentos estivales, aulas de la naturaleza, asociaciones juveniles y cualquier particular interesado.  Est\u00e1 sobradamente demostrada la utilidad de las aves insect\u00edvoras en el mantenimiento del equilibrio biol\u00f3gico natural en el monte, lo que justifica por si mismo la colocaci\u00f3n de nidos artificiales en masas arboladas.","og_url":"https:\/\/foreroagro.com\/tienda\/producto\/econex-nidal-aves-insectivoras\/","og_site_name":"Foreroagro","article_modified_time":"2022-09-14T10:58:59+00:00","og_image":[{"width":569,"height":569,"url":"https:\/\/foreroagro.com\/tienda\/wp-content\/uploads\/2019\/03\/TA190-ECONEX-NIDAL-AVES-INSECTIVORAS.jpg","type":"image\/jpeg"}],"twitter_card":"summary_large_image","schema":{"@context":"https:\/\/schema.org","@graph":[{"@type":"Organization","@id":"https:\/\/foreroagro.com\/tienda\/#organization","name":"Foreroagro S.L.","url":"https:\/\/foreroagro.com\/tienda\/","sameAs":[],"logo":{"@type":"ImageObject","@id":"https:\/\/foreroagro.com\/tienda\/#logo","inLanguage":"es","url":"https:\/\/foreroagro.com\/tienda\/wp-content\/uploads\/2018\/05\/Logo-foreroagro-e1527273021153.png","contentUrl":"https:\/\/foreroagro.com\/tienda\/wp-content\/uploads\/2018\/05\/Logo-foreroagro-e1527273021153.png","width":80,"height":80,"caption":"Foreroagro S.L."},"image":{"@id":"https:\/\/foreroagro.com\/tienda\/#logo"}},{"@type":"WebSite","@id":"https:\/\/foreroagro.com\/tienda\/#website","url":"https:\/\/foreroagro.com\/tienda\/","name":"Foreroagro","description":"Soluciones agr\u00edcolas online","publisher":{"@id":"https:\/\/foreroagro.com\/tienda\/#organization"},"potentialAction":[{"@type":"SearchAction","target":{"@type":"EntryPoint","urlTemplate":"https:\/\/foreroagro.com\/tienda\/?s={search_term_string}"},"query-input":"required name=search_term_string"}],"inLanguage":"es"},{"@type":"ImageObject","@id":"https:\/\/foreroagro.com\/tienda\/producto\/econex-nidal-aves-insectivoras\/#primaryimage","inLanguage":"es","url":"https:\/\/foreroagro.com\/tienda\/wp-content\/uploads\/2019\/03\/TA190-ECONEX-NIDAL-AVES-INSECTIVORAS.jpg","contentUrl":"https:\/\/foreroagro.com\/tienda\/wp-content\/uploads\/2019\/03\/TA190-ECONEX-NIDAL-AVES-INSECTIVORAS.jpg","width":569,"height":569},{"@type":"WebPage","@id":"https:\/\/foreroagro.com\/tienda\/producto\/econex-nidal-aves-insectivoras\/#webpage","url":"https:\/\/foreroagro.com\/tienda\/producto\/econex-nidal-aves-insectivoras\/","name":"Econex Nidal Aves Insectivoras - Foreroagro","isPartOf":{"@id":"https:\/\/foreroagro.com\/tienda\/#website"},"primaryImageOfPage":{"@id":"https:\/\/foreroagro.com\/tienda\/producto\/econex-nidal-aves-insectivoras\/#primaryimage"},"datePublished":"2019-03-19T16:47:22+00:00","dateModified":"2022-09-14T10:58:59+00:00","breadcrumb":{"@id":"https:\/\/foreroagro.com\/tienda\/producto\/econex-nidal-aves-insectivoras\/#breadcrumb"},"inLanguage":"es","potentialAction":[{"@type":"ReadAction","target":["https:\/\/foreroagro.com\/tienda\/producto\/econex-nidal-aves-insectivoras\/"]}]},{"@type":"BreadcrumbList","@id":"https:\/\/foreroagro.com\/tienda\/producto\/econex-nidal-aves-insectivoras\/#breadcrumb","itemListElement":[{"@type":"ListItem","position":1,"name":"Portada","item":"https:\/\/foreroagro.com\/tienda\/"},{"@type":"ListItem","position":2,"name":"Tienda","item":"https:\/\/foreroagro.com\/tienda\/"},{"@type":"ListItem","position":3,"name":"Econex Nidal Aves Insectivoras"}]}]}},"_links":{"self":[{"href":"https:\/\/foreroagro.com\/tienda\/wp-json\/wp\/v2\/product\/5550"}],"collection":[{"href":"https:\/\/foreroagro.com\/tienda\/wp-json\/wp\/v2\/product"}],"about":[{"href":"https:\/\/foreroagro.com\/tienda\/wp-json\/wp\/v2\/types\/product"}],"wp:featuredmedia":[{"embeddable":true,"href":"https:\/\/foreroagro.com\/tienda\/wp-json\/wp\/v2\/media\/5551"}],"wp:attachment":[{"href":"https:\/\/foreroagro.com\/tienda\/wp-json\/wp\/v2\/media?parent=5550"}],"wp:term":[{"taxonomy":"product_cat","embeddable":true,"href":"https:\/\/foreroagro.com\/tienda\/wp-json\/wp\/v2\/product_cat?post=5550"},{"taxonomy":"product_tag","embeddable":true,"href":"https:\/\/foreroagro.com\/tienda\/wp-json\/wp\/v2\/product_tag?post=5550"}],"curies":[{"name":"wp","href":"https:\/\/api.w.org\/{rel}","templated":true}]}}