{"id":5587,"date":"2019-03-20T17:20:23","date_gmt":"2019-03-20T17:20:23","guid":{"rendered":"https:\/\/foreroagro.com\/tienda\/?post_type=product&#038;p=5587"},"modified":"2022-09-14T10:58:55","modified_gmt":"2022-09-14T10:58:55","slug":"econex-trampa-botella","status":"publish","type":"product","link":"https:\/\/foreroagro.com\/tienda\/producto\/econex-trampa-botella\/","title":{"rendered":"Econex Trampa Botella"},"content":{"rendered":"<p><strong>Econex Trampa Botella<\/strong><\/p>\n<div id=\"page\">\n<div class=\"columns-container\">\n<div id=\"columns\" class=\"container\">\n<div class=\"row\">\n<div id=\"center_column\" class=\"center_column col-xs-12 col-sm-12\">\n<div class=\"product-container\">\n<div class=\"row\">\n<div class=\"center-block col-xs-4 col-sm-7 col-md-4\">\n<p class=\"product-desc\">Es una trampa vers\u00e1til y econ\u00f3mica.<\/p>\n<\/div>\n<\/div>\n<\/div>\n<\/div>\n<\/div>\n<\/div>\n<\/div>\n<\/div>\n","protected":false},"excerpt":{"rendered":"<div id=\"page\">\n<div class=\"columns-container\">\n<div id=\"columns\" class=\"container\">\n<div class=\"row\">\n<div id=\"center_column\" class=\"center_column col-xs-12 col-sm-12\">\n<div>\n<section class=\"page-product-box\">\n<div class=\"rte\">\n<p>Trampa desechable en forma de botella cerrada con una capacidad de 1 litro, elaborada en PET, con 4 orificios transversales con insertos de polipropileno amarillo de forma troncoc\u00f3nica. Estos insertos facilitan la entrada de los insectos diana, tanto por atracci\u00f3n cromotr\u00f3pica como por su forma de embudo, impidiendo adem\u00e1s su salida.<\/p>\n<p>Optimizada para su uso en atracci\u00f3n y captura, rellen\u00e1ndola con el atrayente adecuado (no incluido), de mosca de la fruta (<em>Ceratitis capitata)<\/em>, mosca del olivo (<em>Bractocera oleae)<\/em>, mosca de la cereza (<em>Rhagoletis cerasi)<\/em>, y otros d\u00edpteros, o cualquier otro insecto diana que sea susceptible de ser capturado en esta trampa.<\/p>\n<\/div>\n<\/section>\n<\/div>\n<\/div>\n<\/div>\n<\/div>\n<\/div>\n<\/div>\n","protected":false},"featured_media":5588,"template":"","meta":[],"product_cat":[61,95],"product_tag":[],"yoast_head":"<!-- This site is optimized with the Yoast SEO plugin v17.5 - https:\/\/yoast.com\/wordpress\/plugins\/seo\/ -->\n<title>Econex Trampa Botella - Foreroagro<\/title>\n<meta name=\"robots\" content=\"index, follow, max-snippet:-1, max-image-preview:large, max-video-preview:-1\" \/>\n<link rel=\"canonical\" href=\"https:\/\/foreroagro.com\/tienda\/producto\/econex-trampa-botella\/\" \/>\n<meta property=\"og:locale\" content=\"es_ES\" \/>\n<meta property=\"og:type\" content=\"article\" \/>\n<meta property=\"og:title\" content=\"Econex Trampa Botella - Foreroagro\" \/>\n<meta property=\"og:description\" content=\"Trampa desechable en forma de botella cerrada con una capacidad de 1 litro, elaborada en PET, con 4 orificios transversales con insertos de polipropileno amarillo de forma troncoc\u00f3nica. Estos insertos facilitan la entrada de los insectos diana, tanto por atracci\u00f3n cromotr\u00f3pica como por su forma de embudo, impidiendo adem\u00e1s su salida.  Optimizada para su uso en atracci\u00f3n y captura, rellen\u00e1ndola con el atrayente adecuado (no incluido), de mosca de la fruta (Ceratitis capitata), mosca del olivo (Bractocera oleae), mosca de la cereza (Rhagoletis cerasi), y otros d\u00edpteros, o cualquier otro insecto diana que sea susceptible de ser capturado en esta trampa.\" \/>\n<meta property=\"og:url\" content=\"https:\/\/foreroagro.com\/tienda\/producto\/econex-trampa-botella\/\" \/>\n<meta property=\"og:site_name\" content=\"Foreroagro\" \/>\n<meta property=\"article:modified_time\" content=\"2022-09-14T10:58:55+00:00\" \/>\n<meta property=\"og:image\" content=\"https:\/\/foreroagro.com\/tienda\/wp-content\/uploads\/2019\/03\/TA250-ECONEX-TRAMPA-BOTELLA.jpg\" \/>\n\t<meta property=\"og:image:width\" content=\"569\" \/>\n\t<meta property=\"og:image:height\" content=\"569\" \/>\n<meta name=\"twitter:card\" content=\"summary_large_image\" \/>\n<script type=\"application\/ld+json\" class=\"yoast-schema-graph\">{\"@context\":\"https:\/\/schema.org\",\"@graph\":[{\"@type\":\"Organization\",\"@id\":\"https:\/\/foreroagro.com\/tienda\/#organization\",\"name\":\"Foreroagro S.L.\",\"url\":\"https:\/\/foreroagro.com\/tienda\/\",\"sameAs\":[],\"logo\":{\"@type\":\"ImageObject\",\"@id\":\"https:\/\/foreroagro.com\/tienda\/#logo\",\"inLanguage\":\"es\",\"url\":\"https:\/\/foreroagro.com\/tienda\/wp-content\/uploads\/2018\/05\/Logo-foreroagro-e1527273021153.png\",\"contentUrl\":\"https:\/\/foreroagro.com\/tienda\/wp-content\/uploads\/2018\/05\/Logo-foreroagro-e1527273021153.png\",\"width\":80,\"height\":80,\"caption\":\"Foreroagro S.L.\"},\"image\":{\"@id\":\"https:\/\/foreroagro.com\/tienda\/#logo\"}},{\"@type\":\"WebSite\",\"@id\":\"https:\/\/foreroagro.com\/tienda\/#website\",\"url\":\"https:\/\/foreroagro.com\/tienda\/\",\"name\":\"Foreroagro\",\"description\":\"Soluciones agr\\u00edcolas online\",\"publisher\":{\"@id\":\"https:\/\/foreroagro.com\/tienda\/#organization\"},\"potentialAction\":[{\"@type\":\"SearchAction\",\"target\":{\"@type\":\"EntryPoint\",\"urlTemplate\":\"https:\/\/foreroagro.com\/tienda\/?s={search_term_string}\"},\"query-input\":\"required name=search_term_string\"}],\"inLanguage\":\"es\"},{\"@type\":\"ImageObject\",\"@id\":\"https:\/\/foreroagro.com\/tienda\/producto\/econex-trampa-botella\/#primaryimage\",\"inLanguage\":\"es\",\"url\":\"https:\/\/foreroagro.com\/tienda\/wp-content\/uploads\/2019\/03\/TA250-ECONEX-TRAMPA-BOTELLA.jpg\",\"contentUrl\":\"https:\/\/foreroagro.com\/tienda\/wp-content\/uploads\/2019\/03\/TA250-ECONEX-TRAMPA-BOTELLA.jpg\",\"width\":569,\"height\":569},{\"@type\":\"WebPage\",\"@id\":\"https:\/\/foreroagro.com\/tienda\/producto\/econex-trampa-botella\/#webpage\",\"url\":\"https:\/\/foreroagro.com\/tienda\/producto\/econex-trampa-botella\/\",\"name\":\"Econex Trampa Botella - Foreroagro\",\"isPartOf\":{\"@id\":\"https:\/\/foreroagro.com\/tienda\/#website\"},\"primaryImageOfPage\":{\"@id\":\"https:\/\/foreroagro.com\/tienda\/producto\/econex-trampa-botella\/#primaryimage\"},\"datePublished\":\"2019-03-20T17:20:23+00:00\",\"dateModified\":\"2022-09-14T10:58:55+00:00\",\"breadcrumb\":{\"@id\":\"https:\/\/foreroagro.com\/tienda\/producto\/econex-trampa-botella\/#breadcrumb\"},\"inLanguage\":\"es\",\"potentialAction\":[{\"@type\":\"ReadAction\",\"target\":[\"https:\/\/foreroagro.com\/tienda\/producto\/econex-trampa-botella\/\"]}]},{\"@type\":\"BreadcrumbList\",\"@id\":\"https:\/\/foreroagro.com\/tienda\/producto\/econex-trampa-botella\/#breadcrumb\",\"itemListElement\":[{\"@type\":\"ListItem\",\"position\":1,\"name\":\"Portada\",\"item\":\"https:\/\/foreroagro.com\/tienda\/\"},{\"@type\":\"ListItem\",\"position\":2,\"name\":\"Tienda\",\"item\":\"https:\/\/foreroagro.com\/tienda\/\"},{\"@type\":\"ListItem\",\"position\":3,\"name\":\"Econex Trampa Botella\"}]}]}<\/script>\n<!-- \/ Yoast SEO plugin. -->","yoast_head_json":{"title":"Econex Trampa Botella - Foreroagro","robots":{"index":"index","follow":"follow","max-snippet":"max-snippet:-1","max-image-preview":"max-image-preview:large","max-video-preview":"max-video-preview:-1"},"canonical":"https:\/\/foreroagro.com\/tienda\/producto\/econex-trampa-botella\/","og_locale":"es_ES","og_type":"article","og_title":"Econex Trampa Botella - Foreroagro","og_description":"Trampa desechable en forma de botella cerrada con una capacidad de 1 litro, elaborada en PET, con 4 orificios transversales con insertos de polipropileno amarillo de forma troncoc\u00f3nica. Estos insertos facilitan la entrada de los insectos diana, tanto por atracci\u00f3n cromotr\u00f3pica como por su forma de embudo, impidiendo adem\u00e1s su salida.  Optimizada para su uso en atracci\u00f3n y captura, rellen\u00e1ndola con el atrayente adecuado (no incluido), de mosca de la fruta (Ceratitis capitata), mosca del olivo (Bractocera oleae), mosca de la cereza (Rhagoletis cerasi), y otros d\u00edpteros, o cualquier otro insecto diana que sea susceptible de ser capturado en esta trampa.","og_url":"https:\/\/foreroagro.com\/tienda\/producto\/econex-trampa-botella\/","og_site_name":"Foreroagro","article_modified_time":"2022-09-14T10:58:55+00:00","og_image":[{"width":569,"height":569,"url":"https:\/\/foreroagro.com\/tienda\/wp-content\/uploads\/2019\/03\/TA250-ECONEX-TRAMPA-BOTELLA.jpg","type":"image\/jpeg"}],"twitter_card":"summary_large_image","schema":{"@context":"https:\/\/schema.org","@graph":[{"@type":"Organization","@id":"https:\/\/foreroagro.com\/tienda\/#organization","name":"Foreroagro S.L.","url":"https:\/\/foreroagro.com\/tienda\/","sameAs":[],"logo":{"@type":"ImageObject","@id":"https:\/\/foreroagro.com\/tienda\/#logo","inLanguage":"es","url":"https:\/\/foreroagro.com\/tienda\/wp-content\/uploads\/2018\/05\/Logo-foreroagro-e1527273021153.png","contentUrl":"https:\/\/foreroagro.com\/tienda\/wp-content\/uploads\/2018\/05\/Logo-foreroagro-e1527273021153.png","width":80,"height":80,"caption":"Foreroagro S.L."},"image":{"@id":"https:\/\/foreroagro.com\/tienda\/#logo"}},{"@type":"WebSite","@id":"https:\/\/foreroagro.com\/tienda\/#website","url":"https:\/\/foreroagro.com\/tienda\/","name":"Foreroagro","description":"Soluciones agr\u00edcolas online","publisher":{"@id":"https:\/\/foreroagro.com\/tienda\/#organization"},"potentialAction":[{"@type":"SearchAction","target":{"@type":"EntryPoint","urlTemplate":"https:\/\/foreroagro.com\/tienda\/?s={search_term_string}"},"query-input":"required name=search_term_string"}],"inLanguage":"es"},{"@type":"ImageObject","@id":"https:\/\/foreroagro.com\/tienda\/producto\/econex-trampa-botella\/#primaryimage","inLanguage":"es","url":"https:\/\/foreroagro.com\/tienda\/wp-content\/uploads\/2019\/03\/TA250-ECONEX-TRAMPA-BOTELLA.jpg","contentUrl":"https:\/\/foreroagro.com\/tienda\/wp-content\/uploads\/2019\/03\/TA250-ECONEX-TRAMPA-BOTELLA.jpg","width":569,"height":569},{"@type":"WebPage","@id":"https:\/\/foreroagro.com\/tienda\/producto\/econex-trampa-botella\/#webpage","url":"https:\/\/foreroagro.com\/tienda\/producto\/econex-trampa-botella\/","name":"Econex Trampa Botella - Foreroagro","isPartOf":{"@id":"https:\/\/foreroagro.com\/tienda\/#website"},"primaryImageOfPage":{"@id":"https:\/\/foreroagro.com\/tienda\/producto\/econex-trampa-botella\/#primaryimage"},"datePublished":"2019-03-20T17:20:23+00:00","dateModified":"2022-09-14T10:58:55+00:00","breadcrumb":{"@id":"https:\/\/foreroagro.com\/tienda\/producto\/econex-trampa-botella\/#breadcrumb"},"inLanguage":"es","potentialAction":[{"@type":"ReadAction","target":["https:\/\/foreroagro.com\/tienda\/producto\/econex-trampa-botella\/"]}]},{"@type":"BreadcrumbList","@id":"https:\/\/foreroagro.com\/tienda\/producto\/econex-trampa-botella\/#breadcrumb","itemListElement":[{"@type":"ListItem","position":1,"name":"Portada","item":"https:\/\/foreroagro.com\/tienda\/"},{"@type":"ListItem","position":2,"name":"Tienda","item":"https:\/\/foreroagro.com\/tienda\/"},{"@type":"ListItem","position":3,"name":"Econex Trampa Botella"}]}]}},"_links":{"self":[{"href":"https:\/\/foreroagro.com\/tienda\/wp-json\/wp\/v2\/product\/5587"}],"collection":[{"href":"https:\/\/foreroagro.com\/tienda\/wp-json\/wp\/v2\/product"}],"about":[{"href":"https:\/\/foreroagro.com\/tienda\/wp-json\/wp\/v2\/types\/product"}],"wp:featuredmedia":[{"embeddable":true,"href":"https:\/\/foreroagro.com\/tienda\/wp-json\/wp\/v2\/media\/5588"}],"wp:attachment":[{"href":"https:\/\/foreroagro.com\/tienda\/wp-json\/wp\/v2\/media?parent=5587"}],"wp:term":[{"taxonomy":"product_cat","embeddable":true,"href":"https:\/\/foreroagro.com\/tienda\/wp-json\/wp\/v2\/product_cat?post=5587"},{"taxonomy":"product_tag","embeddable":true,"href":"https:\/\/foreroagro.com\/tienda\/wp-json\/wp\/v2\/product_tag?post=5587"}],"curies":[{"name":"wp","href":"https:\/\/api.w.org\/{rel}","templated":true}]}}