{"id":5680,"date":"2019-03-28T20:06:39","date_gmt":"2019-03-28T20:06:39","guid":{"rendered":"https:\/\/foreroagro.com\/tienda\/?post_type=product&#038;p=5680"},"modified":"2019-09-27T08:51:06","modified_gmt":"2019-09-27T08:51:06","slug":"pistola-pulverizacion-laton-m-88","status":"publish","type":"product","link":"https:\/\/foreroagro.com\/tienda\/producto\/pistola-pulverizacion-laton-m-88\/","title":{"rendered":"Pistola Pulverizaci\u00f3n Lat\u00f3n M.88"},"content":{"rendered":"<p><strong>Pistola Pulverizaci\u00f3n Lat\u00f3n M.88<\/strong><\/p>\n<p>Para que el tratamiento aplicado sea exitoso, es determinante que la aplicaci\u00f3n se realice con instrumentos que avalen una pulverizaci\u00f3n adecuada, a la vez que sean resistentes al paso del tiempo y la inclemencia clim\u00e1tica.<\/p>\n<p>Nuestra familia de pistolas, pulverizadores, columnas e inyectores est\u00e1n dise\u00f1ados con el objetivo de realizas la aplicaci\u00f3n adecuada, en el momento y la cantidad adecuada para incrementar el \u00e9xito del tratamiento.<\/p>\n","protected":false},"excerpt":{"rendered":"<p>Fabricadas con lat\u00f3n, acero inoxidable y pl\u00e1stico de alta resistencia, las pistolas de pulverizaci\u00f3n Sirfran est\u00e1n dise\u00f1adas para la realizaci\u00f3n de tratamientos en m\u00faltiples escenarios como vi\u00f1edos, huertos e invernaderos, entre otros.<\/p>\n<p>Todas las pistolas est\u00e1n dise\u00f1adas bajo las premisas de alcanzar una m\u00e1xima resistencia y la mejor aplicaci\u00f3n en cada ocasi\u00f3n.<\/p>\n","protected":false},"featured_media":5681,"template":"","meta":[],"product_cat":[49,52],"product_tag":[],"yoast_head":"<!-- This site is optimized with the Yoast SEO plugin v17.5 - https:\/\/yoast.com\/wordpress\/plugins\/seo\/ -->\n<title>Pistola Pulverizaci\u00f3n Lat\u00f3n M.88 - Foreroagro<\/title>\n<meta name=\"robots\" content=\"index, follow, max-snippet:-1, max-image-preview:large, max-video-preview:-1\" \/>\n<link rel=\"canonical\" href=\"https:\/\/foreroagro.com\/tienda\/producto\/pistola-pulverizacion-laton-m-88\/\" \/>\n<meta property=\"og:locale\" content=\"es_ES\" \/>\n<meta property=\"og:type\" content=\"article\" \/>\n<meta property=\"og:title\" content=\"Pistola Pulverizaci\u00f3n Lat\u00f3n M.88 - Foreroagro\" \/>\n<meta property=\"og:description\" content=\"Fabricadas con lat\u00f3n, acero inoxidable y pl\u00e1stico de alta resistencia, las pistolas de pulverizaci\u00f3n Sirfran est\u00e1n dise\u00f1adas para la realizaci\u00f3n de tratamientos en m\u00faltiples escenarios como vi\u00f1edos, huertos e invernaderos, entre otros.  Todas las pistolas est\u00e1n dise\u00f1adas bajo las premisas de alcanzar una m\u00e1xima resistencia y la mejor aplicaci\u00f3n en cada ocasi\u00f3n.\" \/>\n<meta property=\"og:url\" content=\"https:\/\/foreroagro.com\/tienda\/producto\/pistola-pulverizacion-laton-m-88\/\" \/>\n<meta property=\"og:site_name\" content=\"Foreroagro\" \/>\n<meta property=\"article:modified_time\" content=\"2019-09-27T08:51:06+00:00\" \/>\n<meta property=\"og:image\" content=\"https:\/\/foreroagro.com\/tienda\/wp-content\/uploads\/2019\/03\/200-Pistola-Pulverizaci\u00f3n-Lat\u00f3n-M.88.jpg\" \/>\n\t<meta property=\"og:image:width\" content=\"569\" \/>\n\t<meta property=\"og:image:height\" content=\"569\" \/>\n<meta name=\"twitter:card\" content=\"summary_large_image\" \/>\n<script type=\"application\/ld+json\" class=\"yoast-schema-graph\">{\"@context\":\"https:\/\/schema.org\",\"@graph\":[{\"@type\":\"Organization\",\"@id\":\"https:\/\/foreroagro.com\/tienda\/#organization\",\"name\":\"Foreroagro S.L.\",\"url\":\"https:\/\/foreroagro.com\/tienda\/\",\"sameAs\":[],\"logo\":{\"@type\":\"ImageObject\",\"@id\":\"https:\/\/foreroagro.com\/tienda\/#logo\",\"inLanguage\":\"es\",\"url\":\"https:\/\/foreroagro.com\/tienda\/wp-content\/uploads\/2018\/05\/Logo-foreroagro-e1527273021153.png\",\"contentUrl\":\"https:\/\/foreroagro.com\/tienda\/wp-content\/uploads\/2018\/05\/Logo-foreroagro-e1527273021153.png\",\"width\":80,\"height\":80,\"caption\":\"Foreroagro S.L.\"},\"image\":{\"@id\":\"https:\/\/foreroagro.com\/tienda\/#logo\"}},{\"@type\":\"WebSite\",\"@id\":\"https:\/\/foreroagro.com\/tienda\/#website\",\"url\":\"https:\/\/foreroagro.com\/tienda\/\",\"name\":\"Foreroagro\",\"description\":\"Soluciones agr\\u00edcolas online\",\"publisher\":{\"@id\":\"https:\/\/foreroagro.com\/tienda\/#organization\"},\"potentialAction\":[{\"@type\":\"SearchAction\",\"target\":{\"@type\":\"EntryPoint\",\"urlTemplate\":\"https:\/\/foreroagro.com\/tienda\/?s={search_term_string}\"},\"query-input\":\"required name=search_term_string\"}],\"inLanguage\":\"es\"},{\"@type\":\"ImageObject\",\"@id\":\"https:\/\/foreroagro.com\/tienda\/producto\/pistola-pulverizacion-laton-m-88\/#primaryimage\",\"inLanguage\":\"es\",\"url\":\"https:\/\/foreroagro.com\/tienda\/wp-content\/uploads\/2019\/03\/200-Pistola-Pulverizaci\\u00f3n-Lat\\u00f3n-M.88.jpg\",\"contentUrl\":\"https:\/\/foreroagro.com\/tienda\/wp-content\/uploads\/2019\/03\/200-Pistola-Pulverizaci\\u00f3n-Lat\\u00f3n-M.88.jpg\",\"width\":569,\"height\":569},{\"@type\":\"WebPage\",\"@id\":\"https:\/\/foreroagro.com\/tienda\/producto\/pistola-pulverizacion-laton-m-88\/#webpage\",\"url\":\"https:\/\/foreroagro.com\/tienda\/producto\/pistola-pulverizacion-laton-m-88\/\",\"name\":\"Pistola Pulverizaci\\u00f3n Lat\\u00f3n M.88 - Foreroagro\",\"isPartOf\":{\"@id\":\"https:\/\/foreroagro.com\/tienda\/#website\"},\"primaryImageOfPage\":{\"@id\":\"https:\/\/foreroagro.com\/tienda\/producto\/pistola-pulverizacion-laton-m-88\/#primaryimage\"},\"datePublished\":\"2019-03-28T20:06:39+00:00\",\"dateModified\":\"2019-09-27T08:51:06+00:00\",\"breadcrumb\":{\"@id\":\"https:\/\/foreroagro.com\/tienda\/producto\/pistola-pulverizacion-laton-m-88\/#breadcrumb\"},\"inLanguage\":\"es\",\"potentialAction\":[{\"@type\":\"ReadAction\",\"target\":[\"https:\/\/foreroagro.com\/tienda\/producto\/pistola-pulverizacion-laton-m-88\/\"]}]},{\"@type\":\"BreadcrumbList\",\"@id\":\"https:\/\/foreroagro.com\/tienda\/producto\/pistola-pulverizacion-laton-m-88\/#breadcrumb\",\"itemListElement\":[{\"@type\":\"ListItem\",\"position\":1,\"name\":\"Portada\",\"item\":\"https:\/\/foreroagro.com\/tienda\/\"},{\"@type\":\"ListItem\",\"position\":2,\"name\":\"Tienda\",\"item\":\"https:\/\/foreroagro.com\/tienda\/\"},{\"@type\":\"ListItem\",\"position\":3,\"name\":\"Pistola Pulverizaci\\u00f3n Lat\\u00f3n M.88\"}]}]}<\/script>\n<!-- \/ Yoast SEO plugin. -->","yoast_head_json":{"title":"Pistola Pulverizaci\u00f3n Lat\u00f3n M.88 - Foreroagro","robots":{"index":"index","follow":"follow","max-snippet":"max-snippet:-1","max-image-preview":"max-image-preview:large","max-video-preview":"max-video-preview:-1"},"canonical":"https:\/\/foreroagro.com\/tienda\/producto\/pistola-pulverizacion-laton-m-88\/","og_locale":"es_ES","og_type":"article","og_title":"Pistola Pulverizaci\u00f3n Lat\u00f3n M.88 - Foreroagro","og_description":"Fabricadas con lat\u00f3n, acero inoxidable y pl\u00e1stico de alta resistencia, las pistolas de pulverizaci\u00f3n Sirfran est\u00e1n dise\u00f1adas para la realizaci\u00f3n de tratamientos en m\u00faltiples escenarios como vi\u00f1edos, huertos e invernaderos, entre otros.  Todas las pistolas est\u00e1n dise\u00f1adas bajo las premisas de alcanzar una m\u00e1xima resistencia y la mejor aplicaci\u00f3n en cada ocasi\u00f3n.","og_url":"https:\/\/foreroagro.com\/tienda\/producto\/pistola-pulverizacion-laton-m-88\/","og_site_name":"Foreroagro","article_modified_time":"2019-09-27T08:51:06+00:00","og_image":[{"width":569,"height":569,"url":"https:\/\/foreroagro.com\/tienda\/wp-content\/uploads\/2019\/03\/200-Pistola-Pulverizaci\u00f3n-Lat\u00f3n-M.88.jpg","type":"image\/jpeg"}],"twitter_card":"summary_large_image","schema":{"@context":"https:\/\/schema.org","@graph":[{"@type":"Organization","@id":"https:\/\/foreroagro.com\/tienda\/#organization","name":"Foreroagro S.L.","url":"https:\/\/foreroagro.com\/tienda\/","sameAs":[],"logo":{"@type":"ImageObject","@id":"https:\/\/foreroagro.com\/tienda\/#logo","inLanguage":"es","url":"https:\/\/foreroagro.com\/tienda\/wp-content\/uploads\/2018\/05\/Logo-foreroagro-e1527273021153.png","contentUrl":"https:\/\/foreroagro.com\/tienda\/wp-content\/uploads\/2018\/05\/Logo-foreroagro-e1527273021153.png","width":80,"height":80,"caption":"Foreroagro S.L."},"image":{"@id":"https:\/\/foreroagro.com\/tienda\/#logo"}},{"@type":"WebSite","@id":"https:\/\/foreroagro.com\/tienda\/#website","url":"https:\/\/foreroagro.com\/tienda\/","name":"Foreroagro","description":"Soluciones agr\u00edcolas online","publisher":{"@id":"https:\/\/foreroagro.com\/tienda\/#organization"},"potentialAction":[{"@type":"SearchAction","target":{"@type":"EntryPoint","urlTemplate":"https:\/\/foreroagro.com\/tienda\/?s={search_term_string}"},"query-input":"required name=search_term_string"}],"inLanguage":"es"},{"@type":"ImageObject","@id":"https:\/\/foreroagro.com\/tienda\/producto\/pistola-pulverizacion-laton-m-88\/#primaryimage","inLanguage":"es","url":"https:\/\/foreroagro.com\/tienda\/wp-content\/uploads\/2019\/03\/200-Pistola-Pulverizaci\u00f3n-Lat\u00f3n-M.88.jpg","contentUrl":"https:\/\/foreroagro.com\/tienda\/wp-content\/uploads\/2019\/03\/200-Pistola-Pulverizaci\u00f3n-Lat\u00f3n-M.88.jpg","width":569,"height":569},{"@type":"WebPage","@id":"https:\/\/foreroagro.com\/tienda\/producto\/pistola-pulverizacion-laton-m-88\/#webpage","url":"https:\/\/foreroagro.com\/tienda\/producto\/pistola-pulverizacion-laton-m-88\/","name":"Pistola Pulverizaci\u00f3n Lat\u00f3n M.88 - Foreroagro","isPartOf":{"@id":"https:\/\/foreroagro.com\/tienda\/#website"},"primaryImageOfPage":{"@id":"https:\/\/foreroagro.com\/tienda\/producto\/pistola-pulverizacion-laton-m-88\/#primaryimage"},"datePublished":"2019-03-28T20:06:39+00:00","dateModified":"2019-09-27T08:51:06+00:00","breadcrumb":{"@id":"https:\/\/foreroagro.com\/tienda\/producto\/pistola-pulverizacion-laton-m-88\/#breadcrumb"},"inLanguage":"es","potentialAction":[{"@type":"ReadAction","target":["https:\/\/foreroagro.com\/tienda\/producto\/pistola-pulverizacion-laton-m-88\/"]}]},{"@type":"BreadcrumbList","@id":"https:\/\/foreroagro.com\/tienda\/producto\/pistola-pulverizacion-laton-m-88\/#breadcrumb","itemListElement":[{"@type":"ListItem","position":1,"name":"Portada","item":"https:\/\/foreroagro.com\/tienda\/"},{"@type":"ListItem","position":2,"name":"Tienda","item":"https:\/\/foreroagro.com\/tienda\/"},{"@type":"ListItem","position":3,"name":"Pistola Pulverizaci\u00f3n Lat\u00f3n M.88"}]}]}},"_links":{"self":[{"href":"https:\/\/foreroagro.com\/tienda\/wp-json\/wp\/v2\/product\/5680"}],"collection":[{"href":"https:\/\/foreroagro.com\/tienda\/wp-json\/wp\/v2\/product"}],"about":[{"href":"https:\/\/foreroagro.com\/tienda\/wp-json\/wp\/v2\/types\/product"}],"wp:featuredmedia":[{"embeddable":true,"href":"https:\/\/foreroagro.com\/tienda\/wp-json\/wp\/v2\/media\/5681"}],"wp:attachment":[{"href":"https:\/\/foreroagro.com\/tienda\/wp-json\/wp\/v2\/media?parent=5680"}],"wp:term":[{"taxonomy":"product_cat","embeddable":true,"href":"https:\/\/foreroagro.com\/tienda\/wp-json\/wp\/v2\/product_cat?post=5680"},{"taxonomy":"product_tag","embeddable":true,"href":"https:\/\/foreroagro.com\/tienda\/wp-json\/wp\/v2\/product_tag?post=5680"}],"curies":[{"name":"wp","href":"https:\/\/api.w.org\/{rel}","templated":true}]}}