{"id":5751,"date":"2019-04-01T17:50:48","date_gmt":"2019-04-01T17:50:48","guid":{"rendered":"https:\/\/foreroagro.com\/tienda\/?post_type=product&#038;p=5751"},"modified":"2019-07-01T11:03:02","modified_gmt":"2019-07-01T11:03:02","slug":"pulverizador-mochila-m-83-f-lanza-fibra-m-94","status":"publish","type":"product","link":"https:\/\/foreroagro.com\/tienda\/producto\/pulverizador-mochila-m-83-f-lanza-fibra-m-94\/","title":{"rendered":"Pulverizador Mochila M-83-F Lanza Fibra M.94"},"content":{"rendered":"<p><strong>Pulverizador Mochila M-83-F Lanza Fibra M.94<\/strong><\/p>\n<p style=\"margin: 0cm; margin-bottom: .0001pt;\">Pulverizador fabricado con materiales de primera calidad.<\/p>\n<p style=\"margin: 0cm; margin-bottom: .0001pt;\">Boquilla regulable.<\/p>\n<p style=\"margin: 0cm; margin-bottom: .0001pt;\">Posibiliadades de adaptar otras boquillas<\/p>\n<p style=\"margin: 0cm; margin-bottom: .0001pt;\">Chasis met\u00e1lico<\/p>\n<p style=\"margin: 0cm; margin-bottom: .0001pt;\">Filtro en la lanza<\/p>\n<p style=\"margin: 0cm; margin-bottom: .0001pt;\">Ret\u00e9n en vit\u00f3n con alambre de refuerzo para m\u00e1xima presi\u00f3n.<\/p>\n<p style=\"margin: 0cm; margin-bottom: .0001pt;\">Bolas inoxidables<\/p>\n<p style=\"margin: 0cm; margin-bottom: .0001pt;\">Deposito en polietileno de baja densidad (LDPE) con tratamiento UV.<\/p>\n<p style=\"margin: 0cm; margin-bottom: .0001pt;\">F\u00e1cil mantenimiento.<\/p>\n<p style=\"margin: 0cm; margin-bottom: .0001pt;\">M\u00e1xima durabilidad.<\/p>\n<p>&nbsp;<\/p>\n","protected":false},"excerpt":{"rendered":"<p>La mochila M-83, dise\u00f1ada en el a\u00f1o 1983, esta preparada para trabajar durante largas jornadas y con altas presiones gracias aun sistema que marca la diferencia.<\/p>\n","protected":false},"featured_media":5752,"template":"","meta":[],"product_cat":[49,52],"product_tag":[],"yoast_head":"<!-- This site is optimized with the Yoast SEO plugin v17.5 - https:\/\/yoast.com\/wordpress\/plugins\/seo\/ -->\n<title>Pulverizador Mochila M-83-F Lanza Fibra M.94 - Foreroagro<\/title>\n<meta name=\"robots\" content=\"index, follow, max-snippet:-1, max-image-preview:large, max-video-preview:-1\" \/>\n<link rel=\"canonical\" href=\"https:\/\/foreroagro.com\/tienda\/producto\/pulverizador-mochila-m-83-f-lanza-fibra-m-94\/\" \/>\n<meta property=\"og:locale\" content=\"es_ES\" \/>\n<meta property=\"og:type\" content=\"article\" \/>\n<meta property=\"og:title\" content=\"Pulverizador Mochila M-83-F Lanza Fibra M.94 - Foreroagro\" \/>\n<meta property=\"og:description\" content=\"La mochila M-83, dise\u00f1ada en el a\u00f1o 1983, esta preparada para trabajar durante largas jornadas y con altas presiones gracias aun sistema que marca la diferencia.\" \/>\n<meta property=\"og:url\" content=\"https:\/\/foreroagro.com\/tienda\/producto\/pulverizador-mochila-m-83-f-lanza-fibra-m-94\/\" \/>\n<meta property=\"og:site_name\" content=\"Foreroagro\" \/>\n<meta property=\"article:modified_time\" content=\"2019-07-01T11:03:02+00:00\" \/>\n<meta property=\"og:image\" content=\"https:\/\/foreroagro.com\/tienda\/wp-content\/uploads\/2019\/04\/6-Pulverizador-Mochila-M-83-F-Lanza-Fibra-M.94.jpg\" \/>\n\t<meta property=\"og:image:width\" content=\"569\" \/>\n\t<meta property=\"og:image:height\" content=\"569\" \/>\n<meta name=\"twitter:card\" content=\"summary_large_image\" \/>\n<script type=\"application\/ld+json\" class=\"yoast-schema-graph\">{\"@context\":\"https:\/\/schema.org\",\"@graph\":[{\"@type\":\"Organization\",\"@id\":\"https:\/\/foreroagro.com\/tienda\/#organization\",\"name\":\"Foreroagro S.L.\",\"url\":\"https:\/\/foreroagro.com\/tienda\/\",\"sameAs\":[],\"logo\":{\"@type\":\"ImageObject\",\"@id\":\"https:\/\/foreroagro.com\/tienda\/#logo\",\"inLanguage\":\"es\",\"url\":\"https:\/\/foreroagro.com\/tienda\/wp-content\/uploads\/2018\/05\/Logo-foreroagro-e1527273021153.png\",\"contentUrl\":\"https:\/\/foreroagro.com\/tienda\/wp-content\/uploads\/2018\/05\/Logo-foreroagro-e1527273021153.png\",\"width\":80,\"height\":80,\"caption\":\"Foreroagro S.L.\"},\"image\":{\"@id\":\"https:\/\/foreroagro.com\/tienda\/#logo\"}},{\"@type\":\"WebSite\",\"@id\":\"https:\/\/foreroagro.com\/tienda\/#website\",\"url\":\"https:\/\/foreroagro.com\/tienda\/\",\"name\":\"Foreroagro\",\"description\":\"Soluciones agr\\u00edcolas online\",\"publisher\":{\"@id\":\"https:\/\/foreroagro.com\/tienda\/#organization\"},\"potentialAction\":[{\"@type\":\"SearchAction\",\"target\":{\"@type\":\"EntryPoint\",\"urlTemplate\":\"https:\/\/foreroagro.com\/tienda\/?s={search_term_string}\"},\"query-input\":\"required name=search_term_string\"}],\"inLanguage\":\"es\"},{\"@type\":\"ImageObject\",\"@id\":\"https:\/\/foreroagro.com\/tienda\/producto\/pulverizador-mochila-m-83-f-lanza-fibra-m-94\/#primaryimage\",\"inLanguage\":\"es\",\"url\":\"https:\/\/foreroagro.com\/tienda\/wp-content\/uploads\/2019\/04\/6-Pulverizador-Mochila-M-83-F-Lanza-Fibra-M.94.jpg\",\"contentUrl\":\"https:\/\/foreroagro.com\/tienda\/wp-content\/uploads\/2019\/04\/6-Pulverizador-Mochila-M-83-F-Lanza-Fibra-M.94.jpg\",\"width\":569,\"height\":569},{\"@type\":\"WebPage\",\"@id\":\"https:\/\/foreroagro.com\/tienda\/producto\/pulverizador-mochila-m-83-f-lanza-fibra-m-94\/#webpage\",\"url\":\"https:\/\/foreroagro.com\/tienda\/producto\/pulverizador-mochila-m-83-f-lanza-fibra-m-94\/\",\"name\":\"Pulverizador Mochila M-83-F Lanza Fibra M.94 - Foreroagro\",\"isPartOf\":{\"@id\":\"https:\/\/foreroagro.com\/tienda\/#website\"},\"primaryImageOfPage\":{\"@id\":\"https:\/\/foreroagro.com\/tienda\/producto\/pulverizador-mochila-m-83-f-lanza-fibra-m-94\/#primaryimage\"},\"datePublished\":\"2019-04-01T17:50:48+00:00\",\"dateModified\":\"2019-07-01T11:03:02+00:00\",\"breadcrumb\":{\"@id\":\"https:\/\/foreroagro.com\/tienda\/producto\/pulverizador-mochila-m-83-f-lanza-fibra-m-94\/#breadcrumb\"},\"inLanguage\":\"es\",\"potentialAction\":[{\"@type\":\"ReadAction\",\"target\":[\"https:\/\/foreroagro.com\/tienda\/producto\/pulverizador-mochila-m-83-f-lanza-fibra-m-94\/\"]}]},{\"@type\":\"BreadcrumbList\",\"@id\":\"https:\/\/foreroagro.com\/tienda\/producto\/pulverizador-mochila-m-83-f-lanza-fibra-m-94\/#breadcrumb\",\"itemListElement\":[{\"@type\":\"ListItem\",\"position\":1,\"name\":\"Portada\",\"item\":\"https:\/\/foreroagro.com\/tienda\/\"},{\"@type\":\"ListItem\",\"position\":2,\"name\":\"Tienda\",\"item\":\"https:\/\/foreroagro.com\/tienda\/\"},{\"@type\":\"ListItem\",\"position\":3,\"name\":\"Pulverizador Mochila M-83-F Lanza Fibra M.94\"}]}]}<\/script>\n<!-- \/ Yoast SEO plugin. -->","yoast_head_json":{"title":"Pulverizador Mochila M-83-F Lanza Fibra M.94 - Foreroagro","robots":{"index":"index","follow":"follow","max-snippet":"max-snippet:-1","max-image-preview":"max-image-preview:large","max-video-preview":"max-video-preview:-1"},"canonical":"https:\/\/foreroagro.com\/tienda\/producto\/pulverizador-mochila-m-83-f-lanza-fibra-m-94\/","og_locale":"es_ES","og_type":"article","og_title":"Pulverizador Mochila M-83-F Lanza Fibra M.94 - Foreroagro","og_description":"La mochila M-83, dise\u00f1ada en el a\u00f1o 1983, esta preparada para trabajar durante largas jornadas y con altas presiones gracias aun sistema que marca la diferencia.","og_url":"https:\/\/foreroagro.com\/tienda\/producto\/pulverizador-mochila-m-83-f-lanza-fibra-m-94\/","og_site_name":"Foreroagro","article_modified_time":"2019-07-01T11:03:02+00:00","og_image":[{"width":569,"height":569,"url":"https:\/\/foreroagro.com\/tienda\/wp-content\/uploads\/2019\/04\/6-Pulverizador-Mochila-M-83-F-Lanza-Fibra-M.94.jpg","type":"image\/jpeg"}],"twitter_card":"summary_large_image","schema":{"@context":"https:\/\/schema.org","@graph":[{"@type":"Organization","@id":"https:\/\/foreroagro.com\/tienda\/#organization","name":"Foreroagro S.L.","url":"https:\/\/foreroagro.com\/tienda\/","sameAs":[],"logo":{"@type":"ImageObject","@id":"https:\/\/foreroagro.com\/tienda\/#logo","inLanguage":"es","url":"https:\/\/foreroagro.com\/tienda\/wp-content\/uploads\/2018\/05\/Logo-foreroagro-e1527273021153.png","contentUrl":"https:\/\/foreroagro.com\/tienda\/wp-content\/uploads\/2018\/05\/Logo-foreroagro-e1527273021153.png","width":80,"height":80,"caption":"Foreroagro S.L."},"image":{"@id":"https:\/\/foreroagro.com\/tienda\/#logo"}},{"@type":"WebSite","@id":"https:\/\/foreroagro.com\/tienda\/#website","url":"https:\/\/foreroagro.com\/tienda\/","name":"Foreroagro","description":"Soluciones agr\u00edcolas online","publisher":{"@id":"https:\/\/foreroagro.com\/tienda\/#organization"},"potentialAction":[{"@type":"SearchAction","target":{"@type":"EntryPoint","urlTemplate":"https:\/\/foreroagro.com\/tienda\/?s={search_term_string}"},"query-input":"required name=search_term_string"}],"inLanguage":"es"},{"@type":"ImageObject","@id":"https:\/\/foreroagro.com\/tienda\/producto\/pulverizador-mochila-m-83-f-lanza-fibra-m-94\/#primaryimage","inLanguage":"es","url":"https:\/\/foreroagro.com\/tienda\/wp-content\/uploads\/2019\/04\/6-Pulverizador-Mochila-M-83-F-Lanza-Fibra-M.94.jpg","contentUrl":"https:\/\/foreroagro.com\/tienda\/wp-content\/uploads\/2019\/04\/6-Pulverizador-Mochila-M-83-F-Lanza-Fibra-M.94.jpg","width":569,"height":569},{"@type":"WebPage","@id":"https:\/\/foreroagro.com\/tienda\/producto\/pulverizador-mochila-m-83-f-lanza-fibra-m-94\/#webpage","url":"https:\/\/foreroagro.com\/tienda\/producto\/pulverizador-mochila-m-83-f-lanza-fibra-m-94\/","name":"Pulverizador Mochila M-83-F Lanza Fibra M.94 - Foreroagro","isPartOf":{"@id":"https:\/\/foreroagro.com\/tienda\/#website"},"primaryImageOfPage":{"@id":"https:\/\/foreroagro.com\/tienda\/producto\/pulverizador-mochila-m-83-f-lanza-fibra-m-94\/#primaryimage"},"datePublished":"2019-04-01T17:50:48+00:00","dateModified":"2019-07-01T11:03:02+00:00","breadcrumb":{"@id":"https:\/\/foreroagro.com\/tienda\/producto\/pulverizador-mochila-m-83-f-lanza-fibra-m-94\/#breadcrumb"},"inLanguage":"es","potentialAction":[{"@type":"ReadAction","target":["https:\/\/foreroagro.com\/tienda\/producto\/pulverizador-mochila-m-83-f-lanza-fibra-m-94\/"]}]},{"@type":"BreadcrumbList","@id":"https:\/\/foreroagro.com\/tienda\/producto\/pulverizador-mochila-m-83-f-lanza-fibra-m-94\/#breadcrumb","itemListElement":[{"@type":"ListItem","position":1,"name":"Portada","item":"https:\/\/foreroagro.com\/tienda\/"},{"@type":"ListItem","position":2,"name":"Tienda","item":"https:\/\/foreroagro.com\/tienda\/"},{"@type":"ListItem","position":3,"name":"Pulverizador Mochila M-83-F Lanza Fibra M.94"}]}]}},"_links":{"self":[{"href":"https:\/\/foreroagro.com\/tienda\/wp-json\/wp\/v2\/product\/5751"}],"collection":[{"href":"https:\/\/foreroagro.com\/tienda\/wp-json\/wp\/v2\/product"}],"about":[{"href":"https:\/\/foreroagro.com\/tienda\/wp-json\/wp\/v2\/types\/product"}],"wp:featuredmedia":[{"embeddable":true,"href":"https:\/\/foreroagro.com\/tienda\/wp-json\/wp\/v2\/media\/5752"}],"wp:attachment":[{"href":"https:\/\/foreroagro.com\/tienda\/wp-json\/wp\/v2\/media?parent=5751"}],"wp:term":[{"taxonomy":"product_cat","embeddable":true,"href":"https:\/\/foreroagro.com\/tienda\/wp-json\/wp\/v2\/product_cat?post=5751"},{"taxonomy":"product_tag","embeddable":true,"href":"https:\/\/foreroagro.com\/tienda\/wp-json\/wp\/v2\/product_tag?post=5751"}],"curies":[{"name":"wp","href":"https:\/\/api.w.org\/{rel}","templated":true}]}}