{"id":6731,"date":"2019-07-11T17:55:39","date_gmt":"2019-07-11T17:55:39","guid":{"rendered":"https:\/\/foreroagro.com\/tienda\/?post_type=product&#038;p=6731"},"modified":"2024-01-26T10:18:58","modified_gmt":"2024-01-26T10:18:58","slug":"tractor-new-holland-t4-95","status":"publish","type":"product","link":"https:\/\/foreroagro.com\/tienda\/producto\/tractor-new-holland-t4-95\/","title":{"rendered":"Tractor NEW HOLLAND-T4. 95"},"content":{"rendered":"<p><strong>Tractor NEW HOLLAND-T4. 95<\/strong><\/p>\n<p><strong>Tractor seminuevo de 99 cv de potencia, transmisi\u00f3n 12&#215;12 con inversor hidr\u00e1ulico, TDF electro-hidr\u00e1ulica 540\/540E, bomba megaflow, 2 distribuidores traseros.<\/strong><\/p>\n<p><strong>Rueda 13. 6R24 y 16. 9R34.<\/strong><\/p>\n<p><strong>Brazos de elevador con enganche r\u00e1pido y una botella auxiliar de ayuda a la elevaci\u00f3n.<\/strong><\/p>\n<p><strong>V\u00e1lvula freno de remolque, cabina con aire, etc. <\/strong><\/p>\n<p><strong>Tractor revisado y transferido con documentaci\u00f3n al d\u00eda.<\/strong><\/p>\n<p><strong> 5.068 horas del a\u00f1o 2016.<\/strong><\/p>\n","protected":false},"excerpt":{"rendered":"<p><strong>Tractor seminuevo de 99 cv de potencia, transmisi\u00f3n 12&#215;12 con inversor hidr\u00e1ulico, TDF electro-hidr\u00e1ulica 540\/540E, bomba megaflow, 2 distribuidores traseros.<\/strong><\/p>\n<p><strong>Rueda 13. 6R24 y 16. 9R34.<\/strong><\/p>\n<p><strong>Brazos de elevador con enganche r\u00e1pido y una botella auxiliar de ayuda a la elevaci\u00f3n.<\/strong><\/p>\n<p><strong>V\u00e1lvula freno de remolque, cabina con aire, etc. <\/strong><\/p>\n<p><strong>Tractor revisado y transferido con documentaci\u00f3n al d\u00eda.<\/strong><\/p>\n<p><strong> 5.068 horas del a\u00f1o 2016.<\/strong><\/p>\n","protected":false},"featured_media":6732,"template":"","meta":[],"product_cat":[49,50],"product_tag":[],"yoast_head":"<!-- This site is optimized with the Yoast SEO plugin v17.5 - https:\/\/yoast.com\/wordpress\/plugins\/seo\/ -->\n<title>Tractor NEW HOLLAND-T4. 95 - Foreroagro<\/title>\n<meta name=\"robots\" content=\"index, follow, max-snippet:-1, max-image-preview:large, max-video-preview:-1\" \/>\n<link rel=\"canonical\" href=\"https:\/\/foreroagro.com\/tienda\/producto\/tractor-new-holland-t4-95\/\" \/>\n<meta property=\"og:locale\" content=\"es_ES\" \/>\n<meta property=\"og:type\" content=\"article\" \/>\n<meta property=\"og:title\" content=\"Tractor NEW HOLLAND-T4. 95 - Foreroagro\" \/>\n<meta property=\"og:description\" content=\"Tractor seminuevo de 99 cv de potencia, transmisi\u00f3n 12x12 con inversor hidr\u00e1ulico, TDF electro-hidr\u00e1ulica 540\/540E, bomba megaflow, 2 distribuidores traseros.  Rueda 13. 6R24 y 16. 9R34.  Brazos de elevador con enganche r\u00e1pido y una botella auxiliar de ayuda a la elevaci\u00f3n.  V\u00e1lvula freno de remolque, cabina con aire, etc.   Tractor revisado y transferido con documentaci\u00f3n al d\u00eda.   5.068 horas del a\u00f1o 2016.\" \/>\n<meta property=\"og:url\" content=\"https:\/\/foreroagro.com\/tienda\/producto\/tractor-new-holland-t4-95\/\" \/>\n<meta property=\"og:site_name\" content=\"Foreroagro\" \/>\n<meta property=\"article:modified_time\" content=\"2024-01-26T10:18:58+00:00\" \/>\n<meta property=\"og:image\" content=\"https:\/\/foreroagro.com\/tienda\/wp-content\/uploads\/2019\/07\/NEW-HOLLAND-T4.-95-1.jpg\" \/>\n\t<meta property=\"og:image:width\" content=\"569\" \/>\n\t<meta property=\"og:image:height\" content=\"569\" \/>\n<meta name=\"twitter:card\" content=\"summary_large_image\" \/>\n<script type=\"application\/ld+json\" class=\"yoast-schema-graph\">{\"@context\":\"https:\/\/schema.org\",\"@graph\":[{\"@type\":\"Organization\",\"@id\":\"https:\/\/foreroagro.com\/tienda\/#organization\",\"name\":\"Foreroagro S.L.\",\"url\":\"https:\/\/foreroagro.com\/tienda\/\",\"sameAs\":[],\"logo\":{\"@type\":\"ImageObject\",\"@id\":\"https:\/\/foreroagro.com\/tienda\/#logo\",\"inLanguage\":\"es\",\"url\":\"https:\/\/foreroagro.com\/tienda\/wp-content\/uploads\/2018\/05\/Logo-foreroagro-e1527273021153.png\",\"contentUrl\":\"https:\/\/foreroagro.com\/tienda\/wp-content\/uploads\/2018\/05\/Logo-foreroagro-e1527273021153.png\",\"width\":80,\"height\":80,\"caption\":\"Foreroagro S.L.\"},\"image\":{\"@id\":\"https:\/\/foreroagro.com\/tienda\/#logo\"}},{\"@type\":\"WebSite\",\"@id\":\"https:\/\/foreroagro.com\/tienda\/#website\",\"url\":\"https:\/\/foreroagro.com\/tienda\/\",\"name\":\"Foreroagro\",\"description\":\"Soluciones agr\\u00edcolas online\",\"publisher\":{\"@id\":\"https:\/\/foreroagro.com\/tienda\/#organization\"},\"potentialAction\":[{\"@type\":\"SearchAction\",\"target\":{\"@type\":\"EntryPoint\",\"urlTemplate\":\"https:\/\/foreroagro.com\/tienda\/?s={search_term_string}\"},\"query-input\":\"required name=search_term_string\"}],\"inLanguage\":\"es\"},{\"@type\":\"ImageObject\",\"@id\":\"https:\/\/foreroagro.com\/tienda\/producto\/tractor-new-holland-t4-95\/#primaryimage\",\"inLanguage\":\"es\",\"url\":\"https:\/\/foreroagro.com\/tienda\/wp-content\/uploads\/2019\/07\/NEW-HOLLAND-T4.-95-1.jpg\",\"contentUrl\":\"https:\/\/foreroagro.com\/tienda\/wp-content\/uploads\/2019\/07\/NEW-HOLLAND-T4.-95-1.jpg\",\"width\":569,\"height\":569},{\"@type\":\"WebPage\",\"@id\":\"https:\/\/foreroagro.com\/tienda\/producto\/tractor-new-holland-t4-95\/#webpage\",\"url\":\"https:\/\/foreroagro.com\/tienda\/producto\/tractor-new-holland-t4-95\/\",\"name\":\"Tractor NEW HOLLAND-T4. 95 - Foreroagro\",\"isPartOf\":{\"@id\":\"https:\/\/foreroagro.com\/tienda\/#website\"},\"primaryImageOfPage\":{\"@id\":\"https:\/\/foreroagro.com\/tienda\/producto\/tractor-new-holland-t4-95\/#primaryimage\"},\"datePublished\":\"2019-07-11T17:55:39+00:00\",\"dateModified\":\"2024-01-26T10:18:58+00:00\",\"breadcrumb\":{\"@id\":\"https:\/\/foreroagro.com\/tienda\/producto\/tractor-new-holland-t4-95\/#breadcrumb\"},\"inLanguage\":\"es\",\"potentialAction\":[{\"@type\":\"ReadAction\",\"target\":[\"https:\/\/foreroagro.com\/tienda\/producto\/tractor-new-holland-t4-95\/\"]}]},{\"@type\":\"BreadcrumbList\",\"@id\":\"https:\/\/foreroagro.com\/tienda\/producto\/tractor-new-holland-t4-95\/#breadcrumb\",\"itemListElement\":[{\"@type\":\"ListItem\",\"position\":1,\"name\":\"Portada\",\"item\":\"https:\/\/foreroagro.com\/tienda\/\"},{\"@type\":\"ListItem\",\"position\":2,\"name\":\"Tienda\",\"item\":\"https:\/\/foreroagro.com\/tienda\/\"},{\"@type\":\"ListItem\",\"position\":3,\"name\":\"Tractor NEW HOLLAND-T4. 95\"}]}]}<\/script>\n<!-- \/ Yoast SEO plugin. -->","yoast_head_json":{"title":"Tractor NEW HOLLAND-T4. 95 - Foreroagro","robots":{"index":"index","follow":"follow","max-snippet":"max-snippet:-1","max-image-preview":"max-image-preview:large","max-video-preview":"max-video-preview:-1"},"canonical":"https:\/\/foreroagro.com\/tienda\/producto\/tractor-new-holland-t4-95\/","og_locale":"es_ES","og_type":"article","og_title":"Tractor NEW HOLLAND-T4. 95 - Foreroagro","og_description":"Tractor seminuevo de 99 cv de potencia, transmisi\u00f3n 12x12 con inversor hidr\u00e1ulico, TDF electro-hidr\u00e1ulica 540\/540E, bomba megaflow, 2 distribuidores traseros.  Rueda 13. 6R24 y 16. 9R34.  Brazos de elevador con enganche r\u00e1pido y una botella auxiliar de ayuda a la elevaci\u00f3n.  V\u00e1lvula freno de remolque, cabina con aire, etc.   Tractor revisado y transferido con documentaci\u00f3n al d\u00eda.   5.068 horas del a\u00f1o 2016.","og_url":"https:\/\/foreroagro.com\/tienda\/producto\/tractor-new-holland-t4-95\/","og_site_name":"Foreroagro","article_modified_time":"2024-01-26T10:18:58+00:00","og_image":[{"width":569,"height":569,"url":"https:\/\/foreroagro.com\/tienda\/wp-content\/uploads\/2019\/07\/NEW-HOLLAND-T4.-95-1.jpg","type":"image\/jpeg"}],"twitter_card":"summary_large_image","schema":{"@context":"https:\/\/schema.org","@graph":[{"@type":"Organization","@id":"https:\/\/foreroagro.com\/tienda\/#organization","name":"Foreroagro S.L.","url":"https:\/\/foreroagro.com\/tienda\/","sameAs":[],"logo":{"@type":"ImageObject","@id":"https:\/\/foreroagro.com\/tienda\/#logo","inLanguage":"es","url":"https:\/\/foreroagro.com\/tienda\/wp-content\/uploads\/2018\/05\/Logo-foreroagro-e1527273021153.png","contentUrl":"https:\/\/foreroagro.com\/tienda\/wp-content\/uploads\/2018\/05\/Logo-foreroagro-e1527273021153.png","width":80,"height":80,"caption":"Foreroagro S.L."},"image":{"@id":"https:\/\/foreroagro.com\/tienda\/#logo"}},{"@type":"WebSite","@id":"https:\/\/foreroagro.com\/tienda\/#website","url":"https:\/\/foreroagro.com\/tienda\/","name":"Foreroagro","description":"Soluciones agr\u00edcolas online","publisher":{"@id":"https:\/\/foreroagro.com\/tienda\/#organization"},"potentialAction":[{"@type":"SearchAction","target":{"@type":"EntryPoint","urlTemplate":"https:\/\/foreroagro.com\/tienda\/?s={search_term_string}"},"query-input":"required name=search_term_string"}],"inLanguage":"es"},{"@type":"ImageObject","@id":"https:\/\/foreroagro.com\/tienda\/producto\/tractor-new-holland-t4-95\/#primaryimage","inLanguage":"es","url":"https:\/\/foreroagro.com\/tienda\/wp-content\/uploads\/2019\/07\/NEW-HOLLAND-T4.-95-1.jpg","contentUrl":"https:\/\/foreroagro.com\/tienda\/wp-content\/uploads\/2019\/07\/NEW-HOLLAND-T4.-95-1.jpg","width":569,"height":569},{"@type":"WebPage","@id":"https:\/\/foreroagro.com\/tienda\/producto\/tractor-new-holland-t4-95\/#webpage","url":"https:\/\/foreroagro.com\/tienda\/producto\/tractor-new-holland-t4-95\/","name":"Tractor NEW HOLLAND-T4. 95 - Foreroagro","isPartOf":{"@id":"https:\/\/foreroagro.com\/tienda\/#website"},"primaryImageOfPage":{"@id":"https:\/\/foreroagro.com\/tienda\/producto\/tractor-new-holland-t4-95\/#primaryimage"},"datePublished":"2019-07-11T17:55:39+00:00","dateModified":"2024-01-26T10:18:58+00:00","breadcrumb":{"@id":"https:\/\/foreroagro.com\/tienda\/producto\/tractor-new-holland-t4-95\/#breadcrumb"},"inLanguage":"es","potentialAction":[{"@type":"ReadAction","target":["https:\/\/foreroagro.com\/tienda\/producto\/tractor-new-holland-t4-95\/"]}]},{"@type":"BreadcrumbList","@id":"https:\/\/foreroagro.com\/tienda\/producto\/tractor-new-holland-t4-95\/#breadcrumb","itemListElement":[{"@type":"ListItem","position":1,"name":"Portada","item":"https:\/\/foreroagro.com\/tienda\/"},{"@type":"ListItem","position":2,"name":"Tienda","item":"https:\/\/foreroagro.com\/tienda\/"},{"@type":"ListItem","position":3,"name":"Tractor NEW HOLLAND-T4. 95"}]}]}},"_links":{"self":[{"href":"https:\/\/foreroagro.com\/tienda\/wp-json\/wp\/v2\/product\/6731"}],"collection":[{"href":"https:\/\/foreroagro.com\/tienda\/wp-json\/wp\/v2\/product"}],"about":[{"href":"https:\/\/foreroagro.com\/tienda\/wp-json\/wp\/v2\/types\/product"}],"wp:featuredmedia":[{"embeddable":true,"href":"https:\/\/foreroagro.com\/tienda\/wp-json\/wp\/v2\/media\/6732"}],"wp:attachment":[{"href":"https:\/\/foreroagro.com\/tienda\/wp-json\/wp\/v2\/media?parent=6731"}],"wp:term":[{"taxonomy":"product_cat","embeddable":true,"href":"https:\/\/foreroagro.com\/tienda\/wp-json\/wp\/v2\/product_cat?post=6731"},{"taxonomy":"product_tag","embeddable":true,"href":"https:\/\/foreroagro.com\/tienda\/wp-json\/wp\/v2\/product_tag?post=6731"}],"curies":[{"name":"wp","href":"https:\/\/api.w.org\/{rel}","templated":true}]}}