{"id":7447,"date":"2019-11-07T16:38:54","date_gmt":"2019-11-07T16:38:54","guid":{"rendered":"https:\/\/foreroagro.com\/tienda\/?post_type=product&#038;p=7447"},"modified":"2022-09-14T10:58:52","modified_gmt":"2022-09-14T10:58:52","slug":"suplemento-selenio-cannabis-1litro","status":"publish","type":"product","link":"https:\/\/foreroagro.com\/tienda\/producto\/suplemento-selenio-cannabis-1litro\/","title":{"rendered":"Suplemento Selenio (cannabis) 1Litro"},"content":{"rendered":"<p>Propiedades antioxidantes para tus plantas<\/p>\n<p>FACULTY FUEL es una formulaci\u00f3n dise\u00f1ada con selenio, un elemento desconocido para la mayor\u00eda de cultivadores, pero con una cantidad de propiedades beneficiosas para las plantas.<br \/>\nEl selenio act\u00faa como un generador metab\u00f3lico de enzimas antioxidantes que combaten el estr\u00e9s oxidativo.<\/p>\n","protected":false},"excerpt":{"rendered":"<h2>Faculty Fuel especial plantas Madre<\/h2>\n<p>\u2022 Efecto detoxificante y protector<br \/>\n\u2022 Efecto fitofortificante<br \/>\n\u2022 Aumenta el estado de salud de tu cultivo, tanto en interior como en exterior<br \/>\n\u2022 Indicado para el cultivo de plantas madre<\/p>\n","protected":false},"featured_media":7449,"template":"","meta":[],"product_cat":[284],"product_tag":[],"yoast_head":"<!-- This site is optimized with the Yoast SEO plugin v17.5 - https:\/\/yoast.com\/wordpress\/plugins\/seo\/ -->\n<title>Suplemento Selenio (cannabis) 1Litro - Foreroagro - Fertilizante<\/title>\n<meta name=\"description\" content=\"Es una formulaci\u00f3n dise\u00f1ada con selenio, un elemento desconocido, pero con una cantidad de propiedades beneficiosas para las plantas.\" \/>\n<meta name=\"robots\" content=\"index, follow, max-snippet:-1, max-image-preview:large, max-video-preview:-1\" \/>\n<link rel=\"canonical\" href=\"https:\/\/foreroagro.com\/tienda\/producto\/suplemento-selenio-cannabis-1litro\/\" \/>\n<meta property=\"og:locale\" content=\"es_ES\" \/>\n<meta property=\"og:type\" content=\"article\" \/>\n<meta property=\"og:title\" content=\"Suplemento Selenio (cannabis) 1Litro - Foreroagro - Fertilizante\" \/>\n<meta property=\"og:description\" content=\"Es una formulaci\u00f3n dise\u00f1ada con selenio, un elemento desconocido, pero con una cantidad de propiedades beneficiosas para las plantas.\" \/>\n<meta property=\"og:url\" content=\"https:\/\/foreroagro.com\/tienda\/producto\/suplemento-selenio-cannabis-1litro\/\" \/>\n<meta property=\"og:site_name\" content=\"Foreroagro\" \/>\n<meta property=\"article:modified_time\" content=\"2022-09-14T10:58:52+00:00\" \/>\n<meta property=\"og:image\" content=\"https:\/\/foreroagro.com\/tienda\/wp-content\/uploads\/2019\/11\/FUEL-Pack-1000-ml-cannabis-foreroagro.jpg\" \/>\n\t<meta property=\"og:image:width\" content=\"569\" \/>\n\t<meta property=\"og:image:height\" content=\"569\" \/>\n<meta name=\"twitter:card\" content=\"summary_large_image\" \/>\n<script type=\"application\/ld+json\" class=\"yoast-schema-graph\">{\"@context\":\"https:\/\/schema.org\",\"@graph\":[{\"@type\":\"Organization\",\"@id\":\"https:\/\/foreroagro.com\/tienda\/#organization\",\"name\":\"Foreroagro S.L.\",\"url\":\"https:\/\/foreroagro.com\/tienda\/\",\"sameAs\":[],\"logo\":{\"@type\":\"ImageObject\",\"@id\":\"https:\/\/foreroagro.com\/tienda\/#logo\",\"inLanguage\":\"es\",\"url\":\"https:\/\/foreroagro.com\/tienda\/wp-content\/uploads\/2018\/05\/Logo-foreroagro-e1527273021153.png\",\"contentUrl\":\"https:\/\/foreroagro.com\/tienda\/wp-content\/uploads\/2018\/05\/Logo-foreroagro-e1527273021153.png\",\"width\":80,\"height\":80,\"caption\":\"Foreroagro S.L.\"},\"image\":{\"@id\":\"https:\/\/foreroagro.com\/tienda\/#logo\"}},{\"@type\":\"WebSite\",\"@id\":\"https:\/\/foreroagro.com\/tienda\/#website\",\"url\":\"https:\/\/foreroagro.com\/tienda\/\",\"name\":\"Foreroagro\",\"description\":\"Soluciones agr\\u00edcolas online\",\"publisher\":{\"@id\":\"https:\/\/foreroagro.com\/tienda\/#organization\"},\"potentialAction\":[{\"@type\":\"SearchAction\",\"target\":{\"@type\":\"EntryPoint\",\"urlTemplate\":\"https:\/\/foreroagro.com\/tienda\/?s={search_term_string}\"},\"query-input\":\"required name=search_term_string\"}],\"inLanguage\":\"es\"},{\"@type\":\"ImageObject\",\"@id\":\"https:\/\/foreroagro.com\/tienda\/producto\/suplemento-selenio-cannabis-1litro\/#primaryimage\",\"inLanguage\":\"es\",\"url\":\"https:\/\/foreroagro.com\/tienda\/wp-content\/uploads\/2019\/11\/FUEL-Pack-1000-ml-cannabis-foreroagro.jpg\",\"contentUrl\":\"https:\/\/foreroagro.com\/tienda\/wp-content\/uploads\/2019\/11\/FUEL-Pack-1000-ml-cannabis-foreroagro.jpg\",\"width\":569,\"height\":569,\"caption\":\"Suplemento Selenio (cannabis) 1Litro\"},{\"@type\":\"WebPage\",\"@id\":\"https:\/\/foreroagro.com\/tienda\/producto\/suplemento-selenio-cannabis-1litro\/#webpage\",\"url\":\"https:\/\/foreroagro.com\/tienda\/producto\/suplemento-selenio-cannabis-1litro\/\",\"name\":\"Suplemento Selenio (cannabis) 1Litro - Foreroagro - Fertilizante\",\"isPartOf\":{\"@id\":\"https:\/\/foreroagro.com\/tienda\/#website\"},\"primaryImageOfPage\":{\"@id\":\"https:\/\/foreroagro.com\/tienda\/producto\/suplemento-selenio-cannabis-1litro\/#primaryimage\"},\"datePublished\":\"2019-11-07T16:38:54+00:00\",\"dateModified\":\"2022-09-14T10:58:52+00:00\",\"description\":\"Es una formulaci\\u00f3n dise\\u00f1ada con selenio, un elemento desconocido, pero con una cantidad de propiedades beneficiosas para las plantas.\",\"breadcrumb\":{\"@id\":\"https:\/\/foreroagro.com\/tienda\/producto\/suplemento-selenio-cannabis-1litro\/#breadcrumb\"},\"inLanguage\":\"es\",\"potentialAction\":[{\"@type\":\"ReadAction\",\"target\":[\"https:\/\/foreroagro.com\/tienda\/producto\/suplemento-selenio-cannabis-1litro\/\"]}]},{\"@type\":\"BreadcrumbList\",\"@id\":\"https:\/\/foreroagro.com\/tienda\/producto\/suplemento-selenio-cannabis-1litro\/#breadcrumb\",\"itemListElement\":[{\"@type\":\"ListItem\",\"position\":1,\"name\":\"Portada\",\"item\":\"https:\/\/foreroagro.com\/tienda\/\"},{\"@type\":\"ListItem\",\"position\":2,\"name\":\"Tienda\",\"item\":\"https:\/\/foreroagro.com\/tienda\/\"},{\"@type\":\"ListItem\",\"position\":3,\"name\":\"Suplemento Selenio (cannabis) 1Litro\"}]}]}<\/script>\n<!-- \/ Yoast SEO plugin. -->","yoast_head_json":{"title":"Suplemento Selenio (cannabis) 1Litro - Foreroagro - Fertilizante","description":"Es una formulaci\u00f3n dise\u00f1ada con selenio, un elemento desconocido, pero con una cantidad de propiedades beneficiosas para las plantas.","robots":{"index":"index","follow":"follow","max-snippet":"max-snippet:-1","max-image-preview":"max-image-preview:large","max-video-preview":"max-video-preview:-1"},"canonical":"https:\/\/foreroagro.com\/tienda\/producto\/suplemento-selenio-cannabis-1litro\/","og_locale":"es_ES","og_type":"article","og_title":"Suplemento Selenio (cannabis) 1Litro - Foreroagro - Fertilizante","og_description":"Es una formulaci\u00f3n dise\u00f1ada con selenio, un elemento desconocido, pero con una cantidad de propiedades beneficiosas para las plantas.","og_url":"https:\/\/foreroagro.com\/tienda\/producto\/suplemento-selenio-cannabis-1litro\/","og_site_name":"Foreroagro","article_modified_time":"2022-09-14T10:58:52+00:00","og_image":[{"width":569,"height":569,"url":"https:\/\/foreroagro.com\/tienda\/wp-content\/uploads\/2019\/11\/FUEL-Pack-1000-ml-cannabis-foreroagro.jpg","type":"image\/jpeg"}],"twitter_card":"summary_large_image","schema":{"@context":"https:\/\/schema.org","@graph":[{"@type":"Organization","@id":"https:\/\/foreroagro.com\/tienda\/#organization","name":"Foreroagro S.L.","url":"https:\/\/foreroagro.com\/tienda\/","sameAs":[],"logo":{"@type":"ImageObject","@id":"https:\/\/foreroagro.com\/tienda\/#logo","inLanguage":"es","url":"https:\/\/foreroagro.com\/tienda\/wp-content\/uploads\/2018\/05\/Logo-foreroagro-e1527273021153.png","contentUrl":"https:\/\/foreroagro.com\/tienda\/wp-content\/uploads\/2018\/05\/Logo-foreroagro-e1527273021153.png","width":80,"height":80,"caption":"Foreroagro S.L."},"image":{"@id":"https:\/\/foreroagro.com\/tienda\/#logo"}},{"@type":"WebSite","@id":"https:\/\/foreroagro.com\/tienda\/#website","url":"https:\/\/foreroagro.com\/tienda\/","name":"Foreroagro","description":"Soluciones agr\u00edcolas online","publisher":{"@id":"https:\/\/foreroagro.com\/tienda\/#organization"},"potentialAction":[{"@type":"SearchAction","target":{"@type":"EntryPoint","urlTemplate":"https:\/\/foreroagro.com\/tienda\/?s={search_term_string}"},"query-input":"required name=search_term_string"}],"inLanguage":"es"},{"@type":"ImageObject","@id":"https:\/\/foreroagro.com\/tienda\/producto\/suplemento-selenio-cannabis-1litro\/#primaryimage","inLanguage":"es","url":"https:\/\/foreroagro.com\/tienda\/wp-content\/uploads\/2019\/11\/FUEL-Pack-1000-ml-cannabis-foreroagro.jpg","contentUrl":"https:\/\/foreroagro.com\/tienda\/wp-content\/uploads\/2019\/11\/FUEL-Pack-1000-ml-cannabis-foreroagro.jpg","width":569,"height":569,"caption":"Suplemento Selenio (cannabis) 1Litro"},{"@type":"WebPage","@id":"https:\/\/foreroagro.com\/tienda\/producto\/suplemento-selenio-cannabis-1litro\/#webpage","url":"https:\/\/foreroagro.com\/tienda\/producto\/suplemento-selenio-cannabis-1litro\/","name":"Suplemento Selenio (cannabis) 1Litro - Foreroagro - Fertilizante","isPartOf":{"@id":"https:\/\/foreroagro.com\/tienda\/#website"},"primaryImageOfPage":{"@id":"https:\/\/foreroagro.com\/tienda\/producto\/suplemento-selenio-cannabis-1litro\/#primaryimage"},"datePublished":"2019-11-07T16:38:54+00:00","dateModified":"2022-09-14T10:58:52+00:00","description":"Es una formulaci\u00f3n dise\u00f1ada con selenio, un elemento desconocido, pero con una cantidad de propiedades beneficiosas para las plantas.","breadcrumb":{"@id":"https:\/\/foreroagro.com\/tienda\/producto\/suplemento-selenio-cannabis-1litro\/#breadcrumb"},"inLanguage":"es","potentialAction":[{"@type":"ReadAction","target":["https:\/\/foreroagro.com\/tienda\/producto\/suplemento-selenio-cannabis-1litro\/"]}]},{"@type":"BreadcrumbList","@id":"https:\/\/foreroagro.com\/tienda\/producto\/suplemento-selenio-cannabis-1litro\/#breadcrumb","itemListElement":[{"@type":"ListItem","position":1,"name":"Portada","item":"https:\/\/foreroagro.com\/tienda\/"},{"@type":"ListItem","position":2,"name":"Tienda","item":"https:\/\/foreroagro.com\/tienda\/"},{"@type":"ListItem","position":3,"name":"Suplemento Selenio (cannabis) 1Litro"}]}]}},"_links":{"self":[{"href":"https:\/\/foreroagro.com\/tienda\/wp-json\/wp\/v2\/product\/7447"}],"collection":[{"href":"https:\/\/foreroagro.com\/tienda\/wp-json\/wp\/v2\/product"}],"about":[{"href":"https:\/\/foreroagro.com\/tienda\/wp-json\/wp\/v2\/types\/product"}],"wp:featuredmedia":[{"embeddable":true,"href":"https:\/\/foreroagro.com\/tienda\/wp-json\/wp\/v2\/media\/7449"}],"wp:attachment":[{"href":"https:\/\/foreroagro.com\/tienda\/wp-json\/wp\/v2\/media?parent=7447"}],"wp:term":[{"taxonomy":"product_cat","embeddable":true,"href":"https:\/\/foreroagro.com\/tienda\/wp-json\/wp\/v2\/product_cat?post=7447"},{"taxonomy":"product_tag","embeddable":true,"href":"https:\/\/foreroagro.com\/tienda\/wp-json\/wp\/v2\/product_tag?post=7447"}],"curies":[{"name":"wp","href":"https:\/\/api.w.org\/{rel}","templated":true}]}}