{"id":7531,"date":"2019-11-08T17:20:44","date_gmt":"2019-11-08T17:20:44","guid":{"rendered":"https:\/\/foreroagro.com\/tienda\/?post_type=product&#038;p=7531"},"modified":"2022-09-14T10:58:50","modified_gmt":"2022-09-14T10:58:50","slug":"enraizante-faculty-cannabis-1000ml","status":"publish","type":"product","link":"https:\/\/foreroagro.com\/tienda\/producto\/enraizante-faculty-cannabis-1000ml\/","title":{"rendered":"Enraizante Faculty (cannabis) 1000ml"},"content":{"rendered":"<p>FACULTY ROOTS es un estimulador de ra\u00edces para una estructura radicular fuerte que permita el m\u00e1ximo grado de absorci\u00f3n de nutrientes por parte de la planta. Contiene extracto de algas marinas y hierro quelatado. Para favorecer un desarrollo espectacular del sistema radicular\u00a0 y un sistema de defensa frente a cualquier tipo de estr\u00e9s.<\/p>\n","protected":false},"excerpt":{"rendered":"<h2>Roots<\/h2>\n<p>\u2022 Resistencia a situaciones de estr\u00e9s<br \/>\n\u2022 Tus plantas crecer\u00e1n sanas y fuertes<br \/>\n\u2022 Estimulaci\u00f3n de los pelos absorbentes radiculares<\/p>\n","protected":false},"featured_media":7534,"template":"","meta":[],"product_cat":[284],"product_tag":[],"yoast_head":"<!-- This site is optimized with the Yoast SEO plugin v17.5 - https:\/\/yoast.com\/wordpress\/plugins\/seo\/ -->\n<title>Enraizante Faculty (cannabis) 1000ml - Foreroagro - Estimulador de ra\u00edces<\/title>\n<meta name=\"description\" content=\"Es un estimulador de ra\u00edces para una estructura radicular fuerte que permita el m\u00e1ximo grado de absorci\u00f3n de nutrientes por parte de la planta\" \/>\n<meta name=\"robots\" content=\"index, follow, max-snippet:-1, max-image-preview:large, max-video-preview:-1\" \/>\n<link rel=\"canonical\" href=\"https:\/\/foreroagro.com\/tienda\/producto\/enraizante-faculty-cannabis-1000ml\/\" \/>\n<meta property=\"og:locale\" content=\"es_ES\" \/>\n<meta property=\"og:type\" content=\"article\" \/>\n<meta property=\"og:title\" content=\"Enraizante Faculty (cannabis) 1000ml - Foreroagro - Estimulador de ra\u00edces\" \/>\n<meta property=\"og:description\" content=\"Es un estimulador de ra\u00edces para una estructura radicular fuerte que permita el m\u00e1ximo grado de absorci\u00f3n de nutrientes por parte de la planta\" \/>\n<meta property=\"og:url\" content=\"https:\/\/foreroagro.com\/tienda\/producto\/enraizante-faculty-cannabis-1000ml\/\" \/>\n<meta property=\"og:site_name\" content=\"Foreroagro\" \/>\n<meta property=\"article:modified_time\" content=\"2022-09-14T10:58:50+00:00\" \/>\n<meta property=\"og:image\" content=\"https:\/\/foreroagro.com\/tienda\/wp-content\/uploads\/2019\/11\/ROOTS-Pack-1000-ml-cannabis-foreroagro.jpg\" \/>\n\t<meta property=\"og:image:width\" content=\"569\" \/>\n\t<meta property=\"og:image:height\" content=\"569\" \/>\n<meta name=\"twitter:card\" content=\"summary_large_image\" \/>\n<script type=\"application\/ld+json\" class=\"yoast-schema-graph\">{\"@context\":\"https:\/\/schema.org\",\"@graph\":[{\"@type\":\"Organization\",\"@id\":\"https:\/\/foreroagro.com\/tienda\/#organization\",\"name\":\"Foreroagro S.L.\",\"url\":\"https:\/\/foreroagro.com\/tienda\/\",\"sameAs\":[],\"logo\":{\"@type\":\"ImageObject\",\"@id\":\"https:\/\/foreroagro.com\/tienda\/#logo\",\"inLanguage\":\"es\",\"url\":\"https:\/\/foreroagro.com\/tienda\/wp-content\/uploads\/2018\/05\/Logo-foreroagro-e1527273021153.png\",\"contentUrl\":\"https:\/\/foreroagro.com\/tienda\/wp-content\/uploads\/2018\/05\/Logo-foreroagro-e1527273021153.png\",\"width\":80,\"height\":80,\"caption\":\"Foreroagro S.L.\"},\"image\":{\"@id\":\"https:\/\/foreroagro.com\/tienda\/#logo\"}},{\"@type\":\"WebSite\",\"@id\":\"https:\/\/foreroagro.com\/tienda\/#website\",\"url\":\"https:\/\/foreroagro.com\/tienda\/\",\"name\":\"Foreroagro\",\"description\":\"Soluciones agr\\u00edcolas online\",\"publisher\":{\"@id\":\"https:\/\/foreroagro.com\/tienda\/#organization\"},\"potentialAction\":[{\"@type\":\"SearchAction\",\"target\":{\"@type\":\"EntryPoint\",\"urlTemplate\":\"https:\/\/foreroagro.com\/tienda\/?s={search_term_string}\"},\"query-input\":\"required name=search_term_string\"}],\"inLanguage\":\"es\"},{\"@type\":\"ImageObject\",\"@id\":\"https:\/\/foreroagro.com\/tienda\/producto\/enraizante-faculty-cannabis-1000ml\/#primaryimage\",\"inLanguage\":\"es\",\"url\":\"https:\/\/foreroagro.com\/tienda\/wp-content\/uploads\/2019\/11\/ROOTS-Pack-1000-ml-cannabis-foreroagro.jpg\",\"contentUrl\":\"https:\/\/foreroagro.com\/tienda\/wp-content\/uploads\/2019\/11\/ROOTS-Pack-1000-ml-cannabis-foreroagro.jpg\",\"width\":569,\"height\":569,\"caption\":\"Enraizante Faculty (cannabis) 1000ml\"},{\"@type\":\"WebPage\",\"@id\":\"https:\/\/foreroagro.com\/tienda\/producto\/enraizante-faculty-cannabis-1000ml\/#webpage\",\"url\":\"https:\/\/foreroagro.com\/tienda\/producto\/enraizante-faculty-cannabis-1000ml\/\",\"name\":\"Enraizante Faculty (cannabis) 1000ml - Foreroagro - Estimulador de ra\\u00edces\",\"isPartOf\":{\"@id\":\"https:\/\/foreroagro.com\/tienda\/#website\"},\"primaryImageOfPage\":{\"@id\":\"https:\/\/foreroagro.com\/tienda\/producto\/enraizante-faculty-cannabis-1000ml\/#primaryimage\"},\"datePublished\":\"2019-11-08T17:20:44+00:00\",\"dateModified\":\"2022-09-14T10:58:50+00:00\",\"description\":\"Es un estimulador de ra\\u00edces para una estructura radicular fuerte que permita el m\\u00e1ximo grado de absorci\\u00f3n de nutrientes por parte de la planta\",\"breadcrumb\":{\"@id\":\"https:\/\/foreroagro.com\/tienda\/producto\/enraizante-faculty-cannabis-1000ml\/#breadcrumb\"},\"inLanguage\":\"es\",\"potentialAction\":[{\"@type\":\"ReadAction\",\"target\":[\"https:\/\/foreroagro.com\/tienda\/producto\/enraizante-faculty-cannabis-1000ml\/\"]}]},{\"@type\":\"BreadcrumbList\",\"@id\":\"https:\/\/foreroagro.com\/tienda\/producto\/enraizante-faculty-cannabis-1000ml\/#breadcrumb\",\"itemListElement\":[{\"@type\":\"ListItem\",\"position\":1,\"name\":\"Portada\",\"item\":\"https:\/\/foreroagro.com\/tienda\/\"},{\"@type\":\"ListItem\",\"position\":2,\"name\":\"Tienda\",\"item\":\"https:\/\/foreroagro.com\/tienda\/\"},{\"@type\":\"ListItem\",\"position\":3,\"name\":\"Enraizante Faculty (cannabis) 1000ml\"}]}]}<\/script>\n<!-- \/ Yoast SEO plugin. -->","yoast_head_json":{"title":"Enraizante Faculty (cannabis) 1000ml - Foreroagro - Estimulador de ra\u00edces","description":"Es un estimulador de ra\u00edces para una estructura radicular fuerte que permita el m\u00e1ximo grado de absorci\u00f3n de nutrientes por parte de la planta","robots":{"index":"index","follow":"follow","max-snippet":"max-snippet:-1","max-image-preview":"max-image-preview:large","max-video-preview":"max-video-preview:-1"},"canonical":"https:\/\/foreroagro.com\/tienda\/producto\/enraizante-faculty-cannabis-1000ml\/","og_locale":"es_ES","og_type":"article","og_title":"Enraizante Faculty (cannabis) 1000ml - Foreroagro - Estimulador de ra\u00edces","og_description":"Es un estimulador de ra\u00edces para una estructura radicular fuerte que permita el m\u00e1ximo grado de absorci\u00f3n de nutrientes por parte de la planta","og_url":"https:\/\/foreroagro.com\/tienda\/producto\/enraizante-faculty-cannabis-1000ml\/","og_site_name":"Foreroagro","article_modified_time":"2022-09-14T10:58:50+00:00","og_image":[{"width":569,"height":569,"url":"https:\/\/foreroagro.com\/tienda\/wp-content\/uploads\/2019\/11\/ROOTS-Pack-1000-ml-cannabis-foreroagro.jpg","type":"image\/jpeg"}],"twitter_card":"summary_large_image","schema":{"@context":"https:\/\/schema.org","@graph":[{"@type":"Organization","@id":"https:\/\/foreroagro.com\/tienda\/#organization","name":"Foreroagro S.L.","url":"https:\/\/foreroagro.com\/tienda\/","sameAs":[],"logo":{"@type":"ImageObject","@id":"https:\/\/foreroagro.com\/tienda\/#logo","inLanguage":"es","url":"https:\/\/foreroagro.com\/tienda\/wp-content\/uploads\/2018\/05\/Logo-foreroagro-e1527273021153.png","contentUrl":"https:\/\/foreroagro.com\/tienda\/wp-content\/uploads\/2018\/05\/Logo-foreroagro-e1527273021153.png","width":80,"height":80,"caption":"Foreroagro S.L."},"image":{"@id":"https:\/\/foreroagro.com\/tienda\/#logo"}},{"@type":"WebSite","@id":"https:\/\/foreroagro.com\/tienda\/#website","url":"https:\/\/foreroagro.com\/tienda\/","name":"Foreroagro","description":"Soluciones agr\u00edcolas online","publisher":{"@id":"https:\/\/foreroagro.com\/tienda\/#organization"},"potentialAction":[{"@type":"SearchAction","target":{"@type":"EntryPoint","urlTemplate":"https:\/\/foreroagro.com\/tienda\/?s={search_term_string}"},"query-input":"required name=search_term_string"}],"inLanguage":"es"},{"@type":"ImageObject","@id":"https:\/\/foreroagro.com\/tienda\/producto\/enraizante-faculty-cannabis-1000ml\/#primaryimage","inLanguage":"es","url":"https:\/\/foreroagro.com\/tienda\/wp-content\/uploads\/2019\/11\/ROOTS-Pack-1000-ml-cannabis-foreroagro.jpg","contentUrl":"https:\/\/foreroagro.com\/tienda\/wp-content\/uploads\/2019\/11\/ROOTS-Pack-1000-ml-cannabis-foreroagro.jpg","width":569,"height":569,"caption":"Enraizante Faculty (cannabis) 1000ml"},{"@type":"WebPage","@id":"https:\/\/foreroagro.com\/tienda\/producto\/enraizante-faculty-cannabis-1000ml\/#webpage","url":"https:\/\/foreroagro.com\/tienda\/producto\/enraizante-faculty-cannabis-1000ml\/","name":"Enraizante Faculty (cannabis) 1000ml - Foreroagro - Estimulador de ra\u00edces","isPartOf":{"@id":"https:\/\/foreroagro.com\/tienda\/#website"},"primaryImageOfPage":{"@id":"https:\/\/foreroagro.com\/tienda\/producto\/enraizante-faculty-cannabis-1000ml\/#primaryimage"},"datePublished":"2019-11-08T17:20:44+00:00","dateModified":"2022-09-14T10:58:50+00:00","description":"Es un estimulador de ra\u00edces para una estructura radicular fuerte que permita el m\u00e1ximo grado de absorci\u00f3n de nutrientes por parte de la planta","breadcrumb":{"@id":"https:\/\/foreroagro.com\/tienda\/producto\/enraizante-faculty-cannabis-1000ml\/#breadcrumb"},"inLanguage":"es","potentialAction":[{"@type":"ReadAction","target":["https:\/\/foreroagro.com\/tienda\/producto\/enraizante-faculty-cannabis-1000ml\/"]}]},{"@type":"BreadcrumbList","@id":"https:\/\/foreroagro.com\/tienda\/producto\/enraizante-faculty-cannabis-1000ml\/#breadcrumb","itemListElement":[{"@type":"ListItem","position":1,"name":"Portada","item":"https:\/\/foreroagro.com\/tienda\/"},{"@type":"ListItem","position":2,"name":"Tienda","item":"https:\/\/foreroagro.com\/tienda\/"},{"@type":"ListItem","position":3,"name":"Enraizante Faculty (cannabis) 1000ml"}]}]}},"_links":{"self":[{"href":"https:\/\/foreroagro.com\/tienda\/wp-json\/wp\/v2\/product\/7531"}],"collection":[{"href":"https:\/\/foreroagro.com\/tienda\/wp-json\/wp\/v2\/product"}],"about":[{"href":"https:\/\/foreroagro.com\/tienda\/wp-json\/wp\/v2\/types\/product"}],"wp:featuredmedia":[{"embeddable":true,"href":"https:\/\/foreroagro.com\/tienda\/wp-json\/wp\/v2\/media\/7534"}],"wp:attachment":[{"href":"https:\/\/foreroagro.com\/tienda\/wp-json\/wp\/v2\/media?parent=7531"}],"wp:term":[{"taxonomy":"product_cat","embeddable":true,"href":"https:\/\/foreroagro.com\/tienda\/wp-json\/wp\/v2\/product_cat?post=7531"},{"taxonomy":"product_tag","embeddable":true,"href":"https:\/\/foreroagro.com\/tienda\/wp-json\/wp\/v2\/product_tag?post=7531"}],"curies":[{"name":"wp","href":"https:\/\/api.w.org\/{rel}","templated":true}]}}