{"id":7618,"date":"2019-12-04T19:16:46","date_gmt":"2019-12-04T19:16:46","guid":{"rendered":"https:\/\/foreroagro.com\/tienda\/?post_type=product&#038;p=7618"},"modified":"2026-03-30T12:06:24","modified_gmt":"2026-03-30T12:06:24","slug":"dioxi-homero","status":"publish","type":"product","link":"https:\/\/foreroagro.com\/tienda\/producto\/dioxi-homero\/","title":{"rendered":"Dioxi HOMERO"},"content":{"rendered":"<p>Dioxi HOMERO es un producto org\u00e1nico de alto desempe\u00f1o, integra en su formulaci\u00f3n amino\u00e1cidos que aportan una gran cantidad de ingredientes activos que coadyuvan para lograr una resistencia contra los efectos de los pat\u00f3genos, posee mecanismos de acci\u00f3n variados, por lo que es una herramienta muy valiosa en el manejo de la resistencia a problemas de plagas.<\/p>\n","protected":false},"excerpt":{"rendered":"<h3><em><strong>BIOINSECTICIDA 100% NATURAL<br \/>\n<\/strong><\/em><\/h3>\n<p>DIOXI HOMERO act\u00faa por contacto y posee efecto traslaminar, siendo \u00fatil de modo preventivo o curativo.<\/p>\n<p>Efectivo contra:<br \/>\n\u00b7 Trips<br \/>\n\u00b7 Piojos<br \/>\n\u00b7 Moscas<br \/>\n\u00b7 Ara\u00f1as<br \/>\n\u00b7 Pulgones<br \/>\n\u00b7 Cochinillas<\/p>\n<hr class=\" hr_color\" \/>\n","protected":false},"featured_media":7622,"template":"","meta":[],"product_cat":[35,288,61,93],"product_tag":[],"yoast_head":"<!-- This site is optimized with the Yoast SEO plugin v17.5 - https:\/\/yoast.com\/wordpress\/plugins\/seo\/ -->\n<title>Dioxi HOMERO - Foreroagro - BIOINSECTICIDA 100% NATURAL<\/title>\n<meta name=\"description\" content=\"BIOINSECTICIDA 100% NATURAL LDIOXI HOMERO act\u00faa por contacto siendo \u00fatil de modo preventivo o curativo contra Trips\u00b7 Piojos Moscas Ara\u00f1as Pulgones Cochinillas\" \/>\n<meta name=\"robots\" content=\"index, follow, max-snippet:-1, max-image-preview:large, max-video-preview:-1\" \/>\n<link rel=\"canonical\" href=\"https:\/\/foreroagro.com\/tienda\/producto\/dioxi-homero\/\" \/>\n<meta property=\"og:locale\" content=\"es_ES\" \/>\n<meta property=\"og:type\" content=\"article\" \/>\n<meta property=\"og:title\" content=\"Dioxi HOMERO - Foreroagro - BIOINSECTICIDA 100% NATURAL\" \/>\n<meta property=\"og:description\" content=\"BIOINSECTICIDA 100% NATURAL LDIOXI HOMERO act\u00faa por contacto siendo \u00fatil de modo preventivo o curativo contra Trips\u00b7 Piojos Moscas Ara\u00f1as Pulgones Cochinillas\" \/>\n<meta property=\"og:url\" content=\"https:\/\/foreroagro.com\/tienda\/producto\/dioxi-homero\/\" \/>\n<meta property=\"og:site_name\" content=\"Foreroagro\" \/>\n<meta property=\"article:modified_time\" content=\"2026-03-30T12:06:24+00:00\" \/>\n<meta property=\"og:image\" content=\"https:\/\/foreroagro.com\/tienda\/wp-content\/uploads\/2019\/12\/Dioxi-HOMERO.jpg\" \/>\n\t<meta property=\"og:image:width\" content=\"569\" \/>\n\t<meta property=\"og:image:height\" content=\"569\" \/>\n<meta name=\"twitter:card\" content=\"summary_large_image\" \/>\n<script type=\"application\/ld+json\" class=\"yoast-schema-graph\">{\"@context\":\"https:\/\/schema.org\",\"@graph\":[{\"@type\":\"Organization\",\"@id\":\"https:\/\/foreroagro.com\/tienda\/#organization\",\"name\":\"Foreroagro S.L.\",\"url\":\"https:\/\/foreroagro.com\/tienda\/\",\"sameAs\":[],\"logo\":{\"@type\":\"ImageObject\",\"@id\":\"https:\/\/foreroagro.com\/tienda\/#logo\",\"inLanguage\":\"es\",\"url\":\"https:\/\/foreroagro.com\/tienda\/wp-content\/uploads\/2018\/05\/Logo-foreroagro-e1527273021153.png\",\"contentUrl\":\"https:\/\/foreroagro.com\/tienda\/wp-content\/uploads\/2018\/05\/Logo-foreroagro-e1527273021153.png\",\"width\":80,\"height\":80,\"caption\":\"Foreroagro S.L.\"},\"image\":{\"@id\":\"https:\/\/foreroagro.com\/tienda\/#logo\"}},{\"@type\":\"WebSite\",\"@id\":\"https:\/\/foreroagro.com\/tienda\/#website\",\"url\":\"https:\/\/foreroagro.com\/tienda\/\",\"name\":\"Foreroagro\",\"description\":\"Soluciones agr\\u00edcolas online\",\"publisher\":{\"@id\":\"https:\/\/foreroagro.com\/tienda\/#organization\"},\"potentialAction\":[{\"@type\":\"SearchAction\",\"target\":{\"@type\":\"EntryPoint\",\"urlTemplate\":\"https:\/\/foreroagro.com\/tienda\/?s={search_term_string}\"},\"query-input\":\"required name=search_term_string\"}],\"inLanguage\":\"es\"},{\"@type\":\"ImageObject\",\"@id\":\"https:\/\/foreroagro.com\/tienda\/producto\/dioxi-homero\/#primaryimage\",\"inLanguage\":\"es\",\"url\":\"https:\/\/foreroagro.com\/tienda\/wp-content\/uploads\/2019\/12\/Dioxi-HOMERO.jpg\",\"contentUrl\":\"https:\/\/foreroagro.com\/tienda\/wp-content\/uploads\/2019\/12\/Dioxi-HOMERO.jpg\",\"width\":569,\"height\":569,\"caption\":\"BIOINSECTICIDA 100% NATURAL\"},{\"@type\":\"WebPage\",\"@id\":\"https:\/\/foreroagro.com\/tienda\/producto\/dioxi-homero\/#webpage\",\"url\":\"https:\/\/foreroagro.com\/tienda\/producto\/dioxi-homero\/\",\"name\":\"Dioxi HOMERO - Foreroagro - BIOINSECTICIDA 100% NATURAL\",\"isPartOf\":{\"@id\":\"https:\/\/foreroagro.com\/tienda\/#website\"},\"primaryImageOfPage\":{\"@id\":\"https:\/\/foreroagro.com\/tienda\/producto\/dioxi-homero\/#primaryimage\"},\"datePublished\":\"2019-12-04T19:16:46+00:00\",\"dateModified\":\"2026-03-30T12:06:24+00:00\",\"description\":\"BIOINSECTICIDA 100% NATURAL LDIOXI HOMERO act\\u00faa por contacto siendo \\u00fatil de modo preventivo o curativo contra Trips\\u00b7 Piojos Moscas Ara\\u00f1as Pulgones Cochinillas\",\"breadcrumb\":{\"@id\":\"https:\/\/foreroagro.com\/tienda\/producto\/dioxi-homero\/#breadcrumb\"},\"inLanguage\":\"es\",\"potentialAction\":[{\"@type\":\"ReadAction\",\"target\":[\"https:\/\/foreroagro.com\/tienda\/producto\/dioxi-homero\/\"]}]},{\"@type\":\"BreadcrumbList\",\"@id\":\"https:\/\/foreroagro.com\/tienda\/producto\/dioxi-homero\/#breadcrumb\",\"itemListElement\":[{\"@type\":\"ListItem\",\"position\":1,\"name\":\"Portada\",\"item\":\"https:\/\/foreroagro.com\/tienda\/\"},{\"@type\":\"ListItem\",\"position\":2,\"name\":\"Tienda\",\"item\":\"https:\/\/foreroagro.com\/tienda\/\"},{\"@type\":\"ListItem\",\"position\":3,\"name\":\"Dioxi HOMERO\"}]}]}<\/script>\n<!-- \/ Yoast SEO plugin. -->","yoast_head_json":{"title":"Dioxi HOMERO - Foreroagro - BIOINSECTICIDA 100% NATURAL","description":"BIOINSECTICIDA 100% NATURAL LDIOXI HOMERO act\u00faa por contacto siendo \u00fatil de modo preventivo o curativo contra Trips\u00b7 Piojos Moscas Ara\u00f1as Pulgones Cochinillas","robots":{"index":"index","follow":"follow","max-snippet":"max-snippet:-1","max-image-preview":"max-image-preview:large","max-video-preview":"max-video-preview:-1"},"canonical":"https:\/\/foreroagro.com\/tienda\/producto\/dioxi-homero\/","og_locale":"es_ES","og_type":"article","og_title":"Dioxi HOMERO - Foreroagro - BIOINSECTICIDA 100% NATURAL","og_description":"BIOINSECTICIDA 100% NATURAL LDIOXI HOMERO act\u00faa por contacto siendo \u00fatil de modo preventivo o curativo contra Trips\u00b7 Piojos Moscas Ara\u00f1as Pulgones Cochinillas","og_url":"https:\/\/foreroagro.com\/tienda\/producto\/dioxi-homero\/","og_site_name":"Foreroagro","article_modified_time":"2026-03-30T12:06:24+00:00","og_image":[{"width":569,"height":569,"url":"https:\/\/foreroagro.com\/tienda\/wp-content\/uploads\/2019\/12\/Dioxi-HOMERO.jpg","type":"image\/jpeg"}],"twitter_card":"summary_large_image","schema":{"@context":"https:\/\/schema.org","@graph":[{"@type":"Organization","@id":"https:\/\/foreroagro.com\/tienda\/#organization","name":"Foreroagro S.L.","url":"https:\/\/foreroagro.com\/tienda\/","sameAs":[],"logo":{"@type":"ImageObject","@id":"https:\/\/foreroagro.com\/tienda\/#logo","inLanguage":"es","url":"https:\/\/foreroagro.com\/tienda\/wp-content\/uploads\/2018\/05\/Logo-foreroagro-e1527273021153.png","contentUrl":"https:\/\/foreroagro.com\/tienda\/wp-content\/uploads\/2018\/05\/Logo-foreroagro-e1527273021153.png","width":80,"height":80,"caption":"Foreroagro S.L."},"image":{"@id":"https:\/\/foreroagro.com\/tienda\/#logo"}},{"@type":"WebSite","@id":"https:\/\/foreroagro.com\/tienda\/#website","url":"https:\/\/foreroagro.com\/tienda\/","name":"Foreroagro","description":"Soluciones agr\u00edcolas online","publisher":{"@id":"https:\/\/foreroagro.com\/tienda\/#organization"},"potentialAction":[{"@type":"SearchAction","target":{"@type":"EntryPoint","urlTemplate":"https:\/\/foreroagro.com\/tienda\/?s={search_term_string}"},"query-input":"required name=search_term_string"}],"inLanguage":"es"},{"@type":"ImageObject","@id":"https:\/\/foreroagro.com\/tienda\/producto\/dioxi-homero\/#primaryimage","inLanguage":"es","url":"https:\/\/foreroagro.com\/tienda\/wp-content\/uploads\/2019\/12\/Dioxi-HOMERO.jpg","contentUrl":"https:\/\/foreroagro.com\/tienda\/wp-content\/uploads\/2019\/12\/Dioxi-HOMERO.jpg","width":569,"height":569,"caption":"BIOINSECTICIDA 100% NATURAL"},{"@type":"WebPage","@id":"https:\/\/foreroagro.com\/tienda\/producto\/dioxi-homero\/#webpage","url":"https:\/\/foreroagro.com\/tienda\/producto\/dioxi-homero\/","name":"Dioxi HOMERO - Foreroagro - BIOINSECTICIDA 100% NATURAL","isPartOf":{"@id":"https:\/\/foreroagro.com\/tienda\/#website"},"primaryImageOfPage":{"@id":"https:\/\/foreroagro.com\/tienda\/producto\/dioxi-homero\/#primaryimage"},"datePublished":"2019-12-04T19:16:46+00:00","dateModified":"2026-03-30T12:06:24+00:00","description":"BIOINSECTICIDA 100% NATURAL LDIOXI HOMERO act\u00faa por contacto siendo \u00fatil de modo preventivo o curativo contra Trips\u00b7 Piojos Moscas Ara\u00f1as Pulgones Cochinillas","breadcrumb":{"@id":"https:\/\/foreroagro.com\/tienda\/producto\/dioxi-homero\/#breadcrumb"},"inLanguage":"es","potentialAction":[{"@type":"ReadAction","target":["https:\/\/foreroagro.com\/tienda\/producto\/dioxi-homero\/"]}]},{"@type":"BreadcrumbList","@id":"https:\/\/foreroagro.com\/tienda\/producto\/dioxi-homero\/#breadcrumb","itemListElement":[{"@type":"ListItem","position":1,"name":"Portada","item":"https:\/\/foreroagro.com\/tienda\/"},{"@type":"ListItem","position":2,"name":"Tienda","item":"https:\/\/foreroagro.com\/tienda\/"},{"@type":"ListItem","position":3,"name":"Dioxi HOMERO"}]}]}},"_links":{"self":[{"href":"https:\/\/foreroagro.com\/tienda\/wp-json\/wp\/v2\/product\/7618"}],"collection":[{"href":"https:\/\/foreroagro.com\/tienda\/wp-json\/wp\/v2\/product"}],"about":[{"href":"https:\/\/foreroagro.com\/tienda\/wp-json\/wp\/v2\/types\/product"}],"wp:featuredmedia":[{"embeddable":true,"href":"https:\/\/foreroagro.com\/tienda\/wp-json\/wp\/v2\/media\/7622"}],"wp:attachment":[{"href":"https:\/\/foreroagro.com\/tienda\/wp-json\/wp\/v2\/media?parent=7618"}],"wp:term":[{"taxonomy":"product_cat","embeddable":true,"href":"https:\/\/foreroagro.com\/tienda\/wp-json\/wp\/v2\/product_cat?post=7618"},{"taxonomy":"product_tag","embeddable":true,"href":"https:\/\/foreroagro.com\/tienda\/wp-json\/wp\/v2\/product_tag?post=7618"}],"curies":[{"name":"wp","href":"https:\/\/api.w.org\/{rel}","templated":true}]}}