{"id":7626,"date":"2019-12-04T20:24:02","date_gmt":"2019-12-04T20:24:02","guid":{"rendered":"https:\/\/foreroagro.com\/tienda\/?post_type=product&#038;p=7626"},"modified":"2025-10-21T18:42:29","modified_gmt":"2025-10-21T18:42:29","slug":"dioxi-oil","status":"publish","type":"product","link":"https:\/\/foreroagro.com\/tienda\/producto\/dioxi-oil\/","title":{"rendered":"Dioxi OIL"},"content":{"rendered":"<p>DIOXI OIL es un bioestimulante del sistema foliar, formulado con Zinc y Manganeso para promover y aumentar la disponibilidad y absorci\u00f3n de estos nutrientres principales para el cultivo. Favorece el desenvolvimiento en general de la planta.<br \/>\nEste producto es natural, obtenido mediante el proceso de saponificaci\u00f3n de diferentes compuestos vegetales primarios, \u00e1cidos grasos de origen vegetal. Estos compuestos al ser de origen \u00f3rganico es 100% biodegradable, como ejemplo, a. Linoleico, a. Marg\u00e1rico, a. Este\u00e1rico, etc\u2026.. todo estos combinados en formulaci\u00f3n especial desarrollada por Agrobiology.<br \/>\nPor las caracter\u00edsticas de la formulaci\u00f3n, ayuda a proteger a la planta de la acci\u00f3n de ciertos insectos, \u00e1caros. A la materia activa del producto se le atribuye cierta actividad por contacto, ya que se adhiere con fuerza, rompiendo la emulsi\u00f3n y diluyendo la melaza, act\u00faa como inhibidor de quitina de origen natural, repelente y disuasorio pues inhibe el inicio de la alimentaci\u00f3n y\/o biposici\u00f3n afectando a la producci\u00f3n de huevos y la tasa de crecimiento de los mismos.<\/p>\n<p>\u00b7 Mejora el reparto y la retenci\u00f3n de las microgotas sobre la super\ufb01cie de la hoja tratada y mayor adherencia a esta.<br \/>\n\u00b7 Mejora de forma probada la e\ufb01cacia de todos los herbicidas, insecticidas y fungicidas normalmente empleados.<br \/>\n\u00b7 Facilita el alcanzar los espir\u00e1culos de los insectos por lo que conlleva a penetrar el ingrediente activo dentro del insecto produciendole la muerte en pocas horas.<br \/>\n\u00b7 Crea una pel\u00edcula sobre la super\ufb01cie de la hojas que, sin di\ufb01cultar en absoluto su respiraci\u00f3n, produce un efecto de repelencia.<br \/>\n\u00b7 Reduce los efectos de lavado que puedan producirse a causa de arrastre por lluvia, roc\u00edo o viento.<\/p>\n<p>ES COMPATIBLE CON LA MAYOR\u00cdA DE FITOSANITARIOS Y FERTILIZANTES<\/p>\n","protected":false},"excerpt":{"rendered":"<h3>Bioestimulante del sistema foliar<\/h3>\n<p>PRODUCTO NATURAL<\/p>\n<p>ALTERNATIVA ECOL\u00d3GICA A LOS ACEITES PARAF\u00cdNICOS<\/p>\n<p>EFECTO REPELENTE CONTRA INSECTOS<\/p>\n<p>ACTIVIDAD BIOINSECTICIDA POR CONTACTO<\/p>\n<p>BIODEGRADABLE 100%<\/p>\n","protected":false},"featured_media":7631,"template":"","meta":[],"product_cat":[35,285,288,61,90,93],"product_tag":[],"yoast_head":"<!-- This site is optimized with the Yoast SEO plugin v17.5 - https:\/\/yoast.com\/wordpress\/plugins\/seo\/ -->\n<title>Dioxi OIL - Foreroagro - Bioestimulante - Bioinsecticida<\/title>\n<meta name=\"description\" content=\"BIOESTIMULANTE NATURAL ,ALTERNATIVA ECOL\u00d3GICA A LOS ACEITES PARAF\u00cdNICOS, EFECTO REPELENTE CONTRA INSECTOS, ACTIVIDAD BIOINSECTICIDA POR CONTACTO\" \/>\n<meta name=\"robots\" content=\"index, follow, max-snippet:-1, max-image-preview:large, max-video-preview:-1\" \/>\n<link rel=\"canonical\" href=\"https:\/\/foreroagro.com\/tienda\/producto\/dioxi-oil\/\" \/>\n<meta property=\"og:locale\" content=\"es_ES\" \/>\n<meta property=\"og:type\" content=\"article\" \/>\n<meta property=\"og:title\" content=\"Dioxi OIL - Foreroagro - Bioestimulante - Bioinsecticida\" \/>\n<meta property=\"og:description\" content=\"BIOESTIMULANTE NATURAL ,ALTERNATIVA ECOL\u00d3GICA A LOS ACEITES PARAF\u00cdNICOS, EFECTO REPELENTE CONTRA INSECTOS, ACTIVIDAD BIOINSECTICIDA POR CONTACTO\" \/>\n<meta property=\"og:url\" content=\"https:\/\/foreroagro.com\/tienda\/producto\/dioxi-oil\/\" \/>\n<meta property=\"og:site_name\" content=\"Foreroagro\" \/>\n<meta property=\"article:modified_time\" content=\"2025-10-21T18:42:29+00:00\" \/>\n<meta property=\"og:image\" content=\"https:\/\/foreroagro.com\/tienda\/wp-content\/uploads\/2019\/12\/Dioxi-OIL.jpg\" \/>\n\t<meta property=\"og:image:width\" content=\"569\" \/>\n\t<meta property=\"og:image:height\" content=\"569\" \/>\n<meta name=\"twitter:card\" content=\"summary_large_image\" \/>\n<meta name=\"twitter:label1\" content=\"Tiempo de lectura\" \/>\n\t<meta name=\"twitter:data1\" content=\"1 minuto\" \/>\n<script type=\"application\/ld+json\" class=\"yoast-schema-graph\">{\"@context\":\"https:\/\/schema.org\",\"@graph\":[{\"@type\":\"Organization\",\"@id\":\"https:\/\/foreroagro.com\/tienda\/#organization\",\"name\":\"Foreroagro S.L.\",\"url\":\"https:\/\/foreroagro.com\/tienda\/\",\"sameAs\":[],\"logo\":{\"@type\":\"ImageObject\",\"@id\":\"https:\/\/foreroagro.com\/tienda\/#logo\",\"inLanguage\":\"es\",\"url\":\"https:\/\/foreroagro.com\/tienda\/wp-content\/uploads\/2018\/05\/Logo-foreroagro-e1527273021153.png\",\"contentUrl\":\"https:\/\/foreroagro.com\/tienda\/wp-content\/uploads\/2018\/05\/Logo-foreroagro-e1527273021153.png\",\"width\":80,\"height\":80,\"caption\":\"Foreroagro S.L.\"},\"image\":{\"@id\":\"https:\/\/foreroagro.com\/tienda\/#logo\"}},{\"@type\":\"WebSite\",\"@id\":\"https:\/\/foreroagro.com\/tienda\/#website\",\"url\":\"https:\/\/foreroagro.com\/tienda\/\",\"name\":\"Foreroagro\",\"description\":\"Soluciones agr\\u00edcolas online\",\"publisher\":{\"@id\":\"https:\/\/foreroagro.com\/tienda\/#organization\"},\"potentialAction\":[{\"@type\":\"SearchAction\",\"target\":{\"@type\":\"EntryPoint\",\"urlTemplate\":\"https:\/\/foreroagro.com\/tienda\/?s={search_term_string}\"},\"query-input\":\"required name=search_term_string\"}],\"inLanguage\":\"es\"},{\"@type\":\"ImageObject\",\"@id\":\"https:\/\/foreroagro.com\/tienda\/producto\/dioxi-oil\/#primaryimage\",\"inLanguage\":\"es\",\"url\":\"https:\/\/foreroagro.com\/tienda\/wp-content\/uploads\/2019\/12\/Dioxi-OIL.jpg\",\"contentUrl\":\"https:\/\/foreroagro.com\/tienda\/wp-content\/uploads\/2019\/12\/Dioxi-OIL.jpg\",\"width\":569,\"height\":569,\"caption\":\"BIOESTIMULANTE NATURAL ,ALTERNATIVA ECOL\\u00d3GICA A LOS ACEITES PARAF\\u00cdNICOS, EFECTO REPELENTE CONTRA INSECTOS, ACTIVIDAD BIOINSECTICIDA POR CONTACTO\"},{\"@type\":\"WebPage\",\"@id\":\"https:\/\/foreroagro.com\/tienda\/producto\/dioxi-oil\/#webpage\",\"url\":\"https:\/\/foreroagro.com\/tienda\/producto\/dioxi-oil\/\",\"name\":\"Dioxi OIL - Foreroagro - Bioestimulante - Bioinsecticida\",\"isPartOf\":{\"@id\":\"https:\/\/foreroagro.com\/tienda\/#website\"},\"primaryImageOfPage\":{\"@id\":\"https:\/\/foreroagro.com\/tienda\/producto\/dioxi-oil\/#primaryimage\"},\"datePublished\":\"2019-12-04T20:24:02+00:00\",\"dateModified\":\"2025-10-21T18:42:29+00:00\",\"description\":\"BIOESTIMULANTE NATURAL ,ALTERNATIVA ECOL\\u00d3GICA A LOS ACEITES PARAF\\u00cdNICOS, EFECTO REPELENTE CONTRA INSECTOS, ACTIVIDAD BIOINSECTICIDA POR CONTACTO\",\"breadcrumb\":{\"@id\":\"https:\/\/foreroagro.com\/tienda\/producto\/dioxi-oil\/#breadcrumb\"},\"inLanguage\":\"es\",\"potentialAction\":[{\"@type\":\"ReadAction\",\"target\":[\"https:\/\/foreroagro.com\/tienda\/producto\/dioxi-oil\/\"]}]},{\"@type\":\"BreadcrumbList\",\"@id\":\"https:\/\/foreroagro.com\/tienda\/producto\/dioxi-oil\/#breadcrumb\",\"itemListElement\":[{\"@type\":\"ListItem\",\"position\":1,\"name\":\"Portada\",\"item\":\"https:\/\/foreroagro.com\/tienda\/\"},{\"@type\":\"ListItem\",\"position\":2,\"name\":\"Tienda\",\"item\":\"https:\/\/foreroagro.com\/tienda\/\"},{\"@type\":\"ListItem\",\"position\":3,\"name\":\"Dioxi OIL\"}]}]}<\/script>\n<!-- \/ Yoast SEO plugin. -->","yoast_head_json":{"title":"Dioxi OIL - Foreroagro - Bioestimulante - Bioinsecticida","description":"BIOESTIMULANTE NATURAL ,ALTERNATIVA ECOL\u00d3GICA A LOS ACEITES PARAF\u00cdNICOS, EFECTO REPELENTE CONTRA INSECTOS, ACTIVIDAD BIOINSECTICIDA POR CONTACTO","robots":{"index":"index","follow":"follow","max-snippet":"max-snippet:-1","max-image-preview":"max-image-preview:large","max-video-preview":"max-video-preview:-1"},"canonical":"https:\/\/foreroagro.com\/tienda\/producto\/dioxi-oil\/","og_locale":"es_ES","og_type":"article","og_title":"Dioxi OIL - Foreroagro - Bioestimulante - Bioinsecticida","og_description":"BIOESTIMULANTE NATURAL ,ALTERNATIVA ECOL\u00d3GICA A LOS ACEITES PARAF\u00cdNICOS, EFECTO REPELENTE CONTRA INSECTOS, ACTIVIDAD BIOINSECTICIDA POR CONTACTO","og_url":"https:\/\/foreroagro.com\/tienda\/producto\/dioxi-oil\/","og_site_name":"Foreroagro","article_modified_time":"2025-10-21T18:42:29+00:00","og_image":[{"width":569,"height":569,"url":"https:\/\/foreroagro.com\/tienda\/wp-content\/uploads\/2019\/12\/Dioxi-OIL.jpg","type":"image\/jpeg"}],"twitter_card":"summary_large_image","twitter_misc":{"Tiempo de lectura":"1 minuto"},"schema":{"@context":"https:\/\/schema.org","@graph":[{"@type":"Organization","@id":"https:\/\/foreroagro.com\/tienda\/#organization","name":"Foreroagro S.L.","url":"https:\/\/foreroagro.com\/tienda\/","sameAs":[],"logo":{"@type":"ImageObject","@id":"https:\/\/foreroagro.com\/tienda\/#logo","inLanguage":"es","url":"https:\/\/foreroagro.com\/tienda\/wp-content\/uploads\/2018\/05\/Logo-foreroagro-e1527273021153.png","contentUrl":"https:\/\/foreroagro.com\/tienda\/wp-content\/uploads\/2018\/05\/Logo-foreroagro-e1527273021153.png","width":80,"height":80,"caption":"Foreroagro S.L."},"image":{"@id":"https:\/\/foreroagro.com\/tienda\/#logo"}},{"@type":"WebSite","@id":"https:\/\/foreroagro.com\/tienda\/#website","url":"https:\/\/foreroagro.com\/tienda\/","name":"Foreroagro","description":"Soluciones agr\u00edcolas online","publisher":{"@id":"https:\/\/foreroagro.com\/tienda\/#organization"},"potentialAction":[{"@type":"SearchAction","target":{"@type":"EntryPoint","urlTemplate":"https:\/\/foreroagro.com\/tienda\/?s={search_term_string}"},"query-input":"required name=search_term_string"}],"inLanguage":"es"},{"@type":"ImageObject","@id":"https:\/\/foreroagro.com\/tienda\/producto\/dioxi-oil\/#primaryimage","inLanguage":"es","url":"https:\/\/foreroagro.com\/tienda\/wp-content\/uploads\/2019\/12\/Dioxi-OIL.jpg","contentUrl":"https:\/\/foreroagro.com\/tienda\/wp-content\/uploads\/2019\/12\/Dioxi-OIL.jpg","width":569,"height":569,"caption":"BIOESTIMULANTE NATURAL ,ALTERNATIVA ECOL\u00d3GICA A LOS ACEITES PARAF\u00cdNICOS, EFECTO REPELENTE CONTRA INSECTOS, ACTIVIDAD BIOINSECTICIDA POR CONTACTO"},{"@type":"WebPage","@id":"https:\/\/foreroagro.com\/tienda\/producto\/dioxi-oil\/#webpage","url":"https:\/\/foreroagro.com\/tienda\/producto\/dioxi-oil\/","name":"Dioxi OIL - Foreroagro - Bioestimulante - Bioinsecticida","isPartOf":{"@id":"https:\/\/foreroagro.com\/tienda\/#website"},"primaryImageOfPage":{"@id":"https:\/\/foreroagro.com\/tienda\/producto\/dioxi-oil\/#primaryimage"},"datePublished":"2019-12-04T20:24:02+00:00","dateModified":"2025-10-21T18:42:29+00:00","description":"BIOESTIMULANTE NATURAL ,ALTERNATIVA ECOL\u00d3GICA A LOS ACEITES PARAF\u00cdNICOS, EFECTO REPELENTE CONTRA INSECTOS, ACTIVIDAD BIOINSECTICIDA POR CONTACTO","breadcrumb":{"@id":"https:\/\/foreroagro.com\/tienda\/producto\/dioxi-oil\/#breadcrumb"},"inLanguage":"es","potentialAction":[{"@type":"ReadAction","target":["https:\/\/foreroagro.com\/tienda\/producto\/dioxi-oil\/"]}]},{"@type":"BreadcrumbList","@id":"https:\/\/foreroagro.com\/tienda\/producto\/dioxi-oil\/#breadcrumb","itemListElement":[{"@type":"ListItem","position":1,"name":"Portada","item":"https:\/\/foreroagro.com\/tienda\/"},{"@type":"ListItem","position":2,"name":"Tienda","item":"https:\/\/foreroagro.com\/tienda\/"},{"@type":"ListItem","position":3,"name":"Dioxi OIL"}]}]}},"_links":{"self":[{"href":"https:\/\/foreroagro.com\/tienda\/wp-json\/wp\/v2\/product\/7626"}],"collection":[{"href":"https:\/\/foreroagro.com\/tienda\/wp-json\/wp\/v2\/product"}],"about":[{"href":"https:\/\/foreroagro.com\/tienda\/wp-json\/wp\/v2\/types\/product"}],"wp:featuredmedia":[{"embeddable":true,"href":"https:\/\/foreroagro.com\/tienda\/wp-json\/wp\/v2\/media\/7631"}],"wp:attachment":[{"href":"https:\/\/foreroagro.com\/tienda\/wp-json\/wp\/v2\/media?parent=7626"}],"wp:term":[{"taxonomy":"product_cat","embeddable":true,"href":"https:\/\/foreroagro.com\/tienda\/wp-json\/wp\/v2\/product_cat?post=7626"},{"taxonomy":"product_tag","embeddable":true,"href":"https:\/\/foreroagro.com\/tienda\/wp-json\/wp\/v2\/product_tag?post=7626"}],"curies":[{"name":"wp","href":"https:\/\/api.w.org\/{rel}","templated":true}]}}