{"id":7659,"date":"2019-12-17T20:21:09","date_gmt":"2019-12-17T20:21:09","guid":{"rendered":"https:\/\/foreroagro.com\/tienda\/?post_type=product&#038;p=7659"},"modified":"2024-07-24T18:33:35","modified_gmt":"2024-07-24T18:33:35","slug":"dioxi-mirto","status":"publish","type":"product","link":"https:\/\/foreroagro.com\/tienda\/producto\/dioxi-mirto\/","title":{"rendered":"Dioxi MIRTO"},"content":{"rendered":"<p>En la planta se producen efectos beneficiosos como una prolongaci\u00f3n de su ciclo productivo y un aumento del rendimiento repercutiendo esto directamente en el estado \u00f3ptimo al que llega el fruto con una mayor calidad. Dada su acci\u00f3n polivalente sobre un gran n\u00famero de hongos pat\u00f3genos, DIOXI MIRTO realiza funciones preventivas y curativas, este ciclo brinda una gran protecci\u00f3n muy beneficiosa para el agricultor.<br \/>\nGracias a su r\u00e1pida penetraci\u00f3n act\u00faa r\u00e1pidamente en las funciones de las c\u00e9lulas de los hongos pat\u00f3genos impidiendo la producci\u00f3n de esporas y acabando as\u00ed, con la proliferaci\u00f3n de ellos.<\/p>\n<p>Excelente control sobre:<\/p>\n<p>\u00b7 Mildiu<br \/>\n\u00b7 Mildiu -larvado<br \/>\n\u00b7 Alternaria<br \/>\n\u00b7 Septoria<br \/>\n\u00b7 Micosphaerella<\/p>\n","protected":false},"excerpt":{"rendered":"<h4><em><strong>AMPLIO ESPECTRO DE ACCI\u00d3N.<\/strong><\/em><\/h4>\n<p>Y con gran polivalencia sobre numerosas afecciones del cultivo.<\/p>\n<p>Excelente control sobre:<\/p>\n<p>\u00b7 Mildiu<br \/>\n\u00b7 Mildiu -larvado<br \/>\n\u00b7 Alternaria<br \/>\n\u00b7 Septoria<br \/>\n\u00b7 Micosphaerella<\/p>\n","protected":false},"featured_media":7664,"template":"","meta":[],"product_cat":[35,288,61,94],"product_tag":[],"yoast_head":"<!-- This site is optimized with the Yoast SEO plugin v17.5 - https:\/\/yoast.com\/wordpress\/plugins\/seo\/ -->\n<title>Dioxi MIRTO - Foreroagro - AMPLIO ESPECTRO DE ACCI\u00d3N<\/title>\n<meta name=\"description\" content=\"Dioxi MIRTO realiza funciones preventivas y curativas Excelente control sobre:\u00b7 Mildiu\u00b7 Mildiu -larvado\u00b7 Alternaria\u00b7 Septoria\u00b7 Micosphaerella\" \/>\n<meta name=\"robots\" content=\"index, follow, max-snippet:-1, max-image-preview:large, max-video-preview:-1\" \/>\n<link rel=\"canonical\" href=\"https:\/\/foreroagro.com\/tienda\/producto\/dioxi-mirto\/\" \/>\n<meta property=\"og:locale\" content=\"es_ES\" \/>\n<meta property=\"og:type\" content=\"article\" \/>\n<meta property=\"og:title\" content=\"Dioxi MIRTO - Foreroagro - AMPLIO ESPECTRO DE ACCI\u00d3N\" \/>\n<meta property=\"og:description\" content=\"Dioxi MIRTO realiza funciones preventivas y curativas Excelente control sobre:\u00b7 Mildiu\u00b7 Mildiu -larvado\u00b7 Alternaria\u00b7 Septoria\u00b7 Micosphaerella\" \/>\n<meta property=\"og:url\" content=\"https:\/\/foreroagro.com\/tienda\/producto\/dioxi-mirto\/\" \/>\n<meta property=\"og:site_name\" content=\"Foreroagro\" \/>\n<meta property=\"article:modified_time\" content=\"2024-07-24T18:33:35+00:00\" \/>\n<meta property=\"og:image\" content=\"https:\/\/foreroagro.com\/tienda\/wp-content\/uploads\/2019\/12\/Dioxi-MIRT.jpg\" \/>\n\t<meta property=\"og:image:width\" content=\"569\" \/>\n\t<meta property=\"og:image:height\" content=\"569\" \/>\n<meta name=\"twitter:card\" content=\"summary_large_image\" \/>\n<meta name=\"twitter:label1\" content=\"Tiempo de lectura\" \/>\n\t<meta name=\"twitter:data1\" content=\"1 minuto\" \/>\n<script type=\"application\/ld+json\" class=\"yoast-schema-graph\">{\"@context\":\"https:\/\/schema.org\",\"@graph\":[{\"@type\":\"Organization\",\"@id\":\"https:\/\/foreroagro.com\/tienda\/#organization\",\"name\":\"Foreroagro S.L.\",\"url\":\"https:\/\/foreroagro.com\/tienda\/\",\"sameAs\":[],\"logo\":{\"@type\":\"ImageObject\",\"@id\":\"https:\/\/foreroagro.com\/tienda\/#logo\",\"inLanguage\":\"es\",\"url\":\"https:\/\/foreroagro.com\/tienda\/wp-content\/uploads\/2018\/05\/Logo-foreroagro-e1527273021153.png\",\"contentUrl\":\"https:\/\/foreroagro.com\/tienda\/wp-content\/uploads\/2018\/05\/Logo-foreroagro-e1527273021153.png\",\"width\":80,\"height\":80,\"caption\":\"Foreroagro S.L.\"},\"image\":{\"@id\":\"https:\/\/foreroagro.com\/tienda\/#logo\"}},{\"@type\":\"WebSite\",\"@id\":\"https:\/\/foreroagro.com\/tienda\/#website\",\"url\":\"https:\/\/foreroagro.com\/tienda\/\",\"name\":\"Foreroagro\",\"description\":\"Soluciones agr\\u00edcolas online\",\"publisher\":{\"@id\":\"https:\/\/foreroagro.com\/tienda\/#organization\"},\"potentialAction\":[{\"@type\":\"SearchAction\",\"target\":{\"@type\":\"EntryPoint\",\"urlTemplate\":\"https:\/\/foreroagro.com\/tienda\/?s={search_term_string}\"},\"query-input\":\"required name=search_term_string\"}],\"inLanguage\":\"es\"},{\"@type\":\"ImageObject\",\"@id\":\"https:\/\/foreroagro.com\/tienda\/producto\/dioxi-mirto\/#primaryimage\",\"inLanguage\":\"es\",\"url\":\"https:\/\/foreroagro.com\/tienda\/wp-content\/uploads\/2019\/12\/Dioxi-MIRT.jpg\",\"contentUrl\":\"https:\/\/foreroagro.com\/tienda\/wp-content\/uploads\/2019\/12\/Dioxi-MIRT.jpg\",\"width\":569,\"height\":569,\"caption\":\"Dioxi MIRTO\"},{\"@type\":\"WebPage\",\"@id\":\"https:\/\/foreroagro.com\/tienda\/producto\/dioxi-mirto\/#webpage\",\"url\":\"https:\/\/foreroagro.com\/tienda\/producto\/dioxi-mirto\/\",\"name\":\"Dioxi MIRTO - Foreroagro - AMPLIO ESPECTRO DE ACCI\\u00d3N\",\"isPartOf\":{\"@id\":\"https:\/\/foreroagro.com\/tienda\/#website\"},\"primaryImageOfPage\":{\"@id\":\"https:\/\/foreroagro.com\/tienda\/producto\/dioxi-mirto\/#primaryimage\"},\"datePublished\":\"2019-12-17T20:21:09+00:00\",\"dateModified\":\"2024-07-24T18:33:35+00:00\",\"description\":\"Dioxi MIRTO realiza funciones preventivas y curativas Excelente control sobre:\\u00b7 Mildiu\\u00b7 Mildiu -larvado\\u00b7 Alternaria\\u00b7 Septoria\\u00b7 Micosphaerella\",\"breadcrumb\":{\"@id\":\"https:\/\/foreroagro.com\/tienda\/producto\/dioxi-mirto\/#breadcrumb\"},\"inLanguage\":\"es\",\"potentialAction\":[{\"@type\":\"ReadAction\",\"target\":[\"https:\/\/foreroagro.com\/tienda\/producto\/dioxi-mirto\/\"]}]},{\"@type\":\"BreadcrumbList\",\"@id\":\"https:\/\/foreroagro.com\/tienda\/producto\/dioxi-mirto\/#breadcrumb\",\"itemListElement\":[{\"@type\":\"ListItem\",\"position\":1,\"name\":\"Portada\",\"item\":\"https:\/\/foreroagro.com\/tienda\/\"},{\"@type\":\"ListItem\",\"position\":2,\"name\":\"Tienda\",\"item\":\"https:\/\/foreroagro.com\/tienda\/\"},{\"@type\":\"ListItem\",\"position\":3,\"name\":\"Dioxi MIRTO\"}]}]}<\/script>\n<!-- \/ Yoast SEO plugin. -->","yoast_head_json":{"title":"Dioxi MIRTO - Foreroagro - AMPLIO ESPECTRO DE ACCI\u00d3N","description":"Dioxi MIRTO realiza funciones preventivas y curativas Excelente control sobre:\u00b7 Mildiu\u00b7 Mildiu -larvado\u00b7 Alternaria\u00b7 Septoria\u00b7 Micosphaerella","robots":{"index":"index","follow":"follow","max-snippet":"max-snippet:-1","max-image-preview":"max-image-preview:large","max-video-preview":"max-video-preview:-1"},"canonical":"https:\/\/foreroagro.com\/tienda\/producto\/dioxi-mirto\/","og_locale":"es_ES","og_type":"article","og_title":"Dioxi MIRTO - Foreroagro - AMPLIO ESPECTRO DE ACCI\u00d3N","og_description":"Dioxi MIRTO realiza funciones preventivas y curativas Excelente control sobre:\u00b7 Mildiu\u00b7 Mildiu -larvado\u00b7 Alternaria\u00b7 Septoria\u00b7 Micosphaerella","og_url":"https:\/\/foreroagro.com\/tienda\/producto\/dioxi-mirto\/","og_site_name":"Foreroagro","article_modified_time":"2024-07-24T18:33:35+00:00","og_image":[{"width":569,"height":569,"url":"https:\/\/foreroagro.com\/tienda\/wp-content\/uploads\/2019\/12\/Dioxi-MIRT.jpg","type":"image\/jpeg"}],"twitter_card":"summary_large_image","twitter_misc":{"Tiempo de lectura":"1 minuto"},"schema":{"@context":"https:\/\/schema.org","@graph":[{"@type":"Organization","@id":"https:\/\/foreroagro.com\/tienda\/#organization","name":"Foreroagro S.L.","url":"https:\/\/foreroagro.com\/tienda\/","sameAs":[],"logo":{"@type":"ImageObject","@id":"https:\/\/foreroagro.com\/tienda\/#logo","inLanguage":"es","url":"https:\/\/foreroagro.com\/tienda\/wp-content\/uploads\/2018\/05\/Logo-foreroagro-e1527273021153.png","contentUrl":"https:\/\/foreroagro.com\/tienda\/wp-content\/uploads\/2018\/05\/Logo-foreroagro-e1527273021153.png","width":80,"height":80,"caption":"Foreroagro S.L."},"image":{"@id":"https:\/\/foreroagro.com\/tienda\/#logo"}},{"@type":"WebSite","@id":"https:\/\/foreroagro.com\/tienda\/#website","url":"https:\/\/foreroagro.com\/tienda\/","name":"Foreroagro","description":"Soluciones agr\u00edcolas online","publisher":{"@id":"https:\/\/foreroagro.com\/tienda\/#organization"},"potentialAction":[{"@type":"SearchAction","target":{"@type":"EntryPoint","urlTemplate":"https:\/\/foreroagro.com\/tienda\/?s={search_term_string}"},"query-input":"required name=search_term_string"}],"inLanguage":"es"},{"@type":"ImageObject","@id":"https:\/\/foreroagro.com\/tienda\/producto\/dioxi-mirto\/#primaryimage","inLanguage":"es","url":"https:\/\/foreroagro.com\/tienda\/wp-content\/uploads\/2019\/12\/Dioxi-MIRT.jpg","contentUrl":"https:\/\/foreroagro.com\/tienda\/wp-content\/uploads\/2019\/12\/Dioxi-MIRT.jpg","width":569,"height":569,"caption":"Dioxi MIRTO"},{"@type":"WebPage","@id":"https:\/\/foreroagro.com\/tienda\/producto\/dioxi-mirto\/#webpage","url":"https:\/\/foreroagro.com\/tienda\/producto\/dioxi-mirto\/","name":"Dioxi MIRTO - Foreroagro - AMPLIO ESPECTRO DE ACCI\u00d3N","isPartOf":{"@id":"https:\/\/foreroagro.com\/tienda\/#website"},"primaryImageOfPage":{"@id":"https:\/\/foreroagro.com\/tienda\/producto\/dioxi-mirto\/#primaryimage"},"datePublished":"2019-12-17T20:21:09+00:00","dateModified":"2024-07-24T18:33:35+00:00","description":"Dioxi MIRTO realiza funciones preventivas y curativas Excelente control sobre:\u00b7 Mildiu\u00b7 Mildiu -larvado\u00b7 Alternaria\u00b7 Septoria\u00b7 Micosphaerella","breadcrumb":{"@id":"https:\/\/foreroagro.com\/tienda\/producto\/dioxi-mirto\/#breadcrumb"},"inLanguage":"es","potentialAction":[{"@type":"ReadAction","target":["https:\/\/foreroagro.com\/tienda\/producto\/dioxi-mirto\/"]}]},{"@type":"BreadcrumbList","@id":"https:\/\/foreroagro.com\/tienda\/producto\/dioxi-mirto\/#breadcrumb","itemListElement":[{"@type":"ListItem","position":1,"name":"Portada","item":"https:\/\/foreroagro.com\/tienda\/"},{"@type":"ListItem","position":2,"name":"Tienda","item":"https:\/\/foreroagro.com\/tienda\/"},{"@type":"ListItem","position":3,"name":"Dioxi MIRTO"}]}]}},"_links":{"self":[{"href":"https:\/\/foreroagro.com\/tienda\/wp-json\/wp\/v2\/product\/7659"}],"collection":[{"href":"https:\/\/foreroagro.com\/tienda\/wp-json\/wp\/v2\/product"}],"about":[{"href":"https:\/\/foreroagro.com\/tienda\/wp-json\/wp\/v2\/types\/product"}],"wp:featuredmedia":[{"embeddable":true,"href":"https:\/\/foreroagro.com\/tienda\/wp-json\/wp\/v2\/media\/7664"}],"wp:attachment":[{"href":"https:\/\/foreroagro.com\/tienda\/wp-json\/wp\/v2\/media?parent=7659"}],"wp:term":[{"taxonomy":"product_cat","embeddable":true,"href":"https:\/\/foreroagro.com\/tienda\/wp-json\/wp\/v2\/product_cat?post=7659"},{"taxonomy":"product_tag","embeddable":true,"href":"https:\/\/foreroagro.com\/tienda\/wp-json\/wp\/v2\/product_tag?post=7659"}],"curies":[{"name":"wp","href":"https:\/\/api.w.org\/{rel}","templated":true}]}}