{"id":7667,"date":"2019-12-17T20:44:27","date_gmt":"2019-12-17T20:44:27","guid":{"rendered":"https:\/\/foreroagro.com\/tienda\/?post_type=product&#038;p=7667"},"modified":"2026-03-30T12:04:53","modified_gmt":"2026-03-30T12:04:53","slug":"dioxi-nematix","status":"publish","type":"product","link":"https:\/\/foreroagro.com\/tienda\/producto\/dioxi-nematix\/","title":{"rendered":"Dioxi NEMATIX"},"content":{"rendered":"<p>Dioxi NEMATIX, forma parte de una innovadora alternativa biotecnol\u00f3gica en la lucha contra los nematodos fit\u00f3fagos perjudiciales a los cultivos. La interacci\u00f3n entre el cobre (Cu) metal y los compuestos vegetales dan lugar a incrementar la formaci\u00f3n de lignina, este componente act\u00faa como una barrera f\u00edsica frente a la entrada de organismos pat\u00f3genos. NEMATIX proporciona a los cultivos donde se aplica, una tolerancia frente al desarrollo de nem\u00e1todos, y por lo tanto favorece el desarrollo normal del sistema radicular. Constituye una formulaci\u00f3n de Barrera Bioquimica Activa, generando condiciones en la riz\u00f3sfera, para reducir y controlar las poblaciones de nematodos fit\u00f3fagos, al liberar a nivel de la riz\u00f3sfera las enzimas y metabolitos contenidos en los extractos del producto, consiguiendo con esto formar parte de los exudados radiculares. Impidiendo con estas condiciones generadas que se instalen los nematodos nocivos en la ra\u00edz. Consiguiendo adem\u00e1s mejor desarrollo de una ra\u00edz sana y m\u00e1s funcional.<\/p>\n","protected":false},"excerpt":{"rendered":"<h4>MECANISMO DE ACCI\u00d3N.<\/h4>\n<p>Act\u00faa formando una barrera bioqu\u00edmica en la riz\u00f3sfera, impidiendo la instalaci\u00f3n de los nematodos en la ra\u00edz.<br \/>\n\u00b7 Se puede aplicar durante todo el ciclo de cultivo, sin inducir resistencia a los nematodos a controlar.<br \/>\n\u00b7 No deja residuos t\u00f3xicos.<br \/>\n\u00b7 No presenta LMR<br \/>\n\u00b7 Aplicable en agricultura convencional, integrada o ecol\u00f3gica.<\/p>\n","protected":false},"featured_media":7670,"template":"","meta":[],"product_cat":[288,61,93],"product_tag":[],"yoast_head":"<!-- This site is optimized with the Yoast SEO plugin v17.5 - https:\/\/yoast.com\/wordpress\/plugins\/seo\/ -->\n<title>Dioxi NEMATIX - Foreroagro - MECANISMO DE ACCI\u00d3N<\/title>\n<meta name=\"description\" content=\"Dioxi NEMATIX Act\u00faa formando una barrera bioqu\u00edmica en la riz\u00f3sfera, impidiendo la instalaci\u00f3n de los nematodos en la ra\u00edz\" \/>\n<meta name=\"robots\" content=\"index, follow, max-snippet:-1, max-image-preview:large, max-video-preview:-1\" \/>\n<link rel=\"canonical\" href=\"https:\/\/foreroagro.com\/tienda\/producto\/dioxi-nematix\/\" \/>\n<meta property=\"og:locale\" content=\"es_ES\" \/>\n<meta property=\"og:type\" content=\"article\" \/>\n<meta property=\"og:title\" content=\"Dioxi NEMATIX - Foreroagro - MECANISMO DE ACCI\u00d3N\" \/>\n<meta property=\"og:description\" content=\"Dioxi NEMATIX Act\u00faa formando una barrera bioqu\u00edmica en la riz\u00f3sfera, impidiendo la instalaci\u00f3n de los nematodos en la ra\u00edz\" \/>\n<meta property=\"og:url\" content=\"https:\/\/foreroagro.com\/tienda\/producto\/dioxi-nematix\/\" \/>\n<meta property=\"og:site_name\" content=\"Foreroagro\" \/>\n<meta property=\"article:modified_time\" content=\"2026-03-30T12:04:53+00:00\" \/>\n<meta property=\"og:image\" content=\"https:\/\/foreroagro.com\/tienda\/wp-content\/uploads\/2019\/12\/Dioxi-NEMATIX.jpg\" \/>\n\t<meta property=\"og:image:width\" content=\"569\" \/>\n\t<meta property=\"og:image:height\" content=\"569\" \/>\n<meta name=\"twitter:card\" content=\"summary_large_image\" \/>\n<meta name=\"twitter:label1\" content=\"Tiempo de lectura\" \/>\n\t<meta name=\"twitter:data1\" content=\"1 minuto\" \/>\n<script type=\"application\/ld+json\" class=\"yoast-schema-graph\">{\"@context\":\"https:\/\/schema.org\",\"@graph\":[{\"@type\":\"Organization\",\"@id\":\"https:\/\/foreroagro.com\/tienda\/#organization\",\"name\":\"Foreroagro S.L.\",\"url\":\"https:\/\/foreroagro.com\/tienda\/\",\"sameAs\":[],\"logo\":{\"@type\":\"ImageObject\",\"@id\":\"https:\/\/foreroagro.com\/tienda\/#logo\",\"inLanguage\":\"es\",\"url\":\"https:\/\/foreroagro.com\/tienda\/wp-content\/uploads\/2018\/05\/Logo-foreroagro-e1527273021153.png\",\"contentUrl\":\"https:\/\/foreroagro.com\/tienda\/wp-content\/uploads\/2018\/05\/Logo-foreroagro-e1527273021153.png\",\"width\":80,\"height\":80,\"caption\":\"Foreroagro S.L.\"},\"image\":{\"@id\":\"https:\/\/foreroagro.com\/tienda\/#logo\"}},{\"@type\":\"WebSite\",\"@id\":\"https:\/\/foreroagro.com\/tienda\/#website\",\"url\":\"https:\/\/foreroagro.com\/tienda\/\",\"name\":\"Foreroagro\",\"description\":\"Soluciones agr\\u00edcolas online\",\"publisher\":{\"@id\":\"https:\/\/foreroagro.com\/tienda\/#organization\"},\"potentialAction\":[{\"@type\":\"SearchAction\",\"target\":{\"@type\":\"EntryPoint\",\"urlTemplate\":\"https:\/\/foreroagro.com\/tienda\/?s={search_term_string}\"},\"query-input\":\"required name=search_term_string\"}],\"inLanguage\":\"es\"},{\"@type\":\"ImageObject\",\"@id\":\"https:\/\/foreroagro.com\/tienda\/producto\/dioxi-nematix\/#primaryimage\",\"inLanguage\":\"es\",\"url\":\"https:\/\/foreroagro.com\/tienda\/wp-content\/uploads\/2019\/12\/Dioxi-NEMATIX.jpg\",\"contentUrl\":\"https:\/\/foreroagro.com\/tienda\/wp-content\/uploads\/2019\/12\/Dioxi-NEMATIX.jpg\",\"width\":569,\"height\":569,\"caption\":\"Dioxi NEMATIX\"},{\"@type\":\"WebPage\",\"@id\":\"https:\/\/foreroagro.com\/tienda\/producto\/dioxi-nematix\/#webpage\",\"url\":\"https:\/\/foreroagro.com\/tienda\/producto\/dioxi-nematix\/\",\"name\":\"Dioxi NEMATIX - Foreroagro - MECANISMO DE ACCI\\u00d3N\",\"isPartOf\":{\"@id\":\"https:\/\/foreroagro.com\/tienda\/#website\"},\"primaryImageOfPage\":{\"@id\":\"https:\/\/foreroagro.com\/tienda\/producto\/dioxi-nematix\/#primaryimage\"},\"datePublished\":\"2019-12-17T20:44:27+00:00\",\"dateModified\":\"2026-03-30T12:04:53+00:00\",\"description\":\"Dioxi NEMATIX Act\\u00faa formando una barrera bioqu\\u00edmica en la riz\\u00f3sfera, impidiendo la instalaci\\u00f3n de los nematodos en la ra\\u00edz\",\"breadcrumb\":{\"@id\":\"https:\/\/foreroagro.com\/tienda\/producto\/dioxi-nematix\/#breadcrumb\"},\"inLanguage\":\"es\",\"potentialAction\":[{\"@type\":\"ReadAction\",\"target\":[\"https:\/\/foreroagro.com\/tienda\/producto\/dioxi-nematix\/\"]}]},{\"@type\":\"BreadcrumbList\",\"@id\":\"https:\/\/foreroagro.com\/tienda\/producto\/dioxi-nematix\/#breadcrumb\",\"itemListElement\":[{\"@type\":\"ListItem\",\"position\":1,\"name\":\"Portada\",\"item\":\"https:\/\/foreroagro.com\/tienda\/\"},{\"@type\":\"ListItem\",\"position\":2,\"name\":\"Tienda\",\"item\":\"https:\/\/foreroagro.com\/tienda\/\"},{\"@type\":\"ListItem\",\"position\":3,\"name\":\"Dioxi NEMATIX\"}]}]}<\/script>\n<!-- \/ Yoast SEO plugin. -->","yoast_head_json":{"title":"Dioxi NEMATIX - Foreroagro - MECANISMO DE ACCI\u00d3N","description":"Dioxi NEMATIX Act\u00faa formando una barrera bioqu\u00edmica en la riz\u00f3sfera, impidiendo la instalaci\u00f3n de los nematodos en la ra\u00edz","robots":{"index":"index","follow":"follow","max-snippet":"max-snippet:-1","max-image-preview":"max-image-preview:large","max-video-preview":"max-video-preview:-1"},"canonical":"https:\/\/foreroagro.com\/tienda\/producto\/dioxi-nematix\/","og_locale":"es_ES","og_type":"article","og_title":"Dioxi NEMATIX - Foreroagro - MECANISMO DE ACCI\u00d3N","og_description":"Dioxi NEMATIX Act\u00faa formando una barrera bioqu\u00edmica en la riz\u00f3sfera, impidiendo la instalaci\u00f3n de los nematodos en la ra\u00edz","og_url":"https:\/\/foreroagro.com\/tienda\/producto\/dioxi-nematix\/","og_site_name":"Foreroagro","article_modified_time":"2026-03-30T12:04:53+00:00","og_image":[{"width":569,"height":569,"url":"https:\/\/foreroagro.com\/tienda\/wp-content\/uploads\/2019\/12\/Dioxi-NEMATIX.jpg","type":"image\/jpeg"}],"twitter_card":"summary_large_image","twitter_misc":{"Tiempo de lectura":"1 minuto"},"schema":{"@context":"https:\/\/schema.org","@graph":[{"@type":"Organization","@id":"https:\/\/foreroagro.com\/tienda\/#organization","name":"Foreroagro S.L.","url":"https:\/\/foreroagro.com\/tienda\/","sameAs":[],"logo":{"@type":"ImageObject","@id":"https:\/\/foreroagro.com\/tienda\/#logo","inLanguage":"es","url":"https:\/\/foreroagro.com\/tienda\/wp-content\/uploads\/2018\/05\/Logo-foreroagro-e1527273021153.png","contentUrl":"https:\/\/foreroagro.com\/tienda\/wp-content\/uploads\/2018\/05\/Logo-foreroagro-e1527273021153.png","width":80,"height":80,"caption":"Foreroagro S.L."},"image":{"@id":"https:\/\/foreroagro.com\/tienda\/#logo"}},{"@type":"WebSite","@id":"https:\/\/foreroagro.com\/tienda\/#website","url":"https:\/\/foreroagro.com\/tienda\/","name":"Foreroagro","description":"Soluciones agr\u00edcolas online","publisher":{"@id":"https:\/\/foreroagro.com\/tienda\/#organization"},"potentialAction":[{"@type":"SearchAction","target":{"@type":"EntryPoint","urlTemplate":"https:\/\/foreroagro.com\/tienda\/?s={search_term_string}"},"query-input":"required name=search_term_string"}],"inLanguage":"es"},{"@type":"ImageObject","@id":"https:\/\/foreroagro.com\/tienda\/producto\/dioxi-nematix\/#primaryimage","inLanguage":"es","url":"https:\/\/foreroagro.com\/tienda\/wp-content\/uploads\/2019\/12\/Dioxi-NEMATIX.jpg","contentUrl":"https:\/\/foreroagro.com\/tienda\/wp-content\/uploads\/2019\/12\/Dioxi-NEMATIX.jpg","width":569,"height":569,"caption":"Dioxi NEMATIX"},{"@type":"WebPage","@id":"https:\/\/foreroagro.com\/tienda\/producto\/dioxi-nematix\/#webpage","url":"https:\/\/foreroagro.com\/tienda\/producto\/dioxi-nematix\/","name":"Dioxi NEMATIX - Foreroagro - MECANISMO DE ACCI\u00d3N","isPartOf":{"@id":"https:\/\/foreroagro.com\/tienda\/#website"},"primaryImageOfPage":{"@id":"https:\/\/foreroagro.com\/tienda\/producto\/dioxi-nematix\/#primaryimage"},"datePublished":"2019-12-17T20:44:27+00:00","dateModified":"2026-03-30T12:04:53+00:00","description":"Dioxi NEMATIX Act\u00faa formando una barrera bioqu\u00edmica en la riz\u00f3sfera, impidiendo la instalaci\u00f3n de los nematodos en la ra\u00edz","breadcrumb":{"@id":"https:\/\/foreroagro.com\/tienda\/producto\/dioxi-nematix\/#breadcrumb"},"inLanguage":"es","potentialAction":[{"@type":"ReadAction","target":["https:\/\/foreroagro.com\/tienda\/producto\/dioxi-nematix\/"]}]},{"@type":"BreadcrumbList","@id":"https:\/\/foreroagro.com\/tienda\/producto\/dioxi-nematix\/#breadcrumb","itemListElement":[{"@type":"ListItem","position":1,"name":"Portada","item":"https:\/\/foreroagro.com\/tienda\/"},{"@type":"ListItem","position":2,"name":"Tienda","item":"https:\/\/foreroagro.com\/tienda\/"},{"@type":"ListItem","position":3,"name":"Dioxi NEMATIX"}]}]}},"_links":{"self":[{"href":"https:\/\/foreroagro.com\/tienda\/wp-json\/wp\/v2\/product\/7667"}],"collection":[{"href":"https:\/\/foreroagro.com\/tienda\/wp-json\/wp\/v2\/product"}],"about":[{"href":"https:\/\/foreroagro.com\/tienda\/wp-json\/wp\/v2\/types\/product"}],"wp:featuredmedia":[{"embeddable":true,"href":"https:\/\/foreroagro.com\/tienda\/wp-json\/wp\/v2\/media\/7670"}],"wp:attachment":[{"href":"https:\/\/foreroagro.com\/tienda\/wp-json\/wp\/v2\/media?parent=7667"}],"wp:term":[{"taxonomy":"product_cat","embeddable":true,"href":"https:\/\/foreroagro.com\/tienda\/wp-json\/wp\/v2\/product_cat?post=7667"},{"taxonomy":"product_tag","embeddable":true,"href":"https:\/\/foreroagro.com\/tienda\/wp-json\/wp\/v2\/product_tag?post=7667"}],"curies":[{"name":"wp","href":"https:\/\/api.w.org\/{rel}","templated":true}]}}