{"id":7695,"date":"2020-01-02T08:46:15","date_gmt":"2020-01-02T08:46:15","guid":{"rendered":"https:\/\/foreroagro.com\/tienda\/?post_type=product&#038;p=7695"},"modified":"2022-02-11T12:29:13","modified_gmt":"2022-02-11T12:29:13","slug":"tree-keeper","status":"publish","type":"product","link":"https:\/\/foreroagro.com\/tienda\/producto\/tree-keeper\/","title":{"rendered":"Tree-Keeper"},"content":{"rendered":"<section class=\"elementor-element elementor-element-0f6ae6c elementor-section-boxed elementor-section-height-default elementor-section-height-default elementor-section elementor-top-section\" data-id=\"0f6ae6c\" data-element_type=\"section\">\n<div class=\"elementor-container elementor-column-gap-default\">\n<div class=\"elementor-row\">\n<div class=\"elementor-element elementor-element-23343e3 elementor-column elementor-col-100 elementor-top-column\" data-id=\"23343e3\" data-element_type=\"column\">\n<div class=\"elementor-column-wrap elementor-element-populated\">\n<div class=\"elementor-widget-wrap\">\n<div class=\"elementor-element elementor-element-c48b4c5 elementor-widget elementor-widget-heading\" data-id=\"c48b4c5\" data-element_type=\"widget\" data-widget_type=\"heading.default\">\n<div class=\"elementor-widget-container\">\n<h2 class=\"elementor-heading-title elementor-size-default\">Por qu\u00e9 la endoterapia TreeKeeper en los campos de golf<\/h2>\n<\/div>\n<\/div>\n<\/div>\n<\/div>\n<\/div>\n<\/div>\n<\/div>\n<\/section>\n<section class=\"elementor-element elementor-element-3458d07 elementor-section-boxed elementor-section-height-default elementor-section-height-default elementor-section elementor-top-section\" data-id=\"3458d07\" data-element_type=\"section\">\n<div class=\"elementor-container elementor-column-gap-default\">\n<div class=\"elementor-row\">\n<div class=\"elementor-element elementor-element-108aadb elementor-column elementor-col-100 elementor-top-column\" data-id=\"108aadb\" data-element_type=\"column\">\n<div class=\"elementor-column-wrap elementor-element-populated\">\n<div class=\"elementor-widget-wrap\">\n<div class=\"elementor-element elementor-element-fd0063b elementor-widget elementor-widget-text-editor\" data-id=\"fd0063b\" data-element_type=\"widget\" data-widget_type=\"text-editor.default\">\n<div class=\"elementor-widget-container\">\n<div class=\"elementor-text-editor elementor-clearfix\">\n<p><strong>Por legislaci\u00f3n Real Decreto 131\/2012:<\/strong><br \/>\n\u2022 Medida 7.3: reducir los riesgos y los efectos en la salud humana derivados del uso de los productos fitosanitarios en espacios utilizados por el p\u00fablico general o por grupos vulnerables (campos deportivos).<\/p>\n<p>&nbsp;<\/p>\n<p><strong>Por sus ventajas:<\/strong><br \/>\n\u2022 Ahorro del 66% de fitosanitario.<br \/>\n\u2022 95% de los tratamientos s\u00f3lo con una aplicaci\u00f3n anual.<br \/>\n\u2022 Sin consumo de agua.<br \/>\n\u2022 Sin riesgo laboral ni de salud durante su aplicaci\u00f3n.<br \/>\n\u2022 Sin impacto en la salud de usuarios y jugadores.<br \/>\n\u2022 Sin peligro para las abejas y otros insectos beneficiosos.<br \/>\n\u2022 Posibilidad de tratar bajo cualquier condici\u00f3n clim\u00e1tica y a cualquier hora.<br \/>\n\u2022 Evita la contaminaci\u00f3n del campo.<\/p>\n<\/div>\n<\/div>\n<\/div>\n<\/div>\n<\/div>\n<\/div>\n<\/div>\n<\/div>\n<\/section>\n","protected":false},"excerpt":{"rendered":"<p>La endoterapia de los campos de golf<\/p>\n<div class=\"elementor-element elementor-element-adb9256 elementor-widget elementor-widget-heading\" data-id=\"adb9256\" data-element_type=\"widget\" data-widget_type=\"heading.default\">\n<div class=\"elementor-widget-container\">\n<h2 class=\"elementor-heading-title elementor-size-default\">Tratar sin da\u00f1ar, tratar sin molestar<\/h2>\n<\/div>\n<\/div>\n<div class=\"elementor-element elementor-element-f9d25bf elementor-widget elementor-widget-text-editor\" data-id=\"f9d25bf\" data-element_type=\"widget\" data-widget_type=\"text-editor.default\">\n<div class=\"elementor-widget-container\">\n<div class=\"elementor-text-editor elementor-clearfix\">\n<p>TreeKeeper es un innovador dispositivo de endoterapia autopresurizado para inyecci\u00f3n directa de fitosanitarios al tronco.<\/p>\n<p>Est\u00e1 compuesto por dos elementos: una c\u00e1psula con doble presurizaci\u00f3n interior con v\u00e1lvula anti-retorno, y un conector.<\/p>\n<p>La c\u00e1psula est\u00e1 dise\u00f1ada para a\u00f1adir a trav\u00e9s de la v\u00e1lvula, la dosis necesaria de fitosanitario para inyectarlo en el tronco de \u00e1rboles y palmeras, gracias a su conexi\u00f3n a trav\u00e9s del conector.<\/p>\n<\/div>\n<\/div>\n<\/div>\n","protected":false},"featured_media":7697,"template":"","meta":[],"product_cat":[289,340],"product_tag":[],"yoast_head":"<!-- This site is optimized with the Yoast SEO plugin v17.5 - https:\/\/yoast.com\/wordpress\/plugins\/seo\/ -->\n<title>Tree-Keeper - Foreroagro - Endoterapia en los campos de golf<\/title>\n<meta name=\"description\" content=\"Tree-Keeper es un innovador dispositivo de endoterapia autopresurizado para inyecci\u00f3n directa de fitosanitarios al tronco\" \/>\n<meta name=\"robots\" content=\"index, follow, max-snippet:-1, max-image-preview:large, max-video-preview:-1\" \/>\n<link rel=\"canonical\" href=\"https:\/\/foreroagro.com\/tienda\/producto\/tree-keeper\/\" \/>\n<meta property=\"og:locale\" content=\"es_ES\" \/>\n<meta property=\"og:type\" content=\"article\" \/>\n<meta property=\"og:title\" content=\"Tree-Keeper - Foreroagro - Endoterapia en los campos de golf\" \/>\n<meta property=\"og:description\" content=\"Tree-Keeper es un innovador dispositivo de endoterapia autopresurizado para inyecci\u00f3n directa de fitosanitarios al tronco\" \/>\n<meta property=\"og:url\" content=\"https:\/\/foreroagro.com\/tienda\/producto\/tree-keeper\/\" \/>\n<meta property=\"og:site_name\" content=\"Foreroagro\" \/>\n<meta property=\"article:modified_time\" content=\"2022-02-11T12:29:13+00:00\" \/>\n<meta property=\"og:image\" content=\"https:\/\/foreroagro.com\/tienda\/wp-content\/uploads\/2019\/12\/Tree-Keeper.jpg\" \/>\n\t<meta property=\"og:image:width\" content=\"569\" \/>\n\t<meta property=\"og:image:height\" content=\"569\" \/>\n<meta name=\"twitter:card\" content=\"summary_large_image\" \/>\n<meta name=\"twitter:label1\" content=\"Tiempo de lectura\" \/>\n\t<meta name=\"twitter:data1\" content=\"1 minuto\" \/>\n<script type=\"application\/ld+json\" class=\"yoast-schema-graph\">{\"@context\":\"https:\/\/schema.org\",\"@graph\":[{\"@type\":\"Organization\",\"@id\":\"https:\/\/foreroagro.com\/tienda\/#organization\",\"name\":\"Foreroagro S.L.\",\"url\":\"https:\/\/foreroagro.com\/tienda\/\",\"sameAs\":[],\"logo\":{\"@type\":\"ImageObject\",\"@id\":\"https:\/\/foreroagro.com\/tienda\/#logo\",\"inLanguage\":\"es\",\"url\":\"https:\/\/foreroagro.com\/tienda\/wp-content\/uploads\/2018\/05\/Logo-foreroagro-e1527273021153.png\",\"contentUrl\":\"https:\/\/foreroagro.com\/tienda\/wp-content\/uploads\/2018\/05\/Logo-foreroagro-e1527273021153.png\",\"width\":80,\"height\":80,\"caption\":\"Foreroagro S.L.\"},\"image\":{\"@id\":\"https:\/\/foreroagro.com\/tienda\/#logo\"}},{\"@type\":\"WebSite\",\"@id\":\"https:\/\/foreroagro.com\/tienda\/#website\",\"url\":\"https:\/\/foreroagro.com\/tienda\/\",\"name\":\"Foreroagro\",\"description\":\"Soluciones agr\\u00edcolas online\",\"publisher\":{\"@id\":\"https:\/\/foreroagro.com\/tienda\/#organization\"},\"potentialAction\":[{\"@type\":\"SearchAction\",\"target\":{\"@type\":\"EntryPoint\",\"urlTemplate\":\"https:\/\/foreroagro.com\/tienda\/?s={search_term_string}\"},\"query-input\":\"required name=search_term_string\"}],\"inLanguage\":\"es\"},{\"@type\":\"ImageObject\",\"@id\":\"https:\/\/foreroagro.com\/tienda\/producto\/tree-keeper\/#primaryimage\",\"inLanguage\":\"es\",\"url\":\"https:\/\/foreroagro.com\/tienda\/wp-content\/uploads\/2019\/12\/Tree-Keeper.jpg\",\"contentUrl\":\"https:\/\/foreroagro.com\/tienda\/wp-content\/uploads\/2019\/12\/Tree-Keeper.jpg\",\"width\":569,\"height\":569},{\"@type\":\"WebPage\",\"@id\":\"https:\/\/foreroagro.com\/tienda\/producto\/tree-keeper\/#webpage\",\"url\":\"https:\/\/foreroagro.com\/tienda\/producto\/tree-keeper\/\",\"name\":\"Tree-Keeper - Foreroagro - Endoterapia en los campos de golf\",\"isPartOf\":{\"@id\":\"https:\/\/foreroagro.com\/tienda\/#website\"},\"primaryImageOfPage\":{\"@id\":\"https:\/\/foreroagro.com\/tienda\/producto\/tree-keeper\/#primaryimage\"},\"datePublished\":\"2020-01-02T08:46:15+00:00\",\"dateModified\":\"2022-02-11T12:29:13+00:00\",\"description\":\"Tree-Keeper es un innovador dispositivo de endoterapia autopresurizado para inyecci\\u00f3n directa de fitosanitarios al tronco\",\"breadcrumb\":{\"@id\":\"https:\/\/foreroagro.com\/tienda\/producto\/tree-keeper\/#breadcrumb\"},\"inLanguage\":\"es\",\"potentialAction\":[{\"@type\":\"ReadAction\",\"target\":[\"https:\/\/foreroagro.com\/tienda\/producto\/tree-keeper\/\"]}]},{\"@type\":\"BreadcrumbList\",\"@id\":\"https:\/\/foreroagro.com\/tienda\/producto\/tree-keeper\/#breadcrumb\",\"itemListElement\":[{\"@type\":\"ListItem\",\"position\":1,\"name\":\"Portada\",\"item\":\"https:\/\/foreroagro.com\/tienda\/\"},{\"@type\":\"ListItem\",\"position\":2,\"name\":\"Tienda\",\"item\":\"https:\/\/foreroagro.com\/tienda\/\"},{\"@type\":\"ListItem\",\"position\":3,\"name\":\"Tree-Keeper\"}]}]}<\/script>\n<!-- \/ Yoast SEO plugin. -->","yoast_head_json":{"title":"Tree-Keeper - Foreroagro - Endoterapia en los campos de golf","description":"Tree-Keeper es un innovador dispositivo de endoterapia autopresurizado para inyecci\u00f3n directa de fitosanitarios al tronco","robots":{"index":"index","follow":"follow","max-snippet":"max-snippet:-1","max-image-preview":"max-image-preview:large","max-video-preview":"max-video-preview:-1"},"canonical":"https:\/\/foreroagro.com\/tienda\/producto\/tree-keeper\/","og_locale":"es_ES","og_type":"article","og_title":"Tree-Keeper - Foreroagro - Endoterapia en los campos de golf","og_description":"Tree-Keeper es un innovador dispositivo de endoterapia autopresurizado para inyecci\u00f3n directa de fitosanitarios al tronco","og_url":"https:\/\/foreroagro.com\/tienda\/producto\/tree-keeper\/","og_site_name":"Foreroagro","article_modified_time":"2022-02-11T12:29:13+00:00","og_image":[{"width":569,"height":569,"url":"https:\/\/foreroagro.com\/tienda\/wp-content\/uploads\/2019\/12\/Tree-Keeper.jpg","type":"image\/jpeg"}],"twitter_card":"summary_large_image","twitter_misc":{"Tiempo de lectura":"1 minuto"},"schema":{"@context":"https:\/\/schema.org","@graph":[{"@type":"Organization","@id":"https:\/\/foreroagro.com\/tienda\/#organization","name":"Foreroagro S.L.","url":"https:\/\/foreroagro.com\/tienda\/","sameAs":[],"logo":{"@type":"ImageObject","@id":"https:\/\/foreroagro.com\/tienda\/#logo","inLanguage":"es","url":"https:\/\/foreroagro.com\/tienda\/wp-content\/uploads\/2018\/05\/Logo-foreroagro-e1527273021153.png","contentUrl":"https:\/\/foreroagro.com\/tienda\/wp-content\/uploads\/2018\/05\/Logo-foreroagro-e1527273021153.png","width":80,"height":80,"caption":"Foreroagro S.L."},"image":{"@id":"https:\/\/foreroagro.com\/tienda\/#logo"}},{"@type":"WebSite","@id":"https:\/\/foreroagro.com\/tienda\/#website","url":"https:\/\/foreroagro.com\/tienda\/","name":"Foreroagro","description":"Soluciones agr\u00edcolas online","publisher":{"@id":"https:\/\/foreroagro.com\/tienda\/#organization"},"potentialAction":[{"@type":"SearchAction","target":{"@type":"EntryPoint","urlTemplate":"https:\/\/foreroagro.com\/tienda\/?s={search_term_string}"},"query-input":"required name=search_term_string"}],"inLanguage":"es"},{"@type":"ImageObject","@id":"https:\/\/foreroagro.com\/tienda\/producto\/tree-keeper\/#primaryimage","inLanguage":"es","url":"https:\/\/foreroagro.com\/tienda\/wp-content\/uploads\/2019\/12\/Tree-Keeper.jpg","contentUrl":"https:\/\/foreroagro.com\/tienda\/wp-content\/uploads\/2019\/12\/Tree-Keeper.jpg","width":569,"height":569},{"@type":"WebPage","@id":"https:\/\/foreroagro.com\/tienda\/producto\/tree-keeper\/#webpage","url":"https:\/\/foreroagro.com\/tienda\/producto\/tree-keeper\/","name":"Tree-Keeper - Foreroagro - Endoterapia en los campos de golf","isPartOf":{"@id":"https:\/\/foreroagro.com\/tienda\/#website"},"primaryImageOfPage":{"@id":"https:\/\/foreroagro.com\/tienda\/producto\/tree-keeper\/#primaryimage"},"datePublished":"2020-01-02T08:46:15+00:00","dateModified":"2022-02-11T12:29:13+00:00","description":"Tree-Keeper es un innovador dispositivo de endoterapia autopresurizado para inyecci\u00f3n directa de fitosanitarios al tronco","breadcrumb":{"@id":"https:\/\/foreroagro.com\/tienda\/producto\/tree-keeper\/#breadcrumb"},"inLanguage":"es","potentialAction":[{"@type":"ReadAction","target":["https:\/\/foreroagro.com\/tienda\/producto\/tree-keeper\/"]}]},{"@type":"BreadcrumbList","@id":"https:\/\/foreroagro.com\/tienda\/producto\/tree-keeper\/#breadcrumb","itemListElement":[{"@type":"ListItem","position":1,"name":"Portada","item":"https:\/\/foreroagro.com\/tienda\/"},{"@type":"ListItem","position":2,"name":"Tienda","item":"https:\/\/foreroagro.com\/tienda\/"},{"@type":"ListItem","position":3,"name":"Tree-Keeper"}]}]}},"_links":{"self":[{"href":"https:\/\/foreroagro.com\/tienda\/wp-json\/wp\/v2\/product\/7695"}],"collection":[{"href":"https:\/\/foreroagro.com\/tienda\/wp-json\/wp\/v2\/product"}],"about":[{"href":"https:\/\/foreroagro.com\/tienda\/wp-json\/wp\/v2\/types\/product"}],"wp:featuredmedia":[{"embeddable":true,"href":"https:\/\/foreroagro.com\/tienda\/wp-json\/wp\/v2\/media\/7697"}],"wp:attachment":[{"href":"https:\/\/foreroagro.com\/tienda\/wp-json\/wp\/v2\/media?parent=7695"}],"wp:term":[{"taxonomy":"product_cat","embeddable":true,"href":"https:\/\/foreroagro.com\/tienda\/wp-json\/wp\/v2\/product_cat?post=7695"},{"taxonomy":"product_tag","embeddable":true,"href":"https:\/\/foreroagro.com\/tienda\/wp-json\/wp\/v2\/product_tag?post=7695"}],"curies":[{"name":"wp","href":"https:\/\/api.w.org\/{rel}","templated":true}]}}