{"id":7696,"date":"2020-01-02T08:43:09","date_gmt":"2020-01-02T08:43:09","guid":{"rendered":"https:\/\/foreroagro.com\/tienda\/?post_type=product&#038;p=7696"},"modified":"2022-02-11T12:29:13","modified_gmt":"2022-02-11T12:29:13","slug":"xile-max","status":"publish","type":"product","link":"https:\/\/foreroagro.com\/tienda\/producto\/xile-max\/","title":{"rendered":"Xile-max"},"content":{"rendered":"<p><strong>Tecnolog\u00eda Ynject<\/strong><br \/>\nDispositivo de endoterapia autopresurizado para inyecci\u00f3n al tronco a Baja Presi\u00f3n y Alto Volumen.<br \/>\n<strong>\u00a0 \u00a0 \u00a0 \u00a0 \u00a0 \u00a0 \u00a0 +<\/strong><br \/>\n<strong>Tecnolog\u00eda HPCX<\/strong><br \/>\nHigh Penetration Complex es un desarrollo exclusivo de Fertinyect consistente en una nueva tecnolog\u00eda de formulaci\u00f3n que incrementa la cantidad y velocidad de penetraci\u00f3n de los productos aplicados hacia el interior de las c\u00e9lulas vegetales, proporcionando una nutrici\u00f3n m\u00e1s avanzada y una mayor protecci\u00f3n frente al ataque de pat\u00f3genos, gracias a la activaci\u00f3n de las defensas naturales de la planta.<\/p>\n<p>Composici\u00f3n:<br \/>\nMezcla l\u00edquida de \u00c1cidos Polic\u00e1rbox\u00edlicos,<br \/>\nVitaminas antioxidantes, Ca y Mg con<br \/>\nmicroelementos, complejados con \u00e1cido gluc\u00f3nico.<\/p>\n","protected":false},"excerpt":{"rendered":"<p><strong>Tecnolog\u00eda Ynject<\/strong><br \/>\nDispositivo de endoterapia autopresurizado para inyecci\u00f3n al tronco a Baja Presi\u00f3n y Alto Volumen.<\/p>\n<h4>Tipo de aplicaciones indicadas<\/h4>\n<p>\u00c1rboles en vivero y transplantados<\/p>\n<p>Verano deficiencias nutricionales<\/p>\n<p>Estr\u00e9s salinidad<\/p>\n<p>Invierno prevenci\u00f3n enfermedades de primavera<\/p>\n<p>Estr\u00e9s h\u00eddrico<\/p>\n<p>Fisiopatias<\/p>\n<p>Clorosis<\/p>\n<p>Proteci\u00f3n frente agentes bi\u00f3ticos<\/p>\n<p>Sindrome \u00e1rbol urbano<\/p>\n","protected":false},"featured_media":7698,"template":"","meta":[],"product_cat":[289,340],"product_tag":[],"yoast_head":"<!-- This site is optimized with the Yoast SEO plugin v17.5 - https:\/\/yoast.com\/wordpress\/plugins\/seo\/ -->\n<title>Xile-max - Foreroagro - Dispositivo de endoterapia autopresurizado<\/title>\n<meta name=\"description\" content=\"Xile-max Dispositivo de endoterapia autopresurizado para inyecci\u00f3n al tronco a Baja Presi\u00f3n y Alto Volumen. \u00c1rboles en vivero y transplantados\" \/>\n<meta name=\"robots\" content=\"index, follow, max-snippet:-1, max-image-preview:large, max-video-preview:-1\" \/>\n<link rel=\"canonical\" href=\"https:\/\/foreroagro.com\/tienda\/producto\/xile-max\/\" \/>\n<meta property=\"og:locale\" content=\"es_ES\" \/>\n<meta property=\"og:type\" content=\"article\" \/>\n<meta property=\"og:title\" content=\"Xile-max - Foreroagro - Dispositivo de endoterapia autopresurizado\" \/>\n<meta property=\"og:description\" content=\"Xile-max Dispositivo de endoterapia autopresurizado para inyecci\u00f3n al tronco a Baja Presi\u00f3n y Alto Volumen. \u00c1rboles en vivero y transplantados\" \/>\n<meta property=\"og:url\" content=\"https:\/\/foreroagro.com\/tienda\/producto\/xile-max\/\" \/>\n<meta property=\"og:site_name\" content=\"Foreroagro\" \/>\n<meta property=\"article:modified_time\" content=\"2022-02-11T12:29:13+00:00\" \/>\n<meta property=\"og:image\" content=\"https:\/\/foreroagro.com\/tienda\/wp-content\/uploads\/2019\/12\/Xile-max.jpg\" \/>\n\t<meta property=\"og:image:width\" content=\"569\" \/>\n\t<meta property=\"og:image:height\" content=\"569\" \/>\n<meta name=\"twitter:card\" content=\"summary_large_image\" \/>\n<meta name=\"twitter:label1\" content=\"Tiempo de lectura\" \/>\n\t<meta name=\"twitter:data1\" content=\"1 minuto\" \/>\n<script type=\"application\/ld+json\" class=\"yoast-schema-graph\">{\"@context\":\"https:\/\/schema.org\",\"@graph\":[{\"@type\":\"Organization\",\"@id\":\"https:\/\/foreroagro.com\/tienda\/#organization\",\"name\":\"Foreroagro S.L.\",\"url\":\"https:\/\/foreroagro.com\/tienda\/\",\"sameAs\":[],\"logo\":{\"@type\":\"ImageObject\",\"@id\":\"https:\/\/foreroagro.com\/tienda\/#logo\",\"inLanguage\":\"es\",\"url\":\"https:\/\/foreroagro.com\/tienda\/wp-content\/uploads\/2018\/05\/Logo-foreroagro-e1527273021153.png\",\"contentUrl\":\"https:\/\/foreroagro.com\/tienda\/wp-content\/uploads\/2018\/05\/Logo-foreroagro-e1527273021153.png\",\"width\":80,\"height\":80,\"caption\":\"Foreroagro S.L.\"},\"image\":{\"@id\":\"https:\/\/foreroagro.com\/tienda\/#logo\"}},{\"@type\":\"WebSite\",\"@id\":\"https:\/\/foreroagro.com\/tienda\/#website\",\"url\":\"https:\/\/foreroagro.com\/tienda\/\",\"name\":\"Foreroagro\",\"description\":\"Soluciones agr\\u00edcolas online\",\"publisher\":{\"@id\":\"https:\/\/foreroagro.com\/tienda\/#organization\"},\"potentialAction\":[{\"@type\":\"SearchAction\",\"target\":{\"@type\":\"EntryPoint\",\"urlTemplate\":\"https:\/\/foreroagro.com\/tienda\/?s={search_term_string}\"},\"query-input\":\"required name=search_term_string\"}],\"inLanguage\":\"es\"},{\"@type\":\"ImageObject\",\"@id\":\"https:\/\/foreroagro.com\/tienda\/producto\/xile-max\/#primaryimage\",\"inLanguage\":\"es\",\"url\":\"https:\/\/foreroagro.com\/tienda\/wp-content\/uploads\/2019\/12\/Xile-max.jpg\",\"contentUrl\":\"https:\/\/foreroagro.com\/tienda\/wp-content\/uploads\/2019\/12\/Xile-max.jpg\",\"width\":569,\"height\":569,\"caption\":\"Xile-max\"},{\"@type\":\"WebPage\",\"@id\":\"https:\/\/foreroagro.com\/tienda\/producto\/xile-max\/#webpage\",\"url\":\"https:\/\/foreroagro.com\/tienda\/producto\/xile-max\/\",\"name\":\"Xile-max - Foreroagro - Dispositivo de endoterapia autopresurizado\",\"isPartOf\":{\"@id\":\"https:\/\/foreroagro.com\/tienda\/#website\"},\"primaryImageOfPage\":{\"@id\":\"https:\/\/foreroagro.com\/tienda\/producto\/xile-max\/#primaryimage\"},\"datePublished\":\"2020-01-02T08:43:09+00:00\",\"dateModified\":\"2022-02-11T12:29:13+00:00\",\"description\":\"Xile-max Dispositivo de endoterapia autopresurizado para inyecci\\u00f3n al tronco a Baja Presi\\u00f3n y Alto Volumen. \\u00c1rboles en vivero y transplantados\",\"breadcrumb\":{\"@id\":\"https:\/\/foreroagro.com\/tienda\/producto\/xile-max\/#breadcrumb\"},\"inLanguage\":\"es\",\"potentialAction\":[{\"@type\":\"ReadAction\",\"target\":[\"https:\/\/foreroagro.com\/tienda\/producto\/xile-max\/\"]}]},{\"@type\":\"BreadcrumbList\",\"@id\":\"https:\/\/foreroagro.com\/tienda\/producto\/xile-max\/#breadcrumb\",\"itemListElement\":[{\"@type\":\"ListItem\",\"position\":1,\"name\":\"Portada\",\"item\":\"https:\/\/foreroagro.com\/tienda\/\"},{\"@type\":\"ListItem\",\"position\":2,\"name\":\"Tienda\",\"item\":\"https:\/\/foreroagro.com\/tienda\/\"},{\"@type\":\"ListItem\",\"position\":3,\"name\":\"Xile-max\"}]}]}<\/script>\n<!-- \/ Yoast SEO plugin. -->","yoast_head_json":{"title":"Xile-max - Foreroagro - Dispositivo de endoterapia autopresurizado","description":"Xile-max Dispositivo de endoterapia autopresurizado para inyecci\u00f3n al tronco a Baja Presi\u00f3n y Alto Volumen. \u00c1rboles en vivero y transplantados","robots":{"index":"index","follow":"follow","max-snippet":"max-snippet:-1","max-image-preview":"max-image-preview:large","max-video-preview":"max-video-preview:-1"},"canonical":"https:\/\/foreroagro.com\/tienda\/producto\/xile-max\/","og_locale":"es_ES","og_type":"article","og_title":"Xile-max - Foreroagro - Dispositivo de endoterapia autopresurizado","og_description":"Xile-max Dispositivo de endoterapia autopresurizado para inyecci\u00f3n al tronco a Baja Presi\u00f3n y Alto Volumen. \u00c1rboles en vivero y transplantados","og_url":"https:\/\/foreroagro.com\/tienda\/producto\/xile-max\/","og_site_name":"Foreroagro","article_modified_time":"2022-02-11T12:29:13+00:00","og_image":[{"width":569,"height":569,"url":"https:\/\/foreroagro.com\/tienda\/wp-content\/uploads\/2019\/12\/Xile-max.jpg","type":"image\/jpeg"}],"twitter_card":"summary_large_image","twitter_misc":{"Tiempo de lectura":"1 minuto"},"schema":{"@context":"https:\/\/schema.org","@graph":[{"@type":"Organization","@id":"https:\/\/foreroagro.com\/tienda\/#organization","name":"Foreroagro S.L.","url":"https:\/\/foreroagro.com\/tienda\/","sameAs":[],"logo":{"@type":"ImageObject","@id":"https:\/\/foreroagro.com\/tienda\/#logo","inLanguage":"es","url":"https:\/\/foreroagro.com\/tienda\/wp-content\/uploads\/2018\/05\/Logo-foreroagro-e1527273021153.png","contentUrl":"https:\/\/foreroagro.com\/tienda\/wp-content\/uploads\/2018\/05\/Logo-foreroagro-e1527273021153.png","width":80,"height":80,"caption":"Foreroagro S.L."},"image":{"@id":"https:\/\/foreroagro.com\/tienda\/#logo"}},{"@type":"WebSite","@id":"https:\/\/foreroagro.com\/tienda\/#website","url":"https:\/\/foreroagro.com\/tienda\/","name":"Foreroagro","description":"Soluciones agr\u00edcolas online","publisher":{"@id":"https:\/\/foreroagro.com\/tienda\/#organization"},"potentialAction":[{"@type":"SearchAction","target":{"@type":"EntryPoint","urlTemplate":"https:\/\/foreroagro.com\/tienda\/?s={search_term_string}"},"query-input":"required name=search_term_string"}],"inLanguage":"es"},{"@type":"ImageObject","@id":"https:\/\/foreroagro.com\/tienda\/producto\/xile-max\/#primaryimage","inLanguage":"es","url":"https:\/\/foreroagro.com\/tienda\/wp-content\/uploads\/2019\/12\/Xile-max.jpg","contentUrl":"https:\/\/foreroagro.com\/tienda\/wp-content\/uploads\/2019\/12\/Xile-max.jpg","width":569,"height":569,"caption":"Xile-max"},{"@type":"WebPage","@id":"https:\/\/foreroagro.com\/tienda\/producto\/xile-max\/#webpage","url":"https:\/\/foreroagro.com\/tienda\/producto\/xile-max\/","name":"Xile-max - Foreroagro - Dispositivo de endoterapia autopresurizado","isPartOf":{"@id":"https:\/\/foreroagro.com\/tienda\/#website"},"primaryImageOfPage":{"@id":"https:\/\/foreroagro.com\/tienda\/producto\/xile-max\/#primaryimage"},"datePublished":"2020-01-02T08:43:09+00:00","dateModified":"2022-02-11T12:29:13+00:00","description":"Xile-max Dispositivo de endoterapia autopresurizado para inyecci\u00f3n al tronco a Baja Presi\u00f3n y Alto Volumen. \u00c1rboles en vivero y transplantados","breadcrumb":{"@id":"https:\/\/foreroagro.com\/tienda\/producto\/xile-max\/#breadcrumb"},"inLanguage":"es","potentialAction":[{"@type":"ReadAction","target":["https:\/\/foreroagro.com\/tienda\/producto\/xile-max\/"]}]},{"@type":"BreadcrumbList","@id":"https:\/\/foreroagro.com\/tienda\/producto\/xile-max\/#breadcrumb","itemListElement":[{"@type":"ListItem","position":1,"name":"Portada","item":"https:\/\/foreroagro.com\/tienda\/"},{"@type":"ListItem","position":2,"name":"Tienda","item":"https:\/\/foreroagro.com\/tienda\/"},{"@type":"ListItem","position":3,"name":"Xile-max"}]}]}},"_links":{"self":[{"href":"https:\/\/foreroagro.com\/tienda\/wp-json\/wp\/v2\/product\/7696"}],"collection":[{"href":"https:\/\/foreroagro.com\/tienda\/wp-json\/wp\/v2\/product"}],"about":[{"href":"https:\/\/foreroagro.com\/tienda\/wp-json\/wp\/v2\/types\/product"}],"wp:featuredmedia":[{"embeddable":true,"href":"https:\/\/foreroagro.com\/tienda\/wp-json\/wp\/v2\/media\/7698"}],"wp:attachment":[{"href":"https:\/\/foreroagro.com\/tienda\/wp-json\/wp\/v2\/media?parent=7696"}],"wp:term":[{"taxonomy":"product_cat","embeddable":true,"href":"https:\/\/foreroagro.com\/tienda\/wp-json\/wp\/v2\/product_cat?post=7696"},{"taxonomy":"product_tag","embeddable":true,"href":"https:\/\/foreroagro.com\/tienda\/wp-json\/wp\/v2\/product_tag?post=7696"}],"curies":[{"name":"wp","href":"https:\/\/api.w.org\/{rel}","templated":true}]}}