{"id":7799,"date":"2020-01-03T16:14:21","date_gmt":"2020-01-03T16:14:21","guid":{"rendered":"https:\/\/foreroagro.com\/tienda\/?post_type=product&#038;p=7799"},"modified":"2022-09-14T10:58:46","modified_gmt":"2022-09-14T10:58:46","slug":"gel-anti-hormigas-vesta","status":"publish","type":"product","link":"https:\/\/foreroagro.com\/tienda\/producto\/gel-anti-hormigas-vesta\/","title":{"rendered":"Gel Anti-Hormigas VESTA"},"content":{"rendered":"<p>Gel muy atrayente de efecto sist\u00e9mico para un control r\u00e1pido de toda la colonias de hormigas.<br \/>\n\u2022 Irresistible formulaci\u00f3n en cebo con acetamiprid, un potente insecticida.<br \/>\n\u2022 Por su acci\u00f3n retardada, la hormiga tiene tiempo de regresar al hormiguero y contaminar as\u00ed al resto de la colonia hasta su total erradicaci\u00f3n.<br \/>\n\u2022 R\u00e1pido, f\u00e1cil y seguro de usar tanto en interior como en exterior.<br \/>\n\u2022 No mancha ni cristaliza ni hace reacci\u00f3n con las superficies tratadas.<\/p>\n","protected":false},"excerpt":{"rendered":"<h4>Hormigas<\/h4>\n<h5><i>Elimina cualquier hormiga de forma limpia<\/i><\/h5>\n<h2 class=\"subtitle\">\u00a1Las mata en su propia casa!<\/h2>\n<p>\u2022 Por su acci\u00f3n retardada, la hormiga tiene tiempo de regresar al hormiguero y contaminar as\u00ed al resto de la colonia hasta su total erradicaci\u00f3n.<\/p>\n<p>\u2022 R\u00e1pido, f\u00e1cil y seguro de usar tanto en interior como en exterior.<br \/>\n\u2022 No mancha ni cristaliza ni hace reacci\u00f3n con las superficies tratadas.<\/p>\n<p>\u2022 Irresistible formulaci\u00f3n en cebo con acetamiprid, un potente insecticida.<\/p>\n<p>Jeringa con 10gr. de gel con aplicador lista para su uso<\/p>\n","protected":false},"featured_media":7800,"template":"","meta":[],"product_cat":[84],"product_tag":[],"yoast_head":"<!-- This site is optimized with the Yoast SEO plugin v17.5 - https:\/\/yoast.com\/wordpress\/plugins\/seo\/ -->\n<title>Gel Anti-Hormigas VESTA - Foreroagro - Elimina cualquier hormiga<\/title>\n<meta name=\"description\" content=\"Gel muy atrayente de efecto sist\u00e9mico para un control r\u00e1pido de toda la colonias de hormigas.\u2022 Irresistible formulaci\u00f3n en cebo con acetamiprid.\" \/>\n<meta name=\"robots\" content=\"index, follow, max-snippet:-1, max-image-preview:large, max-video-preview:-1\" \/>\n<link rel=\"canonical\" href=\"https:\/\/foreroagro.com\/tienda\/producto\/gel-anti-hormigas-vesta\/\" \/>\n<meta property=\"og:locale\" content=\"es_ES\" \/>\n<meta property=\"og:type\" content=\"article\" \/>\n<meta property=\"og:title\" content=\"Gel Anti-Hormigas VESTA - Foreroagro - Elimina cualquier hormiga\" \/>\n<meta property=\"og:description\" content=\"Gel muy atrayente de efecto sist\u00e9mico para un control r\u00e1pido de toda la colonias de hormigas.\u2022 Irresistible formulaci\u00f3n en cebo con acetamiprid.\" \/>\n<meta property=\"og:url\" content=\"https:\/\/foreroagro.com\/tienda\/producto\/gel-anti-hormigas-vesta\/\" \/>\n<meta property=\"og:site_name\" content=\"Foreroagro\" \/>\n<meta property=\"article:modified_time\" content=\"2022-09-14T10:58:46+00:00\" \/>\n<meta property=\"og:image\" content=\"https:\/\/foreroagro.com\/tienda\/wp-content\/uploads\/2020\/01\/Gel-Anti-Hormigas-VESTA.jpg\" \/>\n\t<meta property=\"og:image:width\" content=\"569\" \/>\n\t<meta property=\"og:image:height\" content=\"569\" \/>\n<meta name=\"twitter:card\" content=\"summary_large_image\" \/>\n<script type=\"application\/ld+json\" class=\"yoast-schema-graph\">{\"@context\":\"https:\/\/schema.org\",\"@graph\":[{\"@type\":\"Organization\",\"@id\":\"https:\/\/foreroagro.com\/tienda\/#organization\",\"name\":\"Foreroagro S.L.\",\"url\":\"https:\/\/foreroagro.com\/tienda\/\",\"sameAs\":[],\"logo\":{\"@type\":\"ImageObject\",\"@id\":\"https:\/\/foreroagro.com\/tienda\/#logo\",\"inLanguage\":\"es\",\"url\":\"https:\/\/foreroagro.com\/tienda\/wp-content\/uploads\/2018\/05\/Logo-foreroagro-e1527273021153.png\",\"contentUrl\":\"https:\/\/foreroagro.com\/tienda\/wp-content\/uploads\/2018\/05\/Logo-foreroagro-e1527273021153.png\",\"width\":80,\"height\":80,\"caption\":\"Foreroagro S.L.\"},\"image\":{\"@id\":\"https:\/\/foreroagro.com\/tienda\/#logo\"}},{\"@type\":\"WebSite\",\"@id\":\"https:\/\/foreroagro.com\/tienda\/#website\",\"url\":\"https:\/\/foreroagro.com\/tienda\/\",\"name\":\"Foreroagro\",\"description\":\"Soluciones agr\\u00edcolas online\",\"publisher\":{\"@id\":\"https:\/\/foreroagro.com\/tienda\/#organization\"},\"potentialAction\":[{\"@type\":\"SearchAction\",\"target\":{\"@type\":\"EntryPoint\",\"urlTemplate\":\"https:\/\/foreroagro.com\/tienda\/?s={search_term_string}\"},\"query-input\":\"required name=search_term_string\"}],\"inLanguage\":\"es\"},{\"@type\":\"ImageObject\",\"@id\":\"https:\/\/foreroagro.com\/tienda\/producto\/gel-anti-hormigas-vesta\/#primaryimage\",\"inLanguage\":\"es\",\"url\":\"https:\/\/foreroagro.com\/tienda\/wp-content\/uploads\/2020\/01\/Gel-Anti-Hormigas-VESTA.jpg\",\"contentUrl\":\"https:\/\/foreroagro.com\/tienda\/wp-content\/uploads\/2020\/01\/Gel-Anti-Hormigas-VESTA.jpg\",\"width\":569,\"height\":569,\"caption\":\"Gel Anti-Hormigas VESTA\"},{\"@type\":\"WebPage\",\"@id\":\"https:\/\/foreroagro.com\/tienda\/producto\/gel-anti-hormigas-vesta\/#webpage\",\"url\":\"https:\/\/foreroagro.com\/tienda\/producto\/gel-anti-hormigas-vesta\/\",\"name\":\"Gel Anti-Hormigas VESTA - Foreroagro - Elimina cualquier hormiga\",\"isPartOf\":{\"@id\":\"https:\/\/foreroagro.com\/tienda\/#website\"},\"primaryImageOfPage\":{\"@id\":\"https:\/\/foreroagro.com\/tienda\/producto\/gel-anti-hormigas-vesta\/#primaryimage\"},\"datePublished\":\"2020-01-03T16:14:21+00:00\",\"dateModified\":\"2022-09-14T10:58:46+00:00\",\"description\":\"Gel muy atrayente de efecto sist\\u00e9mico para un control r\\u00e1pido de toda la colonias de hormigas.\\u2022 Irresistible formulaci\\u00f3n en cebo con acetamiprid.\",\"breadcrumb\":{\"@id\":\"https:\/\/foreroagro.com\/tienda\/producto\/gel-anti-hormigas-vesta\/#breadcrumb\"},\"inLanguage\":\"es\",\"potentialAction\":[{\"@type\":\"ReadAction\",\"target\":[\"https:\/\/foreroagro.com\/tienda\/producto\/gel-anti-hormigas-vesta\/\"]}]},{\"@type\":\"BreadcrumbList\",\"@id\":\"https:\/\/foreroagro.com\/tienda\/producto\/gel-anti-hormigas-vesta\/#breadcrumb\",\"itemListElement\":[{\"@type\":\"ListItem\",\"position\":1,\"name\":\"Portada\",\"item\":\"https:\/\/foreroagro.com\/tienda\/\"},{\"@type\":\"ListItem\",\"position\":2,\"name\":\"Tienda\",\"item\":\"https:\/\/foreroagro.com\/tienda\/\"},{\"@type\":\"ListItem\",\"position\":3,\"name\":\"Gel Anti-Hormigas VESTA\"}]}]}<\/script>\n<!-- \/ Yoast SEO plugin. -->","yoast_head_json":{"title":"Gel Anti-Hormigas VESTA - Foreroagro - Elimina cualquier hormiga","description":"Gel muy atrayente de efecto sist\u00e9mico para un control r\u00e1pido de toda la colonias de hormigas.\u2022 Irresistible formulaci\u00f3n en cebo con acetamiprid.","robots":{"index":"index","follow":"follow","max-snippet":"max-snippet:-1","max-image-preview":"max-image-preview:large","max-video-preview":"max-video-preview:-1"},"canonical":"https:\/\/foreroagro.com\/tienda\/producto\/gel-anti-hormigas-vesta\/","og_locale":"es_ES","og_type":"article","og_title":"Gel Anti-Hormigas VESTA - Foreroagro - Elimina cualquier hormiga","og_description":"Gel muy atrayente de efecto sist\u00e9mico para un control r\u00e1pido de toda la colonias de hormigas.\u2022 Irresistible formulaci\u00f3n en cebo con acetamiprid.","og_url":"https:\/\/foreroagro.com\/tienda\/producto\/gel-anti-hormigas-vesta\/","og_site_name":"Foreroagro","article_modified_time":"2022-09-14T10:58:46+00:00","og_image":[{"width":569,"height":569,"url":"https:\/\/foreroagro.com\/tienda\/wp-content\/uploads\/2020\/01\/Gel-Anti-Hormigas-VESTA.jpg","type":"image\/jpeg"}],"twitter_card":"summary_large_image","schema":{"@context":"https:\/\/schema.org","@graph":[{"@type":"Organization","@id":"https:\/\/foreroagro.com\/tienda\/#organization","name":"Foreroagro S.L.","url":"https:\/\/foreroagro.com\/tienda\/","sameAs":[],"logo":{"@type":"ImageObject","@id":"https:\/\/foreroagro.com\/tienda\/#logo","inLanguage":"es","url":"https:\/\/foreroagro.com\/tienda\/wp-content\/uploads\/2018\/05\/Logo-foreroagro-e1527273021153.png","contentUrl":"https:\/\/foreroagro.com\/tienda\/wp-content\/uploads\/2018\/05\/Logo-foreroagro-e1527273021153.png","width":80,"height":80,"caption":"Foreroagro S.L."},"image":{"@id":"https:\/\/foreroagro.com\/tienda\/#logo"}},{"@type":"WebSite","@id":"https:\/\/foreroagro.com\/tienda\/#website","url":"https:\/\/foreroagro.com\/tienda\/","name":"Foreroagro","description":"Soluciones agr\u00edcolas online","publisher":{"@id":"https:\/\/foreroagro.com\/tienda\/#organization"},"potentialAction":[{"@type":"SearchAction","target":{"@type":"EntryPoint","urlTemplate":"https:\/\/foreroagro.com\/tienda\/?s={search_term_string}"},"query-input":"required name=search_term_string"}],"inLanguage":"es"},{"@type":"ImageObject","@id":"https:\/\/foreroagro.com\/tienda\/producto\/gel-anti-hormigas-vesta\/#primaryimage","inLanguage":"es","url":"https:\/\/foreroagro.com\/tienda\/wp-content\/uploads\/2020\/01\/Gel-Anti-Hormigas-VESTA.jpg","contentUrl":"https:\/\/foreroagro.com\/tienda\/wp-content\/uploads\/2020\/01\/Gel-Anti-Hormigas-VESTA.jpg","width":569,"height":569,"caption":"Gel Anti-Hormigas VESTA"},{"@type":"WebPage","@id":"https:\/\/foreroagro.com\/tienda\/producto\/gel-anti-hormigas-vesta\/#webpage","url":"https:\/\/foreroagro.com\/tienda\/producto\/gel-anti-hormigas-vesta\/","name":"Gel Anti-Hormigas VESTA - Foreroagro - Elimina cualquier hormiga","isPartOf":{"@id":"https:\/\/foreroagro.com\/tienda\/#website"},"primaryImageOfPage":{"@id":"https:\/\/foreroagro.com\/tienda\/producto\/gel-anti-hormigas-vesta\/#primaryimage"},"datePublished":"2020-01-03T16:14:21+00:00","dateModified":"2022-09-14T10:58:46+00:00","description":"Gel muy atrayente de efecto sist\u00e9mico para un control r\u00e1pido de toda la colonias de hormigas.\u2022 Irresistible formulaci\u00f3n en cebo con acetamiprid.","breadcrumb":{"@id":"https:\/\/foreroagro.com\/tienda\/producto\/gel-anti-hormigas-vesta\/#breadcrumb"},"inLanguage":"es","potentialAction":[{"@type":"ReadAction","target":["https:\/\/foreroagro.com\/tienda\/producto\/gel-anti-hormigas-vesta\/"]}]},{"@type":"BreadcrumbList","@id":"https:\/\/foreroagro.com\/tienda\/producto\/gel-anti-hormigas-vesta\/#breadcrumb","itemListElement":[{"@type":"ListItem","position":1,"name":"Portada","item":"https:\/\/foreroagro.com\/tienda\/"},{"@type":"ListItem","position":2,"name":"Tienda","item":"https:\/\/foreroagro.com\/tienda\/"},{"@type":"ListItem","position":3,"name":"Gel Anti-Hormigas VESTA"}]}]}},"_links":{"self":[{"href":"https:\/\/foreroagro.com\/tienda\/wp-json\/wp\/v2\/product\/7799"}],"collection":[{"href":"https:\/\/foreroagro.com\/tienda\/wp-json\/wp\/v2\/product"}],"about":[{"href":"https:\/\/foreroagro.com\/tienda\/wp-json\/wp\/v2\/types\/product"}],"wp:featuredmedia":[{"embeddable":true,"href":"https:\/\/foreroagro.com\/tienda\/wp-json\/wp\/v2\/media\/7800"}],"wp:attachment":[{"href":"https:\/\/foreroagro.com\/tienda\/wp-json\/wp\/v2\/media?parent=7799"}],"wp:term":[{"taxonomy":"product_cat","embeddable":true,"href":"https:\/\/foreroagro.com\/tienda\/wp-json\/wp\/v2\/product_cat?post=7799"},{"taxonomy":"product_tag","embeddable":true,"href":"https:\/\/foreroagro.com\/tienda\/wp-json\/wp\/v2\/product_tag?post=7799"}],"curies":[{"name":"wp","href":"https:\/\/api.w.org\/{rel}","templated":true}]}}