{"id":7894,"date":"2020-01-20T19:03:49","date_gmt":"2020-01-20T19:03:49","guid":{"rendered":"https:\/\/foreroagro.com\/tienda\/?post_type=product&#038;p=7894"},"modified":"2022-09-14T10:58:41","modified_gmt":"2022-09-14T10:58:41","slug":"motoazada-pubert-quatro-senior-60hd","status":"publish","type":"product","link":"https:\/\/foreroagro.com\/tienda\/producto\/motoazada-pubert-quatro-senior-60hd\/","title":{"rendered":"MOTOAZADA PUBERT QUATRO SENIOR 60HD"},"content":{"rendered":"<p><strong>DATOS T\u00c9CNICOS <\/strong><\/p>\n<p>Dimensiones<\/p>\n<p>Ancho de trabajo 60\/90 cm<br \/>\nDi\u00e1metro de eje de fresas 30 mm<br \/>\nDi\u00e1metro de fresas 325 mm<br \/>\nN\u00famero fresas 6<br \/>\nPeso 82 kg<\/p>\n<p>Motor<\/p>\n<p>Capacidad dep\u00f3sito aceite 0,6 L<br \/>\nCapacidad dep\u00f3sito combustible 3,1 L<br \/>\nCilindrada 200cc<br \/>\nPotencia 4,1 Kw<br \/>\nR.P.M. 1\u00aa 40<br \/>\nR.P.M. 2\u00aa 75<br \/>\nR.P.M. 3\u00aa 130<br \/>\nR.P.M.Marcha atr\u00e1s 35<br \/>\nTipo aceite de motor SAE 30<br \/>\nVelocidades adelante 3 velocidades<br \/>\nVelocidades atr\u00e1s 1 velocidad<\/p>\n<p>Equipaci\u00f3n<\/p>\n<p>Regulaci\u00f3n manillar altura Si<br \/>\nRegulaci\u00f3n manillar lateral Si<br \/>\nRueda transporte Si<\/p>\n<p>&nbsp;<\/p>\n","protected":false},"excerpt":{"rendered":"<p>Gasolina<\/p>\n<p>Ancho de trabajo 60\/90 cm<br \/>\nDi\u00e1metro de eje de fresas 30 mm<br \/>\nDi\u00e1metro de fresas 325 mm<br \/>\nN\u00famero fresas 6<\/p>\n<p>&nbsp;<\/p>\n","protected":false},"featured_media":7896,"template":"","meta":[],"product_cat":[296,299,298,301],"product_tag":[],"yoast_head":"<!-- This site is optimized with the Yoast SEO plugin v17.5 - https:\/\/yoast.com\/wordpress\/plugins\/seo\/ -->\n<title>MOTOAZADA PUBERT QUATRO SENIOR 60HD - Foreroagro<\/title>\n<meta name=\"description\" content=\"MOTOAZADA PUBERT QUATRO SENIOR 60HD Ancho de trabajo 60\/90 cm Di\u00e1metro de eje de fresas 30 mm Di\u00e1metro de fresas 325 mm N\u00famero fresas 6\" \/>\n<meta name=\"robots\" content=\"index, follow, max-snippet:-1, max-image-preview:large, max-video-preview:-1\" \/>\n<link rel=\"canonical\" href=\"https:\/\/foreroagro.com\/tienda\/producto\/motoazada-pubert-quatro-senior-60hd\/\" \/>\n<meta property=\"og:locale\" content=\"es_ES\" \/>\n<meta property=\"og:type\" content=\"article\" \/>\n<meta property=\"og:title\" content=\"MOTOAZADA PUBERT QUATRO SENIOR 60HD - Foreroagro\" \/>\n<meta property=\"og:description\" content=\"MOTOAZADA PUBERT QUATRO SENIOR 60HD Ancho de trabajo 60\/90 cm Di\u00e1metro de eje de fresas 30 mm Di\u00e1metro de fresas 325 mm N\u00famero fresas 6\" \/>\n<meta property=\"og:url\" content=\"https:\/\/foreroagro.com\/tienda\/producto\/motoazada-pubert-quatro-senior-60hd\/\" \/>\n<meta property=\"og:site_name\" content=\"Foreroagro\" \/>\n<meta property=\"article:modified_time\" content=\"2022-09-14T10:58:41+00:00\" \/>\n<meta property=\"og:image\" content=\"https:\/\/foreroagro.com\/tienda\/wp-content\/uploads\/2020\/01\/MOTOAZADA-PUBERT-QUATRO-SENIOR-60HD.jpg\" \/>\n\t<meta property=\"og:image:width\" content=\"569\" \/>\n\t<meta property=\"og:image:height\" content=\"569\" \/>\n<meta name=\"twitter:card\" content=\"summary_large_image\" \/>\n<script type=\"application\/ld+json\" class=\"yoast-schema-graph\">{\"@context\":\"https:\/\/schema.org\",\"@graph\":[{\"@type\":\"Organization\",\"@id\":\"https:\/\/foreroagro.com\/tienda\/#organization\",\"name\":\"Foreroagro S.L.\",\"url\":\"https:\/\/foreroagro.com\/tienda\/\",\"sameAs\":[],\"logo\":{\"@type\":\"ImageObject\",\"@id\":\"https:\/\/foreroagro.com\/tienda\/#logo\",\"inLanguage\":\"es\",\"url\":\"https:\/\/foreroagro.com\/tienda\/wp-content\/uploads\/2018\/05\/Logo-foreroagro-e1527273021153.png\",\"contentUrl\":\"https:\/\/foreroagro.com\/tienda\/wp-content\/uploads\/2018\/05\/Logo-foreroagro-e1527273021153.png\",\"width\":80,\"height\":80,\"caption\":\"Foreroagro S.L.\"},\"image\":{\"@id\":\"https:\/\/foreroagro.com\/tienda\/#logo\"}},{\"@type\":\"WebSite\",\"@id\":\"https:\/\/foreroagro.com\/tienda\/#website\",\"url\":\"https:\/\/foreroagro.com\/tienda\/\",\"name\":\"Foreroagro\",\"description\":\"Soluciones agr\\u00edcolas online\",\"publisher\":{\"@id\":\"https:\/\/foreroagro.com\/tienda\/#organization\"},\"potentialAction\":[{\"@type\":\"SearchAction\",\"target\":{\"@type\":\"EntryPoint\",\"urlTemplate\":\"https:\/\/foreroagro.com\/tienda\/?s={search_term_string}\"},\"query-input\":\"required name=search_term_string\"}],\"inLanguage\":\"es\"},{\"@type\":\"ImageObject\",\"@id\":\"https:\/\/foreroagro.com\/tienda\/producto\/motoazada-pubert-quatro-senior-60hd\/#primaryimage\",\"inLanguage\":\"es\",\"url\":\"https:\/\/foreroagro.com\/tienda\/wp-content\/uploads\/2020\/01\/MOTOAZADA-PUBERT-QUATRO-SENIOR-60HD.jpg\",\"contentUrl\":\"https:\/\/foreroagro.com\/tienda\/wp-content\/uploads\/2020\/01\/MOTOAZADA-PUBERT-QUATRO-SENIOR-60HD.jpg\",\"width\":569,\"height\":569,\"caption\":\"MOTOAZADA PUBERT QUATRO SENIOR 60HD\"},{\"@type\":\"WebPage\",\"@id\":\"https:\/\/foreroagro.com\/tienda\/producto\/motoazada-pubert-quatro-senior-60hd\/#webpage\",\"url\":\"https:\/\/foreroagro.com\/tienda\/producto\/motoazada-pubert-quatro-senior-60hd\/\",\"name\":\"MOTOAZADA PUBERT QUATRO SENIOR 60HD - Foreroagro\",\"isPartOf\":{\"@id\":\"https:\/\/foreroagro.com\/tienda\/#website\"},\"primaryImageOfPage\":{\"@id\":\"https:\/\/foreroagro.com\/tienda\/producto\/motoazada-pubert-quatro-senior-60hd\/#primaryimage\"},\"datePublished\":\"2020-01-20T19:03:49+00:00\",\"dateModified\":\"2022-09-14T10:58:41+00:00\",\"description\":\"MOTOAZADA PUBERT QUATRO SENIOR 60HD Ancho de trabajo 60\/90 cm Di\\u00e1metro de eje de fresas 30 mm Di\\u00e1metro de fresas 325 mm N\\u00famero fresas 6\",\"breadcrumb\":{\"@id\":\"https:\/\/foreroagro.com\/tienda\/producto\/motoazada-pubert-quatro-senior-60hd\/#breadcrumb\"},\"inLanguage\":\"es\",\"potentialAction\":[{\"@type\":\"ReadAction\",\"target\":[\"https:\/\/foreroagro.com\/tienda\/producto\/motoazada-pubert-quatro-senior-60hd\/\"]}]},{\"@type\":\"BreadcrumbList\",\"@id\":\"https:\/\/foreroagro.com\/tienda\/producto\/motoazada-pubert-quatro-senior-60hd\/#breadcrumb\",\"itemListElement\":[{\"@type\":\"ListItem\",\"position\":1,\"name\":\"Portada\",\"item\":\"https:\/\/foreroagro.com\/tienda\/\"},{\"@type\":\"ListItem\",\"position\":2,\"name\":\"Tienda\",\"item\":\"https:\/\/foreroagro.com\/tienda\/\"},{\"@type\":\"ListItem\",\"position\":3,\"name\":\"MOTOAZADA PUBERT QUATRO SENIOR 60HD\"}]}]}<\/script>\n<!-- \/ Yoast SEO plugin. -->","yoast_head_json":{"title":"MOTOAZADA PUBERT QUATRO SENIOR 60HD - Foreroagro","description":"MOTOAZADA PUBERT QUATRO SENIOR 60HD Ancho de trabajo 60\/90 cm Di\u00e1metro de eje de fresas 30 mm Di\u00e1metro de fresas 325 mm N\u00famero fresas 6","robots":{"index":"index","follow":"follow","max-snippet":"max-snippet:-1","max-image-preview":"max-image-preview:large","max-video-preview":"max-video-preview:-1"},"canonical":"https:\/\/foreroagro.com\/tienda\/producto\/motoazada-pubert-quatro-senior-60hd\/","og_locale":"es_ES","og_type":"article","og_title":"MOTOAZADA PUBERT QUATRO SENIOR 60HD - Foreroagro","og_description":"MOTOAZADA PUBERT QUATRO SENIOR 60HD Ancho de trabajo 60\/90 cm Di\u00e1metro de eje de fresas 30 mm Di\u00e1metro de fresas 325 mm N\u00famero fresas 6","og_url":"https:\/\/foreroagro.com\/tienda\/producto\/motoazada-pubert-quatro-senior-60hd\/","og_site_name":"Foreroagro","article_modified_time":"2022-09-14T10:58:41+00:00","og_image":[{"width":569,"height":569,"url":"https:\/\/foreroagro.com\/tienda\/wp-content\/uploads\/2020\/01\/MOTOAZADA-PUBERT-QUATRO-SENIOR-60HD.jpg","type":"image\/jpeg"}],"twitter_card":"summary_large_image","schema":{"@context":"https:\/\/schema.org","@graph":[{"@type":"Organization","@id":"https:\/\/foreroagro.com\/tienda\/#organization","name":"Foreroagro S.L.","url":"https:\/\/foreroagro.com\/tienda\/","sameAs":[],"logo":{"@type":"ImageObject","@id":"https:\/\/foreroagro.com\/tienda\/#logo","inLanguage":"es","url":"https:\/\/foreroagro.com\/tienda\/wp-content\/uploads\/2018\/05\/Logo-foreroagro-e1527273021153.png","contentUrl":"https:\/\/foreroagro.com\/tienda\/wp-content\/uploads\/2018\/05\/Logo-foreroagro-e1527273021153.png","width":80,"height":80,"caption":"Foreroagro S.L."},"image":{"@id":"https:\/\/foreroagro.com\/tienda\/#logo"}},{"@type":"WebSite","@id":"https:\/\/foreroagro.com\/tienda\/#website","url":"https:\/\/foreroagro.com\/tienda\/","name":"Foreroagro","description":"Soluciones agr\u00edcolas online","publisher":{"@id":"https:\/\/foreroagro.com\/tienda\/#organization"},"potentialAction":[{"@type":"SearchAction","target":{"@type":"EntryPoint","urlTemplate":"https:\/\/foreroagro.com\/tienda\/?s={search_term_string}"},"query-input":"required name=search_term_string"}],"inLanguage":"es"},{"@type":"ImageObject","@id":"https:\/\/foreroagro.com\/tienda\/producto\/motoazada-pubert-quatro-senior-60hd\/#primaryimage","inLanguage":"es","url":"https:\/\/foreroagro.com\/tienda\/wp-content\/uploads\/2020\/01\/MOTOAZADA-PUBERT-QUATRO-SENIOR-60HD.jpg","contentUrl":"https:\/\/foreroagro.com\/tienda\/wp-content\/uploads\/2020\/01\/MOTOAZADA-PUBERT-QUATRO-SENIOR-60HD.jpg","width":569,"height":569,"caption":"MOTOAZADA PUBERT QUATRO SENIOR 60HD"},{"@type":"WebPage","@id":"https:\/\/foreroagro.com\/tienda\/producto\/motoazada-pubert-quatro-senior-60hd\/#webpage","url":"https:\/\/foreroagro.com\/tienda\/producto\/motoazada-pubert-quatro-senior-60hd\/","name":"MOTOAZADA PUBERT QUATRO SENIOR 60HD - Foreroagro","isPartOf":{"@id":"https:\/\/foreroagro.com\/tienda\/#website"},"primaryImageOfPage":{"@id":"https:\/\/foreroagro.com\/tienda\/producto\/motoazada-pubert-quatro-senior-60hd\/#primaryimage"},"datePublished":"2020-01-20T19:03:49+00:00","dateModified":"2022-09-14T10:58:41+00:00","description":"MOTOAZADA PUBERT QUATRO SENIOR 60HD Ancho de trabajo 60\/90 cm Di\u00e1metro de eje de fresas 30 mm Di\u00e1metro de fresas 325 mm N\u00famero fresas 6","breadcrumb":{"@id":"https:\/\/foreroagro.com\/tienda\/producto\/motoazada-pubert-quatro-senior-60hd\/#breadcrumb"},"inLanguage":"es","potentialAction":[{"@type":"ReadAction","target":["https:\/\/foreroagro.com\/tienda\/producto\/motoazada-pubert-quatro-senior-60hd\/"]}]},{"@type":"BreadcrumbList","@id":"https:\/\/foreroagro.com\/tienda\/producto\/motoazada-pubert-quatro-senior-60hd\/#breadcrumb","itemListElement":[{"@type":"ListItem","position":1,"name":"Portada","item":"https:\/\/foreroagro.com\/tienda\/"},{"@type":"ListItem","position":2,"name":"Tienda","item":"https:\/\/foreroagro.com\/tienda\/"},{"@type":"ListItem","position":3,"name":"MOTOAZADA PUBERT QUATRO SENIOR 60HD"}]}]}},"_links":{"self":[{"href":"https:\/\/foreroagro.com\/tienda\/wp-json\/wp\/v2\/product\/7894"}],"collection":[{"href":"https:\/\/foreroagro.com\/tienda\/wp-json\/wp\/v2\/product"}],"about":[{"href":"https:\/\/foreroagro.com\/tienda\/wp-json\/wp\/v2\/types\/product"}],"wp:featuredmedia":[{"embeddable":true,"href":"https:\/\/foreroagro.com\/tienda\/wp-json\/wp\/v2\/media\/7896"}],"wp:attachment":[{"href":"https:\/\/foreroagro.com\/tienda\/wp-json\/wp\/v2\/media?parent=7894"}],"wp:term":[{"taxonomy":"product_cat","embeddable":true,"href":"https:\/\/foreroagro.com\/tienda\/wp-json\/wp\/v2\/product_cat?post=7894"},{"taxonomy":"product_tag","embeddable":true,"href":"https:\/\/foreroagro.com\/tienda\/wp-json\/wp\/v2\/product_tag?post=7894"}],"curies":[{"name":"wp","href":"https:\/\/api.w.org\/{rel}","templated":true}]}}