{"id":9073,"date":"2020-06-09T18:37:31","date_gmt":"2020-06-09T18:37:31","guid":{"rendered":"https:\/\/foreroagro.com\/tienda\/?post_type=product&#038;p=9073"},"modified":"2022-09-14T10:58:16","modified_gmt":"2022-09-14T10:58:16","slug":"kit-solar-trifasico-6000w-solaredge-30000whdia","status":"publish","type":"product","link":"https:\/\/foreroagro.com\/tienda\/producto\/kit-solar-trifasico-6000w-solaredge-30000whdia\/","title":{"rendered":"Kit Solar Trifasico 6000W SolarEdge 30000Whdia"},"content":{"rendered":"<p>Kit Solar Trifasico 6000W SolarEdge 30000Whdia<\/p>\n<p>Se trata de un sistema de autoconsumo directo para redes trif\u00e1sicas,\u00a0 mediante este conjunto de materiales podremos generar electricidad en las horas de sol. Gracias al sistema de funcionamiento de, SolarEdge, tendremos la instalaci\u00f3n solar con la mejor eficiencia posible, frente a cualquier otra marca, debido al uso de sus optimizadores individuales de paneles. Obtendremos el m\u00e1ximo rendimiento bajo cualquier situaci\u00f3n de radiaci\u00f3n, orientaci\u00f3n, sombreados parciales, etc.<\/p>\n<p><strong>Energ\u00eda captada en un d\u00eda: 18360 Wh\/dia en invierno y 42840 Wh\/dia en verano<\/strong><\/p>\n","protected":false},"excerpt":{"rendered":"<h3>Sistema de autoconsumo directo para redes trif\u00e1sicas<\/h3>\n<p><strong>Energ\u00eda captada en un d\u00eda: 18360 Wh\/dia en invierno y 42840 Wh\/dia en verano<\/strong><\/p>\n<p><span style=\"color: #ff0000;\"><strong>TRANSPORTE GRATIS (Espa\u00f1a peninsular)<\/strong><\/span><\/p>\n","protected":false},"featured_media":9074,"template":"","meta":[],"product_cat":[231,303,305,306],"product_tag":[],"yoast_head":"<!-- This site is optimized with the Yoast SEO plugin v17.5 - https:\/\/yoast.com\/wordpress\/plugins\/seo\/ -->\n<title>Kit Solar Trifasico 6000W SolarEdge 30000Whdia - Foreroagro<\/title>\n<meta name=\"description\" content=\"Kit Solar Trifasico 6000W SolarEdge 30000Whdia Sistema de autoconsumo directo para redes trif\u00e1sicas\" \/>\n<meta name=\"robots\" content=\"index, follow, max-snippet:-1, max-image-preview:large, max-video-preview:-1\" \/>\n<link rel=\"canonical\" href=\"https:\/\/foreroagro.com\/tienda\/producto\/kit-solar-trifasico-6000w-solaredge-30000whdia\/\" \/>\n<meta property=\"og:locale\" content=\"es_ES\" \/>\n<meta property=\"og:type\" content=\"article\" \/>\n<meta property=\"og:title\" content=\"Kit Solar Trifasico 6000W SolarEdge 30000Whdia - Foreroagro\" \/>\n<meta property=\"og:description\" content=\"Kit Solar Trifasico 6000W SolarEdge 30000Whdia Sistema de autoconsumo directo para redes trif\u00e1sicas\" \/>\n<meta property=\"og:url\" content=\"https:\/\/foreroagro.com\/tienda\/producto\/kit-solar-trifasico-6000w-solaredge-30000whdia\/\" \/>\n<meta property=\"og:site_name\" content=\"Foreroagro\" \/>\n<meta property=\"article:modified_time\" content=\"2022-09-14T10:58:16+00:00\" \/>\n<meta property=\"og:image\" content=\"https:\/\/foreroagro.com\/tienda\/wp-content\/uploads\/2020\/06\/Kit-Solar-Trifasico-7000W-SolarEdge-35000Whdia.jpg\" \/>\n\t<meta property=\"og:image:width\" content=\"569\" \/>\n\t<meta property=\"og:image:height\" content=\"569\" \/>\n<meta name=\"twitter:card\" content=\"summary_large_image\" \/>\n<script type=\"application\/ld+json\" class=\"yoast-schema-graph\">{\"@context\":\"https:\/\/schema.org\",\"@graph\":[{\"@type\":\"Organization\",\"@id\":\"https:\/\/foreroagro.com\/tienda\/#organization\",\"name\":\"Foreroagro S.L.\",\"url\":\"https:\/\/foreroagro.com\/tienda\/\",\"sameAs\":[],\"logo\":{\"@type\":\"ImageObject\",\"@id\":\"https:\/\/foreroagro.com\/tienda\/#logo\",\"inLanguage\":\"es\",\"url\":\"https:\/\/foreroagro.com\/tienda\/wp-content\/uploads\/2018\/05\/Logo-foreroagro-e1527273021153.png\",\"contentUrl\":\"https:\/\/foreroagro.com\/tienda\/wp-content\/uploads\/2018\/05\/Logo-foreroagro-e1527273021153.png\",\"width\":80,\"height\":80,\"caption\":\"Foreroagro S.L.\"},\"image\":{\"@id\":\"https:\/\/foreroagro.com\/tienda\/#logo\"}},{\"@type\":\"WebSite\",\"@id\":\"https:\/\/foreroagro.com\/tienda\/#website\",\"url\":\"https:\/\/foreroagro.com\/tienda\/\",\"name\":\"Foreroagro\",\"description\":\"Soluciones agr\\u00edcolas online\",\"publisher\":{\"@id\":\"https:\/\/foreroagro.com\/tienda\/#organization\"},\"potentialAction\":[{\"@type\":\"SearchAction\",\"target\":{\"@type\":\"EntryPoint\",\"urlTemplate\":\"https:\/\/foreroagro.com\/tienda\/?s={search_term_string}\"},\"query-input\":\"required name=search_term_string\"}],\"inLanguage\":\"es\"},{\"@type\":\"ImageObject\",\"@id\":\"https:\/\/foreroagro.com\/tienda\/producto\/kit-solar-trifasico-6000w-solaredge-30000whdia\/#primaryimage\",\"inLanguage\":\"es\",\"url\":\"https:\/\/foreroagro.com\/tienda\/wp-content\/uploads\/2020\/06\/Kit-Solar-Trifasico-7000W-SolarEdge-35000Whdia.jpg\",\"contentUrl\":\"https:\/\/foreroagro.com\/tienda\/wp-content\/uploads\/2020\/06\/Kit-Solar-Trifasico-7000W-SolarEdge-35000Whdia.jpg\",\"width\":569,\"height\":569,\"caption\":\"Kit Solar Trifasico 9000W SolarEdge 46000Whdia\"},{\"@type\":\"WebPage\",\"@id\":\"https:\/\/foreroagro.com\/tienda\/producto\/kit-solar-trifasico-6000w-solaredge-30000whdia\/#webpage\",\"url\":\"https:\/\/foreroagro.com\/tienda\/producto\/kit-solar-trifasico-6000w-solaredge-30000whdia\/\",\"name\":\"Kit Solar Trifasico 6000W SolarEdge 30000Whdia - Foreroagro\",\"isPartOf\":{\"@id\":\"https:\/\/foreroagro.com\/tienda\/#website\"},\"primaryImageOfPage\":{\"@id\":\"https:\/\/foreroagro.com\/tienda\/producto\/kit-solar-trifasico-6000w-solaredge-30000whdia\/#primaryimage\"},\"datePublished\":\"2020-06-09T18:37:31+00:00\",\"dateModified\":\"2022-09-14T10:58:16+00:00\",\"description\":\"Kit Solar Trifasico 6000W SolarEdge 30000Whdia Sistema de autoconsumo directo para redes trif\\u00e1sicas\",\"breadcrumb\":{\"@id\":\"https:\/\/foreroagro.com\/tienda\/producto\/kit-solar-trifasico-6000w-solaredge-30000whdia\/#breadcrumb\"},\"inLanguage\":\"es\",\"potentialAction\":[{\"@type\":\"ReadAction\",\"target\":[\"https:\/\/foreroagro.com\/tienda\/producto\/kit-solar-trifasico-6000w-solaredge-30000whdia\/\"]}]},{\"@type\":\"BreadcrumbList\",\"@id\":\"https:\/\/foreroagro.com\/tienda\/producto\/kit-solar-trifasico-6000w-solaredge-30000whdia\/#breadcrumb\",\"itemListElement\":[{\"@type\":\"ListItem\",\"position\":1,\"name\":\"Portada\",\"item\":\"https:\/\/foreroagro.com\/tienda\/\"},{\"@type\":\"ListItem\",\"position\":2,\"name\":\"Tienda\",\"item\":\"https:\/\/foreroagro.com\/tienda\/\"},{\"@type\":\"ListItem\",\"position\":3,\"name\":\"Kit Solar Trifasico 6000W SolarEdge 30000Whdia\"}]}]}<\/script>\n<!-- \/ Yoast SEO plugin. -->","yoast_head_json":{"title":"Kit Solar Trifasico 6000W SolarEdge 30000Whdia - Foreroagro","description":"Kit Solar Trifasico 6000W SolarEdge 30000Whdia Sistema de autoconsumo directo para redes trif\u00e1sicas","robots":{"index":"index","follow":"follow","max-snippet":"max-snippet:-1","max-image-preview":"max-image-preview:large","max-video-preview":"max-video-preview:-1"},"canonical":"https:\/\/foreroagro.com\/tienda\/producto\/kit-solar-trifasico-6000w-solaredge-30000whdia\/","og_locale":"es_ES","og_type":"article","og_title":"Kit Solar Trifasico 6000W SolarEdge 30000Whdia - Foreroagro","og_description":"Kit Solar Trifasico 6000W SolarEdge 30000Whdia Sistema de autoconsumo directo para redes trif\u00e1sicas","og_url":"https:\/\/foreroagro.com\/tienda\/producto\/kit-solar-trifasico-6000w-solaredge-30000whdia\/","og_site_name":"Foreroagro","article_modified_time":"2022-09-14T10:58:16+00:00","og_image":[{"width":569,"height":569,"url":"https:\/\/foreroagro.com\/tienda\/wp-content\/uploads\/2020\/06\/Kit-Solar-Trifasico-7000W-SolarEdge-35000Whdia.jpg","type":"image\/jpeg"}],"twitter_card":"summary_large_image","schema":{"@context":"https:\/\/schema.org","@graph":[{"@type":"Organization","@id":"https:\/\/foreroagro.com\/tienda\/#organization","name":"Foreroagro S.L.","url":"https:\/\/foreroagro.com\/tienda\/","sameAs":[],"logo":{"@type":"ImageObject","@id":"https:\/\/foreroagro.com\/tienda\/#logo","inLanguage":"es","url":"https:\/\/foreroagro.com\/tienda\/wp-content\/uploads\/2018\/05\/Logo-foreroagro-e1527273021153.png","contentUrl":"https:\/\/foreroagro.com\/tienda\/wp-content\/uploads\/2018\/05\/Logo-foreroagro-e1527273021153.png","width":80,"height":80,"caption":"Foreroagro S.L."},"image":{"@id":"https:\/\/foreroagro.com\/tienda\/#logo"}},{"@type":"WebSite","@id":"https:\/\/foreroagro.com\/tienda\/#website","url":"https:\/\/foreroagro.com\/tienda\/","name":"Foreroagro","description":"Soluciones agr\u00edcolas online","publisher":{"@id":"https:\/\/foreroagro.com\/tienda\/#organization"},"potentialAction":[{"@type":"SearchAction","target":{"@type":"EntryPoint","urlTemplate":"https:\/\/foreroagro.com\/tienda\/?s={search_term_string}"},"query-input":"required name=search_term_string"}],"inLanguage":"es"},{"@type":"ImageObject","@id":"https:\/\/foreroagro.com\/tienda\/producto\/kit-solar-trifasico-6000w-solaredge-30000whdia\/#primaryimage","inLanguage":"es","url":"https:\/\/foreroagro.com\/tienda\/wp-content\/uploads\/2020\/06\/Kit-Solar-Trifasico-7000W-SolarEdge-35000Whdia.jpg","contentUrl":"https:\/\/foreroagro.com\/tienda\/wp-content\/uploads\/2020\/06\/Kit-Solar-Trifasico-7000W-SolarEdge-35000Whdia.jpg","width":569,"height":569,"caption":"Kit Solar Trifasico 9000W SolarEdge 46000Whdia"},{"@type":"WebPage","@id":"https:\/\/foreroagro.com\/tienda\/producto\/kit-solar-trifasico-6000w-solaredge-30000whdia\/#webpage","url":"https:\/\/foreroagro.com\/tienda\/producto\/kit-solar-trifasico-6000w-solaredge-30000whdia\/","name":"Kit Solar Trifasico 6000W SolarEdge 30000Whdia - Foreroagro","isPartOf":{"@id":"https:\/\/foreroagro.com\/tienda\/#website"},"primaryImageOfPage":{"@id":"https:\/\/foreroagro.com\/tienda\/producto\/kit-solar-trifasico-6000w-solaredge-30000whdia\/#primaryimage"},"datePublished":"2020-06-09T18:37:31+00:00","dateModified":"2022-09-14T10:58:16+00:00","description":"Kit Solar Trifasico 6000W SolarEdge 30000Whdia Sistema de autoconsumo directo para redes trif\u00e1sicas","breadcrumb":{"@id":"https:\/\/foreroagro.com\/tienda\/producto\/kit-solar-trifasico-6000w-solaredge-30000whdia\/#breadcrumb"},"inLanguage":"es","potentialAction":[{"@type":"ReadAction","target":["https:\/\/foreroagro.com\/tienda\/producto\/kit-solar-trifasico-6000w-solaredge-30000whdia\/"]}]},{"@type":"BreadcrumbList","@id":"https:\/\/foreroagro.com\/tienda\/producto\/kit-solar-trifasico-6000w-solaredge-30000whdia\/#breadcrumb","itemListElement":[{"@type":"ListItem","position":1,"name":"Portada","item":"https:\/\/foreroagro.com\/tienda\/"},{"@type":"ListItem","position":2,"name":"Tienda","item":"https:\/\/foreroagro.com\/tienda\/"},{"@type":"ListItem","position":3,"name":"Kit Solar Trifasico 6000W SolarEdge 30000Whdia"}]}]}},"_links":{"self":[{"href":"https:\/\/foreroagro.com\/tienda\/wp-json\/wp\/v2\/product\/9073"}],"collection":[{"href":"https:\/\/foreroagro.com\/tienda\/wp-json\/wp\/v2\/product"}],"about":[{"href":"https:\/\/foreroagro.com\/tienda\/wp-json\/wp\/v2\/types\/product"}],"wp:featuredmedia":[{"embeddable":true,"href":"https:\/\/foreroagro.com\/tienda\/wp-json\/wp\/v2\/media\/9074"}],"wp:attachment":[{"href":"https:\/\/foreroagro.com\/tienda\/wp-json\/wp\/v2\/media?parent=9073"}],"wp:term":[{"taxonomy":"product_cat","embeddable":true,"href":"https:\/\/foreroagro.com\/tienda\/wp-json\/wp\/v2\/product_cat?post=9073"},{"taxonomy":"product_tag","embeddable":true,"href":"https:\/\/foreroagro.com\/tienda\/wp-json\/wp\/v2\/product_tag?post=9073"}],"curies":[{"name":"wp","href":"https:\/\/api.w.org\/{rel}","templated":true}]}}