{"id":9152,"date":"2020-06-18T10:35:30","date_gmt":"2020-06-18T10:35:30","guid":{"rendered":"https:\/\/foreroagro.com\/tienda\/?post_type=product&#038;p=9152"},"modified":"2022-09-14T10:58:15","modified_gmt":"2022-09-14T10:58:15","slug":"kit-solar-5000w-solaredge-26400whdia-monofasico","status":"publish","type":"product","link":"https:\/\/foreroagro.com\/tienda\/producto\/kit-solar-5000w-solaredge-26400whdia-monofasico\/","title":{"rendered":"Kit Solar 5000W SolarEdge 26400Whdia Monof\u00e1sico"},"content":{"rendered":"<p>Kit Solar 5000W SolarEdge 26400Whdia Monof\u00e1sico se trata de un sistema de autoconsumo directo de coste muy econ\u00f3mico y r\u00e1pida amortizaci\u00f3n. Este kit de conexi\u00f3n a red incorpora una avanzada monitorizaci\u00f3n de la producci\u00f3n y un optimizador que nos permitir\u00e1 poner orientaciones distintas e incluso paneles de distinta potencia, ya que no perjudica el rendimiento de cada panel sobre los dem\u00e1s.<\/p>\n<p><strong>Energ\u00eda captada en un d\u00eda: 16320 Wh\/dia en invierno y 38080 Wh\/dia en verano<\/strong><\/p>\n","protected":false},"excerpt":{"rendered":"<h3>Sistema de autoconsumo directo para redes monof\u00e1sicas<\/h3>\n<p><strong>Energ\u00eda captada en un d\u00eda: 16320 Wh\/dia en invierno y 38080 Wh\/dia en verano<\/strong><\/p>\n<p><span style=\"color: #ff0000;\"><strong>TRANSPORTE GRATIS (Espa\u00f1a peninsular)<\/strong><\/span><\/p>\n","protected":false},"featured_media":9153,"template":"","meta":[],"product_cat":[303,306],"product_tag":[],"yoast_head":"<!-- This site is optimized with the Yoast SEO plugin v17.5 - https:\/\/yoast.com\/wordpress\/plugins\/seo\/ -->\n<title>Kit Solar 5000W SolarEdge 26400Whdia Monof\u00e1sico - Foreroagro - solar<\/title>\n<meta name=\"description\" content=\"Kit Solar 5000W SolarEdge 26400Whdia Monof\u00e1sico Sistema de autoconsumo directo para redes monof\u00e1sicas, de gran rendimiento.\" \/>\n<meta name=\"robots\" content=\"index, follow, max-snippet:-1, max-image-preview:large, max-video-preview:-1\" \/>\n<link rel=\"canonical\" href=\"https:\/\/foreroagro.com\/tienda\/producto\/kit-solar-5000w-solaredge-26400whdia-monofasico\/\" \/>\n<meta property=\"og:locale\" content=\"es_ES\" \/>\n<meta property=\"og:type\" content=\"article\" \/>\n<meta property=\"og:title\" content=\"Kit Solar 5000W SolarEdge 26400Whdia Monof\u00e1sico - Foreroagro - solar\" \/>\n<meta property=\"og:description\" content=\"Kit Solar 5000W SolarEdge 26400Whdia Monof\u00e1sico Sistema de autoconsumo directo para redes monof\u00e1sicas, de gran rendimiento.\" \/>\n<meta property=\"og:url\" content=\"https:\/\/foreroagro.com\/tienda\/producto\/kit-solar-5000w-solaredge-26400whdia-monofasico\/\" \/>\n<meta property=\"og:site_name\" content=\"Foreroagro\" \/>\n<meta property=\"article:modified_time\" content=\"2022-09-14T10:58:15+00:00\" \/>\n<meta property=\"og:image\" content=\"https:\/\/foreroagro.com\/tienda\/wp-content\/uploads\/2020\/06\/Kit-Solar-5000W-SolarEdge-26400Whdia-Monof\u00e1sico.jpg\" \/>\n\t<meta property=\"og:image:width\" content=\"569\" \/>\n\t<meta property=\"og:image:height\" content=\"569\" \/>\n<meta name=\"twitter:card\" content=\"summary_large_image\" \/>\n<script type=\"application\/ld+json\" class=\"yoast-schema-graph\">{\"@context\":\"https:\/\/schema.org\",\"@graph\":[{\"@type\":\"Organization\",\"@id\":\"https:\/\/foreroagro.com\/tienda\/#organization\",\"name\":\"Foreroagro S.L.\",\"url\":\"https:\/\/foreroagro.com\/tienda\/\",\"sameAs\":[],\"logo\":{\"@type\":\"ImageObject\",\"@id\":\"https:\/\/foreroagro.com\/tienda\/#logo\",\"inLanguage\":\"es\",\"url\":\"https:\/\/foreroagro.com\/tienda\/wp-content\/uploads\/2018\/05\/Logo-foreroagro-e1527273021153.png\",\"contentUrl\":\"https:\/\/foreroagro.com\/tienda\/wp-content\/uploads\/2018\/05\/Logo-foreroagro-e1527273021153.png\",\"width\":80,\"height\":80,\"caption\":\"Foreroagro S.L.\"},\"image\":{\"@id\":\"https:\/\/foreroagro.com\/tienda\/#logo\"}},{\"@type\":\"WebSite\",\"@id\":\"https:\/\/foreroagro.com\/tienda\/#website\",\"url\":\"https:\/\/foreroagro.com\/tienda\/\",\"name\":\"Foreroagro\",\"description\":\"Soluciones agr\\u00edcolas online\",\"publisher\":{\"@id\":\"https:\/\/foreroagro.com\/tienda\/#organization\"},\"potentialAction\":[{\"@type\":\"SearchAction\",\"target\":{\"@type\":\"EntryPoint\",\"urlTemplate\":\"https:\/\/foreroagro.com\/tienda\/?s={search_term_string}\"},\"query-input\":\"required name=search_term_string\"}],\"inLanguage\":\"es\"},{\"@type\":\"ImageObject\",\"@id\":\"https:\/\/foreroagro.com\/tienda\/producto\/kit-solar-5000w-solaredge-26400whdia-monofasico\/#primaryimage\",\"inLanguage\":\"es\",\"url\":\"https:\/\/foreroagro.com\/tienda\/wp-content\/uploads\/2020\/06\/Kit-Solar-5000W-SolarEdge-26400Whdia-Monof\\u00e1sico.jpg\",\"contentUrl\":\"https:\/\/foreroagro.com\/tienda\/wp-content\/uploads\/2020\/06\/Kit-Solar-5000W-SolarEdge-26400Whdia-Monof\\u00e1sico.jpg\",\"width\":569,\"height\":569,\"caption\":\"Kit Solar 5000W SolarEdge 26400Whdia Monof\\u00e1sico\"},{\"@type\":\"WebPage\",\"@id\":\"https:\/\/foreroagro.com\/tienda\/producto\/kit-solar-5000w-solaredge-26400whdia-monofasico\/#webpage\",\"url\":\"https:\/\/foreroagro.com\/tienda\/producto\/kit-solar-5000w-solaredge-26400whdia-monofasico\/\",\"name\":\"Kit Solar 5000W SolarEdge 26400Whdia Monof\\u00e1sico - Foreroagro - solar\",\"isPartOf\":{\"@id\":\"https:\/\/foreroagro.com\/tienda\/#website\"},\"primaryImageOfPage\":{\"@id\":\"https:\/\/foreroagro.com\/tienda\/producto\/kit-solar-5000w-solaredge-26400whdia-monofasico\/#primaryimage\"},\"datePublished\":\"2020-06-18T10:35:30+00:00\",\"dateModified\":\"2022-09-14T10:58:15+00:00\",\"description\":\"Kit Solar 5000W SolarEdge 26400Whdia Monof\\u00e1sico Sistema de autoconsumo directo para redes monof\\u00e1sicas, de gran rendimiento.\",\"breadcrumb\":{\"@id\":\"https:\/\/foreroagro.com\/tienda\/producto\/kit-solar-5000w-solaredge-26400whdia-monofasico\/#breadcrumb\"},\"inLanguage\":\"es\",\"potentialAction\":[{\"@type\":\"ReadAction\",\"target\":[\"https:\/\/foreroagro.com\/tienda\/producto\/kit-solar-5000w-solaredge-26400whdia-monofasico\/\"]}]},{\"@type\":\"BreadcrumbList\",\"@id\":\"https:\/\/foreroagro.com\/tienda\/producto\/kit-solar-5000w-solaredge-26400whdia-monofasico\/#breadcrumb\",\"itemListElement\":[{\"@type\":\"ListItem\",\"position\":1,\"name\":\"Portada\",\"item\":\"https:\/\/foreroagro.com\/tienda\/\"},{\"@type\":\"ListItem\",\"position\":2,\"name\":\"Tienda\",\"item\":\"https:\/\/foreroagro.com\/tienda\/\"},{\"@type\":\"ListItem\",\"position\":3,\"name\":\"Kit Solar 5000W SolarEdge 26400Whdia Monof\\u00e1sico\"}]}]}<\/script>\n<!-- \/ Yoast SEO plugin. -->","yoast_head_json":{"title":"Kit Solar 5000W SolarEdge 26400Whdia Monof\u00e1sico - Foreroagro - solar","description":"Kit Solar 5000W SolarEdge 26400Whdia Monof\u00e1sico Sistema de autoconsumo directo para redes monof\u00e1sicas, de gran rendimiento.","robots":{"index":"index","follow":"follow","max-snippet":"max-snippet:-1","max-image-preview":"max-image-preview:large","max-video-preview":"max-video-preview:-1"},"canonical":"https:\/\/foreroagro.com\/tienda\/producto\/kit-solar-5000w-solaredge-26400whdia-monofasico\/","og_locale":"es_ES","og_type":"article","og_title":"Kit Solar 5000W SolarEdge 26400Whdia Monof\u00e1sico - Foreroagro - solar","og_description":"Kit Solar 5000W SolarEdge 26400Whdia Monof\u00e1sico Sistema de autoconsumo directo para redes monof\u00e1sicas, de gran rendimiento.","og_url":"https:\/\/foreroagro.com\/tienda\/producto\/kit-solar-5000w-solaredge-26400whdia-monofasico\/","og_site_name":"Foreroagro","article_modified_time":"2022-09-14T10:58:15+00:00","og_image":[{"width":569,"height":569,"url":"https:\/\/foreroagro.com\/tienda\/wp-content\/uploads\/2020\/06\/Kit-Solar-5000W-SolarEdge-26400Whdia-Monof\u00e1sico.jpg","type":"image\/jpeg"}],"twitter_card":"summary_large_image","schema":{"@context":"https:\/\/schema.org","@graph":[{"@type":"Organization","@id":"https:\/\/foreroagro.com\/tienda\/#organization","name":"Foreroagro S.L.","url":"https:\/\/foreroagro.com\/tienda\/","sameAs":[],"logo":{"@type":"ImageObject","@id":"https:\/\/foreroagro.com\/tienda\/#logo","inLanguage":"es","url":"https:\/\/foreroagro.com\/tienda\/wp-content\/uploads\/2018\/05\/Logo-foreroagro-e1527273021153.png","contentUrl":"https:\/\/foreroagro.com\/tienda\/wp-content\/uploads\/2018\/05\/Logo-foreroagro-e1527273021153.png","width":80,"height":80,"caption":"Foreroagro S.L."},"image":{"@id":"https:\/\/foreroagro.com\/tienda\/#logo"}},{"@type":"WebSite","@id":"https:\/\/foreroagro.com\/tienda\/#website","url":"https:\/\/foreroagro.com\/tienda\/","name":"Foreroagro","description":"Soluciones agr\u00edcolas online","publisher":{"@id":"https:\/\/foreroagro.com\/tienda\/#organization"},"potentialAction":[{"@type":"SearchAction","target":{"@type":"EntryPoint","urlTemplate":"https:\/\/foreroagro.com\/tienda\/?s={search_term_string}"},"query-input":"required name=search_term_string"}],"inLanguage":"es"},{"@type":"ImageObject","@id":"https:\/\/foreroagro.com\/tienda\/producto\/kit-solar-5000w-solaredge-26400whdia-monofasico\/#primaryimage","inLanguage":"es","url":"https:\/\/foreroagro.com\/tienda\/wp-content\/uploads\/2020\/06\/Kit-Solar-5000W-SolarEdge-26400Whdia-Monof\u00e1sico.jpg","contentUrl":"https:\/\/foreroagro.com\/tienda\/wp-content\/uploads\/2020\/06\/Kit-Solar-5000W-SolarEdge-26400Whdia-Monof\u00e1sico.jpg","width":569,"height":569,"caption":"Kit Solar 5000W SolarEdge 26400Whdia Monof\u00e1sico"},{"@type":"WebPage","@id":"https:\/\/foreroagro.com\/tienda\/producto\/kit-solar-5000w-solaredge-26400whdia-monofasico\/#webpage","url":"https:\/\/foreroagro.com\/tienda\/producto\/kit-solar-5000w-solaredge-26400whdia-monofasico\/","name":"Kit Solar 5000W SolarEdge 26400Whdia Monof\u00e1sico - Foreroagro - solar","isPartOf":{"@id":"https:\/\/foreroagro.com\/tienda\/#website"},"primaryImageOfPage":{"@id":"https:\/\/foreroagro.com\/tienda\/producto\/kit-solar-5000w-solaredge-26400whdia-monofasico\/#primaryimage"},"datePublished":"2020-06-18T10:35:30+00:00","dateModified":"2022-09-14T10:58:15+00:00","description":"Kit Solar 5000W SolarEdge 26400Whdia Monof\u00e1sico Sistema de autoconsumo directo para redes monof\u00e1sicas, de gran rendimiento.","breadcrumb":{"@id":"https:\/\/foreroagro.com\/tienda\/producto\/kit-solar-5000w-solaredge-26400whdia-monofasico\/#breadcrumb"},"inLanguage":"es","potentialAction":[{"@type":"ReadAction","target":["https:\/\/foreroagro.com\/tienda\/producto\/kit-solar-5000w-solaredge-26400whdia-monofasico\/"]}]},{"@type":"BreadcrumbList","@id":"https:\/\/foreroagro.com\/tienda\/producto\/kit-solar-5000w-solaredge-26400whdia-monofasico\/#breadcrumb","itemListElement":[{"@type":"ListItem","position":1,"name":"Portada","item":"https:\/\/foreroagro.com\/tienda\/"},{"@type":"ListItem","position":2,"name":"Tienda","item":"https:\/\/foreroagro.com\/tienda\/"},{"@type":"ListItem","position":3,"name":"Kit Solar 5000W SolarEdge 26400Whdia Monof\u00e1sico"}]}]}},"_links":{"self":[{"href":"https:\/\/foreroagro.com\/tienda\/wp-json\/wp\/v2\/product\/9152"}],"collection":[{"href":"https:\/\/foreroagro.com\/tienda\/wp-json\/wp\/v2\/product"}],"about":[{"href":"https:\/\/foreroagro.com\/tienda\/wp-json\/wp\/v2\/types\/product"}],"wp:featuredmedia":[{"embeddable":true,"href":"https:\/\/foreroagro.com\/tienda\/wp-json\/wp\/v2\/media\/9153"}],"wp:attachment":[{"href":"https:\/\/foreroagro.com\/tienda\/wp-json\/wp\/v2\/media?parent=9152"}],"wp:term":[{"taxonomy":"product_cat","embeddable":true,"href":"https:\/\/foreroagro.com\/tienda\/wp-json\/wp\/v2\/product_cat?post=9152"},{"taxonomy":"product_tag","embeddable":true,"href":"https:\/\/foreroagro.com\/tienda\/wp-json\/wp\/v2\/product_tag?post=9152"}],"curies":[{"name":"wp","href":"https:\/\/api.w.org\/{rel}","templated":true}]}}