{"id":9363,"date":"2020-06-29T19:21:14","date_gmt":"2020-06-29T19:21:14","guid":{"rendered":"https:\/\/foreroagro.com\/tienda\/?post_type=product&#038;p=9363"},"modified":"2020-07-09T19:29:19","modified_gmt":"2020-07-09T19:29:19","slug":"seguro-para-maquinaria-agricola","status":"publish","type":"product","link":"https:\/\/foreroagro.com\/tienda\/producto\/seguro-para-maquinaria-agricola\/","title":{"rendered":"Seguro para Maquinaria Agr\u00edcola"},"content":{"rendered":"","protected":false},"excerpt":{"rendered":"[contact-form-7 id=\"9344\" title=\"Seguros para Maquinaria Agr\u00edcola\"]\n","protected":false},"featured_media":9364,"template":"","meta":[],"product_cat":[314,232],"product_tag":[],"yoast_head":"<!-- This site is optimized with the Yoast SEO plugin v17.5 - https:\/\/yoast.com\/wordpress\/plugins\/seo\/ -->\n<title>Seguro para Maquinaria Agr\u00edcola - Foreroagro<\/title>\n<meta name=\"description\" content=\"Seguro para Maquinaria Agr\u00edcola Tractor Remolque Otros RC Obligatoria RC Voluntaria Defensa Reclamaci\u00f3n Lunas libre elecci\u00f3n Asistencia en viaje\" \/>\n<meta name=\"robots\" content=\"index, follow, max-snippet:-1, max-image-preview:large, max-video-preview:-1\" \/>\n<link rel=\"canonical\" href=\"https:\/\/foreroagro.com\/tienda\/producto\/seguro-para-maquinaria-agricola\/\" \/>\n<meta property=\"og:locale\" content=\"es_ES\" \/>\n<meta property=\"og:type\" content=\"article\" \/>\n<meta property=\"og:title\" content=\"Seguro para Maquinaria Agr\u00edcola - Foreroagro\" \/>\n<meta property=\"og:description\" content=\"Seguro para Maquinaria Agr\u00edcola Tractor Remolque Otros RC Obligatoria RC Voluntaria Defensa Reclamaci\u00f3n Lunas libre elecci\u00f3n Asistencia en viaje\" \/>\n<meta property=\"og:url\" content=\"https:\/\/foreroagro.com\/tienda\/producto\/seguro-para-maquinaria-agricola\/\" \/>\n<meta property=\"og:site_name\" content=\"Foreroagro\" \/>\n<meta property=\"article:modified_time\" content=\"2020-07-09T19:29:19+00:00\" \/>\n<meta property=\"og:image\" content=\"https:\/\/foreroagro.com\/tienda\/wp-content\/uploads\/2020\/06\/SEGUROS-MAQUINARIA-AGRICOLA.jpg\" \/>\n\t<meta property=\"og:image:width\" content=\"569\" \/>\n\t<meta property=\"og:image:height\" content=\"569\" \/>\n<meta name=\"twitter:card\" content=\"summary_large_image\" \/>\n<script type=\"application\/ld+json\" class=\"yoast-schema-graph\">{\"@context\":\"https:\/\/schema.org\",\"@graph\":[{\"@type\":\"Organization\",\"@id\":\"https:\/\/foreroagro.com\/tienda\/#organization\",\"name\":\"Foreroagro S.L.\",\"url\":\"https:\/\/foreroagro.com\/tienda\/\",\"sameAs\":[],\"logo\":{\"@type\":\"ImageObject\",\"@id\":\"https:\/\/foreroagro.com\/tienda\/#logo\",\"inLanguage\":\"es\",\"url\":\"https:\/\/foreroagro.com\/tienda\/wp-content\/uploads\/2018\/05\/Logo-foreroagro-e1527273021153.png\",\"contentUrl\":\"https:\/\/foreroagro.com\/tienda\/wp-content\/uploads\/2018\/05\/Logo-foreroagro-e1527273021153.png\",\"width\":80,\"height\":80,\"caption\":\"Foreroagro S.L.\"},\"image\":{\"@id\":\"https:\/\/foreroagro.com\/tienda\/#logo\"}},{\"@type\":\"WebSite\",\"@id\":\"https:\/\/foreroagro.com\/tienda\/#website\",\"url\":\"https:\/\/foreroagro.com\/tienda\/\",\"name\":\"Foreroagro\",\"description\":\"Soluciones agr\\u00edcolas online\",\"publisher\":{\"@id\":\"https:\/\/foreroagro.com\/tienda\/#organization\"},\"potentialAction\":[{\"@type\":\"SearchAction\",\"target\":{\"@type\":\"EntryPoint\",\"urlTemplate\":\"https:\/\/foreroagro.com\/tienda\/?s={search_term_string}\"},\"query-input\":\"required name=search_term_string\"}],\"inLanguage\":\"es\"},{\"@type\":\"ImageObject\",\"@id\":\"https:\/\/foreroagro.com\/tienda\/producto\/seguro-para-maquinaria-agricola\/#primaryimage\",\"inLanguage\":\"es\",\"url\":\"https:\/\/foreroagro.com\/tienda\/wp-content\/uploads\/2020\/06\/SEGUROS-MAQUINARIA-AGRICOLA.jpg\",\"contentUrl\":\"https:\/\/foreroagro.com\/tienda\/wp-content\/uploads\/2020\/06\/SEGUROS-MAQUINARIA-AGRICOLA.jpg\",\"width\":569,\"height\":569,\"caption\":\"Seguro para Maquinaria Agr\\u00edcola\"},{\"@type\":\"WebPage\",\"@id\":\"https:\/\/foreroagro.com\/tienda\/producto\/seguro-para-maquinaria-agricola\/#webpage\",\"url\":\"https:\/\/foreroagro.com\/tienda\/producto\/seguro-para-maquinaria-agricola\/\",\"name\":\"Seguro para Maquinaria Agr\\u00edcola - Foreroagro\",\"isPartOf\":{\"@id\":\"https:\/\/foreroagro.com\/tienda\/#website\"},\"primaryImageOfPage\":{\"@id\":\"https:\/\/foreroagro.com\/tienda\/producto\/seguro-para-maquinaria-agricola\/#primaryimage\"},\"datePublished\":\"2020-06-29T19:21:14+00:00\",\"dateModified\":\"2020-07-09T19:29:19+00:00\",\"description\":\"Seguro para Maquinaria Agr\\u00edcola Tractor Remolque Otros RC Obligatoria RC Voluntaria Defensa Reclamaci\\u00f3n Lunas libre elecci\\u00f3n Asistencia en viaje\",\"breadcrumb\":{\"@id\":\"https:\/\/foreroagro.com\/tienda\/producto\/seguro-para-maquinaria-agricola\/#breadcrumb\"},\"inLanguage\":\"es\",\"potentialAction\":[{\"@type\":\"ReadAction\",\"target\":[\"https:\/\/foreroagro.com\/tienda\/producto\/seguro-para-maquinaria-agricola\/\"]}]},{\"@type\":\"BreadcrumbList\",\"@id\":\"https:\/\/foreroagro.com\/tienda\/producto\/seguro-para-maquinaria-agricola\/#breadcrumb\",\"itemListElement\":[{\"@type\":\"ListItem\",\"position\":1,\"name\":\"Portada\",\"item\":\"https:\/\/foreroagro.com\/tienda\/\"},{\"@type\":\"ListItem\",\"position\":2,\"name\":\"Tienda\",\"item\":\"https:\/\/foreroagro.com\/tienda\/\"},{\"@type\":\"ListItem\",\"position\":3,\"name\":\"Seguro para Maquinaria Agr\\u00edcola\"}]}]}<\/script>\n<!-- \/ Yoast SEO plugin. -->","yoast_head_json":{"title":"Seguro para Maquinaria Agr\u00edcola - Foreroagro","description":"Seguro para Maquinaria Agr\u00edcola Tractor Remolque Otros RC Obligatoria RC Voluntaria Defensa Reclamaci\u00f3n Lunas libre elecci\u00f3n Asistencia en viaje","robots":{"index":"index","follow":"follow","max-snippet":"max-snippet:-1","max-image-preview":"max-image-preview:large","max-video-preview":"max-video-preview:-1"},"canonical":"https:\/\/foreroagro.com\/tienda\/producto\/seguro-para-maquinaria-agricola\/","og_locale":"es_ES","og_type":"article","og_title":"Seguro para Maquinaria Agr\u00edcola - Foreroagro","og_description":"Seguro para Maquinaria Agr\u00edcola Tractor Remolque Otros RC Obligatoria RC Voluntaria Defensa Reclamaci\u00f3n Lunas libre elecci\u00f3n Asistencia en viaje","og_url":"https:\/\/foreroagro.com\/tienda\/producto\/seguro-para-maquinaria-agricola\/","og_site_name":"Foreroagro","article_modified_time":"2020-07-09T19:29:19+00:00","og_image":[{"width":569,"height":569,"url":"https:\/\/foreroagro.com\/tienda\/wp-content\/uploads\/2020\/06\/SEGUROS-MAQUINARIA-AGRICOLA.jpg","type":"image\/jpeg"}],"twitter_card":"summary_large_image","schema":{"@context":"https:\/\/schema.org","@graph":[{"@type":"Organization","@id":"https:\/\/foreroagro.com\/tienda\/#organization","name":"Foreroagro S.L.","url":"https:\/\/foreroagro.com\/tienda\/","sameAs":[],"logo":{"@type":"ImageObject","@id":"https:\/\/foreroagro.com\/tienda\/#logo","inLanguage":"es","url":"https:\/\/foreroagro.com\/tienda\/wp-content\/uploads\/2018\/05\/Logo-foreroagro-e1527273021153.png","contentUrl":"https:\/\/foreroagro.com\/tienda\/wp-content\/uploads\/2018\/05\/Logo-foreroagro-e1527273021153.png","width":80,"height":80,"caption":"Foreroagro S.L."},"image":{"@id":"https:\/\/foreroagro.com\/tienda\/#logo"}},{"@type":"WebSite","@id":"https:\/\/foreroagro.com\/tienda\/#website","url":"https:\/\/foreroagro.com\/tienda\/","name":"Foreroagro","description":"Soluciones agr\u00edcolas online","publisher":{"@id":"https:\/\/foreroagro.com\/tienda\/#organization"},"potentialAction":[{"@type":"SearchAction","target":{"@type":"EntryPoint","urlTemplate":"https:\/\/foreroagro.com\/tienda\/?s={search_term_string}"},"query-input":"required name=search_term_string"}],"inLanguage":"es"},{"@type":"ImageObject","@id":"https:\/\/foreroagro.com\/tienda\/producto\/seguro-para-maquinaria-agricola\/#primaryimage","inLanguage":"es","url":"https:\/\/foreroagro.com\/tienda\/wp-content\/uploads\/2020\/06\/SEGUROS-MAQUINARIA-AGRICOLA.jpg","contentUrl":"https:\/\/foreroagro.com\/tienda\/wp-content\/uploads\/2020\/06\/SEGUROS-MAQUINARIA-AGRICOLA.jpg","width":569,"height":569,"caption":"Seguro para Maquinaria Agr\u00edcola"},{"@type":"WebPage","@id":"https:\/\/foreroagro.com\/tienda\/producto\/seguro-para-maquinaria-agricola\/#webpage","url":"https:\/\/foreroagro.com\/tienda\/producto\/seguro-para-maquinaria-agricola\/","name":"Seguro para Maquinaria Agr\u00edcola - Foreroagro","isPartOf":{"@id":"https:\/\/foreroagro.com\/tienda\/#website"},"primaryImageOfPage":{"@id":"https:\/\/foreroagro.com\/tienda\/producto\/seguro-para-maquinaria-agricola\/#primaryimage"},"datePublished":"2020-06-29T19:21:14+00:00","dateModified":"2020-07-09T19:29:19+00:00","description":"Seguro para Maquinaria Agr\u00edcola Tractor Remolque Otros RC Obligatoria RC Voluntaria Defensa Reclamaci\u00f3n Lunas libre elecci\u00f3n Asistencia en viaje","breadcrumb":{"@id":"https:\/\/foreroagro.com\/tienda\/producto\/seguro-para-maquinaria-agricola\/#breadcrumb"},"inLanguage":"es","potentialAction":[{"@type":"ReadAction","target":["https:\/\/foreroagro.com\/tienda\/producto\/seguro-para-maquinaria-agricola\/"]}]},{"@type":"BreadcrumbList","@id":"https:\/\/foreroagro.com\/tienda\/producto\/seguro-para-maquinaria-agricola\/#breadcrumb","itemListElement":[{"@type":"ListItem","position":1,"name":"Portada","item":"https:\/\/foreroagro.com\/tienda\/"},{"@type":"ListItem","position":2,"name":"Tienda","item":"https:\/\/foreroagro.com\/tienda\/"},{"@type":"ListItem","position":3,"name":"Seguro para Maquinaria Agr\u00edcola"}]}]}},"_links":{"self":[{"href":"https:\/\/foreroagro.com\/tienda\/wp-json\/wp\/v2\/product\/9363"}],"collection":[{"href":"https:\/\/foreroagro.com\/tienda\/wp-json\/wp\/v2\/product"}],"about":[{"href":"https:\/\/foreroagro.com\/tienda\/wp-json\/wp\/v2\/types\/product"}],"wp:featuredmedia":[{"embeddable":true,"href":"https:\/\/foreroagro.com\/tienda\/wp-json\/wp\/v2\/media\/9364"}],"wp:attachment":[{"href":"https:\/\/foreroagro.com\/tienda\/wp-json\/wp\/v2\/media?parent=9363"}],"wp:term":[{"taxonomy":"product_cat","embeddable":true,"href":"https:\/\/foreroagro.com\/tienda\/wp-json\/wp\/v2\/product_cat?post=9363"},{"taxonomy":"product_tag","embeddable":true,"href":"https:\/\/foreroagro.com\/tienda\/wp-json\/wp\/v2\/product_tag?post=9363"}],"curies":[{"name":"wp","href":"https:\/\/api.w.org\/{rel}","templated":true}]}}