{"id":9889,"date":"2021-01-22T18:47:42","date_gmt":"2021-01-22T18:47:42","guid":{"rendered":"https:\/\/foreroagro.com\/tienda\/?post_type=product&#038;p=9889"},"modified":"2022-09-14T10:58:06","modified_gmt":"2022-09-14T10:58:06","slug":"tijera-bateria-ps22-40","status":"publish","type":"product","link":"https:\/\/foreroagro.com\/tienda\/producto\/tijera-bateria-ps22-40\/","title":{"rendered":"TIJERA BATER\u00cdA PS22-40"},"content":{"rendered":"<p>TIJERA BATER\u00cdA PS22-40<\/p>\n<p>Voltaje de trabajo\u00a0\u00a0\u00a0 \u00a0 \u00a0 \u00a0 \u00a0 \u00a0 \u00a0 \u00a0 \u00a0 \u00a0 \u00a0 \u00a0 \u00a0 \u00a0 \u00a0 DC 43,2V<\/p>\n<p>Di\u00e1metro de corte m\u00e1ximo\u00a0\u00a0\u00a0\u00a0\u00a0\u00a0\u00a0\u00a0\u00a0\u00a0\u00a0\u00a0\u00a0\u00a0\u00a0 40 mm<\/p>\n<p>Potencia m\u00e1xima\u00a0\u00a0\u00a0\u00a0\u00a0\u00a0\u00a0\u00a0\u00a0\u00a0\u00a0\u00a0\u00a0\u00a0\u00a0\u00a0\u00a0\u00a0\u00a0\u00a0\u00a0\u00a0\u00a0\u00a0\u00a0\u00a0\u00a0\u00a0\u00a0\u00a0 1.296 W<\/p>\n<p>Peso\u00a0\u00a0\u00a0\u00a0\u00a0\u00a0\u00a0\u00a0\u00a0\u00a0\u00a0\u00a0\u00a0\u00a0\u00a0\u00a0\u00a0\u00a0\u00a0\u00a0\u00a0\u00a0\u00a0\u00a0\u00a0\u00a0\u00a0\u00a0\u00a0\u00a0\u00a0\u00a0\u00a0\u00a0\u00a0\u00a0\u00a0\u00a0\u00a0\u00a0\u00a0\u00a0\u00a0\u00a0\u00a0\u00a0\u00a0\u00a0\u00a0\u00a0\u00a0\u00a0\u00a0\u00a0 850 g<\/p>\n<p>Tensi\u00f3n\u00a0\u00a0\u00a0\u00a0\u00a0\u00a0\u00a0\u00a0\u00a0\u00a0\u00a0\u00a0\u00a0\u00a0\u00a0\u00a0\u00a0\u00a0\u00a0\u00a0\u00a0\u00a0\u00a0\u00a0\u00a0\u00a0\u00a0\u00a0\u00a0\u00a0\u00a0\u00a0\u00a0\u00a0\u00a0\u00a0\u00a0\u00a0\u00a0\u00a0\u00a0\u00a0\u00a0\u00a0\u00a0\u00a0\u00a0 AC220V\/50-60Hz<\/p>\n<p>R.P.M motor\u00a0\u00a0\u00a0\u00a0\u00a0\u00a0\u00a0\u00a0\u00a0\u00a0\u00a0\u00a0\u00a0\u00a0\u00a0\u00a0\u00a0\u00a0\u00a0\u00a0\u00a0\u00a0\u00a0\u00a0\u00a0\u00a0\u00a0\u00a0\u00a0\u00a0\u00a0\u00a0\u00a0\u00a0\u00a0\u00a0\u00a0\u00a0 18.000 rpm<\/p>\n<p>Tipo de bater\u00eda de litio\u00a0\u00a0\u00a0\u00a0\u00a0\u00a0\u00a0\u00a0\u00a0\u00a0\u00a0\u00a0\u00a0\u00a0\u00a0\u00a0\u00a0\u00a0\u00a0\u00a0 43,2 V &#8211; 4,0 Ah<\/p>\n<p>Tiempo de recarga bater\u00eda\u00a0\u00a0\u00a0\u00a0\u00a0\u00a0\u00a0\u00a0\u00a0\u00a0\u00a0\u00a0\u00a0\u00a0 3,5 Horas<\/p>\n<p>Autonom\u00eda de trabajo\u00a0\u00a0\u00a0\u00a0\u00a0\u00a0\u00a0\u00a0\u00a0\u00a0\u00a0\u00a0\u00a0\u00a0\u00a0\u00a0\u00a0\u00a0\u00a0\u00a0\u00a0\u00a0 6 &#8211; 8\u00a0 Horas<\/p>\n<p>Peso bate\u00eda\u00a0\u00a0\u00a0\u00a0\u00a0\u00a0\u00a0\u00a0\u00a0\u00a0\u00a0\u00a0\u00a0\u00a0\u00a0\u00a0\u00a0\u00a0\u00a0\u00a0\u00a0\u00a0\u00a0\u00a0\u00a0\u00a0\u00a0\u00a0\u00a0\u00a0\u00a0\u00a0\u00a0\u00a0\u00a0\u00a0\u00a0\u00a0\u00a0\u00a0\u00a0\u00a0 1.385 g<\/p>\n","protected":false},"excerpt":{"rendered":"<h3>TIJERA BATER\u00cdA PS22-40<\/h3>\n<p>Tijera ligera y de corte perfecto<\/p>\n<p>Incluye Maletin de transporte, arn\u00e9s acolchado y funda transporte<\/p>\n<p><span style=\"color: #ff0000;\">Envio gratis (Espa\u00f1a Peninsular)<\/span><\/p>\n","protected":false},"featured_media":9891,"template":"","meta":[],"product_cat":[296,299,300,298,301,302],"product_tag":[],"yoast_head":"<!-- This site is optimized with the Yoast SEO plugin v17.5 - https:\/\/yoast.com\/wordpress\/plugins\/seo\/ -->\n<title>TIJERA BATER\u00cdA PS22-40 - Foreroagro<\/title>\n<meta name=\"description\" content=\"TIJERA BATER\u00cdA PS22-40 Tijera ligera y de corte perfecto, 0-40mm, malet\u00edn r\u00edgido para transporte arn\u00e9s acolchado y funda transporte\" \/>\n<meta name=\"robots\" content=\"index, follow, max-snippet:-1, max-image-preview:large, max-video-preview:-1\" \/>\n<link rel=\"canonical\" href=\"https:\/\/foreroagro.com\/tienda\/producto\/tijera-bateria-ps22-40\/\" \/>\n<meta property=\"og:locale\" content=\"es_ES\" \/>\n<meta property=\"og:type\" content=\"article\" \/>\n<meta property=\"og:title\" content=\"TIJERA BATER\u00cdA PS22-40 - Foreroagro\" \/>\n<meta property=\"og:description\" content=\"TIJERA BATER\u00cdA PS22-40 Tijera ligera y de corte perfecto, 0-40mm, malet\u00edn r\u00edgido para transporte arn\u00e9s acolchado y funda transporte\" \/>\n<meta property=\"og:url\" content=\"https:\/\/foreroagro.com\/tienda\/producto\/tijera-bateria-ps22-40\/\" \/>\n<meta property=\"og:site_name\" content=\"Foreroagro\" \/>\n<meta property=\"article:modified_time\" content=\"2022-09-14T10:58:06+00:00\" \/>\n<meta property=\"og:image\" content=\"https:\/\/foreroagro.com\/tienda\/wp-content\/uploads\/2021\/01\/Tijera-poda-Bateria-ps22-40.jpg\" \/>\n\t<meta property=\"og:image:width\" content=\"569\" \/>\n\t<meta property=\"og:image:height\" content=\"569\" \/>\n<meta name=\"twitter:card\" content=\"summary_large_image\" \/>\n<script type=\"application\/ld+json\" class=\"yoast-schema-graph\">{\"@context\":\"https:\/\/schema.org\",\"@graph\":[{\"@type\":\"Organization\",\"@id\":\"https:\/\/foreroagro.com\/tienda\/#organization\",\"name\":\"Foreroagro S.L.\",\"url\":\"https:\/\/foreroagro.com\/tienda\/\",\"sameAs\":[],\"logo\":{\"@type\":\"ImageObject\",\"@id\":\"https:\/\/foreroagro.com\/tienda\/#logo\",\"inLanguage\":\"es\",\"url\":\"https:\/\/foreroagro.com\/tienda\/wp-content\/uploads\/2018\/05\/Logo-foreroagro-e1527273021153.png\",\"contentUrl\":\"https:\/\/foreroagro.com\/tienda\/wp-content\/uploads\/2018\/05\/Logo-foreroagro-e1527273021153.png\",\"width\":80,\"height\":80,\"caption\":\"Foreroagro S.L.\"},\"image\":{\"@id\":\"https:\/\/foreroagro.com\/tienda\/#logo\"}},{\"@type\":\"WebSite\",\"@id\":\"https:\/\/foreroagro.com\/tienda\/#website\",\"url\":\"https:\/\/foreroagro.com\/tienda\/\",\"name\":\"Foreroagro\",\"description\":\"Soluciones agr\\u00edcolas online\",\"publisher\":{\"@id\":\"https:\/\/foreroagro.com\/tienda\/#organization\"},\"potentialAction\":[{\"@type\":\"SearchAction\",\"target\":{\"@type\":\"EntryPoint\",\"urlTemplate\":\"https:\/\/foreroagro.com\/tienda\/?s={search_term_string}\"},\"query-input\":\"required name=search_term_string\"}],\"inLanguage\":\"es\"},{\"@type\":\"ImageObject\",\"@id\":\"https:\/\/foreroagro.com\/tienda\/producto\/tijera-bateria-ps22-40\/#primaryimage\",\"inLanguage\":\"es\",\"url\":\"https:\/\/foreroagro.com\/tienda\/wp-content\/uploads\/2021\/01\/Tijera-poda-Bateria-ps22-40.jpg\",\"contentUrl\":\"https:\/\/foreroagro.com\/tienda\/wp-content\/uploads\/2021\/01\/Tijera-poda-Bateria-ps22-40.jpg\",\"width\":569,\"height\":569,\"caption\":\"TIJERA BATER\\u00cdA PS22-40\"},{\"@type\":\"WebPage\",\"@id\":\"https:\/\/foreroagro.com\/tienda\/producto\/tijera-bateria-ps22-40\/#webpage\",\"url\":\"https:\/\/foreroagro.com\/tienda\/producto\/tijera-bateria-ps22-40\/\",\"name\":\"TIJERA BATER\\u00cdA PS22-40 - Foreroagro\",\"isPartOf\":{\"@id\":\"https:\/\/foreroagro.com\/tienda\/#website\"},\"primaryImageOfPage\":{\"@id\":\"https:\/\/foreroagro.com\/tienda\/producto\/tijera-bateria-ps22-40\/#primaryimage\"},\"datePublished\":\"2021-01-22T18:47:42+00:00\",\"dateModified\":\"2022-09-14T10:58:06+00:00\",\"description\":\"TIJERA BATER\\u00cdA PS22-40 Tijera ligera y de corte perfecto, 0-40mm, malet\\u00edn r\\u00edgido para transporte arn\\u00e9s acolchado y funda transporte\",\"breadcrumb\":{\"@id\":\"https:\/\/foreroagro.com\/tienda\/producto\/tijera-bateria-ps22-40\/#breadcrumb\"},\"inLanguage\":\"es\",\"potentialAction\":[{\"@type\":\"ReadAction\",\"target\":[\"https:\/\/foreroagro.com\/tienda\/producto\/tijera-bateria-ps22-40\/\"]}]},{\"@type\":\"BreadcrumbList\",\"@id\":\"https:\/\/foreroagro.com\/tienda\/producto\/tijera-bateria-ps22-40\/#breadcrumb\",\"itemListElement\":[{\"@type\":\"ListItem\",\"position\":1,\"name\":\"Portada\",\"item\":\"https:\/\/foreroagro.com\/tienda\/\"},{\"@type\":\"ListItem\",\"position\":2,\"name\":\"Tienda\",\"item\":\"https:\/\/foreroagro.com\/tienda\/\"},{\"@type\":\"ListItem\",\"position\":3,\"name\":\"TIJERA BATER\\u00cdA PS22-40\"}]}]}<\/script>\n<!-- \/ Yoast SEO plugin. -->","yoast_head_json":{"title":"TIJERA BATER\u00cdA PS22-40 - Foreroagro","description":"TIJERA BATER\u00cdA PS22-40 Tijera ligera y de corte perfecto, 0-40mm, malet\u00edn r\u00edgido para transporte arn\u00e9s acolchado y funda transporte","robots":{"index":"index","follow":"follow","max-snippet":"max-snippet:-1","max-image-preview":"max-image-preview:large","max-video-preview":"max-video-preview:-1"},"canonical":"https:\/\/foreroagro.com\/tienda\/producto\/tijera-bateria-ps22-40\/","og_locale":"es_ES","og_type":"article","og_title":"TIJERA BATER\u00cdA PS22-40 - Foreroagro","og_description":"TIJERA BATER\u00cdA PS22-40 Tijera ligera y de corte perfecto, 0-40mm, malet\u00edn r\u00edgido para transporte arn\u00e9s acolchado y funda transporte","og_url":"https:\/\/foreroagro.com\/tienda\/producto\/tijera-bateria-ps22-40\/","og_site_name":"Foreroagro","article_modified_time":"2022-09-14T10:58:06+00:00","og_image":[{"width":569,"height":569,"url":"https:\/\/foreroagro.com\/tienda\/wp-content\/uploads\/2021\/01\/Tijera-poda-Bateria-ps22-40.jpg","type":"image\/jpeg"}],"twitter_card":"summary_large_image","schema":{"@context":"https:\/\/schema.org","@graph":[{"@type":"Organization","@id":"https:\/\/foreroagro.com\/tienda\/#organization","name":"Foreroagro S.L.","url":"https:\/\/foreroagro.com\/tienda\/","sameAs":[],"logo":{"@type":"ImageObject","@id":"https:\/\/foreroagro.com\/tienda\/#logo","inLanguage":"es","url":"https:\/\/foreroagro.com\/tienda\/wp-content\/uploads\/2018\/05\/Logo-foreroagro-e1527273021153.png","contentUrl":"https:\/\/foreroagro.com\/tienda\/wp-content\/uploads\/2018\/05\/Logo-foreroagro-e1527273021153.png","width":80,"height":80,"caption":"Foreroagro S.L."},"image":{"@id":"https:\/\/foreroagro.com\/tienda\/#logo"}},{"@type":"WebSite","@id":"https:\/\/foreroagro.com\/tienda\/#website","url":"https:\/\/foreroagro.com\/tienda\/","name":"Foreroagro","description":"Soluciones agr\u00edcolas online","publisher":{"@id":"https:\/\/foreroagro.com\/tienda\/#organization"},"potentialAction":[{"@type":"SearchAction","target":{"@type":"EntryPoint","urlTemplate":"https:\/\/foreroagro.com\/tienda\/?s={search_term_string}"},"query-input":"required name=search_term_string"}],"inLanguage":"es"},{"@type":"ImageObject","@id":"https:\/\/foreroagro.com\/tienda\/producto\/tijera-bateria-ps22-40\/#primaryimage","inLanguage":"es","url":"https:\/\/foreroagro.com\/tienda\/wp-content\/uploads\/2021\/01\/Tijera-poda-Bateria-ps22-40.jpg","contentUrl":"https:\/\/foreroagro.com\/tienda\/wp-content\/uploads\/2021\/01\/Tijera-poda-Bateria-ps22-40.jpg","width":569,"height":569,"caption":"TIJERA BATER\u00cdA PS22-40"},{"@type":"WebPage","@id":"https:\/\/foreroagro.com\/tienda\/producto\/tijera-bateria-ps22-40\/#webpage","url":"https:\/\/foreroagro.com\/tienda\/producto\/tijera-bateria-ps22-40\/","name":"TIJERA BATER\u00cdA PS22-40 - Foreroagro","isPartOf":{"@id":"https:\/\/foreroagro.com\/tienda\/#website"},"primaryImageOfPage":{"@id":"https:\/\/foreroagro.com\/tienda\/producto\/tijera-bateria-ps22-40\/#primaryimage"},"datePublished":"2021-01-22T18:47:42+00:00","dateModified":"2022-09-14T10:58:06+00:00","description":"TIJERA BATER\u00cdA PS22-40 Tijera ligera y de corte perfecto, 0-40mm, malet\u00edn r\u00edgido para transporte arn\u00e9s acolchado y funda transporte","breadcrumb":{"@id":"https:\/\/foreroagro.com\/tienda\/producto\/tijera-bateria-ps22-40\/#breadcrumb"},"inLanguage":"es","potentialAction":[{"@type":"ReadAction","target":["https:\/\/foreroagro.com\/tienda\/producto\/tijera-bateria-ps22-40\/"]}]},{"@type":"BreadcrumbList","@id":"https:\/\/foreroagro.com\/tienda\/producto\/tijera-bateria-ps22-40\/#breadcrumb","itemListElement":[{"@type":"ListItem","position":1,"name":"Portada","item":"https:\/\/foreroagro.com\/tienda\/"},{"@type":"ListItem","position":2,"name":"Tienda","item":"https:\/\/foreroagro.com\/tienda\/"},{"@type":"ListItem","position":3,"name":"TIJERA BATER\u00cdA PS22-40"}]}]}},"_links":{"self":[{"href":"https:\/\/foreroagro.com\/tienda\/wp-json\/wp\/v2\/product\/9889"}],"collection":[{"href":"https:\/\/foreroagro.com\/tienda\/wp-json\/wp\/v2\/product"}],"about":[{"href":"https:\/\/foreroagro.com\/tienda\/wp-json\/wp\/v2\/types\/product"}],"wp:featuredmedia":[{"embeddable":true,"href":"https:\/\/foreroagro.com\/tienda\/wp-json\/wp\/v2\/media\/9891"}],"wp:attachment":[{"href":"https:\/\/foreroagro.com\/tienda\/wp-json\/wp\/v2\/media?parent=9889"}],"wp:term":[{"taxonomy":"product_cat","embeddable":true,"href":"https:\/\/foreroagro.com\/tienda\/wp-json\/wp\/v2\/product_cat?post=9889"},{"taxonomy":"product_tag","embeddable":true,"href":"https:\/\/foreroagro.com\/tienda\/wp-json\/wp\/v2\/product_tag?post=9889"}],"curies":[{"name":"wp","href":"https:\/\/api.w.org\/{rel}","templated":true}]}}